
{"id":10154,"date":"2020-03-03T12:29:22","date_gmt":"2020-03-03T11:29:22","guid":{"rendered":"http:\/\/www.dfi-geisler.com\/?page_id=10154"},"modified":"2023-05-03T09:54:48","modified_gmt":"2023-05-03T08:54:48","slug":"natursten-og-marmor","status":"publish","type":"page","link":"https:\/\/www.dfi-geisler.com\/sv\/natursten-og-marmor\/","title":{"rendered":"Laminat"},"content":{"rendered":"<div class=\"wpb-content-wrapper\"><p>[vc_row][vc_column width=&#8221;1\/4&#8243;][vc_wp_custommenu nav_menu=&#8221;48&#8243;][\/vc_column][vc_column width=&#8221;3\/4&#8243;][vc_column_text]<\/p>\n<h2>Laminat<\/h2>\n<p>[\/vc_column_text][vc_column_text]<\/p>\n<p class=\"p1\"><span class=\"s1\">Laminat best\u00e5r av ett hartsimpregnerat papper som pressas samman med h\u00f6g v\u00e4rme till en h\u00e5rd skiva. Det \u00e4r papprets f\u00e4rg, m\u00f6nster och struktur som avg\u00f6r hur ytan kommer att se ut, och det ger s\u00e5 gott som o\u00e4ndliga designm\u00f6jligheter. V\u00e5ra laminatprodukter h\u00e5ller h\u00f6g kvalitet och finns i ett stort urval f\u00e4rger och m\u00f6nster. Du kan f\u00e5 enf\u00e4rgat laminat eller laminat med terrazzo-, marmor- eller tr\u00e4look, och du kan v\u00e4lja om du vill ha ljus eller m\u00f6rk laminat eller om produkten ska ha en matt eller h\u00f6gglansbehandlad yta \u2013 och allt d\u00e4remellan. V\u00e4lj just den yta som passar till din inredning.<\/span><\/p>\n<p class=\"p1\"><a href=\"\/find-forhandler\"><span class=\"s1\" style=\"color: #0000ff;\">Hitta \u00e5terf\u00f6rs\u00e4ljare<\/span><\/a><\/p>\n<p>[\/vc_column_text][\/vc_column][\/vc_row][vc_row][vc_column][\/vc_column][\/vc_row]<\/p>\n<\/div>","protected":false},"excerpt":{"rendered":"<p>[vc_row][vc_column width=&#8221;1\/4&#8243;][vc_wp_custommenu nav_menu=&#8221;48&#8243;][\/vc_column][vc_column width=&#8221;3\/4&#8243;][vc_column_text] Laminat [\/vc_column_text][vc_column_text] Laminat best\u00e5r av ett hartsimpregnerat papper som pressas samman med h\u00f6g v\u00e4rme till en h\u00e5rd skiva. Det \u00e4r papprets f\u00e4rg,<\/p>\n","protected":false},"author":717,"featured_media":0,"parent":0,"menu_order":0,"comment_status":"closed","ping_status":"closed","template":"","meta":{"_monsterinsights_skip_tracking":false,"_monsterinsights_sitenote_active":false,"_monsterinsights_sitenote_note":"","_monsterinsights_sitenote_category":0,"footnotes":""},"class_list":["post-10154","page","type-page","status-publish","hentry"],"aioseo_notices":[],"_links":{"self":[{"href":"https:\/\/www.dfi-geisler.com\/sv\/wp-json\/wp\/v2\/pages\/10154","targetHints":{"allow":["GET"]}}],"collection":[{"href":"https:\/\/www.dfi-geisler.com\/sv\/wp-json\/wp\/v2\/pages"}],"about":[{"href":"https:\/\/www.dfi-geisler.com\/sv\/wp-json\/wp\/v2\/types\/page"}],"author":[{"embeddable":true,"href":"https:\/\/www.dfi-geisler.com\/sv\/wp-json\/wp\/v2\/users\/717"}],"replies":[{"embeddable":true,"href":"https:\/\/www.dfi-geisler.com\/sv\/wp-json\/wp\/v2\/comments?post=10154"}],"version-history":[{"count":2,"href":"https:\/\/www.dfi-geisler.com\/sv\/wp-json\/wp\/v2\/pages\/10154\/revisions"}],"predecessor-version":[{"id":27943,"href":"https:\/\/www.dfi-geisler.com\/sv\/wp-json\/wp\/v2\/pages\/10154\/revisions\/27943"}],"wp:attachment":[{"href":"https:\/\/www.dfi-geisler.com\/sv\/wp-json\/wp\/v2\/media?parent=10154"}],"curies":[{"name":"wp","href":"https:\/\/api.w.org\/{rel}","templated":true}]}}