
{"id":10065,"date":"2018-11-17T16:14:40","date_gmt":"2018-11-17T16:14:40","guid":{"rendered":"http:\/\/www.dfi-geisler.com\/?page_id=10065"},"modified":"2025-07-08T14:15:20","modified_gmt":"2025-07-08T13:15:20","slug":"laminat","status":"publish","type":"page","link":"https:\/\/www.dfi-geisler.com\/sv\/laminat\/","title":{"rendered":"Laminat"},"content":{"rendered":"<div class=\"wpb-content-wrapper\"><p>[vc_row first_background_type=&#8221;gradient&#8221; first_background_gradient=&#8221;#83bae3||#a672c9||0;100||180||linear&#8221;][vc_column width=&#8221;1\/4&#8243;][vc_wp_custommenu nav_menu=&#8221;48&#8243;][\/vc_column][vc_column width=&#8221;3\/4&#8243;][vc_column_text]<\/p>\n<h2>Laminat<\/h2>\n<p>[\/vc_column_text][vc_column_text]<\/p>\n<h5><strong>Ett bra val<\/strong> om din b\u00e4nkskiva ska h\u00e5lla f\u00f6r ett aktivt familjeliv \u2013 och samtidigt m\u00e5ste ha ett \u00f6verkomligt pris.<\/h5>\n<h5>Laminat \u00e4r kraftfullt, mycket hygieniskt och l\u00e4tt att reng\u00f6ra. Samtidigt finns det n\u00e4stan inga gr\u00e4nser f\u00f6r olika alternativ n\u00e4r det g\u00e4ller f\u00e4rger, design och kanter.<\/h5>\n<h5>Du kan dessutom f\u00e5 en s\u00e4rskild sorts laminatskiva med silkesmatt yta som b\u00e5de avvisar solreflexer och kladdiga fingrar.<\/h5>\n<p>[\/vc_column_text][\/vc_column][\/vc_row][vc_row][vc_column][vc_separator color=&#8221;black&#8221; border_width=&#8221;2&#8243;][\/vc_column][\/vc_row][vc_row css=&#8221;.vc_custom_1534410440830{margin-top: 40px !important;}&#8221;][vc_column width=&#8221;1\/2&#8243;][vc_column_text]<\/p>\n<h4>Vad \u00e4r Laminat?<\/h4>\n<p>[\/vc_column_text][vc_column_text]Vad \u00e4r Laminat?<\/p>\n<p>En laminatb\u00e4nkskiva best\u00e5r av olika skikt. Ytan best\u00e5r av ett tunt lager av klar melamin, som skyddar det underliggande dekorpapperet. Under\u00a0dekorpapperet finns 7\u20138 skikt h\u00e5rdpressat laminatpapper med en total tjocklek av minst 0,8 mm.<\/p>\n<p>K\u00e4rnan i laminatskivan best\u00e5r av en sp\u00e5nskiva som produceras i Danmark av \u00e5tervunnet virke. N\u00e4sta g\u00e5ng du l\u00e4mnar in en gammal byr\u00e5 eller annan m\u00f6bel till \u00e5tervinning, kan du k\u00e4nna dig n\u00f6jd med tanken att den kanske \u201d\u00e5teruppst\u00e5r\u201d som en b\u00e4nkskiva. Dessutom inneh\u00e5ller de skivor som vi anv\u00e4nder hos DFI-Geisler mer \u00e4r 50 % sp\u00e5nfiber vilket \u00e4r mer \u00e4n vad man normalt hittar p\u00e5 byggvaruhus. Detta ger extra slitstyrka och kvalitet. Bottenskiktet p\u00e5 laminatskivan \u00e4r en speciell bit papper som skyddar skivan underifr\u00e5n mot fukt, sp\u00e4nningar och obalanser som kan uppkomma. [\/vc_column_text][\/vc_column][vc_column width=&#8221;1\/2&#8243;][vc_single_image image=&#8221;10176&#8243; img_size=&#8221;full&#8221; alignment=&#8221;right&#8221; onclick=&#8221;link_image&#8221;][\/vc_column][\/vc_row][vc_row first_background_type=&#8221;gradient&#8221; first_background_gradient=&#8221;rgba(0,57,158,0.69)||#587d9b||0;100||84||linear&#8221; css=&#8221;.vc_custom_1534410451584{margin-top: 40px !important;}&#8221;][vc_column width=&#8221;2\/3&#8243;][vc_column_text]<\/p>\n<h4>Produktegenskaper<\/h4>\n<p>[\/vc_column_text][vc_single_image image=&#8221;10216&#8243; img_size=&#8221;large&#8221; alignment=&#8221;center&#8221; onclick=&#8221;link_image&#8221;][\/vc_column][vc_column width=&#8221;1\/3&#8243;][vc_column_text]<\/p>\n<h4>J\u00e4mf\u00f6r produkter<\/h4>\n<p>[\/vc_column_text][vc_single_image image=&#8221;29399&#8243; img_size=&#8221;medium&#8221; onclick=&#8221;link_image&#8221;][\/vc_column][\/vc_row][vc_row css=&#8221;.vc_custom_1534410410938{margin-top: 40px !important;}&#8221;][vc_column width=&#8221;1\/3&#8243;][vc_column_text]<\/p>\n<h4>Tjocklekar<\/h4>\n<p>[\/vc_column_text][vc_column_text]Laminat finns i fem tjocklekar. Du kan\u00a0d\u00e4rmed uppn\u00e5 precis det uttryck som du\u00a0dr\u00f6mmer om.<\/p>\n<p><strong>\u2022 12 mm<\/strong> (anv\u00e4nds till st\u00e4nkpanelen,\u00a0om du vill bekl\u00e4 v\u00e4ggen med samma ytskikt\u00a0som b\u00e4nkskivan\u00a0\u2013 eller som en kontrast)<\/p>\n<p><strong>\u2022 20 mm<\/strong><\/p>\n<p><strong>\u2022 30 mm<\/strong><\/p>\n<p><strong>\u2022 40 mm<\/strong><\/p>\n<p><strong>\u2022 60 mm<\/strong>[\/vc_column_text][\/vc_column][vc_column width=&#8221;1\/3&#8243;][vc_column_text]<\/p>\n<h4>Daglig anv\u00e4ndning<\/h4>\n<p>[\/vc_column_text][vc_column_text]Du hittar helt enkelt inget mer l\u00e4ttst\u00e4dat och underh\u00e5llsfritt material \u00e4n laminat. Daglig avtorkning sker enkelt med en mjuk trasa som vrids ur i varmt vatten utan reng\u00f6ringsmedel. Laminat \u00e4r ocks\u00e5 extremt starkt och kan enkelt st\u00e5 emot en hektisk vardag med otaliga sm\u00e5 st\u00f6tar och slag. Vi rekommenderar alltid att du anv\u00e4nder ett underl\u00e4gg f\u00f6r dina heta kastruller och stekpannor. \u00c4ven om laminatet t\u00e5l kortvarig kontakt med f\u00f6rem\u00e5l som \u00e4r upphettade till 110\u00b0.[\/vc_column_text][\/vc_column][vc_column width=&#8221;1\/3&#8243;][vc_column_text]<\/p>\n<h4>Designdetaljer<\/h4>\n<p>[\/vc_column_text][vc_column_text css=&#8221;&#8221;]Det breda utbudet av laminat ger dig n\u00e4stan obegr\u00e4nsade m\u00f6jligheter att f\u00e5 exakt den b\u00e4nkskiva du vill ha. Du kan ocks\u00e5 skapa kreativa och funktionella l\u00f6sningar med de m\u00e5nga olika kanttyperna eller genom att kombinera din laminatb\u00e4nkskiva med en b\u00e4nkskiva i annat material, som t.ex. st\u00e5l eller natursten. L\u00e5t din k\u00f6ks\u00e5terf\u00f6rs\u00e4ljare hj\u00e4lpa dig att sl\u00e4ppa loss kreativiteten och hitta den r\u00e4tta kombination av bordsskiva och kant.<\/p>\n<p>[\/vc_column_text][\/vc_column][\/vc_row][vc_row][vc_column][vc_separator color=&#8221;black&#8221; border_width=&#8221;2&#8243;][\/vc_column][\/vc_row][vc_row css=&#8221;.vc_custom_1534410467435{margin-top: 40px !important;}&#8221;][vc_column width=&#8221;1\/3&#8243;][vc_column_text]<\/p>\n<h4>F\u00e4rger och strukturer<\/h4>\n<p>[\/vc_column_text][vc_column_text]Under det \u00f6versta skiktet med klar melamin\u00a0finns det dekorpapper som ger laminatskivan dess f\u00e4rg och eventuella\u00a0m\u00f6nster. Vi har uppemot 80 varianter i sortimentet, b\u00e5de enf\u00e4rgade och dekorerade. Du kan allts\u00e5 v\u00e4lja en b\u00e4nkskiva som \u00e4r extremt naturtroget med olika tr\u00e4sorter, marmor och andra stensorter.\u00a0Du kan ocks\u00e5 v\u00e4lja fr\u00e5n v\u00e5rt sp\u00e4nnande utbud av tryckta designer. Och om du vill ha din laminatskiva med ett extra exklusivt uttryck, erbjuder vi\u00a0supermatta laminat, d\u00e4r nanoteknologi\u00a0f\u00f6rhindrar bl\u00e4ndande reflexer och synliga avtryck fr\u00e5n kladdiga fingrar.[\/vc_column_text][vc_btn title=&#8221;SE HELA V\u00c5RT LAMINATSORTIMENT&#8221; color=&#8221;success&#8221; link=&#8221;url:https%3A%2F%2Fwww.dfi-geisler.com%2Flaminat-sortiment%2F|target:_blank&#8221;][\/vc_column][vc_column width=&#8221;2\/3&#8243;][vc_single_image image=&#8221;8703&#8243; img_size=&#8221;large&#8221;][\/vc_column][\/vc_row][vc_row css=&#8221;.vc_custom_1534410460189{margin-top: 40px !important;}&#8221;][vc_column width=&#8221;1\/2&#8243;][vc_column_text]<\/p>\n<h4>Diskho<\/h4>\n<p>[\/vc_column_text][vc_single_image image=&#8221;8699&#8243; img_size=&#8221;medium&#8221; css=&#8221;.vc_custom_1534411037296{margin-top: 40px !important;}&#8221;][vc_btn title=&#8221;SE V\u00c5RT STORA UTBUD AV DISKHOAR&#8221; color=&#8221;success&#8221; link=&#8221;url:https%3A%2F%2Fwww.dfi-geisler.com%2Fvaske-katalog%2F|target:_blank&#8221;][\/vc_column][vc_column width=&#8221;1\/2&#8243;][vc_column_text]<\/p>\n<h4>Montering av diskho<\/h4>\n<p>[\/vc_column_text][vc_column_text]B\u00e4nkskivor av laminat levereras alltid med underlimmad diskho. Limningen \u00e4r tillr\u00e4ckligt stark f\u00f6r att klara ett tryck p\u00e5 mer \u00e4n 150 kg. Du kan v\u00e4lja ur ett brett sortiment n\u00e4r det g\u00e4ller typer, designer och storlekar.[\/vc_column_text][vc_row_inner][vc_column_inner width=&#8221;1\/2&#8243;][vc_single_image image=&#8221;29332&#8243; img_size=&#8221;full&#8221; alignment=&#8221;center&#8221; style=&#8221;vc_box_border&#8221;][vc_column_text]<\/p>\n<p style=\"text-align: center;\"><strong>Underlimmad diskho<\/strong><\/p>\n<p>[\/vc_column_text][\/vc_column_inner][vc_column_inner width=&#8221;1\/2&#8243;][\/vc_column_inner][\/vc_row_inner][\/vc_column][\/vc_row][vc_row][vc_column][vc_separator color=&#8221;black&#8221; border_width=&#8221;2&#8243; css=&#8221;.vc_custom_1534425122723{margin-top: 40px !important;}&#8221;][\/vc_column][\/vc_row]<\/p>\n<\/div>","protected":false},"excerpt":{"rendered":"<p>[vc_row first_background_type=&#8221;gradient&#8221; first_background_gradient=&#8221;#83bae3||#a672c9||0;100||180||linear&#8221;][vc_column width=&#8221;1\/4&#8243;][vc_wp_custommenu nav_menu=&#8221;48&#8243;][\/vc_column][vc_column width=&#8221;3\/4&#8243;][vc_column_text] Laminat [\/vc_column_text][vc_column_text] Ett bra val om din b\u00e4nkskiva ska h\u00e5lla f\u00f6r ett aktivt familjeliv \u2013 och samtidigt m\u00e5ste ha ett<\/p>\n","protected":false},"author":1,"featured_media":0,"parent":0,"menu_order":0,"comment_status":"closed","ping_status":"closed","template":"","meta":{"_monsterinsights_skip_tracking":false,"_monsterinsights_sitenote_active":false,"_monsterinsights_sitenote_note":"","_monsterinsights_sitenote_category":0,"footnotes":""},"class_list":["post-10065","page","type-page","status-publish","hentry"],"aioseo_notices":[],"_links":{"self":[{"href":"https:\/\/www.dfi-geisler.com\/sv\/wp-json\/wp\/v2\/pages\/10065","targetHints":{"allow":["GET"]}}],"collection":[{"href":"https:\/\/www.dfi-geisler.com\/sv\/wp-json\/wp\/v2\/pages"}],"about":[{"href":"https:\/\/www.dfi-geisler.com\/sv\/wp-json\/wp\/v2\/types\/page"}],"author":[{"embeddable":true,"href":"https:\/\/www.dfi-geisler.com\/sv\/wp-json\/wp\/v2\/users\/1"}],"replies":[{"embeddable":true,"href":"https:\/\/www.dfi-geisler.com\/sv\/wp-json\/wp\/v2\/comments?post=10065"}],"version-history":[{"count":30,"href":"https:\/\/www.dfi-geisler.com\/sv\/wp-json\/wp\/v2\/pages\/10065\/revisions"}],"predecessor-version":[{"id":36143,"href":"https:\/\/www.dfi-geisler.com\/sv\/wp-json\/wp\/v2\/pages\/10065\/revisions\/36143"}],"wp:attachment":[{"href":"https:\/\/www.dfi-geisler.com\/sv\/wp-json\/wp\/v2\/media?parent=10065"}],"curies":[{"name":"wp","href":"https:\/\/api.w.org\/{rel}","templated":true}]}}