
{"id":8171,"date":"2018-06-06T12:22:41","date_gmt":"2018-06-06T12:22:41","guid":{"rendered":"http:\/\/www.dfi-geisler.com\/?page_id=8171"},"modified":"2020-02-03T10:43:57","modified_gmt":"2020-02-03T09:43:57","slug":"tryghedspakker","status":"publish","type":"page","link":"https:\/\/www.dfi-geisler.com\/en\/tryghedspakker\/","title":{"rendered":"tryghedspakker"},"content":{"rendered":"<p class=\"qtranxs-available-languages-message qtranxs-available-languages-message-en\">Sorry, this entry is only available in <a href=\"https:\/\/www.dfi-geisler.com\/da\/wp-json\/wp\/v2\/pages\/8171\" class=\"qtranxs-available-language-link qtranxs-available-language-link-da\" title=\"Dansk\">Dansk<\/a>, <a href=\"https:\/\/www.dfi-geisler.com\/NO\/wp-json\/wp\/v2\/pages\/8171\" class=\"qtranxs-available-language-link qtranxs-available-language-link-NO\" title=\"Norsk\">Norsk<\/a> and <a href=\"https:\/\/www.dfi-geisler.com\/sv\/wp-json\/wp\/v2\/pages\/8171\" class=\"qtranxs-available-language-link qtranxs-available-language-link-sv\" title=\"Svenska\">Svenska<\/a>. For the sake of viewer convenience, the content is shown below in this site default language. You may click one of the links to switch the site language to another available language.<\/p><div class=\"wpb-content-wrapper\"><p>[vc_row full_width=&#8221;stretch_row&#8221; css=&#8221;.vc_custom_1580722623224{background-image: url(https:\/\/www.dfi-geisler.com\/wp-content\/uploads\/2020\/02\/tryghedsbannerDK.png?id=17787) !important;background-position: center !important;background-repeat: no-repeat !important;background-size: cover !important;}&#8221;][vc_column][vc_empty_space height=&#8221;100&#8243;][vc_empty_space height=&#8221;100&#8243;][\/vc_column][\/vc_row][vc_row][vc_column][vc_row_inner][vc_column_inner width=&#8221;1\/2&#8243;][vc_column_text css=&#8221;.vc_custom_1580722697201{margin-top: 100px !important;}&#8221;]<\/p>\n<h3 style=\"text-align: center;\">DFI-GEISLER TRYGHEDSPAKKE<\/h3>\n<div class=\"page\" title=\"Page 2\">\n<div class=\"section\">\n<div class=\"layoutArea\">\n<div class=\"column\">\n<div class=\"page\" title=\"Page 2\">\n<div class=\"section\">\n<div class=\"layoutArea\">\n<div class=\"column\">\n<h5 style=\"text-align: center;\">En Tryghedspakke er en ydelse, som inkluderer opm\u00e5ling og montering af bordplader.<\/h5>\n<h5 style=\"text-align: center;\">Bordpladerne er en vigtig del af dit nye k\u00f8kken og vi vil gerne, at du er bekendt med hele processen omkring Tryghedspakken og med dette h\u00e6fte \u00f8nsker vi, at informere om, hvordan en Tryghedspakke fungerer.<\/h5>\n<h5 style=\"text-align: center;\">K\u00f8kkenskabene skal v\u00e6re monteret, f\u00f8r vi kan g\u00e5 i gang. En uddannet mont\u00f8r vil derefter komme hjem til dig for at tage m\u00e5l til dine nye bordplader (kun ved Tryghedspakke 1 ).<\/h5>\n<h5 style=\"text-align: center;\">Efter kontrolm\u00e5lene er foretaget, produceres dine bordplader efter vores opm\u00e5linger. 10-12 arbejdsdage* senere kommer mont\u00f8ren tilbage og monterer de specialtilpassede bordplader, som passer til lige netop dit k\u00f8kken.<\/h5>\n<\/div>\n<div class=\"page\" title=\"Page 2\">\n<div class=\"section\">\n<div class=\"layoutArea\">\n<div class=\"column\">\n<h6 style=\"text-align: center;\">*) Med forbehold for skaffevarer, st\u00e5lordrer samt produktionskapacitet. Der m\u00e5 ogs\u00e5 forventes l\u00e6ngere leveringstid i spidsbelastede perioder som fx ferieperioder.<\/h6>\n<\/div>\n<\/div>\n<\/div>\n<\/div>\n<\/div>\n<\/div>\n<\/div>\n<\/div>\n<\/div>\n<\/div>\n<\/div>\n<p>[\/vc_column_text][vc_single_image image=&#8221;8241&#8243; img_size=&#8221;large&#8221; alignment=&#8221;center&#8221; style=&#8221;vc_box_shadow_3d&#8221; css=&#8221;.vc_custom_1530172089604{margin-top: 100px !important;}&#8221;][vc_column_text css=&#8221;.vc_custom_1539780966451{margin-top: 150px !important;}&#8221;]<\/p>\n<h3 style=\"text-align: center;\">TOLERANCER<\/h3>\n<div class=\"page\" title=\"Page 3\">\n<div class=\"section\">\n<div class=\"layoutArea\">\n<div class=\"column\">\n<div class=\"page\" title=\"Page 3\">\n<div class=\"section\">\n<div class=\"layoutArea\">\n<div class=\"column\">\n<h5 style=\"text-align: center;\">Ved Tryghedspakker bliver din bordplade produceret, efter netop de m\u00e5l dit k\u00f8kken har. Der vil altid v\u00e6re nogle tolerancer b\u00e5de m\u00e5ltolerancer (navnlig i stenprodukter), afvigelser i farver og struktur.<\/h5>\n<\/div>\n<\/div>\n<\/div>\n<\/div>\n<\/div>\n<\/div>\n<\/div>\n<\/div>\n<h5 style=\"text-align: center;\">\u00a0M\u00c5LTOLERANCER<\/h5>\n<div class=\"page\" title=\"Page 3\">\n<div class=\"section\">\n<div class=\"layoutArea\">\n<div class=\"column\">\n<div class=\"page\" title=\"Page 3\">\n<div class=\"section\">\n<div class=\"layoutArea\">\n<div class=\"column\">\n<h5 style=\"text-align: center;\">Som producent af dine bordplader overholder vi nedenst\u00e5ende tolerancer ved opm\u00e5ling, produktion og montering af din bordplade:<\/h5>\n<\/div>\n<\/div>\n<\/div>\n<\/div>\n<\/div>\n<\/div>\n<\/div>\n<\/div>\n<h5><\/h5>\n<h5 style=\"text-align: center;\"><span style=\"color: #000000;\"><strong>\u2022 Bordplader +\/\u2013 2 mm<\/strong><\/span><\/h5>\n<h5 style=\"text-align: center;\"><span style=\"color: #000000;\"><strong>\u2022 Overh\u00e6ng ved l\u00e5ger +\/\u2013 2 mm<\/strong><\/span><\/h5>\n<h5 style=\"text-align: center;\"><span style=\"color: #000000;\"><strong>\u2022 Overh\u00e6ng ved gavl +\/\u2013 2 mm<\/strong><\/span><\/h5>\n<h5 style=\"text-align: center;\"><span style=\"color: #000000;\"><strong>\u2022 Placering af vask +\/\u2013 2 mm<\/strong><\/span><\/h5>\n<h5 style=\"text-align: center;\"><span style=\"color: #000000;\"><strong>\u2022 Placering af kogeplade +\/\u2013 2 mm<\/strong><\/span><\/h5>\n<h5 style=\"text-align: center;\"><span style=\"color: #000000;\"><strong>\u2022 Udsk\u00e6ringer +\/\u2013 2 mm<\/strong><\/span><\/h5>\n<h5 style=\"text-align: center;\"><span style=\"color: #000000;\"><strong>\u2022 Fugebredde 5 mm +\/\u2013 2 mm<\/strong><\/span><\/h5>\n<p>[\/vc_column_text][\/vc_column_inner][vc_column_inner width=&#8221;1\/2&#8243;][vc_empty_space height=&#8221;50px&#8221;][vc_single_image image=&#8221;8209&#8243; img_size=&#8221;full&#8221; alignment=&#8221;right&#8221; style=&#8221;vc_box_shadow_3d&#8221;][vc_column_text]<\/p>\n<div class=\"page\" title=\"Page 2\">\n<div class=\"section\">\n<div class=\"layoutArea\">\n<div class=\"column\">\n<div class=\"page\" title=\"Page 2\">\n<div class=\"section\">\n<div class=\"layoutArea\">\n<div class=\"column\">\n<h3 style=\"text-align: center;\">VIGTIGT I FORBINDELSE\u00a0MED F\u00c6RDIGGJORT MONTERING<\/h3>\n<\/div>\n<\/div>\n<\/div>\n<\/div>\n<\/div>\n<\/div>\n<\/div>\n<\/div>\n<div class=\"page\" title=\"Page 2\">\n<div class=\"section\">\n<div class=\"layoutArea\">\n<div class=\"column\">\n<div class=\"page\" title=\"Page 2\">\n<div class=\"section\">\n<div class=\"layoutArea\">\n<div class=\"column\">\n<h5>\u00a0N\u00e5r vores montering er f\u00e6rdiggjort inkl. fugning (hvis det er bestilt), fremsender vi en afslutningsrapport til forhandler og kunde, s\u00e5fremt mailadresse er opgivet.<\/h5>\n<h5 style=\"text-align: center;\">Herefter betragtes monteringen for godkendt. M\u00e5tte der v\u00e6re kommentarer til monteringen, skal dette sendes hertil indenfor tre hverdage.<\/h5>\n<\/div>\n<\/div>\n<\/div>\n<\/div>\n<\/div>\n<\/div>\n<\/div>\n<\/div>\n<p>[\/vc_column_text][vc_single_image image=&#8221;8269&#8243; img_size=&#8221;full&#8221; alignment=&#8221;center&#8221; style=&#8221;vc_box_shadow_3d&#8221; css=&#8221;.vc_custom_1530172129677{margin-top: 350px !important;}&#8221;][\/vc_column_inner][\/vc_row_inner][vc_column_text]<\/p>\n<div class=\"page\" style=\"text-align: center;\" title=\"Page 4\">\n<h3>OPM\u00c5LING OG MONTERING AF<\/h3>\n<h3>DINE NYE BORDPLADER<\/h3>\n<\/div>\n<h3 style=\"text-align: center;\"><\/h3>\n<h3 style=\"text-align: center;\"><\/h3>\n<p>[\/vc_column_text][vc_separator border_width=&#8221;3&#8243;][vc_row_inner][vc_column_inner width=&#8221;1\/2&#8243;][vc_column_text]<\/p>\n<h3 style=\"text-align: center;\"><span style=\"color: #f6b200;\">STEP 1<\/span>:\u00a0 <span style=\"color: #203246;\">F\u00d8RSTE INFORMATION<\/span><\/h3>\n<div class=\"page\" title=\"Page 4\">\n<div class=\"section\">\n<div class=\"layoutArea\">\n<div class=\"page\" title=\"Page 4\">\n<div class=\"section\">\n<div class=\"layoutArea\">\n<div class=\"column\">\n<h5 style=\"text-align: center;\">N\u00e5r du har bestilt dit nye k\u00f8kken med bordplader inkl. Tryghedspakke, vil vi fremsende en e-mail med information om hvilken uge butikken antager, at de er klar til opm\u00e5ling af dit k\u00f8kken.<\/h5>\n<\/div>\n<\/div>\n<\/div>\n<\/div>\n<\/div>\n<\/div>\n<\/div>\n<p>[\/vc_column_text][\/vc_column_inner][vc_column_inner width=&#8221;1\/2&#8243;][vc_single_image image=&#8221;8279&#8243; img_size=&#8221;full&#8221; alignment=&#8221;center&#8221; style=&#8221;vc_box_shadow_3d&#8221;][\/vc_column_inner][\/vc_row_inner][vc_row_inner][vc_column_inner width=&#8221;1\/2&#8243;][vc_single_image image=&#8221;8285&#8243; img_size=&#8221;full&#8221; alignment=&#8221;center&#8221; style=&#8221;vc_box_shadow_3d&#8221;][\/vc_column_inner][vc_column_inner width=&#8221;1\/2&#8243;][vc_column_text]<\/p>\n<h3 style=\"text-align: center;\"><span style=\"color: #f6b200;\">STEP 2<\/span>:\u00a0 <span style=\"color: #203246;\">BOOKING AF OPM\u00c5LINGEN<\/span><\/h3>\n<div class=\"page\" title=\"Page 5\">\n<div class=\"section\">\n<div class=\"layoutArea\">\n<div class=\"column\">\n<div class=\"page\" title=\"Page 5\">\n<div class=\"section\">\n<div class=\"layoutArea\">\n<div class=\"column\">\n<h5 style=\"text-align: center;\">Cirka 5 hverdage f\u00f8r vores opm\u00e5ler kommer hjem til dig, vil du blive kontaktet telefonisk med den pr\u00e6cise dato for opm\u00e5ling. Vi booker i intervaller p\u00e5 4 timer.<br \/>\nDet vil sige, at vi f.eks. meddeler, at vi ankommer mellem kl. 09.00 og 13.00.<\/h5>\n<h5 style=\"text-align: center;\">Hvis du \u00f8nsker, at mont\u00f8ren kontakter dig f\u00f8r bes\u00f8get, s\u00e5 aftales dette ved telefonopkaldet. N\u00e5r tidspunktet for opm\u00e5lingen er aftalt, vil du via mail modtage en bekr\u00e6ftelse p\u00e5 det aftalte tidspunkt.<\/h5>\n<\/div>\n<\/div>\n<\/div>\n<\/div>\n<\/div>\n<\/div>\n<\/div>\n<\/div>\n<p>[\/vc_column_text][\/vc_column_inner][\/vc_row_inner][vc_row_inner][vc_column_inner width=&#8221;1\/2&#8243;][vc_column_text]<\/p>\n<h3 style=\"text-align: center;\"><span style=\"color: #f6b200;\">STEP 3<\/span>:\u00a0 <span style=\"color: #203246;\">DIN FORBEREDELSE F\u00d8R OPM\u00c5LINGEN<\/span><\/h3>\n<div class=\"page\" title=\"Page 5\">\n<div class=\"section\">\n<div class=\"layoutArea\">\n<div class=\"column\">\n<div class=\"page\" title=\"Page 5\">\n<div class=\"section\">\n<div class=\"layoutArea\">\n<div class=\"column\">\n<h5 style=\"text-align: center;\">For at mont\u00f8ren skal kunne lave en korrekt opm\u00e5ling, er det vigtigt, at alle skabe inkl. eventuelle frisider er fast- monteret. Det f\u00f8rste mont\u00f8ren g\u00f8r inden opm\u00e5lingen, er at kontrollere, at skabene er korrekt monteret med maks. 2 mm tolerance. Skabe skal st\u00e5 i vatter og p\u00e5 en ret linje<br \/>\ni forkanten. En Tryghedspakke omfatter opm\u00e5ling og montering af bordplader samt eventuelle st\u00e6nkpaneler, en tryghedspakke omfatter derfor ikke eventuelle hylder eller lignende.<\/h5>\n<\/div>\n<\/div>\n<\/div>\n<\/div>\n<\/div>\n<\/div>\n<\/div>\n<\/div>\n<p>[\/vc_column_text][\/vc_column_inner][vc_column_inner width=&#8221;1\/2&#8243;][vc_single_image image=&#8221;8289&#8243; img_size=&#8221;full&#8221; alignment=&#8221;center&#8221; style=&#8221;vc_box_shadow_3d&#8221;][\/vc_column_inner][\/vc_row_inner][vc_row_inner][vc_column_inner width=&#8221;1\/2&#8243;][vc_single_image image=&#8221;8305&#8243; img_size=&#8221;full&#8221; alignment=&#8221;center&#8221; style=&#8221;vc_box_shadow_3d&#8221;][\/vc_column_inner][vc_column_inner width=&#8221;1\/2&#8243;][vc_column_text]<\/p>\n<h3 style=\"text-align: center;\"><span style=\"color: #f6b200;\">STEP 4<\/span>:\u00a0 <span style=\"color: #203246;\">OPM\u00c5LINGEN<\/span><\/h3>\n<div class=\"page\" title=\"Page 6\">\n<div class=\"section\">\n<div class=\"layoutArea\">\n<div class=\"column\">\n<div class=\"page\" title=\"Page 6\">\n<div class=\"section\">\n<div class=\"layoutArea\">\n<div class=\"column\">\n<h5 style=\"text-align: center;\">Hvis mont\u00f8ren under opm\u00e5lingen hos dig opdager udsk\u00e6ringer, \u00e6ndrede bordpladedybder, el.lign., der medf\u00f8rer \u00e6ndringer i bordpladeprisen, som du allerede har f\u00e5et fra butikken, vil butikken blive informeret omkring dette og opdatere prisen.<\/h5>\n<h5 style=\"text-align: center;\">Mont\u00f8ren vil ogs\u00e5 under opm\u00e5lingen vurdere, om det er muligt, at f\u00e5 de f\u00e6rdige bordplader ind i boligen. S\u00e5fremt adgangsforholdene g\u00f8r, at det bliver n\u00f8dvendigt at benytte kran eller ekstra flyttefolk til indb\u00e6ring\/ p\u00e5l\u00e6gning pga. fx v\u00e6gt eller st\u00f8rrelse p\u00e5 bordpladen, vil de faktiske omkostninger til dette komme som et till\u00e6g i prisen.<\/h5>\n<\/div>\n<\/div>\n<\/div>\n<\/div>\n<\/div>\n<\/div>\n<\/div>\n<\/div>\n<p>[\/vc_column_text][\/vc_column_inner][\/vc_row_inner][vc_row_inner][vc_column_inner width=&#8221;1\/2&#8243;][vc_column_text]<\/p>\n<h3 style=\"text-align: center;\"><span style=\"color: #f6b200;\">STEP 5<\/span>: \u00a0BOOKING AF<span style=\"color: #203246;\">\u00a0MONTERINGSDAG<\/span><\/h3>\n<div class=\"page\" title=\"Page 7\">\n<div class=\"section\">\n<div class=\"layoutArea\">\n<div class=\"column\">\n<div class=\"page\" title=\"Page 7\">\n<div class=\"section\">\n<div class=\"layoutArea\">\n<div class=\"column\">\n<h5 style=\"text-align: center;\">Efter opm\u00e5lingen af k\u00f8kkenskabene, s\u00e6ttes bordpladerne i produktion. Cirka 10-12 hverdage* efter opm\u00e5lingen er bordpladerne klar til montering.<br \/>\nCirka fem arbejdsdage f\u00f8r monteringen kontaktes du igen telefonisk for n\u00e6rmere aftale omkring dag og tidspunkt for monteringen.<\/h5>\n<h6 style=\"text-align: center;\">*) Med forbehold for skaffevarer, st\u00e5lordrer samt produktionskapacitet. Der m\u00e5 ogs\u00e5 forventes l\u00e6ngere leveringstid i spidsbelastede perioder som fx ferieperioder.<\/h6>\n<\/div>\n<\/div>\n<\/div>\n<\/div>\n<\/div>\n<\/div>\n<\/div>\n<\/div>\n<p>[\/vc_column_text][\/vc_column_inner][vc_column_inner width=&#8221;1\/2&#8243;][vc_single_image image=&#8221;8259&#8243; img_size=&#8221;full&#8221; alignment=&#8221;center&#8221; style=&#8221;vc_box_shadow_3d&#8221;][\/vc_column_inner][\/vc_row_inner][vc_row_inner][vc_column_inner width=&#8221;1\/2&#8243;][vc_single_image image=&#8221;8313&#8243; img_size=&#8221;full&#8221; alignment=&#8221;center&#8221; style=&#8221;vc_box_shadow_3d&#8221;][\/vc_column_inner][vc_column_inner width=&#8221;1\/2&#8243;][vc_column_text]<\/p>\n<h3 style=\"text-align: center;\"><span style=\"color: #f6b200;\">STEP 6<\/span>:\u00a0 <span style=\"color: #203246;\">MONTERING<\/span><\/h3>\n<div class=\"page\" title=\"Page 7\">\n<div class=\"section\">\n<div class=\"layoutArea\">\n<div class=\"column\">\n<div class=\"page\" title=\"Page 7\">\n<div class=\"section\">\n<div class=\"layoutArea\">\n<div class=\"column\">\n<h5 style=\"text-align: center;\">Ved monteringen vil der normalt komme to mont\u00f8rer. Mont\u00f8rerne vil som det f\u00f8rste kontrollere bordpladerne for eventuelle fragtskader. Derefter monteres bordpladerne inkl. fuger ved endekanter og bagkanter, s\u00e5fremt v\u00e6ggene er klar til fugning. Der fuges altid med enten en sort, hvid eller gr\u00e5 fugemasse. S\u00e5fremt det er bestilt, planlimes kogeplade ogs\u00e5 af mont\u00f8ren.<\/h5>\n<h5 style=\"text-align: center;\"><strong>BEM\u00c6RK: Mont\u00f8ren tilkobler ikke vand eller str\u00f8m.<\/strong><\/h5>\n<h5 style=\"text-align: center;\">Montagen afsluttes ved at aft\u00f8rre bordpladerne samt udf\u00f8re en slutkontrol af bordpladerne og monteringen. Det er meget vigtigt, at I husker at afd\u00e6kke jeres gulve, da vores mont\u00f8rer af sikkerhedsm\u00e6ssige grunde vil v\u00e6re if\u00f8rt sikkerhedssko. Afd\u00e6kningen skal ligge fast og v\u00e6re skridsikker.<\/h5>\n<\/div>\n<\/div>\n<\/div>\n<\/div>\n<\/div>\n<\/div>\n<\/div>\n<\/div>\n<p>[\/vc_column_text][\/vc_column_inner][\/vc_row_inner][vc_empty_space height=&#8221;50px&#8221;][\/vc_column][vc_column][\/vc_column][\/vc_row]<\/p>\n<\/div>","protected":false},"excerpt":{"rendered":"<p>Sorry, this entry is only available in Dansk, Norsk and Svenska. For the sake of viewer convenience, the content is shown below in this site default<\/p>\n","protected":false},"author":717,"featured_media":0,"parent":0,"menu_order":0,"comment_status":"closed","ping_status":"closed","template":"","meta":{"_monsterinsights_skip_tracking":false,"_monsterinsights_sitenote_active":false,"_monsterinsights_sitenote_note":"","_monsterinsights_sitenote_category":0,"footnotes":""},"class_list":["post-8171","page","type-page","status-publish","hentry"],"aioseo_notices":[],"_links":{"self":[{"href":"https:\/\/www.dfi-geisler.com\/en\/wp-json\/wp\/v2\/pages\/8171","targetHints":{"allow":["GET"]}}],"collection":[{"href":"https:\/\/www.dfi-geisler.com\/en\/wp-json\/wp\/v2\/pages"}],"about":[{"href":"https:\/\/www.dfi-geisler.com\/en\/wp-json\/wp\/v2\/types\/page"}],"author":[{"embeddable":true,"href":"https:\/\/www.dfi-geisler.com\/en\/wp-json\/wp\/v2\/users\/717"}],"replies":[{"embeddable":true,"href":"https:\/\/www.dfi-geisler.com\/en\/wp-json\/wp\/v2\/comments?post=8171"}],"version-history":[{"count":137,"href":"https:\/\/www.dfi-geisler.com\/en\/wp-json\/wp\/v2\/pages\/8171\/revisions"}],"predecessor-version":[{"id":17796,"href":"https:\/\/www.dfi-geisler.com\/en\/wp-json\/wp\/v2\/pages\/8171\/revisions\/17796"}],"wp:attachment":[{"href":"https:\/\/www.dfi-geisler.com\/en\/wp-json\/wp\/v2\/media?parent=8171"}],"curies":[{"name":"wp","href":"https:\/\/api.w.org\/{rel}","templated":true}]}}