
{"id":35818,"date":"2025-07-03T12:58:55","date_gmt":"2025-07-03T11:58:55","guid":{"rendered":"https:\/\/www.dfi-geisler.com\/?page_id=35818"},"modified":"2026-04-09T08:20:38","modified_gmt":"2026-04-09T07:20:38","slug":"dokumentation","status":"publish","type":"page","link":"https:\/\/www.dfi-geisler.com\/en\/dokumentation\/","title":{"rendered":"Dokumentation"},"content":{"rendered":"<p class=\"qtranxs-available-languages-message qtranxs-available-languages-message-en\">Sorry, this entry is only available in <a href=\"https:\/\/www.dfi-geisler.com\/da\/wp-json\/wp\/v2\/pages\/35818\" class=\"qtranxs-available-language-link qtranxs-available-language-link-da\" title=\"Dansk\">Dansk<\/a>. For the sake of viewer convenience, the content is shown below in the alternative language. You may click the link to switch the active language.<\/p><div class=\"wpb-content-wrapper\"><p>[vc_row full_width=&#8221;stretch_row_content&#8221; css=&#8221;.vc_custom_1633520636863{padding-top: 100px !important;padding-bottom: 65px !important;background-image: url(https:\/\/www.dfi-geisler.com\/wp-content\/uploads\/2021\/09\/Coverbillede-dfi-geisler-farver-moerk-scaled.jpg?id=24531) !important;background-position: center !important;background-repeat: no-repeat !important;background-size: cover !important;}&#8221;][vc_column][vc_row_inner][vc_column_inner offset=&#8221;vc_hidden-xs&#8221;][vc_custom_heading text=&#8221;Dokumentation&#8221; font_container=&#8221;tag:h1|font_size:90|text_align:center|color:%23ffffff&#8221; use_theme_fonts=&#8221;yes&#8221; css=&#8221;&#8221;][\/vc_column_inner][\/vc_row_inner][vc_row_inner][vc_column_inner offset=&#8221;vc_hidden-lg vc_hidden-md vc_hidden-sm&#8221;][vc_custom_heading text=&#8221;Dokumentation&#8221; font_container=&#8221;tag:h1|font_size:40|text_align:center|color:%23ffffff&#8221; use_theme_fonts=&#8221;yes&#8221; css=&#8221;.vc_custom_1751545662909{padding-bottom: 30px !important;}&#8221;][\/vc_column_inner][\/vc_row_inner][\/vc_column][\/vc_row][vc_row full_width=&#8221;stretch_row_content&#8221; el_class=&#8221;shop-billeder&#8221;][vc_column][vc_empty_space height=&#8221;10px&#8221;][vc_column_text css=&#8221;&#8221;]<\/p>\n<h5 style=\"text-align: center;\"><span style=\"color: #333333;\">DFI-GEISLER arbejder for en b\u00e6redygtig fremtid &#8211; og dokumentation er en vigtig del af den indsats.<br \/>\nP\u00e5 denne side har vi samlet dokumentation p\u00e5 tv\u00e6rs af vores produktkategorier, i to overskuelige sektioner.<\/span><\/h5>\n<h5 style=\"text-align: center;\"><span style=\"color: #333333;\"><strong>Milj\u00f8dokumentation<\/strong>: Her finder du milj\u00f8varedeklarationer (EPD), informationer om SCD Portalen m.m.<br \/>\n<strong>Teknisk dokumentation<\/strong>: Her har vi samlet sikkerhedsdatablade, montagevejledninger, vedligeholdelsesvejledninger samt yderligere informative bilag.<\/span><\/h5>\n<p>[\/vc_column_text][vc_empty_space height=&#8221;30px&#8221;][\/vc_column][\/vc_row][vc_row full_width=&#8221;stretch_row_content&#8221; equal_height=&#8221;yes&#8221; el_class=&#8221;shop-billeder&#8221;][vc_column width=&#8221;1\/3&#8243;][vc_single_image image=&#8221;8703&#8243; img_size=&#8221;500&#215;300&#8243; css=&#8221;&#8221;][vc_column_text css=&#8221;&#8221;]<\/p>\n<h3>Laminat<\/h3>\n<p>[\/vc_column_text][vc_empty_space height=&#8221;15px&#8221;][vc_row_inner][vc_column_inner width=&#8221;1\/2&#8243;][vc_btn title=&#8221;Milj\u00f8dokumentation&#8221; color=&#8221;inverse&#8221; size=&#8221;sm&#8221; css=&#8221;.vc_custom_1770639368497{margin-left: px !important;}&#8221; link=&#8221;url:https%3A%2F%2Fwww.dfi-geisler.com%2Flaminat-miljoedokumentation%2F&#8221;][vc_empty_space height=&#8221;5px&#8221;][\/vc_column_inner][vc_column_inner width=&#8221;1\/2&#8243;][vc_btn title=&#8221;Teknisk dokumentation&#8221; color=&#8221;inverse&#8221; size=&#8221;sm&#8221; align=&#8221;left&#8221; css=&#8221;&#8221; link=&#8221;url:https%3A%2F%2Fwww.dfi-geisler.com%2Flaminat-teknisk-dokumentation%2F&#8221;][vc_empty_space height=&#8221;5px&#8221;][\/vc_column_inner][\/vc_row_inner][\/vc_column][vc_column width=&#8221;1\/3&#8243;][vc_single_image image=&#8221;18485&#8243; img_size=&#8221;500&#215;300&#8243; css=&#8221;&#8221;][vc_column_text css=&#8221;.vc_custom_1751892906104{margin-left: px !important;}&#8221;]<\/p>\n<h3>Linoleum<\/h3>\n<p>[\/vc_column_text][vc_empty_space height=&#8221;15px&#8221;][vc_row_inner][vc_column_inner width=&#8221;1\/2&#8243;][vc_btn title=&#8221;Milj\u00f8dokumentation&#8221; color=&#8221;inverse&#8221; size=&#8221;sm&#8221; css=&#8221;&#8221; link=&#8221;url:https%3A%2F%2Fwww.dfi-geisler.com%2Flinoleum-miljoedokumentation%2F&#8221;][vc_empty_space height=&#8221;5px&#8221;][\/vc_column_inner][vc_column_inner width=&#8221;1\/2&#8243;][vc_btn title=&#8221;Teknisk dokumentation&#8221; color=&#8221;inverse&#8221; size=&#8221;sm&#8221; css=&#8221;&#8221; link=&#8221;url:https%3A%2F%2Fwww.dfi-geisler.com%2Flinoleum-teknisk-dokumentation%2F&#8221;][vc_empty_space height=&#8221;5px&#8221;][\/vc_column_inner][\/vc_row_inner][\/vc_column][vc_column width=&#8221;1\/3&#8243;][vc_single_image image=&#8221;29600&#8243; img_size=&#8221;500&#215;300&#8243; css=&#8221;&#8221;][vc_column_text css=&#8221;.vc_custom_1751892897731{margin-left: px !important;}&#8221;]<\/p>\n<h3>Fibertops\u00ae<\/h3>\n<p>[\/vc_column_text][vc_empty_space height=&#8221;15px&#8221;][vc_row_inner][vc_column_inner width=&#8221;1\/2&#8243;][vc_btn title=&#8221;Milj\u00f8dokumentation&#8221; color=&#8221;inverse&#8221; size=&#8221;sm&#8221; css=&#8221;&#8221; link=&#8221;url:https%3A%2F%2Fwww.dfi-geisler.com%2Ffibertops-miljoedokumentation%2F&#8221;][vc_empty_space height=&#8221;5px&#8221;][\/vc_column_inner][vc_column_inner width=&#8221;1\/2&#8243;][vc_btn title=&#8221;Teknisk dokumentation&#8221; color=&#8221;inverse&#8221; size=&#8221;sm&#8221; css=&#8221;&#8221; link=&#8221;url:https%3A%2F%2Fwww.dfi-geisler.com%2Ffibertops-teknisk-dokumentation%2F&#8221;][vc_empty_space height=&#8221;5px&#8221;][\/vc_column_inner][\/vc_row_inner][\/vc_column][\/vc_row][vc_row][vc_column offset=&#8221;vc_hidden-xs&#8221;][vc_empty_space height=&#8221;25&#8243;][\/vc_column][\/vc_row][vc_row full_width=&#8221;stretch_row_content&#8221; equal_height=&#8221;yes&#8221; el_class=&#8221;shop-billeder&#8221; css=&#8221;.vc_custom_1751894259583{margin-top: px !important;}&#8221;][vc_column width=&#8221;1\/3&#8243;][vc_single_image image=&#8221;27441&#8243; img_size=&#8221;500&#215;300&#8243; css=&#8221;&#8221;][vc_column_text css=&#8221;&#8221;]<\/p>\n<h3>Kompaktlaminat<\/h3>\n<p>[\/vc_column_text][vc_empty_space height=&#8221;15px&#8221;][vc_row_inner][vc_column_inner width=&#8221;1\/2&#8243;][vc_btn title=&#8221;Milj\u00f8dokumentation&#8221; color=&#8221;inverse&#8221; size=&#8221;sm&#8221; css=&#8221;&#8221; link=&#8221;url:https%3A%2F%2Fwww.dfi-geisler.com%2Fkompaktlaminat-miljoedokumentation%2F&#8221;][vc_empty_space height=&#8221;5px&#8221;][\/vc_column_inner][vc_column_inner width=&#8221;1\/2&#8243;][vc_btn title=&#8221;Teknisk dokumentation&#8221; color=&#8221;inverse&#8221; size=&#8221;sm&#8221; css=&#8221;&#8221; link=&#8221;url:https%3A%2F%2Fwww.dfi-geisler.com%2Fkompaktlaminat-teknisk-dokumentation%2F&#8221;][vc_empty_space height=&#8221;5px&#8221;][\/vc_column_inner][\/vc_row_inner][\/vc_column][vc_column width=&#8221;1\/3&#8243;][vc_single_image image=&#8221;8935&#8243; img_size=&#8221;500&#215;300&#8243; css=&#8221;&#8221;][vc_column_text css=&#8221;&#8221;]<\/p>\n<h3>Massivtr\u00e6<\/h3>\n<p>[\/vc_column_text][vc_empty_space height=&#8221;15px&#8221;][vc_row_inner][vc_column_inner width=&#8221;1\/2&#8243;][vc_btn title=&#8221;Milj\u00f8dokumentation&#8221; color=&#8221;inverse&#8221; size=&#8221;sm&#8221; css=&#8221;&#8221; link=&#8221;url:https%3A%2F%2Fwww.dfi-geisler.com%2Fmassivtrae-miljoedokumentation%2F&#8221;][vc_empty_space height=&#8221;5px&#8221;][\/vc_column_inner][vc_column_inner width=&#8221;1\/2&#8243;][vc_btn title=&#8221;Teknisk dokumentation&#8221; color=&#8221;inverse&#8221; size=&#8221;sm&#8221; css=&#8221;&#8221; link=&#8221;url:https%3A%2F%2Fwww.dfi-geisler.com%2Fmassivtrae-teknisk-dokumentation%2F&#8221;][vc_empty_space height=&#8221;5px&#8221;][\/vc_column_inner][\/vc_row_inner][\/vc_column][vc_column width=&#8221;1\/3&#8243;][vc_single_image image=&#8221;8951&#8243; img_size=&#8221;500&#215;300&#8243; css=&#8221;&#8221;][vc_column_text css=&#8221;&#8221;]<\/p>\n<h3>Natursten<\/h3>\n<p>[\/vc_column_text][vc_empty_space height=&#8221;15px&#8221;][vc_row_inner][vc_column_inner width=&#8221;1\/2&#8243;][vc_btn title=&#8221;Milj\u00f8dokumentation&#8221; color=&#8221;inverse&#8221; size=&#8221;sm&#8221; css=&#8221;&#8221; link=&#8221;url:https%3A%2F%2Fwww.dfi-geisler.com%2Fnatursten-miljoedokumentation%2F&#8221;][vc_empty_space height=&#8221;5px&#8221;][\/vc_column_inner][vc_column_inner width=&#8221;1\/2&#8243;][vc_btn title=&#8221;Teknisk dokumentation&#8221; color=&#8221;inverse&#8221; size=&#8221;sm&#8221; css=&#8221;&#8221; link=&#8221;url:https%3A%2F%2Fwww.dfi-geisler.com%2Fnatursten-teknisk-dokumentation%2F&#8221;][vc_empty_space height=&#8221;5px&#8221;][\/vc_column_inner][\/vc_row_inner][\/vc_column][\/vc_row][vc_row][vc_column offset=&#8221;vc_hidden-xs&#8221;][vc_empty_space height=&#8221;25&#8243;][\/vc_column][\/vc_row][vc_row full_width=&#8221;stretch_row_content&#8221; equal_height=&#8221;yes&#8221; el_class=&#8221;shop-billeder&#8221;][vc_column width=&#8221;1\/3&#8243;][vc_single_image image=&#8221;26242&#8243; img_size=&#8221;500&#215;300&#8243; css=&#8221;&#8221;][vc_column_text css=&#8221;&#8221;]<\/p>\n<h3>Kompositsten<\/h3>\n<p>[\/vc_column_text][vc_empty_space height=&#8221;15px&#8221;][vc_row_inner][vc_column_inner width=&#8221;1\/2&#8243;][vc_btn title=&#8221;Milj\u00f8dokumentation&#8221; color=&#8221;inverse&#8221; size=&#8221;sm&#8221; css=&#8221;&#8221; link=&#8221;url:https%3A%2F%2Fwww.dfi-geisler.com%2Fkompositsten-miljoedokumentation%2F&#8221;][vc_empty_space height=&#8221;5px&#8221;][\/vc_column_inner][vc_column_inner width=&#8221;1\/2&#8243;][vc_btn title=&#8221;Teknisk dokumentation&#8221; color=&#8221;inverse&#8221; size=&#8221;sm&#8221; css=&#8221;&#8221; link=&#8221;url:https%3A%2F%2Fwww.dfi-geisler.com%2Fkompositsten-teknisk-dokumentation%2F&#8221;][vc_empty_space height=&#8221;5px&#8221;][\/vc_column_inner][\/vc_row_inner][\/vc_column][vc_column width=&#8221;1\/3&#8243;][vc_single_image image=&#8221;8993&#8243; img_size=&#8221;500&#215;300&#8243; css=&#8221;&#8221;][vc_column_text css=&#8221;&#8221;]<\/p>\n<h3>Keramik<\/h3>\n<p>[\/vc_column_text][vc_empty_space height=&#8221;15px&#8221;][vc_row_inner][vc_column_inner width=&#8221;1\/2&#8243;][vc_btn title=&#8221;Milj\u00f8dokumentation&#8221; color=&#8221;inverse&#8221; size=&#8221;sm&#8221; css=&#8221;&#8221; link=&#8221;url:https%3A%2F%2Fwww.dfi-geisler.com%2Fkeramik-miljoedokumentation%2F&#8221;][vc_empty_space height=&#8221;5px&#8221;][\/vc_column_inner][vc_column_inner width=&#8221;1\/2&#8243;][vc_btn title=&#8221;Teknisk dokumentation&#8221; color=&#8221;inverse&#8221; size=&#8221;sm&#8221; css=&#8221;&#8221; link=&#8221;url:https%3A%2F%2Fwww.dfi-geisler.com%2Fkeramik-teknisk-dokumentation%2F&#8221;][vc_empty_space height=&#8221;5px&#8221;][\/vc_column_inner][\/vc_row_inner][\/vc_column][vc_column width=&#8221;1\/3&#8243;][vc_single_image image=&#8221;8951&#8243; img_size=&#8221;500&#215;300&#8243; css=&#8221;&#8221;][vc_column_text css=&#8221;&#8221;]<\/p>\n<h3>Dekton\u00ae<\/h3>\n<p>[\/vc_column_text][vc_empty_space height=&#8221;15px&#8221;][vc_row_inner][vc_column_inner width=&#8221;1\/2&#8243;][vc_btn title=&#8221;Milj\u00f8dokumentation&#8221; color=&#8221;inverse&#8221; size=&#8221;sm&#8221; css=&#8221;&#8221; link=&#8221;url:https%3A%2F%2Fwww.dfi-geisler.com%2Fdekton-miljoedokumentation%2F&#8221;][vc_empty_space height=&#8221;5px&#8221;][\/vc_column_inner][vc_column_inner width=&#8221;1\/2&#8243;][vc_btn title=&#8221;Teknisk dokumentation&#8221; color=&#8221;inverse&#8221; size=&#8221;sm&#8221; css=&#8221;&#8221; link=&#8221;url:https%3A%2F%2Fwww.dfi-geisler.com%2Fdekton-teknisk-dokumentation%2F&#8221;][vc_empty_space height=&#8221;5px&#8221;][\/vc_column_inner][\/vc_row_inner][\/vc_column][\/vc_row][vc_row][vc_column offset=&#8221;vc_hidden-xs&#8221;][vc_empty_space height=&#8221;25&#8243;][\/vc_column][\/vc_row][vc_row full_width=&#8221;stretch_row_content&#8221; equal_height=&#8221;yes&#8221; el_class=&#8221;shop-billeder&#8221;][vc_column width=&#8221;1\/3&#8243;][vc_single_image image=&#8221;27457&#8243; img_size=&#8221;500&#215;300&#8243; css=&#8221;&#8221;][vc_column_text css=&#8221;&#8221;]<\/p>\n<h3>St\u00e5l<\/h3>\n<p>[\/vc_column_text][vc_empty_space height=&#8221;15px&#8221;][vc_row_inner][vc_column_inner width=&#8221;1\/2&#8243;][vc_btn title=&#8221;Milj\u00f8dokumentation&#8221; color=&#8221;inverse&#8221; size=&#8221;sm&#8221; css=&#8221;&#8221; link=&#8221;url:https%3A%2F%2Fwww.dfi-geisler.com%2Fstaal-miljoedokumentation%2F&#8221;][vc_empty_space height=&#8221;5px&#8221;][\/vc_column_inner][vc_column_inner width=&#8221;1\/2&#8243;][vc_btn title=&#8221;Teknisk dokumentation&#8221; color=&#8221;inverse&#8221; size=&#8221;sm&#8221; css=&#8221;&#8221; link=&#8221;url:https%3A%2F%2Fwww.dfi-geisler.com%2Fstaal-teknisk-dokumentation%2F&#8221;][vc_empty_space height=&#8221;5px&#8221;][\/vc_column_inner][\/vc_row_inner][\/vc_column][vc_column width=&#8221;1\/3&#8243;][vc_single_image image=&#8221;8849&#8243; img_size=&#8221;500&#215;300&#8243; css=&#8221;&#8221;][vc_column_text css=&#8221;&#8221;]<\/p>\n<h3>Vaske<\/h3>\n<p>[\/vc_column_text][vc_empty_space height=&#8221;15px&#8221;][vc_row_inner][vc_column_inner width=&#8221;1\/2&#8243;][vc_btn title=&#8221;Milj\u00f8dokumentation&#8221; color=&#8221;inverse&#8221; size=&#8221;sm&#8221; css=&#8221;&#8221; link=&#8221;url:https%3A%2F%2Fwww.dfi-geisler.com%2Fvaske-miljoedokumentation%2F&#8221;][vc_empty_space height=&#8221;5px&#8221;][\/vc_column_inner][vc_column_inner width=&#8221;1\/2&#8243;][vc_btn title=&#8221;Teknisk dokumentation&#8221; color=&#8221;inverse&#8221; size=&#8221;sm&#8221; css=&#8221;&#8221; link=&#8221;url:https%3A%2F%2Fwww.dfi-geisler.com%2Fvaske-teknisk-dokumentation%2F&#8221;][vc_empty_space height=&#8221;5px&#8221;][\/vc_column_inner][\/vc_row_inner][\/vc_column][vc_column width=&#8221;1\/3&#8243;][vc_btn title=&#8221;Energisyn 2026&#8243; color=&#8221;inverse&#8221; size=&#8221;lg&#8221; css=&#8221;&#8221; link=&#8221;url:https%3A%2F%2Fwww.dfi-geisler.com%2Fwp-content%2Fuploads%2F2026%2F04%2FEnergisyn-april-2026.pdf&#8221;][\/vc_column][\/vc_row][vc_row][vc_column offset=&#8221;vc_hidden-xs&#8221;][vc_empty_space height=&#8221;25&#8243;][\/vc_column][\/vc_row]<\/p>\n<\/div>","protected":false},"excerpt":{"rendered":"<p>Sorry, this entry is only available in Dansk. For the sake of viewer convenience, the content is shown below in the alternative language. You may click<\/p>\n","protected":false},"author":1922,"featured_media":0,"parent":0,"menu_order":0,"comment_status":"closed","ping_status":"closed","template":"","meta":{"_monsterinsights_skip_tracking":false,"_monsterinsights_sitenote_active":false,"_monsterinsights_sitenote_note":"","_monsterinsights_sitenote_category":0,"footnotes":""},"class_list":["post-35818","page","type-page","status-publish","hentry"],"aioseo_notices":[],"_links":{"self":[{"href":"https:\/\/www.dfi-geisler.com\/en\/wp-json\/wp\/v2\/pages\/35818","targetHints":{"allow":["GET"]}}],"collection":[{"href":"https:\/\/www.dfi-geisler.com\/en\/wp-json\/wp\/v2\/pages"}],"about":[{"href":"https:\/\/www.dfi-geisler.com\/en\/wp-json\/wp\/v2\/types\/page"}],"author":[{"embeddable":true,"href":"https:\/\/www.dfi-geisler.com\/en\/wp-json\/wp\/v2\/users\/1922"}],"replies":[{"embeddable":true,"href":"https:\/\/www.dfi-geisler.com\/en\/wp-json\/wp\/v2\/comments?post=35818"}],"version-history":[{"count":92,"href":"https:\/\/www.dfi-geisler.com\/en\/wp-json\/wp\/v2\/pages\/35818\/revisions"}],"predecessor-version":[{"id":38862,"href":"https:\/\/www.dfi-geisler.com\/en\/wp-json\/wp\/v2\/pages\/35818\/revisions\/38862"}],"wp:attachment":[{"href":"https:\/\/www.dfi-geisler.com\/en\/wp-json\/wp\/v2\/media?parent=35818"}],"curies":[{"name":"wp","href":"https:\/\/api.w.org\/{rel}","templated":true}]}}