
{"id":29114,"date":"2024-01-15T15:36:16","date_gmt":"2024-01-15T14:36:16","guid":{"rendered":"https:\/\/www.dfi-geisler.com\/?page_id=29114"},"modified":"2024-01-24T09:57:01","modified_gmt":"2024-01-24T08:57:01","slug":"kompakt-laminat-asennusohje","status":"publish","type":"page","link":"https:\/\/www.dfi-geisler.com\/en\/kompakt-laminat-asennusohje\/","title":{"rendered":"Kompakt Laminat Asennusohje"},"content":{"rendered":"<div class=\"wpb-content-wrapper\"><p><\/p>\n<p>[vc_row full_width=&#8221;stretch_row_content&#8221; css=&#8221;.vc_custom_1675409816538{padding-top: 100px !important;padding-bottom: 100px !important;background-image: url(https:\/\/www.dfi-geisler.com\/wp-content\/uploads\/2020\/05\/Boremaskine-wide-m\u00f8rk-scaled.jpg?id=19683) !important;}&#8221;][vc_column][vc_column_text]<\/p>\n<p style=\"text-align: center;\"><span style=\"font-size: 56px; line-height: 50px; color: #ffffff;\">Kiinnitys ja huolto &#8211; Compact Laminaatti<\/span><\/p>\n<p>&nbsp;<\/p>\n<p style=\"text-align: center;\"><span style=\"font-size: 36px; line-height: 40px; color: #ffffff;\">Klikkaa alla olevaa linkki\u00e4 n\u00e4hd\u00e4ksesi compact laminaatin asennus- ja huolto-ohjeet.<\/span><\/p>\n<p>[\/vc_column_text][\/vc_column][\/vc_row][vc_row][vc_column width=&#8221;1\/2&#8243;][vc_video link=&#8221;https:\/\/vimeo.com\/901070940&#8243; align=&#8221;center&#8221;][\/vc_column][vc_column width=&#8221;1\/2&#8243;][vc_column_text]<\/p>\n<p style=\"text-align: center;\"><span style=\"font-size: 36px; line-height: 40px;\"><span style=\"color: #000000;\">Miten laminaattity\u00f6taso asennetaan oikein.<\/span><\/span><\/p>\n<p>[\/vc_column_text][\/vc_column][\/vc_row][vc_row][vc_column][vc_empty_space][\/vc_column][\/vc_row][vc_row][vc_column][vc_separator color=&#8221;black&#8221;][\/vc_column][\/vc_row][vc_row][vc_column width=&#8221;1\/2&#8243;][vc_column_text]<\/p>\n<p style=\"text-align: center;\"><span style=\"font-size: 36px; line-height: 40px;\"><span style=\"color: #000000;\">Miten liesi asennetaan oikein.<\/span><\/span><\/p>\n<p>[\/vc_column_text][\/vc_column][vc_column width=&#8221;1\/2&#8243;][vc_video link=&#8221;https:\/\/vimeo.com\/368250682&#8243; align=&#8221;center&#8221;][\/vc_column][\/vc_row][vc_row][vc_column][vc_separator color=&#8221;black&#8221;][\/vc_column][\/vc_row]<\/p>\n<p><\/p>\n<\/div>","protected":false},"excerpt":{"rendered":"<p>[vc_row full_width=&#8221;stretch_row_content&#8221; css=&#8221;.vc_custom_1675409816538{padding-top: 100px !important;padding-bottom: 100px !important;background-image: url(https:\/\/www.dfi-geisler.com\/wp-content\/uploads\/2020\/05\/Boremaskine-wide-m\u00f8rk-scaled.jpg?id=19683) !important;}&#8221;][vc_column][vc_column_text] Kiinnitys ja huolto &#8211; Compact Laminaatti &nbsp; Klikkaa alla olevaa linkki\u00e4 n\u00e4hd\u00e4ksesi compact laminaatin asennus- ja huolto-ohjeet.<\/p>\n","protected":false},"author":717,"featured_media":0,"parent":0,"menu_order":0,"comment_status":"closed","ping_status":"closed","template":"","meta":{"_monsterinsights_skip_tracking":false,"_monsterinsights_sitenote_active":false,"_monsterinsights_sitenote_note":"","_monsterinsights_sitenote_category":0,"footnotes":""},"class_list":["post-29114","page","type-page","status-publish","hentry"],"aioseo_notices":[],"_links":{"self":[{"href":"https:\/\/www.dfi-geisler.com\/en\/wp-json\/wp\/v2\/pages\/29114","targetHints":{"allow":["GET"]}}],"collection":[{"href":"https:\/\/www.dfi-geisler.com\/en\/wp-json\/wp\/v2\/pages"}],"about":[{"href":"https:\/\/www.dfi-geisler.com\/en\/wp-json\/wp\/v2\/types\/page"}],"author":[{"embeddable":true,"href":"https:\/\/www.dfi-geisler.com\/en\/wp-json\/wp\/v2\/users\/717"}],"replies":[{"embeddable":true,"href":"https:\/\/www.dfi-geisler.com\/en\/wp-json\/wp\/v2\/comments?post=29114"}],"version-history":[{"count":4,"href":"https:\/\/www.dfi-geisler.com\/en\/wp-json\/wp\/v2\/pages\/29114\/revisions"}],"predecessor-version":[{"id":29229,"href":"https:\/\/www.dfi-geisler.com\/en\/wp-json\/wp\/v2\/pages\/29114\/revisions\/29229"}],"wp:attachment":[{"href":"https:\/\/www.dfi-geisler.com\/en\/wp-json\/wp\/v2\/media?parent=29114"}],"curies":[{"name":"wp","href":"https:\/\/api.w.org\/{rel}","templated":true}]}}