
{"id":20694,"date":"2020-10-29T17:18:43","date_gmt":"2020-10-29T16:18:43","guid":{"rendered":"https:\/\/www.dfi-geisler.com\/?page_id=20694"},"modified":"2024-05-02T09:48:08","modified_gmt":"2024-05-02T08:48:08","slug":"vi-passer-paa-vores-medarbejder-og-lokalomraadet","status":"publish","type":"page","link":"https:\/\/www.dfi-geisler.com\/en\/vi-passer-paa-vores-medarbejder-og-lokalomraadet\/","title":{"rendered":"We care for each other and the local area"},"content":{"rendered":"<div class=\"wpb-content-wrapper\"><p>[vc_row full_width=&#8221;stretch_row_content&#8221; css=&#8221;.vc_custom_1603987701361{padding-bottom: 0px !important;background-image: url(https:\/\/www.dfi-geisler.com\/wp-content\/uploads\/2020\/10\/DFI_GEISLER_099-scaled.jpg?id=20706) !important;background-position: center !important;background-repeat: no-repeat !important;background-size: cover !important;}&#8221;][vc_column css=&#8221;.vc_custom_1603984345981{padding-top: 0px !important;}&#8221;][vc_empty_space height=&#8221;450&#8243;][vc_custom_heading text=&#8221;WE CARE FOR EACH OTHER AND THE LOCAL AREA&#8221; font_container=&#8221;tag:h2|font_size:70|text_align:center|color:%23ffffff|line_height:1&#8243; google_fonts=&#8221;font_family:Lato%3A100%2C100italic%2C300%2C300italic%2Cregular%2Citalic%2C700%2C700italic%2C900%2C900italic|font_style:400%20regular%3A400%3Anormal&#8221; css_animation=&#8221;fadeInDown&#8221; css=&#8221;.vc_custom_1714638936612{padding-top: 20px !important;}&#8221;][vc_empty_space height=&#8221;200&#8243;][\/vc_column][\/vc_row][vc_row][vc_column][vc_separator][\/vc_column][\/vc_row][vc_row][vc_column css=&#8221;.vc_custom_1603990697735{background-image: url(https:\/\/www.dfi-geisler.com\/wp-content\/uploads\/2020\/10\/1188.png?id=20767) !important;}&#8221;][vc_row_inner][vc_column_inner width=&#8221;1\/2&#8243;][vc_column_text]<\/p>\n<h3><strong>A healthy working environment<\/strong><\/h3>\n<p>[\/vc_column_text][vc_column_text]<\/p>\n<h5 style=\"text-align: left;\"><span style=\"color: #000000;\">DFI-Geisler\u2019s 160 employees are our most important asset. That\u2019s why we look after them well. To make sure that we do this well enough, we participate in the world\u2019s most widely used employee satisfaction survey: Great Place to Work.<\/span><\/h5>\n<h5 style=\"text-align: left;\"><span style=\"color: #000000;\">At the same time, health, well-being and safety at work are constantly in the spotlight. One good example of this is OfficeFit, a fitness programme that gives our office workers access to a variety of ergonomic equipment, such as office bikes.<\/span><\/h5>\n<p>[\/vc_column_text][vc_separator color=&#8221;orange&#8221; border_width=&#8221;2&#8243;][vc_column_text]<strong><a href=\"https:\/\/www.dfi-geisler.com\/en\/et-godt-arbejdsmiljoe\/\" target=\"_blank\" rel=\"noopener\"><span style=\"color: #000080;\">Read more here &gt;&gt;<\/span><\/a><\/strong>[\/vc_column_text][\/vc_column_inner][vc_column_inner width=&#8221;1\/2&#8243;][vc_empty_space][vc_single_image image=&#8221;20774&#8243; img_size=&#8221;550&#215;400&#8243; style=&#8221;vc_box_shadow&#8221;][\/vc_column_inner][\/vc_row_inner][\/vc_column][vc_column][vc_empty_space][\/vc_column][\/vc_row][vc_row][vc_column css=&#8221;.vc_custom_1603990867215{background-image: url(https:\/\/www.dfi-geisler.com\/wp-content\/uploads\/2020\/10\/1168.png?id=20775) !important;}&#8221;][vc_row_inner][vc_column_inner width=&#8221;1\/2&#8243;][vc_column_text]<\/p>\n<h3><span style=\"color: #00008b;\">Responsible business conduct<\/span><\/h3>\n<p>[\/vc_column_text][vc_column_text]<\/p>\n<h5 style=\"text-align: left;\"><span style=\"color: #000000;\">Companies and individuals alike must behave decently and treat other people fairly and respectfully.<\/span><\/h5>\n<h5 style=\"text-align: left;\"><span style=\"color: #000000;\">We have written this basic philosophy into a Code of Conduct, which all of our employees have signed. The same applies to the suppliers with annual sales to DFI-Geisler of goods and services above a certain amount.<\/span><\/h5>\n<p>&nbsp;<\/p>\n<p>[\/vc_column_text][vc_separator color=&#8221;blue&#8221; border_width=&#8221;2&#8243;][vc_column_text]<strong><a href=\"https:\/\/www.dfi-geisler.com\/en\/ansvarlig-forretningsadfaerd\/\" target=\"_blank\" rel=\"noopener\"><span style=\"color: #00008b;\">Read more here &gt;&gt;<\/span><\/a><\/strong>[\/vc_column_text][\/vc_column_inner][vc_column_inner width=&#8221;1\/2&#8243;][vc_empty_space][vc_single_image image=&#8221;28590&#8243; img_size=&#8221;550&#215;400&#8243; style=&#8221;vc_box_shadow&#8221;][\/vc_column_inner][\/vc_row_inner][\/vc_column][\/vc_row][vc_row][vc_column][vc_empty_space][\/vc_column][\/vc_row][vc_row][vc_column css=&#8221;.vc_custom_1603991555688{background-image: url(https:\/\/www.dfi-geisler.com\/wp-content\/uploads\/2020\/10\/gr\u00e5-lys.png?id=20777) !important;}&#8221;][vc_row_inner][vc_column_inner width=&#8221;1\/2&#8243;][vc_column_text]<\/p>\n<h3><span style=\"color: #00000;\">We support the local community<\/span><\/h3>\n<p>[\/vc_column_text][vc_column_text]<\/p>\n<h5 style=\"text-align: left;\"><span style=\"color: #000000;\">It is important to us at DFI-Geisler to be located on the Danish island of Mors. And, of course, since most of our 160 employees come from this area, we contribute to local activities where it is meaningful.<\/span><\/h5>\n<h5 style=\"text-align: left;\"><span style=\"color: #000000;\">We are also delighted to be able to support our area\u2019s young, skilful and ambitious talents. Among others, we have sponsored local chess player Jesper Thybo, and we currently sponsor handball club Mors Thy H\u00e5ndbold, Daniel Djernis Nielsen, the Kulturm\u00f8det Mors cultural event, girls football club FC Thy Piger and Mors\u00f8 Golfklub.<\/span><\/h5>\n<p>[\/vc_column_text][vc_separator color=&#8221;black&#8221; border_width=&#8221;2&#8243;][vc_column_text]<strong><a href=\"https:\/\/www.dfi-geisler.com\/en\/vi-stoetter-lokalsamfundet\/\" target=\"_blank\" rel=\"noopener\"><span style=\"color: #000000;\">Read more here &gt;&gt;<\/span><\/a><\/strong>[\/vc_column_text][\/vc_column_inner][vc_column_inner width=&#8221;1\/2&#8243;][vc_empty_space][vc_single_image image=&#8221;20781&#8243; img_size=&#8221;600&#215;420&#8243; style=&#8221;vc_box_shadow&#8221;][\/vc_column_inner][\/vc_row_inner][\/vc_column][vc_column][vc_empty_space][\/vc_column][\/vc_row][vc_row][vc_column css=&#8221;.vc_custom_1603993039853{background-image: url(https:\/\/www.dfi-geisler.com\/wp-content\/uploads\/2020\/10\/lys-bl\u00e5.png?id=20782) !important;}&#8221;][vc_row_inner][vc_column_inner width=&#8221;1\/2&#8243;][vc_column_text]<\/p>\n<h3><span style=\"color: #000080;\">New community forest<\/span><\/h3>\n<p>[\/vc_column_text][vc_column_text]<\/p>\n<h5 style=\"text-align: left;\"><span style=\"color: #000000;\">Another step in our efforts to reduce our carbon footprint is our plan to establish a community forest on Mors. And this forest will be for everyone (otherwise it wouldn\u2019t be a community forest).<\/span><\/h5>\n<h5 style=\"text-align: left;\"><span style=\"color: #000000;\">We want to help relieve pressure on the climate, and this is our aim with a company\/community forest for anyone to visit.<\/span><\/h5>\n<h5 style=\"text-align: left;\"><span style=\"color: #000000;\">The project is currently under development, in close dialogue with the Growing Tree Network Foundation, which is renowned for planting community forests in Denmark.<\/span><\/h5>\n<p>[\/vc_column_text][vc_separator color=&#8221;blue&#8221; border_width=&#8221;2&#8243;][vc_column_text]<strong><a href=\"https:\/\/www.dfi-geisler.com\/en\/20-000-nye-traeer-paa-mors\/\" target=\"_blank\" rel=\"noopener\"><span style=\"color: #000080;\">Read more here &gt;&gt;<\/span><\/a><\/strong>[\/vc_column_text][\/vc_column_inner][vc_column_inner width=&#8221;1\/2&#8243;][vc_empty_space][vc_single_image image=&#8221;22175&#8243; img_size=&#8221;600&#215;420&#8243; style=&#8221;vc_box_shadow&#8221;][\/vc_column_inner][\/vc_row_inner][\/vc_column][vc_column][vc_empty_space][\/vc_column][\/vc_row]<\/p>\n<\/div>","protected":false},"excerpt":{"rendered":"<p>[vc_row full_width=&#8221;stretch_row_content&#8221; css=&#8221;.vc_custom_1603987701361{padding-bottom: 0px !important;background-image: url(https:\/\/www.dfi-geisler.com\/wp-content\/uploads\/2020\/10\/DFI_GEISLER_099-scaled.jpg?id=20706) !important;background-position: center !important;background-repeat: no-repeat !important;background-size: cover !important;}&#8221;][vc_column css=&#8221;.vc_custom_1603984345981{padding-top: 0px !important;}&#8221;][vc_empty_space height=&#8221;450&#8243;][vc_custom_heading text=&#8221;WE CARE FOR EACH OTHER AND THE LOCAL AREA&#8221;<\/p>\n","protected":false},"author":717,"featured_media":0,"parent":0,"menu_order":0,"comment_status":"closed","ping_status":"closed","template":"","meta":{"_monsterinsights_skip_tracking":false,"_monsterinsights_sitenote_active":false,"_monsterinsights_sitenote_note":"","_monsterinsights_sitenote_category":0,"footnotes":""},"class_list":["post-20694","page","type-page","status-publish","hentry"],"aioseo_notices":[],"_links":{"self":[{"href":"https:\/\/www.dfi-geisler.com\/en\/wp-json\/wp\/v2\/pages\/20694","targetHints":{"allow":["GET"]}}],"collection":[{"href":"https:\/\/www.dfi-geisler.com\/en\/wp-json\/wp\/v2\/pages"}],"about":[{"href":"https:\/\/www.dfi-geisler.com\/en\/wp-json\/wp\/v2\/types\/page"}],"author":[{"embeddable":true,"href":"https:\/\/www.dfi-geisler.com\/en\/wp-json\/wp\/v2\/users\/717"}],"replies":[{"embeddable":true,"href":"https:\/\/www.dfi-geisler.com\/en\/wp-json\/wp\/v2\/comments?post=20694"}],"version-history":[{"count":95,"href":"https:\/\/www.dfi-geisler.com\/en\/wp-json\/wp\/v2\/pages\/20694\/revisions"}],"predecessor-version":[{"id":30547,"href":"https:\/\/www.dfi-geisler.com\/en\/wp-json\/wp\/v2\/pages\/20694\/revisions\/30547"}],"wp:attachment":[{"href":"https:\/\/www.dfi-geisler.com\/en\/wp-json\/wp\/v2\/media?parent=20694"}],"curies":[{"name":"wp","href":"https:\/\/api.w.org\/{rel}","templated":true}]}}