
{"id":38892,"date":"2026-04-13T09:09:20","date_gmt":"2026-04-13T08:09:20","guid":{"rendered":"https:\/\/www.dfi-geisler.com\/?post_type=product&#038;p=38892"},"modified":"2026-04-13T09:19:45","modified_gmt":"2026-04-13T08:19:45","slug":"afloebssaet-puro-intra","status":"publish","type":"product","link":"https:\/\/www.dfi-geisler.com\/NO\/produkt\/afloebssaet-puro-intra\/","title":{"rendered":"Avl\u00f8pssett Gun Metal. Intra (Kopier)"},"content":{"rendered":"Avl\u00f8pssett i overflatebehandlet rustfritt st\u00e5l.\r\nPasser til: Intra Nemo og Mono","protected":false},"excerpt":{"rendered":"<p>Avl\u00f8pssett i overflatebehandlet rustfritt st\u00e5l. Passer til: Intra Nemo og Mono<\/p>\n","protected":false},"featured_media":38898,"template":"","meta":{"_monsterinsights_skip_tracking":false,"_monsterinsights_sitenote_active":false,"_monsterinsights_sitenote_note":"","_monsterinsights_sitenote_category":0},"product_brand":[],"product_cat":[334,329],"product_tag":[],"class_list":{"0":"post-38892","1":"product","2":"type-product","3":"status-publish","4":"has-post-thumbnail","6":"product_cat-intra","7":"product_cat-tilbehoer","9":"first","10":"instock","11":"taxable","12":"shipping-taxable","13":"purchasable","14":"product-type-simple"},"aioseo_notices":[],"_links":{"self":[{"href":"https:\/\/www.dfi-geisler.com\/NO\/wp-json\/wp\/v2\/product\/38892","targetHints":{"allow":["GET"]}}],"collection":[{"href":"https:\/\/www.dfi-geisler.com\/NO\/wp-json\/wp\/v2\/product"}],"about":[{"href":"https:\/\/www.dfi-geisler.com\/NO\/wp-json\/wp\/v2\/types\/product"}],"version-history":[{"count":1,"href":"https:\/\/www.dfi-geisler.com\/NO\/wp-json\/wp\/v2\/product\/38892\/revisions"}],"predecessor-version":[{"id":38894,"href":"https:\/\/www.dfi-geisler.com\/NO\/wp-json\/wp\/v2\/product\/38892\/revisions\/38894"}],"wp:featuredmedia":[{"embeddable":true,"href":"https:\/\/www.dfi-geisler.com\/NO\/wp-json\/wp\/v2\/media\/38898"}],"wp:attachment":[{"href":"https:\/\/www.dfi-geisler.com\/NO\/wp-json\/wp\/v2\/media?parent=38892"}],"wp:term":[{"taxonomy":"product_brand","embeddable":true,"href":"https:\/\/www.dfi-geisler.com\/NO\/wp-json\/wp\/v2\/product_brand?post=38892"},{"taxonomy":"product_cat","embeddable":true,"href":"https:\/\/www.dfi-geisler.com\/NO\/wp-json\/wp\/v2\/product_cat?post=38892"},{"taxonomy":"product_tag","embeddable":true,"href":"https:\/\/www.dfi-geisler.com\/NO\/wp-json\/wp\/v2\/product_tag?post=38892"}],"curies":[{"name":"wp","href":"https:\/\/api.w.org\/{rel}","templated":true}]}}