
{"id":34127,"date":"2025-04-01T11:58:03","date_gmt":"2025-04-01T10:58:03","guid":{"rendered":"https:\/\/www.dfi-geisler.com\/?post_type=product&#038;p=34127"},"modified":"2026-02-02T09:10:03","modified_gmt":"2026-02-02T08:10:03","slug":"universal-vandlaas","status":"publish","type":"product","link":"https:\/\/www.dfi-geisler.com\/NO\/produkt\/universal-vandlaas\/","title":{"rendered":"Universal vannl\u00e5s"},"content":{"rendered":"Universal vannl\u00e5s i lysegr\u00e5 plast, for vasker med 1 kum. Reduksjonsstuss for 32\/40\/50 mm flex vegg-\/gulvtilkobling.","protected":false},"excerpt":{"rendered":"<p>Universal vannl\u00e5s i lysegr\u00e5 plast, for vasker med 1 kum. Reduksjonsstuss for 32\/40\/50 mm flex vegg-\/gulvtilkobling.<\/p>\n","protected":false},"featured_media":34265,"template":"","meta":{"_monsterinsights_skip_tracking":false,"_monsterinsights_sitenote_active":false,"_monsterinsights_sitenote_note":"","_monsterinsights_sitenote_category":0},"product_brand":[],"product_cat":[329,336],"product_tag":[],"class_list":{"0":"post-34127","1":"product","2":"type-product","3":"status-publish","4":"has-post-thumbnail","6":"product_cat-tilbehoer","7":"product_cat-vandlaase","9":"first","10":"instock","11":"taxable","12":"shipping-taxable","13":"purchasable","14":"product-type-simple"},"aioseo_notices":[],"_links":{"self":[{"href":"https:\/\/www.dfi-geisler.com\/NO\/wp-json\/wp\/v2\/product\/34127","targetHints":{"allow":["GET"]}}],"collection":[{"href":"https:\/\/www.dfi-geisler.com\/NO\/wp-json\/wp\/v2\/product"}],"about":[{"href":"https:\/\/www.dfi-geisler.com\/NO\/wp-json\/wp\/v2\/types\/product"}],"version-history":[{"count":4,"href":"https:\/\/www.dfi-geisler.com\/NO\/wp-json\/wp\/v2\/product\/34127\/revisions"}],"predecessor-version":[{"id":34279,"href":"https:\/\/www.dfi-geisler.com\/NO\/wp-json\/wp\/v2\/product\/34127\/revisions\/34279"}],"wp:featuredmedia":[{"embeddable":true,"href":"https:\/\/www.dfi-geisler.com\/NO\/wp-json\/wp\/v2\/media\/34265"}],"wp:attachment":[{"href":"https:\/\/www.dfi-geisler.com\/NO\/wp-json\/wp\/v2\/media?parent=34127"}],"wp:term":[{"taxonomy":"product_brand","embeddable":true,"href":"https:\/\/www.dfi-geisler.com\/NO\/wp-json\/wp\/v2\/product_brand?post=34127"},{"taxonomy":"product_cat","embeddable":true,"href":"https:\/\/www.dfi-geisler.com\/NO\/wp-json\/wp\/v2\/product_cat?post=34127"},{"taxonomy":"product_tag","embeddable":true,"href":"https:\/\/www.dfi-geisler.com\/NO\/wp-json\/wp\/v2\/product_tag?post=34127"}],"curies":[{"name":"wp","href":"https:\/\/api.w.org\/{rel}","templated":true}]}}