
{"id":34072,"date":"2025-04-01T10:51:20","date_gmt":"2025-04-01T09:51:20","guid":{"rendered":"https:\/\/www.dfi-geisler.com\/?post_type=product&#038;p=34072"},"modified":"2026-02-02T09:20:33","modified_gmt":"2026-02-02T08:20:33","slug":"afloebssaet-gold-franke","status":"publish","type":"product","link":"https:\/\/www.dfi-geisler.com\/NO\/produkt\/afloebssaet-gold-franke\/","title":{"rendered":"Avl\u00f8pssett Gold. Franke"},"content":{"rendered":"F-inox-belagt avl\u00f8pssett i rustfritt st\u00e5l. Settet best\u00e5r av en kurvventil, dekkskive, dekkplate og overl\u00f8psventil inkludert r\u00f8rf\u00f8ring.\r\nPasser til: Franke MRG-vasker","protected":false},"excerpt":{"rendered":"<p>F-inox-belagt avl\u00f8pssett i rustfritt st\u00e5l. Settet best\u00e5r av en kurvventil, dekkskive, dekkplate og overl\u00f8psventil inkludert r\u00f8rf\u00f8ring. Passer til: Franke MRG-vasker<\/p>\n","protected":false},"featured_media":34197,"template":"","meta":{"_monsterinsights_skip_tracking":false,"_monsterinsights_sitenote_active":false,"_monsterinsights_sitenote_note":"","_monsterinsights_sitenote_category":0},"product_brand":[],"product_cat":[331,329],"product_tag":[],"class_list":{"0":"post-34072","1":"product","2":"type-product","3":"status-publish","4":"has-post-thumbnail","6":"product_cat-franke","7":"product_cat-tilbehoer","9":"first","10":"instock","11":"taxable","12":"shipping-taxable","13":"purchasable","14":"product-type-simple"},"aioseo_notices":[],"_links":{"self":[{"href":"https:\/\/www.dfi-geisler.com\/NO\/wp-json\/wp\/v2\/product\/34072","targetHints":{"allow":["GET"]}}],"collection":[{"href":"https:\/\/www.dfi-geisler.com\/NO\/wp-json\/wp\/v2\/product"}],"about":[{"href":"https:\/\/www.dfi-geisler.com\/NO\/wp-json\/wp\/v2\/types\/product"}],"version-history":[{"count":6,"href":"https:\/\/www.dfi-geisler.com\/NO\/wp-json\/wp\/v2\/product\/34072\/revisions"}],"predecessor-version":[{"id":36725,"href":"https:\/\/www.dfi-geisler.com\/NO\/wp-json\/wp\/v2\/product\/34072\/revisions\/36725"}],"wp:featuredmedia":[{"embeddable":true,"href":"https:\/\/www.dfi-geisler.com\/NO\/wp-json\/wp\/v2\/media\/34197"}],"wp:attachment":[{"href":"https:\/\/www.dfi-geisler.com\/NO\/wp-json\/wp\/v2\/media?parent=34072"}],"wp:term":[{"taxonomy":"product_brand","embeddable":true,"href":"https:\/\/www.dfi-geisler.com\/NO\/wp-json\/wp\/v2\/product_brand?post=34072"},{"taxonomy":"product_cat","embeddable":true,"href":"https:\/\/www.dfi-geisler.com\/NO\/wp-json\/wp\/v2\/product_cat?post=34072"},{"taxonomy":"product_tag","embeddable":true,"href":"https:\/\/www.dfi-geisler.com\/NO\/wp-json\/wp\/v2\/product_tag?post=34072"}],"curies":[{"name":"wp","href":"https:\/\/api.w.org\/{rel}","templated":true}]}}