
{"id":32985,"date":"2025-01-17T12:57:05","date_gmt":"2025-01-17T11:57:05","guid":{"rendered":"https:\/\/www.dfi-geisler.com\/?post_type=product&#038;p=32985"},"modified":"2026-02-02T09:27:39","modified_gmt":"2026-02-02T08:27:39","slug":"wood-oil-java-brown-250-ml","status":"publish","type":"product","link":"https:\/\/www.dfi-geisler.com\/NO\/produkt\/wood-oil-java-brown-250-ml\/","title":{"rendered":"Wood Oil Java Brown 250 ml"},"content":{"rendered":"DFI-GEISLER Wood Oil Dark Brown gir benkeplaten en vakker sjokladebrun farge og gj\u00f8r den sv\u00e6rt motstandsdyktig mot vann og smuss. Oljen kan brukes p\u00e5 ubehandlede benkeplater av tre eller p\u00e5 benkeplater som tidligere er behandlet med samme olje.\r\nKj\u00f8p 1 stk. (Prisene som vises er inkl. mva og toll)","protected":false},"excerpt":{"rendered":"<p>DFI-GEISLER Wood Oil Dark Brown gir benkeplaten en vakker sjokladebrun farge og gj\u00f8r den sv\u00e6rt motstandsdyktig mot vann og smuss. Oljen kan brukes p\u00e5 ubehandlede benkeplater<\/p>\n","protected":false},"featured_media":29165,"template":"","meta":{"_monsterinsights_skip_tracking":false,"_monsterinsights_sitenote_active":false,"_monsterinsights_sitenote_note":"","_monsterinsights_sitenote_category":0},"product_brand":[],"product_cat":[251,255],"product_tag":[],"class_list":{"0":"post-32985","1":"product","2":"type-product","3":"status-publish","4":"has-post-thumbnail","6":"product_cat-bordbehandling","7":"product_cat-massivtrae-bordbehandling","9":"first","10":"instock","11":"taxable","12":"shipping-taxable","13":"purchasable","14":"product-type-simple"},"aioseo_notices":[],"_links":{"self":[{"href":"https:\/\/www.dfi-geisler.com\/NO\/wp-json\/wp\/v2\/product\/32985","targetHints":{"allow":["GET"]}}],"collection":[{"href":"https:\/\/www.dfi-geisler.com\/NO\/wp-json\/wp\/v2\/product"}],"about":[{"href":"https:\/\/www.dfi-geisler.com\/NO\/wp-json\/wp\/v2\/types\/product"}],"version-history":[{"count":1,"href":"https:\/\/www.dfi-geisler.com\/NO\/wp-json\/wp\/v2\/product\/32985\/revisions"}],"predecessor-version":[{"id":38409,"href":"https:\/\/www.dfi-geisler.com\/NO\/wp-json\/wp\/v2\/product\/32985\/revisions\/38409"}],"wp:featuredmedia":[{"embeddable":true,"href":"https:\/\/www.dfi-geisler.com\/NO\/wp-json\/wp\/v2\/media\/29165"}],"wp:attachment":[{"href":"https:\/\/www.dfi-geisler.com\/NO\/wp-json\/wp\/v2\/media?parent=32985"}],"wp:term":[{"taxonomy":"product_brand","embeddable":true,"href":"https:\/\/www.dfi-geisler.com\/NO\/wp-json\/wp\/v2\/product_brand?post=32985"},{"taxonomy":"product_cat","embeddable":true,"href":"https:\/\/www.dfi-geisler.com\/NO\/wp-json\/wp\/v2\/product_cat?post=32985"},{"taxonomy":"product_tag","embeddable":true,"href":"https:\/\/www.dfi-geisler.com\/NO\/wp-json\/wp\/v2\/product_tag?post=32985"}],"curies":[{"name":"wp","href":"https:\/\/api.w.org\/{rel}","templated":true}]}}