
{"id":29136,"date":"2024-01-16T10:35:33","date_gmt":"2024-01-16T09:35:33","guid":{"rendered":"https:\/\/www.dfi-geisler.com\/?post_type=product&#038;p=29136"},"modified":"2026-02-02T09:29:03","modified_gmt":"2026-02-02T08:29:03","slug":"wood-oil-light-brown-250ml-x-6","status":"publish","type":"product","link":"https:\/\/www.dfi-geisler.com\/NO\/produkt\/wood-oil-light-brown-250ml-x-6\/","title":{"rendered":"Wood Oil Light Brown 250 ml x 6"},"content":{"rendered":"DFI-GEISLER Wood Oil Light Brown gir benkeplaten en vakker lysebrun farge og gj\u00f8r den sv\u00e6rt motstandsdyktig mot vann og smuss. Oljen brukes p\u00e5 ubehandlede benkeplater av tre eller p\u00e5 benkeplater som tidligere er behandlet med lysebrun olje.\r\nKj\u00f8p 6 stk. (Prisene som vises er inkl. mva og toll)","protected":false},"excerpt":{"rendered":"<p>DFI-GEISLER Wood Oil Light Brown gir benkeplaten en vakker lysebrun farge og gj\u00f8r den sv\u00e6rt motstandsdyktig mot vann og smuss. Oljen brukes p\u00e5 ubehandlede benkeplater av<\/p>\n","protected":false},"featured_media":24429,"template":"","meta":{"_monsterinsights_skip_tracking":false,"_monsterinsights_sitenote_active":false,"_monsterinsights_sitenote_note":"","_monsterinsights_sitenote_category":0},"product_brand":[],"product_cat":[251,255],"product_tag":[],"class_list":{"0":"post-29136","1":"product","2":"type-product","3":"status-publish","4":"has-post-thumbnail","6":"product_cat-bordbehandling","7":"product_cat-massivtrae-bordbehandling","9":"first","10":"instock","11":"taxable","12":"shipping-taxable","13":"purchasable","14":"product-type-simple"},"aioseo_notices":[],"_links":{"self":[{"href":"https:\/\/www.dfi-geisler.com\/NO\/wp-json\/wp\/v2\/product\/29136","targetHints":{"allow":["GET"]}}],"collection":[{"href":"https:\/\/www.dfi-geisler.com\/NO\/wp-json\/wp\/v2\/product"}],"about":[{"href":"https:\/\/www.dfi-geisler.com\/NO\/wp-json\/wp\/v2\/types\/product"}],"version-history":[{"count":1,"href":"https:\/\/www.dfi-geisler.com\/NO\/wp-json\/wp\/v2\/product\/29136\/revisions"}],"predecessor-version":[{"id":38413,"href":"https:\/\/www.dfi-geisler.com\/NO\/wp-json\/wp\/v2\/product\/29136\/revisions\/38413"}],"wp:featuredmedia":[{"embeddable":true,"href":"https:\/\/www.dfi-geisler.com\/NO\/wp-json\/wp\/v2\/media\/24429"}],"wp:attachment":[{"href":"https:\/\/www.dfi-geisler.com\/NO\/wp-json\/wp\/v2\/media?parent=29136"}],"wp:term":[{"taxonomy":"product_brand","embeddable":true,"href":"https:\/\/www.dfi-geisler.com\/NO\/wp-json\/wp\/v2\/product_brand?post=29136"},{"taxonomy":"product_cat","embeddable":true,"href":"https:\/\/www.dfi-geisler.com\/NO\/wp-json\/wp\/v2\/product_cat?post=29136"},{"taxonomy":"product_tag","embeddable":true,"href":"https:\/\/www.dfi-geisler.com\/NO\/wp-json\/wp\/v2\/product_tag?post=29136"}],"curies":[{"name":"wp","href":"https:\/\/api.w.org\/{rel}","templated":true}]}}