
{"id":28904,"date":"2024-01-08T09:42:45","date_gmt":"2024-01-08T08:42:45","guid":{"rendered":"https:\/\/www.dfi-geisler.com\/?post_type=product&#038;p=28904"},"modified":"2026-02-02T09:29:14","modified_gmt":"2026-02-02T08:29:14","slug":"fila-mp90-xtreme","status":"publish","type":"product","link":"https:\/\/www.dfi-geisler.com\/NO\/produkt\/fila-mp90-xtreme\/","title":{"rendered":"FILA MP90 ECO XTREME"},"content":{"rendered":"<strong>FILA MP90 ECO XTREME impregneringsinstruksjoner for MAT-overflate:<\/strong>\r\n<ul>\r\n \t<li>S\u00f8rg for at overflaten er ren og t\u00f8rr &#8211; bruk Surface Cleaner til rengj\u00f8ring om n\u00f8dvendig. Kj\u00f8p det hos forhandleren din eller her p\u00e5 shoppen.<\/li>\r\n \t<li>Rist flasken.<\/li>\r\n \t<li>P\u00e5f\u00f8r MP90 ECO XTREME jevnt og kontinuerlig med pensel eller poleringsull. Fjern overfl\u00f8dig impregneringsv\u00e6ske med en ren, t\u00f8rr og lofri klut f\u00f8r produktet t\u00f8rker.<\/li>\r\n \t<li>Ved h\u00f8y absorpsjon kan behandlingen gjentas etter 20 minutter.<\/li>\r\n \t<li>Benkeplaten kan brukes etter 2 timer. Den vann- og oljeavvisende beskyttelsen er aktiv etter 24 timer.<\/li>\r\n<\/ul>\r\n<strong>FILA MP90 ECO XTREME impregneringsinstruksjoner for polerte overflater:<\/strong>\r\n<ul>\r\n \t<li>S\u00f8rg for at overflaten er ren og t\u00f8rr &#8211; bruk Surface Cleaner til rengj\u00f8ring om n\u00f8dvendig. Kj\u00f8p det hos forhandleren din eller her p\u00e5 shoppen.<\/li>\r\n \t<li>Rist flasken.<\/li>\r\n \t<li>P\u00e5f\u00f8r MP90 ECO XTREME jevnt og kontinuerlig med pensel eller rulle.<\/li>\r\n \t<li>Masser impregneringsv\u00e6sken inn i overflaten med en mikrofiberklut fuktet med MP90.<\/li>\r\n \t<li>T\u00f8rk av benkeplaten med en ren og t\u00f8rr mikrofiberklut.<\/li>\r\n \t<li>Ved h\u00f8y absorpsjon kan behandlingen gjentas etter 20 minutter.<\/li>\r\n \t<li>Benkeplaten kan brukes etter 2 timer. Den vann- og oljeavvisende beskyttelsen er aktiv etter 24 timer.<\/li>\r\n<\/ul>\r\n(Prisene som vises er inkl. mva og toll)","protected":false},"excerpt":{"rendered":"<p>FILA MP90 ECO XTREME impregneringsinstruksjoner for MAT-overflate: S\u00f8rg for at overflaten er ren og t\u00f8rr &#8211; bruk Surface Cleaner til rengj\u00f8ring om n\u00f8dvendig. Kj\u00f8p det hos<\/p>\n","protected":false},"featured_media":28905,"template":"","meta":{"_monsterinsights_skip_tracking":false,"_monsterinsights_sitenote_active":false,"_monsterinsights_sitenote_note":"","_monsterinsights_sitenote_category":0},"product_brand":[],"product_cat":[251,270],"product_tag":[],"class_list":{"0":"post-28904","1":"product","2":"type-product","3":"status-publish","4":"has-post-thumbnail","6":"product_cat-bordbehandling","7":"product_cat-natursten-2","9":"first","10":"instock","11":"taxable","12":"shipping-taxable","13":"purchasable","14":"product-type-simple"},"aioseo_notices":[],"_links":{"self":[{"href":"https:\/\/www.dfi-geisler.com\/NO\/wp-json\/wp\/v2\/product\/28904","targetHints":{"allow":["GET"]}}],"collection":[{"href":"https:\/\/www.dfi-geisler.com\/NO\/wp-json\/wp\/v2\/product"}],"about":[{"href":"https:\/\/www.dfi-geisler.com\/NO\/wp-json\/wp\/v2\/types\/product"}],"version-history":[{"count":2,"href":"https:\/\/www.dfi-geisler.com\/NO\/wp-json\/wp\/v2\/product\/28904\/revisions"}],"predecessor-version":[{"id":38414,"href":"https:\/\/www.dfi-geisler.com\/NO\/wp-json\/wp\/v2\/product\/28904\/revisions\/38414"}],"wp:featuredmedia":[{"embeddable":true,"href":"https:\/\/www.dfi-geisler.com\/NO\/wp-json\/wp\/v2\/media\/28905"}],"wp:attachment":[{"href":"https:\/\/www.dfi-geisler.com\/NO\/wp-json\/wp\/v2\/media?parent=28904"}],"wp:term":[{"taxonomy":"product_brand","embeddable":true,"href":"https:\/\/www.dfi-geisler.com\/NO\/wp-json\/wp\/v2\/product_brand?post=28904"},{"taxonomy":"product_cat","embeddable":true,"href":"https:\/\/www.dfi-geisler.com\/NO\/wp-json\/wp\/v2\/product_cat?post=28904"},{"taxonomy":"product_tag","embeddable":true,"href":"https:\/\/www.dfi-geisler.com\/NO\/wp-json\/wp\/v2\/product_tag?post=28904"}],"curies":[{"name":"wp","href":"https:\/\/api.w.org\/{rel}","templated":true}]}}