
{"id":15635,"date":"2019-02-18T09:43:47","date_gmt":"2019-02-18T09:43:47","guid":{"rendered":"https:\/\/www.dfi-geisler.com\/?post_type=product&#038;p=15635"},"modified":"2025-01-31T14:11:10","modified_gmt":"2025-01-31T13:11:10","slug":"plejemiddel-terrazzo-og-beton","status":"publish","type":"product","link":"https:\/\/www.dfi-geisler.com\/NO\/produkt\/plejemiddel-terrazzo-og-beton\/","title":{"rendered":"Pleiemiddel terrazzo og betong 1000 ml"},"content":{"rendered":"1000 ml spesial olje- og s\u00e5peblanding for pleie og vedlikehold av st\u00f8pte terrazzo- og betongbenkeplater.\r\n\r\nEn st\u00f8pt benkeplate krever regelmessig vedlikehold med pleieprodukter eller bivoks. Eventuelle kalkavleiringer fjernes enkelt med vannslipepapir (korn 1000) Husk: Benkeplaten m\u00e5 v\u00e6re v\u00e5t n\u00e5r du sliper. Etter sliping behandles benkeplaten med pleiemiddel, og deretter poleres bivoksen inn i benkeplaten.\r\nHvis overflaten p\u00e5 den st\u00f8pte benkeplaten blir litt &laquo;sliten&raquo; med tiden, kan den friskes opp ved \u00e5 fukte benkeplaten med varmt vann og vannslipe (korn 1000). Etter vask og t\u00f8rking, p\u00e5f\u00f8rer du pleieproduktet og bivoks, som beskrevet ovenfor.\r\n\r\n(Prisene som vises er inkl. mva og toll)","protected":false},"excerpt":{"rendered":"<p>1000 ml spesial olje- og s\u00e5peblanding for pleie og vedlikehold av st\u00f8pte terrazzo- og betongbenkeplater. En st\u00f8pt benkeplate krever regelmessig vedlikehold med pleieprodukter eller bivoks. Eventuelle<\/p>\n","protected":false},"featured_media":24387,"template":"","meta":{"_monsterinsights_skip_tracking":false,"_monsterinsights_sitenote_active":false,"_monsterinsights_sitenote_note":"","_monsterinsights_sitenote_category":0},"product_brand":[],"product_cat":[251,261],"product_tag":[],"class_list":{"0":"post-15635","1":"product","2":"type-product","3":"status-publish","4":"has-post-thumbnail","6":"product_cat-bordbehandling","7":"product_cat-terrazzo-beton","9":"first","10":"instock","11":"taxable","12":"shipping-taxable","13":"purchasable","14":"product-type-simple"},"aioseo_notices":[],"_links":{"self":[{"href":"https:\/\/www.dfi-geisler.com\/NO\/wp-json\/wp\/v2\/product\/15635","targetHints":{"allow":["GET"]}}],"collection":[{"href":"https:\/\/www.dfi-geisler.com\/NO\/wp-json\/wp\/v2\/product"}],"about":[{"href":"https:\/\/www.dfi-geisler.com\/NO\/wp-json\/wp\/v2\/types\/product"}],"version-history":[{"count":2,"href":"https:\/\/www.dfi-geisler.com\/NO\/wp-json\/wp\/v2\/product\/15635\/revisions"}],"predecessor-version":[{"id":26965,"href":"https:\/\/www.dfi-geisler.com\/NO\/wp-json\/wp\/v2\/product\/15635\/revisions\/26965"}],"wp:featuredmedia":[{"embeddable":true,"href":"https:\/\/www.dfi-geisler.com\/NO\/wp-json\/wp\/v2\/media\/24387"}],"wp:attachment":[{"href":"https:\/\/www.dfi-geisler.com\/NO\/wp-json\/wp\/v2\/media?parent=15635"}],"wp:term":[{"taxonomy":"product_brand","embeddable":true,"href":"https:\/\/www.dfi-geisler.com\/NO\/wp-json\/wp\/v2\/product_brand?post=15635"},{"taxonomy":"product_cat","embeddable":true,"href":"https:\/\/www.dfi-geisler.com\/NO\/wp-json\/wp\/v2\/product_cat?post=15635"},{"taxonomy":"product_tag","embeddable":true,"href":"https:\/\/www.dfi-geisler.com\/NO\/wp-json\/wp\/v2\/product_tag?post=15635"}],"curies":[{"name":"wp","href":"https:\/\/api.w.org\/{rel}","templated":true}]}}