
{"id":15617,"date":"2019-02-18T08:44:48","date_gmt":"2019-02-18T08:44:48","guid":{"rendered":"https:\/\/www.dfi-geisler.com\/?post_type=product&#038;p=15617"},"modified":"2025-01-31T13:03:15","modified_gmt":"2025-01-31T12:03:15","slug":"high-gloss-polish-250ml","status":"publish","type":"product","link":"https:\/\/www.dfi-geisler.com\/NO\/produkt\/high-gloss-polish-250ml\/","title":{"rendered":"High Gloss Polish 250 ml"},"content":{"rendered":"Quartz Polish fornyer glansen p\u00e5 polerte komposittoverflater. Produktet gulner ikke og t\u00f8rker opp uten \u00e5 klebe.\r\nEtter herding er benkeplaten godkjent for bruk sammen med n\u00e6ringsmidler &#8211; bekreftet av et uavhengig tysk institutt.\r\n\r\n(Prisene som vises er inkl. mva og toll)","protected":false},"excerpt":{"rendered":"<p>Quartz Polish fornyer glansen p\u00e5 polerte komposittoverflater. Produktet gulner ikke og t\u00f8rker opp uten \u00e5 klebe. Etter herding er benkeplaten godkjent for bruk sammen med n\u00e6ringsmidler<\/p>\n","protected":false},"featured_media":24381,"template":"","meta":{"_monsterinsights_skip_tracking":false,"_monsterinsights_sitenote_active":false,"_monsterinsights_sitenote_note":"","_monsterinsights_sitenote_category":0},"product_brand":[],"product_cat":[251,272],"product_tag":[],"class_list":{"0":"post-15617","1":"product","2":"type-product","3":"status-publish","4":"has-post-thumbnail","6":"product_cat-bordbehandling","7":"product_cat-kompositsten-bordbehandling","9":"first","10":"instock","11":"taxable","12":"shipping-taxable","13":"purchasable","14":"product-type-simple"},"aioseo_notices":[],"_links":{"self":[{"href":"https:\/\/www.dfi-geisler.com\/NO\/wp-json\/wp\/v2\/product\/15617","targetHints":{"allow":["GET"]}}],"collection":[{"href":"https:\/\/www.dfi-geisler.com\/NO\/wp-json\/wp\/v2\/product"}],"about":[{"href":"https:\/\/www.dfi-geisler.com\/NO\/wp-json\/wp\/v2\/types\/product"}],"version-history":[{"count":1,"href":"https:\/\/www.dfi-geisler.com\/NO\/wp-json\/wp\/v2\/product\/15617\/revisions"}],"predecessor-version":[{"id":26377,"href":"https:\/\/www.dfi-geisler.com\/NO\/wp-json\/wp\/v2\/product\/15617\/revisions\/26377"}],"wp:featuredmedia":[{"embeddable":true,"href":"https:\/\/www.dfi-geisler.com\/NO\/wp-json\/wp\/v2\/media\/24381"}],"wp:attachment":[{"href":"https:\/\/www.dfi-geisler.com\/NO\/wp-json\/wp\/v2\/media?parent=15617"}],"wp:term":[{"taxonomy":"product_brand","embeddable":true,"href":"https:\/\/www.dfi-geisler.com\/NO\/wp-json\/wp\/v2\/product_brand?post=15617"},{"taxonomy":"product_cat","embeddable":true,"href":"https:\/\/www.dfi-geisler.com\/NO\/wp-json\/wp\/v2\/product_cat?post=15617"},{"taxonomy":"product_tag","embeddable":true,"href":"https:\/\/www.dfi-geisler.com\/NO\/wp-json\/wp\/v2\/product_tag?post=15617"}],"curies":[{"name":"wp","href":"https:\/\/api.w.org\/{rel}","templated":true}]}}