
{"id":12067,"date":"2019-02-14T11:40:39","date_gmt":"2019-02-14T11:40:39","guid":{"rendered":"https:\/\/www.dfi-geisler.com\/?post_type=product&#038;p=12067"},"modified":"2026-02-02T09:46:26","modified_gmt":"2026-02-02T08:46:26","slug":"hvidolie-250ml","status":"publish","type":"product","link":"https:\/\/www.dfi-geisler.com\/NO\/produkt\/hvidolie-250ml\/","title":{"rendered":"Wood Oil White 250 ml"},"content":{"rendered":"DFI-GEISLER Wood Oil White gir benkeplaten en vakker hvit farge og gj\u00f8r den sv\u00e6rt motstandsdyktig mot vann og smuss. Oljen kan brukes p\u00e5 ubehandlede benkeplater av tre eller p\u00e5 benkeplater som tidligere er behandlet med hvitolje.\r\nKj\u00f8p 1 stk.\r\n\r\n(Prisene som vises er inkl. mva og toll)","protected":false},"excerpt":{"rendered":"<p>DFI-GEISLER Wood Oil White gir benkeplaten en vakker hvit farge og gj\u00f8r den sv\u00e6rt motstandsdyktig mot vann og smuss. Oljen kan brukes p\u00e5 ubehandlede benkeplater av<\/p>\n","protected":false},"featured_media":24389,"template":"","meta":{"_monsterinsights_skip_tracking":false,"_monsterinsights_sitenote_active":false,"_monsterinsights_sitenote_note":"","_monsterinsights_sitenote_category":0},"product_brand":[],"product_cat":[251,255],"product_tag":[],"class_list":{"0":"post-12067","1":"product","2":"type-product","3":"status-publish","4":"has-post-thumbnail","6":"product_cat-bordbehandling","7":"product_cat-massivtrae-bordbehandling","9":"first","10":"instock","11":"taxable","12":"shipping-taxable","13":"purchasable","14":"product-type-simple"},"aioseo_notices":[],"_links":{"self":[{"href":"https:\/\/www.dfi-geisler.com\/NO\/wp-json\/wp\/v2\/product\/12067","targetHints":{"allow":["GET"]}}],"collection":[{"href":"https:\/\/www.dfi-geisler.com\/NO\/wp-json\/wp\/v2\/product"}],"about":[{"href":"https:\/\/www.dfi-geisler.com\/NO\/wp-json\/wp\/v2\/types\/product"}],"version-history":[{"count":4,"href":"https:\/\/www.dfi-geisler.com\/NO\/wp-json\/wp\/v2\/product\/12067\/revisions"}],"predecessor-version":[{"id":38427,"href":"https:\/\/www.dfi-geisler.com\/NO\/wp-json\/wp\/v2\/product\/12067\/revisions\/38427"}],"wp:featuredmedia":[{"embeddable":true,"href":"https:\/\/www.dfi-geisler.com\/NO\/wp-json\/wp\/v2\/media\/24389"}],"wp:attachment":[{"href":"https:\/\/www.dfi-geisler.com\/NO\/wp-json\/wp\/v2\/media?parent=12067"}],"wp:term":[{"taxonomy":"product_brand","embeddable":true,"href":"https:\/\/www.dfi-geisler.com\/NO\/wp-json\/wp\/v2\/product_brand?post=12067"},{"taxonomy":"product_cat","embeddable":true,"href":"https:\/\/www.dfi-geisler.com\/NO\/wp-json\/wp\/v2\/product_cat?post=12067"},{"taxonomy":"product_tag","embeddable":true,"href":"https:\/\/www.dfi-geisler.com\/NO\/wp-json\/wp\/v2\/product_tag?post=12067"}],"curies":[{"name":"wp","href":"https:\/\/api.w.org\/{rel}","templated":true}]}}