
{"id":12065,"date":"2019-02-14T11:39:39","date_gmt":"2019-02-14T11:39:39","guid":{"rendered":"https:\/\/www.dfi-geisler.com\/?post_type=product&#038;p=12065"},"modified":"2026-02-02T09:46:46","modified_gmt":"2026-02-02T08:46:46","slug":"plejeolie-250ml-x-6","status":"publish","type":"product","link":"https:\/\/www.dfi-geisler.com\/NO\/produkt\/plejeolie-250ml-x-6\/","title":{"rendered":"Wood Oil 250 ml x 6"},"content":{"rendered":"DFI-GEISLER Wood Oil gir benkeplaten en vakker gyllen farge og gj\u00f8r bordet sv\u00e6rt motstandsdyktig mot vann og smuss. Oljen brukes f\u00f8rst og fremst til m\u00f8rke tresorter eller p\u00e5 lyst treverk der man \u00f8nsker en gyllen tone.\r\nKj\u00f8p 6 stk.\r\n\r\n(Prisene som vises er inkl. mva og toll)","protected":false},"excerpt":{"rendered":"<p>DFI-GEISLER Wood Oil gir benkeplaten en vakker gyllen farge og gj\u00f8r bordet sv\u00e6rt motstandsdyktig mot vann og smuss. Oljen brukes f\u00f8rst og fremst til m\u00f8rke tresorter<\/p>\n","protected":false},"featured_media":24375,"template":"","meta":{"_monsterinsights_skip_tracking":false,"_monsterinsights_sitenote_active":false,"_monsterinsights_sitenote_note":"","_monsterinsights_sitenote_category":0},"product_brand":[],"product_cat":[251,255],"product_tag":[],"class_list":{"0":"post-12065","1":"product","2":"type-product","3":"status-publish","4":"has-post-thumbnail","6":"product_cat-bordbehandling","7":"product_cat-massivtrae-bordbehandling","9":"first","10":"instock","11":"taxable","12":"shipping-taxable","13":"purchasable","14":"product-type-simple"},"aioseo_notices":[],"_links":{"self":[{"href":"https:\/\/www.dfi-geisler.com\/NO\/wp-json\/wp\/v2\/product\/12065","targetHints":{"allow":["GET"]}}],"collection":[{"href":"https:\/\/www.dfi-geisler.com\/NO\/wp-json\/wp\/v2\/product"}],"about":[{"href":"https:\/\/www.dfi-geisler.com\/NO\/wp-json\/wp\/v2\/types\/product"}],"version-history":[{"count":2,"href":"https:\/\/www.dfi-geisler.com\/NO\/wp-json\/wp\/v2\/product\/12065\/revisions"}],"predecessor-version":[{"id":38428,"href":"https:\/\/www.dfi-geisler.com\/NO\/wp-json\/wp\/v2\/product\/12065\/revisions\/38428"}],"wp:featuredmedia":[{"embeddable":true,"href":"https:\/\/www.dfi-geisler.com\/NO\/wp-json\/wp\/v2\/media\/24375"}],"wp:attachment":[{"href":"https:\/\/www.dfi-geisler.com\/NO\/wp-json\/wp\/v2\/media?parent=12065"}],"wp:term":[{"taxonomy":"product_brand","embeddable":true,"href":"https:\/\/www.dfi-geisler.com\/NO\/wp-json\/wp\/v2\/product_brand?post=12065"},{"taxonomy":"product_cat","embeddable":true,"href":"https:\/\/www.dfi-geisler.com\/NO\/wp-json\/wp\/v2\/product_cat?post=12065"},{"taxonomy":"product_tag","embeddable":true,"href":"https:\/\/www.dfi-geisler.com\/NO\/wp-json\/wp\/v2\/product_tag?post=12065"}],"curies":[{"name":"wp","href":"https:\/\/api.w.org\/{rel}","templated":true}]}}