
{"id":9209,"date":"2018-09-26T10:42:02","date_gmt":"2018-09-26T10:42:02","guid":{"rendered":"http:\/\/www.dfi-geisler.com\/?page_id=9209"},"modified":"2026-01-20T10:22:15","modified_gmt":"2026-01-20T09:22:15","slug":"home-2-2-2","status":"publish","type":"page","link":"https:\/\/www.dfi-geisler.com\/NO\/","title":{"rendered":"Forside"},"content":{"rendered":"<div class=\"wpb-content-wrapper\"><p>[vc_row full_width=&raquo;stretch_row&raquo; content_placement=&raquo;top&raquo; first_background_color=&raquo;#515151&#8243; css=&raquo;.vc_custom_1738316856147{margin-top: 0px !important;margin-right: 90px !important;margin-bottom: 100px !important;margin-left: 90px !important;padding-top: 25px !important;padding-right: 25px !important;padding-left: 25px !important;background-image: url(http:\/\/www.dfi-geisler.com\/wp-content\/uploads\/2018\/10\/forside1.jpg?id=9618) !important;background-position: center !important;background-repeat: no-repeat !important;background-size: cover !important;}&raquo;][vc_column width=&raquo;1\/3&#8243; offset=&raquo;vc_hidden-sm vc_hidden-xs&raquo;][vc_single_image image=&raquo;38235&#8243; img_size=&raquo;medium&raquo; alignment=&raquo;center&raquo; onclick=&raquo;custom_link&raquo; css=&raquo;&raquo; link=&raquo;https:\/\/www.dfi-geisler.com\/news-2026\/&raquo;][\/vc_column][vc_column width=&raquo;1\/3&#8243;][vc_column_text css=&raquo;.vc_custom_1542355544747{margin-bottom: -50px !important;padding-top: 50px !important;}&raquo; el_class=&raquo;top-billede&raquo;]<\/p>\n<h1>Den riktige benkeplaten<br \/>\ner halve kj\u00f8kkenet.<br \/>\nMinst.<\/h1>\n<p>[\/vc_column_text][vc_empty_space height=&raquo;224px&raquo;][vc_column_text css=&raquo;&raquo;]<\/p>\n<div class=\"systemedz-outer-seperator-box\">\n<div class=\"systemedz-seperator-box\">\n<p><span style=\"font-size: 110%; font-weight: 600;\"><br \/>\nDitt valg av benkeplate kommer p\u00e5 mange m\u00e5ter til \u00e5 sette scenen for det livet<br \/>\ndu og familien din skal leve p\u00e5 kj\u00f8kkenet i \u00e5rene som kommer.<\/span><\/p>\n<p><span style=\"margin-top: 5px; font-size: 90%; font-weight: 300;\"><br \/>\nDerfor b\u00f8r du sp\u00f8rre deg selv hva du setter mest pris p\u00e5.<br \/>\nFunksjonalitet, kvalitet eller estetikk<br \/>\n<\/span><\/p>\n<\/div>\n<\/div>\n<p>[\/vc_column_text][\/vc_column][vc_column width=&raquo;1\/3&#8243;][\/vc_column][\/vc_row][vc_row full_width=&raquo;stretch_row&raquo; gap=&raquo;5&#8243;][vc_column width=&raquo;1\/4&#8243;][vc_column_text css=&raquo;.vc_custom_1542359488695{padding-top: 20px !important;}&raquo; el_class=&raquo;punktbox-header&raquo;]<\/p>\n<h1>Tre viktige<br \/>\noverveielser n\u00e5r du<br \/>\nskal v\u00e6lge benkeplate:<\/h1>\n<p>[\/vc_column_text][\/vc_column][vc_column width=&raquo;1\/4&#8243; el_class=&raquo;punktbox&raquo;][vc_wp_text]<\/p>\n<h1>1 Design<\/h1>\n<p><span class=\"s15\">Benkeplaten kan h<\/span><a name=\"_GoBack\"><\/a><span class=\"s15\">a avgj\u00f8rende innflytelse p\u00e5 det samlede uttrykket til kj\u00f8kkenet ditt, og du har flere muligheter til \u00e5 skape den stilen du \u00f8nsker. For eksempel kan materialet og overflatestrukturen spille en stor rolle, ettersom fargen helt naturlig er med p\u00e5 \u00e5 definere designet i samspillet med kj\u00f8kkenelementenes form og farge.<\/span><span class=\"s16\"><br \/>\n<\/span><span class=\"s15\">En annen viktig designfaktor er benkeplatens tykkelse og montering. Det har s\u00e5ledes stor betydning for det visuelle uttrykket om du velger en tykk og markant benkeplate eller en tynn plate, som kanskje til og med monteres slik at den optisk sett \u00absvever\u00bb over kj\u00f8kkenelementene.<\/span>[\/vc_wp_text][\/vc_column][vc_column width=&raquo;1\/4&#8243; el_class=&raquo;punktbox&raquo;][vc_wp_text]<\/p>\n<h1>2 Funksjon<\/h1>\n<p>Benkeplaten p\u00e5 kj\u00f8kkenet ditt kommer til \u00e5 v\u00e6re med p\u00e5 litt av hvert i \u00e5rene som kommer. Det vil derfor sjelden v\u00e6re en god ide \u00e5 velge utelukkende p\u00e5 grunnlag av designet. N\u00e5r det gjelder det daglige livet p\u00e5 kj\u00f8kkenet, er faktorer som holdbarhet, hygiene, renhold og vedlikehold vesentlige. Det samme gjelder benkeplatens evne til \u00e5 t\u00e5le varme og v\u00e6skes\u00f8l. I mange tilfeller kan det b\u00e5de designmessig og funksjonelt v\u00e6re en god l\u00f8sning \u00e5 kombinere to forskjellige benkeplater til forskjellige omr\u00e5der av kj\u00f8kkenet. Ogs\u00e5 her st\u00e5r kj\u00f8kkenforhandleren klar til \u00e5 gi r\u00e5d og veiledning.[\/vc_wp_text][\/vc_column][vc_column width=&raquo;1\/4&#8243; css=&raquo;.vc_custom_1541764099704{padding-right: 10px !important;}&raquo; el_class=&raquo;punktbox&raquo;][vc_wp_text]<\/p>\n<h1>3 Vask<\/h1>\n<p><span class=\"s15\">Den tredje viktige faktoren n\u00e5r du velger benkeplate, er kj\u00f8kkenvasken. Mulighetene er utallige, og n\u00e5r du lar DFI-Geisler montere vasken i kj\u00f8kkenbenkeplaten, er du sikker p\u00e5 \u00e5 f\u00e5 en l\u00f8sning som gj\u00f8r daglig bruk og rengj\u00f8ring behagelig enkel.<\/span><span class=\"s15\">\u00a0Det er valget av materialet som avgj\u00f8r hvordan kj\u00f8kkenvasken monteres. I laminat monteres den f.eks. alltid underlimt, slik at laminaten dekker kanten p\u00e5 vasken. Velger du et steinprodukt i stedet, har du flere forskjellige muligheter for montering av vasken. Du f\u00e5r mer informasjon under de enkelte materialene senere i veiledningen.<\/span>[\/vc_wp_text][\/vc_column][\/vc_row][vc_row css=&raquo;.vc_custom_1624888185609{margin-top: 15px !important;}&raquo;][vc_column][vc_column_text el_class=&raquo;materialetyper-header&raquo;]<\/p>\n<h1>Materialtyper:<\/h1>\n<p>[\/vc_column_text][\/vc_column][\/vc_row][vc_row full_width=&raquo;stretch_row&raquo; el_class=&raquo;accordian-header&raquo;][vc_column width=&raquo;3\/4&#8243;][vc_column_text el_class=&raquo;headertext&raquo;]<\/p>\n<h2>\u00d8nsker og behov er forskjellige.<\/h2>\n<h2><strong>S\u00e5 det er benkeplatene v\u00e5re ogs\u00e5.<\/strong><\/h2>\n<p>[\/vc_column_text][\/vc_column][vc_column width=&raquo;1\/4&#8243;][vc_column_text css=&raquo;.vc_custom_1542870742626{padding-top: 10px !important;}&raquo;]<\/p>\n<div class=\"tip\">Tips:<\/div>\n<div class=\"tip-text\">Skjemaet gir deg den store<br \/>\noversikten over prisniv\u00e5 og<br \/>\nde viktigste egenskapene for<br \/>\nde 10 materialtypene du kan<br \/>\nvelge\u00a0hos DFI-Geisler<\/div>\n<p>[\/vc_column_text][\/vc_column][\/vc_row][vc_row css=&raquo;.vc_custom_1540271110732{margin-top: 15px !important;padding-right: 0px !important;padding-left: 0px !important;}&raquo; el_class=&raquo;materiale-accordian-desktop&raquo;][vc_column el_class=&raquo;materiale-accord&raquo;][vc_tta_accordion style=&raquo;outline&raquo; shape=&raquo;square&raquo; c_icon=&raquo;&raquo; active_section=&raquo;123&#8243; no_fill=&raquo;true&raquo; collapsible_all=&raquo;true&raquo;][vc_tta_section i_position=&raquo;right&raquo; i_icon_fontawesome=&raquo;fa fa-chevron-down&raquo; add_icon=&raquo;true&raquo; title=&raquo;F\u00e5 det store<br \/>\noverblik her&raquo; tab_id=&raquo;materiale-typer-toggle&raquo;][vc_column_text]\n<table id=\"tablepress-4\" class=\"tablepress tablepress-id-4 materiale-table tbody-has-connected-cells\">\n<thead>\n<tr class=\"row-1\">\n\t<th class=\"column-1\">Materiale<\/th><th class=\"column-2\">Pris<\/th><th class=\"column-3\">Pleie<\/th><th class=\"column-4\">Slitestyrke<\/th><th class=\"column-5\">Varme<\/th><th class=\"column-6\">Kan repareres<\/th>\n<\/tr>\n<\/thead>\n<tbody>\n<tr class=\"row-2\">\n\t<td class=\"column-1\"><a href=\"\/Laminat\" target=\"_self\" rel=\"noopener\">Laminat<\/a><\/td><td class=\"column-2\">Lav<\/td><td class=\"column-3\">Enkel<\/td><td class=\"column-4\">H\u00f8y<\/td><td class=\"column-5\">Kortvarig<\/td><td class=\"column-6\">Nei<\/td>\n<\/tr>\n<tr class=\"row-3\">\n\t<td class=\"column-1\"><a href=\"\/Fibertops\" target=\"_self\" rel=\"noopener\">Fibertops<\/a><\/td><td class=\"column-2\">Lav<\/td><td class=\"column-3\">Enkel<\/td><td class=\"column-4\">H\u00f8y<\/td><td class=\"column-5\">Kortvarig<\/td><td class=\"column-6\">Nei<\/td>\n<\/tr>\n<tr class=\"row-4\">\n\t<td class=\"column-1\"><a href=\"\/kompaktlaminat\" target=\"_self\" rel=\"noopener\">Kompaktlaminat<\/a><\/td><td class=\"column-2\">Middels<\/td><td class=\"column-3\">Enkel<\/td><td class=\"column-4\">H\u00f8y<\/td><td class=\"column-5\">Kortvarig<\/td><td class=\"column-6\">Nei<\/td>\n<\/tr>\n<tr class=\"row-5\">\n\t<td class=\"column-1\"><a href=\"\/massivtrae\" target=\"_self\" rel=\"noopener\">Massivtr\u00e6<\/a><\/td><td class=\"column-2\">Middels<\/td><td class=\"column-3\">Middels<\/td><td class=\"column-4\">Middels<\/td><td class=\"column-5\">T\u00e5ler ikke<\/td><td class=\"column-6\">Ja<\/td>\n<\/tr>\n<tr class=\"row-6\">\n\t<td class=\"column-1\"><a href=\"\/linoleum\" target=\"_self\" rel=\"noopener\">Linoleum<\/a><\/td><td class=\"column-2\">Middels<\/td><td class=\"column-3\">Middels<\/td><td class=\"column-4\">Lav<\/td><td class=\"column-5\">T\u00e5ler ikke<\/td><td class=\"column-6\">Nei<\/td>\n<\/tr>\n<tr class=\"row-7\">\n\t<td class=\"column-1\"><a href=\"\/natursten-og-marmor-2\" target=\"_self\" rel=\"noopener\">Natursten<\/a><\/td><td class=\"column-2\">H\u00f8y<\/td><td class=\"column-3\">Middels<\/td><td class=\"column-4\">H\u00f8y<\/td><td class=\"column-5\">Kortvarig**<\/td><td class=\"column-6\">Ja*<\/td>\n<\/tr>\n<tr class=\"row-8\">\n\t<td class=\"column-1\"><a href=\"\/keramik-og-dekton\" target=\"_self\" rel=\"noopener\">Dekton\u00ae<\/a><\/td><td class=\"column-2\">H\u00f8y<\/td><td class=\"column-3\">Enkel<\/td><td class=\"column-4\">H\u00f8y<\/td><td class=\"column-5\">T\u00e5ler<\/td><td class=\"column-6\">Nei<\/td>\n<\/tr>\n<tr class=\"row-9\">\n\t<td class=\"column-1\"><a href=\"\/keramik-og-dekton\" target=\"_self\" rel=\"noopener\">Keramik<\/a><\/td><td class=\"column-2\">H\u00f8y<\/td><td class=\"column-3\">Enkel<\/td><td class=\"column-4\">H\u00f8y<\/td><td class=\"column-5\">Max 250\u00b0<\/td><td class=\"column-6\">Ja*<\/td>\n<\/tr>\n<tr class=\"row-10\">\n\t<td class=\"column-1\"><a href=\"\/kompositsten\" target=\"_self\" rel=\"noopener\">Kompositstein<\/a><\/td><td class=\"column-2\">H\u00f8y<\/td><td class=\"column-3\">Enkel<\/td><td class=\"column-4\">H\u00f8y<\/td><td class=\"column-5\">Kortvarig<\/td><td class=\"column-6\">Ja*<\/td>\n<\/tr>\n<tr class=\"row-11\">\n\t<td class=\"column-1\"><a href=\"\/staal\" target=\"_self\" rel=\"noopener\">St\u00e5l<\/a><\/td><td class=\"column-2\">H\u00f8y<\/td><td class=\"column-3\">Enkel<\/td><td class=\"column-4\">H\u00f8y<\/td><td class=\"column-5\">T\u00e5ler ikke<\/td><td class=\"column-6\">Nei<\/td>\n<\/tr>\n<tr class=\"row-12\">\n\t<td colspan=\"6\" class=\"column-1\">* Mindre reparasjoner som f.eks. kantskader kan utf\u00f8res av en kvalifisert fagmann.<br \/>\n**Marmor t\u00e5ler ikke varme.<\/td>\n<\/tr>\n<\/tbody>\n<\/table>\n<!-- #tablepress-4 from cache -->[\/vc_column_text][\/vc_tta_section][\/vc_tta_accordion][\/vc_column][\/vc_row][vc_row full_width=&raquo;stretch_row&raquo; el_class=&raquo;materiale-accordian-mobile&raquo;][vc_column][vc_empty_space height=&raquo;420px&raquo;][\/vc_column][\/vc_row][vc_row full_width=&raquo;stretch_row&raquo; disable_element=&raquo;yes&raquo;][vc_column width=&raquo;1\/2&#8243;][vc_column_text]<\/p>\n<h1>Sustainability report 2023<\/h1>\n<p>At DFI-Geisler we work with sustainability on a day to day basis. It is a naturel part of our DNA \u2013 both in the production and product development. As a part of the Ballingsl\u00f6v International AB Group we have described our work here:\u00a0<a href=\"https:\/\/www.flipsnack.com\/dfigeisler\/sustainability-report-2023\/full-view.html\" target=\"_blank\" rel=\"noopener noreferrer\">Sustainability report<\/a>[\/vc_column_text][mvc_advanced_button align=&raquo;center&raquo; btn_animation=&raquo;button&#8211;rayen&raquo; btn_text=&raquo;Sustainability report&raquo; btn_text2=&raquo;Sustainability report&raquo; btn_block=&raquo;btn_block&raquo; border_width=&raquo;2&#8243; btn_size=&raquo;22&#8243; transform=&raquo;normal&raquo; text_style=&raquo;normal&raquo; text_decoration=&raquo;none&raquo; use_theme_fonts=&raquo;yes&raquo; btn_url=&raquo;url:https%3A%2F%2Fwww.flipsnack.com%2Fdfigeisler%2Fsustainability-report-2023%2Ffull-view.html|target:_blank&raquo; btn_clr=&raquo;#0a0a0a&raquo; btn_hvrbg=&raquo;#444444&#8243; btn_border=&raquo;#0a0a0a&raquo;][\/vc_column][vc_column width=&raquo;1\/2&#8243;][vc_single_image image=&raquo;30397&#8243; img_size=&raquo;335&#215;450&#8243; alignment=&raquo;center&raquo; onclick=&raquo;custom_link&raquo; link=&raquo;https:\/\/www.flipsnack.com\/dfigeisler\/sustainability-report-2023\/full-view.html&raquo;][\/vc_column][\/vc_row][vc_row full_width=&raquo;stretch_row&raquo; el_class=&raquo;materiale-accordian-mobile&raquo;][vc_column][vc_single_image image=&raquo;9857&#8243; img_size=&raquo;large&raquo; alignment=&raquo;center&raquo; onclick=&raquo;link_image&raquo;][\/vc_column][\/vc_row][vc_row css=&raquo;.vc_custom_1624888191691{margin-top: 15px !important;margin-bottom: 50px !important;}&raquo;][vc_column][\/vc_column][\/vc_row]<\/p>\n<\/div>","protected":false},"excerpt":{"rendered":"<p>[vc_row full_width=&raquo;stretch_row&raquo; content_placement=&raquo;top&raquo; first_background_color=&raquo;#515151&#8243; css=&raquo;.vc_custom_1738316856147{margin-top: 0px !important;margin-right: 90px !important;margin-bottom: 100px !important;margin-left: 90px !important;padding-top: 25px !important;padding-right: 25px !important;padding-left: 25px !important;background-image: url(http:\/\/www.dfi-geisler.com\/wp-content\/uploads\/2018\/10\/forside1.jpg?id=9618) !important;background-position: center !important;background-repeat: no-repeat !important;background-size: cover<\/p>\n","protected":false},"author":717,"featured_media":0,"parent":0,"menu_order":0,"comment_status":"closed","ping_status":"open","template":"","meta":{"_monsterinsights_skip_tracking":false,"_monsterinsights_sitenote_active":false,"_monsterinsights_sitenote_note":"","_monsterinsights_sitenote_category":0,"footnotes":""},"class_list":["post-9209","page","type-page","status-publish","hentry"],"aioseo_notices":[],"_links":{"self":[{"href":"https:\/\/www.dfi-geisler.com\/NO\/wp-json\/wp\/v2\/pages\/9209","targetHints":{"allow":["GET"]}}],"collection":[{"href":"https:\/\/www.dfi-geisler.com\/NO\/wp-json\/wp\/v2\/pages"}],"about":[{"href":"https:\/\/www.dfi-geisler.com\/NO\/wp-json\/wp\/v2\/types\/page"}],"author":[{"embeddable":true,"href":"https:\/\/www.dfi-geisler.com\/NO\/wp-json\/wp\/v2\/users\/717"}],"replies":[{"embeddable":true,"href":"https:\/\/www.dfi-geisler.com\/NO\/wp-json\/wp\/v2\/comments?post=9209"}],"version-history":[{"count":256,"href":"https:\/\/www.dfi-geisler.com\/NO\/wp-json\/wp\/v2\/pages\/9209\/revisions"}],"predecessor-version":[{"id":38325,"href":"https:\/\/www.dfi-geisler.com\/NO\/wp-json\/wp\/v2\/pages\/9209\/revisions\/38325"}],"wp:attachment":[{"href":"https:\/\/www.dfi-geisler.com\/NO\/wp-json\/wp\/v2\/media?parent=9209"}],"curies":[{"name":"wp","href":"https:\/\/api.w.org\/{rel}","templated":true}]}}