
{"id":9121,"date":"2018-10-18T10:01:17","date_gmt":"2018-10-18T10:01:17","guid":{"rendered":"http:\/\/www.dfi-geisler.com\/?page_id=9121"},"modified":"2026-04-13T10:47:27","modified_gmt":"2026-04-13T09:47:27","slug":"jobs-4","status":"publish","type":"page","link":"https:\/\/www.dfi-geisler.com\/NO\/jobs-4\/","title":{"rendered":"Jobs"},"content":{"rendered":"<div class=\"wpb-content-wrapper\"><p>[vc_row full_width=&raquo;stretch_row&raquo; css=&raquo;.vc_custom_1613137871560{background-image: url(https:\/\/www.dfi-geisler.com\/wp-content\/uploads\/2020\/05\/Boremaskine-wide-m\u00f8rk-scaled.jpg?id=19683) !important;background-position: center !important;background-repeat: no-repeat !important;background-size: cover !important;}&raquo;][vc_column][vc_empty_space height=&raquo;100px&raquo;][vc_custom_heading text=&raquo;LEDIGE STILLINGER&raquo; font_container=&raquo;tag:h2|text_align:center|color:%23ffffff&raquo; google_fonts=&raquo;font_family:Lato%3A100%2C100italic%2C300%2C300italic%2Cregular%2Citalic%2C700%2C700italic%2C900%2C900italic|font_style:400%20regular%3A400%3Anormal&raquo; css_animation=&raquo;fadeInDown&raquo;][vc_empty_space height=&raquo;100px&raquo;][\/vc_column][\/vc_row][vc_row][vc_column][vc_empty_space height=&raquo;50px&raquo;][\/vc_column][\/vc_row][vc_row el_class=&raquo;baeredygtighed-images&raquo;][vc_column][vc_video link=&raquo;https:\/\/vimeo.com\/1154244605&#8243; css=&raquo;&raquo;][vc_empty_space][vc_column_text css_animation=&raquo;none&raquo; css=&raquo;&raquo;]<\/p>\n<h4 style=\"text-align: left;\">Uoppfordret s\u00f8knad:<\/h4>\n<h5 style=\"text-align: left;\"><span style=\"color: #000000;\">Vi er alltid interessert i at h\u00f8re fra deg dersom du kan tenke deg en spennende jobb hos DFI-GEISLER. Send os gjerne en uoppfordret s\u00f8knad dersom det for \u00f8yeblikket ikke er utlyst en stilling som passer til dine kvalifikasjoner.<\/span><\/h5>\n<h5 style=\"text-align: left;\"><span style=\"color: #000000;\">Send uoppfordret s\u00f8knad til <a style=\"color: #3792cb;\">job@dfi-geisler.com<\/a><\/span><\/h5>\n<h5 style=\"text-align: left;\"><span style=\"color: #000000;\">Du er ogs\u00e5 velkommen til \u00e5 henvende deg personlig med s\u00f8knaden din p\u00e5 f\u00f8lgende adresse:<\/span><\/h5>\n<h5 style=\"text-align: left;\"><span style=\"color: #000000;\">DFI-GEISLER A\/S<br \/>\nIndustrivej 21<br \/>\n7900 Nyk\u00f8bing M.<\/span><\/h5>\n<p>[\/vc_column_text][\/vc_column][\/vc_row][vc_row][vc_column][vc_separator color=&raquo;black&raquo; border_width=&raquo;2&#8243; css=&raquo;&raquo;][\/vc_column][\/vc_row][vc_row el_class=&raquo;baeredygtighed-images&raquo;][vc_column][vc_video link=&raquo;https:\/\/vimeo.com\/1172114693?fl=pl&amp;fe=sh&raquo; css=&raquo;&raquo;][vc_empty_space][vc_column_text css=&raquo;&raquo;]<\/p>\n<h4 style=\"text-align: center;\"><span style=\"color: #000000;\">M\u00f8t en av v\u00e5re l\u00e6rlinger og f\u00e5 et innblikk i produksjonen hos oss &#8211;<br \/>\nDFI-GEISLER<\/span><\/h4>\n<p>[\/vc_column_text][\/vc_column][\/vc_row][vc_row][vc_column][vc_empty_space height=&raquo;1px&raquo;][\/vc_column][\/vc_row]<\/p>\n<\/div>","protected":false},"excerpt":{"rendered":"<p>[vc_row full_width=&raquo;stretch_row&raquo; css=&raquo;.vc_custom_1613137871560{background-image: url(https:\/\/www.dfi-geisler.com\/wp-content\/uploads\/2020\/05\/Boremaskine-wide-m\u00f8rk-scaled.jpg?id=19683) !important;background-position: center !important;background-repeat: no-repeat !important;background-size: cover !important;}&raquo;][vc_column][vc_empty_space height=&raquo;100px&raquo;][vc_custom_heading text=&raquo;LEDIGE STILLINGER&raquo; font_container=&raquo;tag:h2|text_align:center|color:%23ffffff&raquo; google_fonts=&raquo;font_family:Lato%3A100%2C100italic%2C300%2C300italic%2Cregular%2Citalic%2C700%2C700italic%2C900%2C900italic|font_style:400%20regular%3A400%3Anormal&raquo; css_animation=&raquo;fadeInDown&raquo;][vc_empty_space height=&raquo;100px&raquo;][\/vc_column][\/vc_row][vc_row][vc_column][vc_empty_space height=&raquo;50px&raquo;][\/vc_column][\/vc_row][vc_row el_class=&raquo;baeredygtighed-images&raquo;][vc_column][vc_video link=&raquo;https:\/\/vimeo.com\/1154244605&#8243; css=&raquo;&raquo;][vc_empty_space][vc_column_text css_animation=&raquo;none&raquo; css=&raquo;&raquo;] Uoppfordret s\u00f8knad:<\/p>\n","protected":false},"author":717,"featured_media":0,"parent":0,"menu_order":0,"comment_status":"closed","ping_status":"closed","template":"","meta":{"_monsterinsights_skip_tracking":false,"_monsterinsights_sitenote_active":false,"_monsterinsights_sitenote_note":"","_monsterinsights_sitenote_category":0,"footnotes":""},"class_list":["post-9121","page","type-page","status-publish","hentry"],"aioseo_notices":[],"_links":{"self":[{"href":"https:\/\/www.dfi-geisler.com\/NO\/wp-json\/wp\/v2\/pages\/9121","targetHints":{"allow":["GET"]}}],"collection":[{"href":"https:\/\/www.dfi-geisler.com\/NO\/wp-json\/wp\/v2\/pages"}],"about":[{"href":"https:\/\/www.dfi-geisler.com\/NO\/wp-json\/wp\/v2\/types\/page"}],"author":[{"embeddable":true,"href":"https:\/\/www.dfi-geisler.com\/NO\/wp-json\/wp\/v2\/users\/717"}],"replies":[{"embeddable":true,"href":"https:\/\/www.dfi-geisler.com\/NO\/wp-json\/wp\/v2\/comments?post=9121"}],"version-history":[{"count":197,"href":"https:\/\/www.dfi-geisler.com\/NO\/wp-json\/wp\/v2\/pages\/9121\/revisions"}],"predecessor-version":[{"id":38914,"href":"https:\/\/www.dfi-geisler.com\/NO\/wp-json\/wp\/v2\/pages\/9121\/revisions\/38914"}],"wp:attachment":[{"href":"https:\/\/www.dfi-geisler.com\/NO\/wp-json\/wp\/v2\/media?parent=9121"}],"curies":[{"name":"wp","href":"https:\/\/api.w.org\/{rel}","templated":true}]}}