
{"id":9081,"date":"2018-10-18T13:19:21","date_gmt":"2018-10-18T13:19:21","guid":{"rendered":"http:\/\/www.dfi-geisler.com\/?page_id=9081"},"modified":"2026-01-16T08:05:18","modified_gmt":"2026-01-16T07:05:18","slug":"profil","status":"publish","type":"page","link":"https:\/\/www.dfi-geisler.com\/NO\/profil\/","title":{"rendered":"Profil"},"content":{"rendered":"<div class=\"wpb-content-wrapper\"><p>[vc_row el_class=&raquo;animated fadeIn duration1 eds-on-scroll&raquo;][vc_column][vc_empty_space height=&raquo;25px&raquo;][\/vc_column][\/vc_row][vc_row][vc_column][vc_row_inner][vc_column_inner][vc_column_text]<\/p>\n<h2>Profil<\/h2>\n<p>[\/vc_column_text][\/vc_column_inner][\/vc_row_inner][vc_row_inner][vc_column_inner][vc_separator border_width=&raquo;2&#8243;][\/vc_column_inner][\/vc_row_inner][\/vc_column][\/vc_row][vc_row el_class=&raquo;animated fadeIn duration3 eds-on-scroll&raquo;][vc_column width=&raquo;1\/2&#8243;][vc_column_text]<\/p>\n<h4 id=\"tw-target-text\" class=\"tw-data-text tw-ta tw-text-small\" dir=\"ltr\" data-placeholder=\"Overs\u00e6ttelse\"><span lang=\"no\">Vi drives av profesjonell stolthet <\/span><\/h4>\n<p class=\"tw-data-text tw-ta tw-text-small\" dir=\"ltr\" data-placeholder=\"Overs\u00e6ttelse\"><span lang=\"no\">Jobbtilfredshet og profesjonell stolthet er utrolig h\u00f8y hos DFI-Geisler. Det reflekterer, blant annet, ved at vi har mange erfarne medarbeidere. Og mange jubileer.<\/span><\/p>\n<p>[\/vc_column_text][vc_btn title=&raquo;Se pr\u00e6sentationsvideo&raquo; style=&raquo;classic&raquo; shape=&raquo;round&raquo; color=&raquo;primary&raquo; css=&raquo;&raquo; link=&raquo;url:https%3A%2F%2Fvimeo.com%2F1154244605&#8243;][\/vc_column][vc_column width=&raquo;1\/2&#8243;][vc_single_image image=&raquo;30029&#8243; img_size=&raquo;full&raquo; alignment=&raquo;center&raquo;][\/vc_column][\/vc_row][vc_row el_class=&raquo;animated fadeIn duration3 eds-on-scroll&raquo;][vc_column width=&raquo;1\/2&#8243;][vc_single_image image=&raquo;9071&#8243; img_size=&raquo;full&raquo; alignment=&raquo;center&raquo;][\/vc_column][vc_column width=&raquo;1\/2&#8243;][vc_column_text]<\/p>\n<h4 id=\"tw-target-text\" class=\"tw-data-text tw-ta tw-text-small\" dir=\"ltr\" data-placeholder=\"Overs\u00e6ttelse\"><span lang=\"no\">Vi vet bare en kvalitet. Det beste! <\/span><\/h4>\n<p class=\"tw-data-text tw-ta tw-text-small\" dir=\"ltr\" data-placeholder=\"Overs\u00e6ttelse\"><span lang=\"no\">Fra start til slutt i produksjonen av benkeplaten fokuserer vi p\u00e5 kvaliteten. Dette gjelder n\u00e5r vi m\u00e5ler og lager arbeidstegninger. Dette gjelder n\u00e5r vi kutter hvert kutt. Dette gjelder n\u00e5r vi monterer vasken. Dette gjelder n\u00e5r vi pakker platen godt og forbereder oss p\u00e5 \u00e5 sende. Og dette gjelder n\u00e5r vi s\u00f8rger for at benkeplaten monteres helt perfekt.<\/span><\/p>\n<p>[\/vc_column_text][\/vc_column][\/vc_row][vc_row el_class=&raquo;animated fadeIn duration3 eds-on-scroll&raquo;][vc_column width=&raquo;1\/2&#8243;][vc_column_text]<\/p>\n<h4 id=\"tw-target-text\" class=\"tw-data-text tw-ta tw-text-small\" dir=\"ltr\" data-placeholder=\"Overs\u00e6ttelse\"><span lang=\"no\">Vi er verdensmestere i \u00e5 lage individuelle bordplater <\/span><\/h4>\n<p class=\"tw-data-text tw-ta tw-text-small\" dir=\"ltr\" data-placeholder=\"Overs\u00e6ttelse\"><span lang=\"no\">Det m\u00e5 v\u00e6re mange forskjellige ferdigheter for \u00e5 levere personlige benkeplater. I tillegg til produksjon og etterbehandling har vi ogs\u00e5 noen av bransjens mest talentfulle medarbeidere n\u00e5r det gjelder m\u00e5ling, tegning, dimensjonering og montering.<\/span><\/p>\n<p>[\/vc_column_text][\/vc_column][vc_column width=&raquo;1\/2&#8243;][vc_single_image image=&raquo;9063&#8243; img_size=&raquo;full&raquo; alignment=&raquo;center&raquo;][\/vc_column][\/vc_row][vc_row el_class=&raquo;animated fadeIn duration3 eds-on-scroll&raquo;][vc_column width=&raquo;1\/2&#8243;][vc_single_image image=&raquo;33356&#8243; img_size=&raquo;full&raquo; alignment=&raquo;center&raquo; css=&raquo;&raquo;][\/vc_column][vc_column width=&raquo;1\/2&#8243;][vc_column_text]<\/p>\n<h4 id=\"tw-target-text\" class=\"tw-data-text tw-ta tw-text-small\" dir=\"ltr\" data-placeholder=\"Overs\u00e6ttelse\"><span lang=\"no\">Vi tilbyr \u00e5 l\u00f8se hele oppgaven for deg<\/span><\/h4>\n<p class=\"tw-data-text tw-ta tw-text-small\" dir=\"ltr\" data-placeholder=\"Overs\u00e6ttelse\"><span lang=\"no\">Med v\u00e5r sikkerhetspakke tilbyr vi \u00e5 ta vare p\u00e5 hele prosessen. Fra \u00e5 m\u00e5le kj\u00f8kkenet ditt for levering og montering av dine nye benkeplater. Vi gj\u00f8r dette daglig i hele Skandinavia.<\/span><\/p>\n<p>[\/vc_column_text][\/vc_column][\/vc_row][vc_row][vc_column][vc_row_inner][vc_column_inner][vc_separator border_width=&raquo;2&#8243;][\/vc_column_inner][\/vc_row_inner][vc_row_inner][vc_column_inner width=&raquo;1\/2&#8243;][vc_column_text]<\/p>\n<h3 id=\"tw-target-text\" class=\"tw-data-text tw-ta tw-text-small\" dir=\"ltr\" style=\"text-align: center;\" data-placeholder=\"Overs\u00e6ttelse\"><span lang=\"no\">V\u00e5r misjon <\/span><\/h3>\n<p class=\"tw-data-text tw-ta tw-text-small\" dir=\"ltr\" style=\"text-align: center;\" data-placeholder=\"Overs\u00e6ttelse\"><strong><span lang=\"no\">&laquo;Vi skaper kundetilpassede benkeplater som styrker<br \/>\nkundenes markedsposisjon gjennom utvalg, kvalitet, service og b\u00e6rekraft.\u00bb<\/span><\/strong><\/p>\n<p>[\/vc_column_text][\/vc_column_inner][vc_column_inner width=&raquo;1\/2&#8243;][vc_column_text]<\/p>\n<h3 id=\"tw-target-text\" class=\"tw-data-text tw-ta tw-text-small\" dir=\"ltr\" style=\"text-align: center;\" data-placeholder=\"Overs\u00e6ttelse\"><span lang=\"no\">V\u00e5r visjon<\/span><\/h3>\n<p class=\"tw-data-text tw-ta tw-text-small\" dir=\"ltr\" style=\"text-align: center;\" data-placeholder=\"Overs\u00e6ttelse\"><strong><span lang=\"no\">&laquo;Vi vil v\u00e6re v\u00e5re forhandleres mest verdiskapende partner ved en samlet vurdering av utvalg, kvalitet, service og b\u00e6rekraft.&raquo;<\/span><\/strong><\/p>\n<p>[\/vc_column_text][\/vc_column_inner][\/vc_row_inner][vc_row_inner][vc_column_inner][vc_separator border_width=&raquo;2&#8243;][\/vc_column_inner][\/vc_row_inner][\/vc_column][\/vc_row]<\/p>\n<\/div>","protected":false},"excerpt":{"rendered":"<p>[vc_row el_class=&raquo;animated fadeIn duration1 eds-on-scroll&raquo;][vc_column][vc_empty_space height=&raquo;25px&raquo;][\/vc_column][\/vc_row][vc_row][vc_column][vc_row_inner][vc_column_inner][vc_column_text] Profil [\/vc_column_text][\/vc_column_inner][\/vc_row_inner][vc_row_inner][vc_column_inner][vc_separator border_width=&raquo;2&#8243;][\/vc_column_inner][\/vc_row_inner][\/vc_column][\/vc_row][vc_row el_class=&raquo;animated fadeIn duration3 eds-on-scroll&raquo;][vc_column width=&raquo;1\/2&#8243;][vc_column_text] Vi drives av profesjonell stolthet Jobbtilfredshet og profesjonell stolthet er utrolig h\u00f8y<\/p>\n","protected":false},"author":717,"featured_media":0,"parent":0,"menu_order":0,"comment_status":"closed","ping_status":"closed","template":"","meta":{"_monsterinsights_skip_tracking":false,"_monsterinsights_sitenote_active":false,"_monsterinsights_sitenote_note":"","_monsterinsights_sitenote_category":0,"footnotes":""},"class_list":["post-9081","page","type-page","status-publish","hentry"],"aioseo_notices":[],"_links":{"self":[{"href":"https:\/\/www.dfi-geisler.com\/NO\/wp-json\/wp\/v2\/pages\/9081","targetHints":{"allow":["GET"]}}],"collection":[{"href":"https:\/\/www.dfi-geisler.com\/NO\/wp-json\/wp\/v2\/pages"}],"about":[{"href":"https:\/\/www.dfi-geisler.com\/NO\/wp-json\/wp\/v2\/types\/page"}],"author":[{"embeddable":true,"href":"https:\/\/www.dfi-geisler.com\/NO\/wp-json\/wp\/v2\/users\/717"}],"replies":[{"embeddable":true,"href":"https:\/\/www.dfi-geisler.com\/NO\/wp-json\/wp\/v2\/comments?post=9081"}],"version-history":[{"count":44,"href":"https:\/\/www.dfi-geisler.com\/NO\/wp-json\/wp\/v2\/pages\/9081\/revisions"}],"predecessor-version":[{"id":38280,"href":"https:\/\/www.dfi-geisler.com\/NO\/wp-json\/wp\/v2\/pages\/9081\/revisions\/38280"}],"wp:attachment":[{"href":"https:\/\/www.dfi-geisler.com\/NO\/wp-json\/wp\/v2\/media?parent=9081"}],"curies":[{"name":"wp","href":"https:\/\/api.w.org\/{rel}","templated":true}]}}