
{"id":9025,"date":"2018-10-18T08:36:07","date_gmt":"2018-10-18T08:36:07","guid":{"rendered":"http:\/\/www.dfi-geisler.com\/?page_id=9025"},"modified":"2025-07-10T10:49:31","modified_gmt":"2025-07-10T09:49:31","slug":"kompositsten","status":"publish","type":"page","link":"https:\/\/www.dfi-geisler.com\/NO\/kompositsten\/","title":{"rendered":"Kompositstein"},"content":{"rendered":"<div class=\"wpb-content-wrapper\"><p>[vc_row first_background_type=&raquo;gradient&raquo; first_background_gradient=&raquo;#83bae3||#a672c9||0;100||180||linear&raquo;][vc_column width=&raquo;1\/4&#8243;][vc_wp_custommenu nav_menu=&raquo;177&#8243;][\/vc_column][vc_column width=&raquo;3\/4&#8243;][vc_column_text]<\/p>\n<h2>Kompositstein<\/h2>\n<p>[\/vc_column_text][vc_column_text css=&raquo;&raquo;]<\/p>\n<h5><strong>Et godt valg<\/strong>, hvis du vil ha det beste fra to verdener. Med komposittstein f\u00e5r du en vakker benkeplate som er fremstilt av minnst 90 % kvartsmineraler og estetisk sett fremst\u00e5r som et ekte naturprodukt.<\/h5>\n<h5>Den pulveriserte granitten er blandet med et kunstig harpikslim og st\u00f8pt i former. I motsetning til naturstein er overflaten derfor fullstendig lukket, slik at fettstoffer og annet ikke kan trenge inn og lage flekker. Du f\u00e5r med andre ord natursteinens eksklusive uttrykk og innovasjonens effektive produktegenskaper samlet i \u00e9n og samme benkeplate.<\/h5>\n<p>[\/vc_column_text][\/vc_column][\/vc_row][vc_row][vc_column][vc_separator color=&raquo;black&raquo; border_width=&raquo;2&#8243;][\/vc_column][\/vc_row][vc_row css=&raquo;.vc_custom_1534410440830{margin-top: 40px !important;}&raquo;][vc_column width=&raquo;1\/2&#8243;][vc_column_text]<\/p>\n<h4>Hvad er Kompositsten?<\/h4>\n<p>[\/vc_column_text][vc_column_text css=&raquo;&raquo;]Komposittstein er et naturlig og et kunstig materiale p\u00e5 \u00e9n gang. Det best\u00e5r av minnst 90 % kvarts som er pulverisert og blandet med et laboratorieutviklet harpikslim og eventuelle fargepigmenter. N\u00e5r blandingen varmes opp og presses i en st\u00f8peform, resulterer det i en ekstremt sterk plate med en fullstendig lukket overflate.<\/p>\n<p>Hos DFI-Geisler selger vi komposittsteinplater fra Europas ledende leverand\u00f8rer, blant annet den spanske produsenten Cosentino. Det var de som i 1990 utviklet materialet som de f\u00f8rste, og som i dag markedsf\u00f8rer det under navnet Silestone\u00ae.<\/p>\n<p>Du kan lese mer om komposittstenplater generelt, og Cosentinos plater spesielt, p\u00e5 <a href=\"http:\/\/silestone.com\/\">silestone.com<\/a>. Her finner du ogs\u00e5 massevis av inspirasjon.[\/vc_column_text][\/vc_column][vc_column width=&raquo;1\/2&#8243;][vc_empty_space][vc_single_image image=&raquo;9027&#8243; img_size=&raquo;full&raquo; alignment=&raquo;right&raquo; onclick=&raquo;link_image&raquo;][\/vc_column][\/vc_row][vc_row first_background_type=&raquo;gradient&raquo; first_background_gradient=&raquo;rgba(0,57,158,0.69)||#587d9b||0;100||84||linear&raquo; css=&raquo;.vc_custom_1534410451584{margin-top: 40px !important;}&raquo;][vc_column width=&raquo;2\/3&#8243;][vc_column_text]<\/p>\n<h4>Produktegenskaper<\/h4>\n<p>[\/vc_column_text][vc_single_image image=&raquo;9883&#8243; img_size=&raquo;large&raquo; alignment=&raquo;center&raquo; onclick=&raquo;link_image&raquo;][vc_column_text]<\/p>\n<p style=\"text-align: right;\">* Mindre reparasjoner som f.eks. kantskader kan utf\u00f8res av kvalifisert fagmann.<\/p>\n<p>[\/vc_column_text][\/vc_column][vc_column width=&raquo;1\/3&#8243;][vc_column_text]<\/p>\n<h4>Sammenlign produkter<\/h4>\n<p>[\/vc_column_text][vc_single_image image=&raquo;29399&#8243; img_size=&raquo;medium&raquo; onclick=&raquo;link_image&raquo;][\/vc_column][\/vc_row][vc_row css=&raquo;.vc_custom_1534410410938{margin-top: 40px !important;}&raquo;][vc_column width=&raquo;1\/3&#8243;][vc_column_text]<\/p>\n<h4>Tykkelser<\/h4>\n<p>[\/vc_column_text][vc_column_text]Komposittstein f\u00e5s i tre tykkelser. Ettersom materialet er st\u00f8pt, er det mulig \u00e5 fremstille en bordplate p\u00e5 bare 12\u00a0mm. Det \u00e5pner for en rekke enest\u00e5ende kj\u00f8kkendesign hvor materialets solide uttrykk st\u00e5r i fascinerende kontrast til platens tykkelse.<\/p>\n<p><strong>\u2022 12 mm<\/strong><\/p>\n<p><strong>\u2022 20 mm<\/strong><\/p>\n<p><strong>\u2022 30 mm<\/strong>[\/vc_column_text][\/vc_column][vc_column width=&raquo;1\/3&#8243;][vc_column_text]<\/p>\n<h4>Daglig bruk<\/h4>\n<p>[\/vc_column_text][vc_column_text css=&raquo;&raquo;]Den tette overflaten gj\u00f8r konpositsteinplaten enkel og rask \u00e5 rengj\u00f8re med en mjyk, oppvridd klut. S\u00f8l t\u00f8rkes lett bort uten bekymring for flekker eller hygiene. Selv fettholdige stoffer som sm\u00f8r og margarin trnger ikke inn og etterlater ingen merker. Platen f\u00f8les kj\u00f8ligere enn for eksempel laminat og heltre, ettersom materialet leder varme raskere bort fra huden. Det g\u00f8r den spesielt godt egnet til baking, da deigen slipper lett.<\/p>\n<p>Som med alle andre materialer, anbefaler vi ogs\u00e5 med komposittstein at du bruker rister eller bordsk\u00e5nere til varme gryter og panner. Dersom komposittstein utsettes for kraftig varme, kan det dannes misfarginger i overflaten. Og de kan ikke fjernes.<\/p>\n<p>[\/vc_column_text][\/vc_column][vc_column width=&raquo;1\/3&#8243;][vc_column_text]<\/p>\n<h4>Designdetaljer<\/h4>\n<p>[\/vc_column_text][vc_column_text css=&raquo;&raquo;]<\/p>\n<p data-start=\"142\" data-end=\"513\">Komposittbenkeplater leveres med ulike overflatebehandlinger, som hver gir et unikt uttrykk. Noen plater poleres til en blank og glatt finish, mens andre har en matt, slipt overflate for et mer naturlig utseende. I tillegg finnes det varianter som b\u00f8rstet, suede og vulcano. Hvilke overflater som er tilgjengelige, avhenger imidlertid av den enkelte komposittsteinen.<\/p>\n<p data-start=\"515\" data-end=\"725\">Selv om komposittplater st\u00f8pes i former, bearbeides de etterp\u00e5 p\u00e5 n\u00f8yaktig samme m\u00e5te og med de samme maskinene som v\u00e5re \u00f8vrige steinplater. Du kan derfor f\u00e5 ulike kantprofiler \u2013 akkurat som med naturstein.<\/p>\n<p>[\/vc_column_text][\/vc_column][\/vc_row][vc_row][vc_column][vc_separator color=&raquo;black&raquo; border_width=&raquo;2&#8243;][\/vc_column][\/vc_row][vc_row css=&raquo;.vc_custom_1534410467435{margin-top: 40px !important;}&raquo;][vc_column width=&raquo;1\/3&#8243;][vc_column_text]<\/p>\n<h4>Farger og strukturer<\/h4>\n<p>[\/vc_column_text][vc_column_text css=&raquo;&raquo;]Utvalget av komposittstein omfatter n\u00e6rmere 90 fargevarianter \u2013 fra myke, naturlige nyanser til mer markante farger som passer til b\u00e5de klassiske og moderne kj\u00f8kkendesign. DFI-Geisler lagerf\u00f8rer et stort utvalg av de mest popul\u00e6re fargene, mens \u00f8vrige varianter kan bestilles med noe lengre leveringstid.[\/vc_column_text][vc_btn title=&raquo;SE HELE KOMPOSITSTEIN OG SILESTONE\u00ae SORTIMENTET V\u00c5RT&raquo; color=&raquo;success&raquo; link=&raquo;url:https%3A%2F%2Fwww.dfi-geisler.com%2Fkompositsten-sortiment%2F|target:_blank&raquo;][\/vc_column][vc_column width=&raquo;2\/3&#8243;][vc_single_image image=&raquo;8833&#8243; img_size=&raquo;large&raquo;][\/vc_column][\/vc_row][vc_row css=&raquo;.vc_custom_1534410467435{margin-top: 40px !important;}&raquo;][vc_column width=&raquo;1\/2&#8243;][vc_single_image image=&raquo;25977&#8243; img_size=&raquo;290&#215;425&#8243; alignment=&raquo;center&raquo; onclick=&raquo;custom_link&raquo; link=&raquo;https:\/\/www.dfi-geisler.com\/wp-content\/uploads\/2022\/04\/Kvalitetsbeskrivelse-av-Fusion-komposittstein_NO.pdf&raquo;][\/vc_column][vc_column width=&raquo;1\/2&#8243;][vc_column_text]<\/p>\n<h4>Kvalitetsbeskrivelse av Fusion komposittstein<\/h4>\n<p>[\/vc_column_text][vc_column_text]Denne kvalitetsbeskrivelsen definerer n\u00e5r uregelmessigheter i Fusion komposittstein er reklamasjonsberettiget eller ikke.<\/p>\n<p>P\u00e5 grunn av fremstillingsprosessen kan det forekomme noen uregelmessigheter som er belyst her.[\/vc_column_text][vc_btn title=&raquo;Lees mer om kvalitetsbeskrivelsen &gt;&raquo; color=&raquo;success&raquo; link=&raquo;url:https%3A%2F%2Fwww.dfi-geisler.com%2Fwp-content%2Fuploads%2F2022%2F04%2FKvalitetsbeskrivelse-av-Fusion-komposittstein_NO.pdf|target:_blank&raquo;][\/vc_column][\/vc_row][vc_row][vc_column][vc_separator color=&raquo;black&raquo; border_width=&raquo;2&#8243;][\/vc_column][\/vc_row][vc_row css=&raquo;.vc_custom_1534410460189{margin-top: 40px !important;}&raquo;][vc_column width=&raquo;1\/2&#8243;][vc_column_text]<\/p>\n<h4>Vaske<\/h4>\n<p>[\/vc_column_text][vc_single_image image=&raquo;8849&#8243; img_size=&raquo;large&raquo; css=&raquo;.vc_custom_1534760416918{margin-top: 40px !important;}&raquo;][vc_btn title=&raquo;SE V\u00c5RT STONE UTVALG AV VASKER&raquo; color=&raquo;success&raquo; link=&raquo;url:https%3A%2F%2Fwww.dfi-geisler.com%2Fvaske-katalog%2F|target:_blank&raquo;][\/vc_column][vc_column width=&raquo;1\/2&#8243;][vc_column_text]<\/p>\n<h4>Montering av vask<\/h4>\n<p>[\/vc_column_text][vc_column_text]Du kan f\u00e5 vasken montert p\u00e5 fire forskjellige m\u00e5ter i komposittbenkeplaten. Velger du en plate fra Silestone\u00ae, kan du i noen av de mest popul\u00e6re fargene f\u00e5 en helst\u00f8pt og polert kj\u00f8kkenvask i samme materiale som platen og med skjult overgang mellom plate og vask.<\/p>\n<p>[\/vc_column_text][vc_row_inner][vc_column_inner width=&raquo;1\/2&#8243;][vc_single_image image=&raquo;8841&#8243; img_size=&raquo;full&raquo; alignment=&raquo;center&raquo; style=&raquo;vc_box_border&raquo;][vc_column_text]<\/p>\n<p style=\"text-align: center;\"><strong>Planlimt vask<\/strong><\/p>\n<p style=\"text-align: center;\">Vask og benkeplate er i niv\u00e5, og overgangen fuges med silikon.<\/p>\n<p>[\/vc_column_text][\/vc_column_inner][vc_column_inner width=&raquo;1\/2&#8243;][vc_single_image image=&raquo;8839&#8243; img_size=&raquo;full&raquo; alignment=&raquo;center&raquo; style=&raquo;vc_box_border&raquo;][vc_column_text]<\/p>\n<p style=\"text-align: center;\"><strong>Underfrest vask<\/strong><\/p>\n<p style=\"text-align: center;\">Vasken monteres slik at halvparten av platens tykkelse er synlig.<\/p>\n<p>[\/vc_column_text][\/vc_column_inner][\/vc_row_inner][vc_row_inner][vc_column_inner width=&raquo;1\/2&#8243;][vc_single_image image=&raquo;8843&#8243; img_size=&raquo;full&raquo; alignment=&raquo;center&raquo; style=&raquo;vc_box_border&raquo;][vc_column_text]<\/p>\n<p style=\"text-align: center;\"><strong>Underlimt vask<\/strong><\/p>\n<p style=\"text-align: center;\">Hele benkeplatens tykkelse er synlig rundt vasken.<\/p>\n<p>[\/vc_column_text][\/vc_column_inner][vc_column_inner width=&raquo;1\/2&#8243;][vc_single_image image=&raquo;29694&#8243; img_size=&raquo;full&raquo; alignment=&raquo;center&raquo; style=&raquo;vc_box_border&raquo;][vc_column_text]<\/p>\n<p style=\"text-align: center;\"><b>Unified vask<\/b><\/p>\n<p style=\"text-align: center;\">B\u00e5de vask og benkeplate skj\u00e6res i vinkel og skj\u00f8tes sammen, slik at vasken blir en integret del av benkeplaten.<\/p>\n<p>[\/vc_column_text][\/vc_column_inner][\/vc_row_inner][\/vc_column][\/vc_row][vc_row][vc_column][vc_separator color=&raquo;black&raquo; border_width=&raquo;2&#8243; css=&raquo;.vc_custom_1534425122723{margin-top: 40px !important;}&raquo;][\/vc_column][\/vc_row]<\/p>\n<\/div>","protected":false},"excerpt":{"rendered":"<p>[vc_row first_background_type=&raquo;gradient&raquo; first_background_gradient=&raquo;#83bae3||#a672c9||0;100||180||linear&raquo;][vc_column width=&raquo;1\/4&#8243;][vc_wp_custommenu nav_menu=&raquo;177&#8243;][\/vc_column][vc_column width=&raquo;3\/4&#8243;][vc_column_text] Kompositstein [\/vc_column_text][vc_column_text css=&raquo;&raquo;] Et godt valg, hvis du vil ha det beste fra to verdener. Med komposittstein f\u00e5r du en<\/p>\n","protected":false},"author":717,"featured_media":0,"parent":0,"menu_order":0,"comment_status":"closed","ping_status":"closed","template":"","meta":{"_monsterinsights_skip_tracking":false,"_monsterinsights_sitenote_active":false,"_monsterinsights_sitenote_note":"","_monsterinsights_sitenote_category":0,"footnotes":""},"class_list":["post-9025","page","type-page","status-publish","hentry"],"aioseo_notices":[],"_links":{"self":[{"href":"https:\/\/www.dfi-geisler.com\/NO\/wp-json\/wp\/v2\/pages\/9025","targetHints":{"allow":["GET"]}}],"collection":[{"href":"https:\/\/www.dfi-geisler.com\/NO\/wp-json\/wp\/v2\/pages"}],"about":[{"href":"https:\/\/www.dfi-geisler.com\/NO\/wp-json\/wp\/v2\/types\/page"}],"author":[{"embeddable":true,"href":"https:\/\/www.dfi-geisler.com\/NO\/wp-json\/wp\/v2\/users\/717"}],"replies":[{"embeddable":true,"href":"https:\/\/www.dfi-geisler.com\/NO\/wp-json\/wp\/v2\/comments?post=9025"}],"version-history":[{"count":51,"href":"https:\/\/www.dfi-geisler.com\/NO\/wp-json\/wp\/v2\/pages\/9025\/revisions"}],"predecessor-version":[{"id":36157,"href":"https:\/\/www.dfi-geisler.com\/NO\/wp-json\/wp\/v2\/pages\/9025\/revisions\/36157"}],"wp:attachment":[{"href":"https:\/\/www.dfi-geisler.com\/NO\/wp-json\/wp\/v2\/media?parent=9025"}],"curies":[{"name":"wp","href":"https:\/\/api.w.org\/{rel}","templated":true}]}}