
{"id":8991,"date":"2018-10-18T07:41:13","date_gmt":"2018-10-18T07:41:13","guid":{"rendered":"http:\/\/www.dfi-geisler.com\/?page_id=8991"},"modified":"2025-07-08T14:34:41","modified_gmt":"2025-07-08T13:34:41","slug":"keramik-og-dekton","status":"publish","type":"page","link":"https:\/\/www.dfi-geisler.com\/NO\/keramik-og-dekton\/","title":{"rendered":"Keramikk og Dekton\u00ae"},"content":{"rendered":"<div class=\"wpb-content-wrapper\"><p>[vc_row first_background_type=&raquo;gradient&raquo; first_background_gradient=&raquo;#83bae3||#a672c9||0;100||180||linear&raquo;][vc_column width=&raquo;1\/4&#8243;][vc_wp_custommenu nav_menu=&raquo;179&#8243;][\/vc_column][vc_column width=&raquo;3\/4&#8243;][vc_column_text]<\/p>\n<h2>Keramikk og Dekton\u00ae<\/h2>\n<p>[\/vc_column_text][vc_column_text css=&raquo;&raquo;]<\/p>\n<h5><strong>Et godt valg<\/strong>, hvis du vil ha en eksklusiv og flott benkeplate med alle de gode egenskapene du i det hele tatt kan dr\u00f8mme om. Keramikkplater og Dekton\u00ae er fargebestandige, rengj\u00f8ringsvennlige og tvers igjennom robuste. Du f\u00e5r derfor en benkeplate du vil nyte \u00e5 se p\u00e5 \u2013 og glede deg over \u00e5 arbeide ved i \u00e5revis.<\/h5>\n<p>[\/vc_column_text][\/vc_column][\/vc_row][vc_row][vc_column][vc_separator color=&raquo;black&raquo; border_width=&raquo;2&#8243;][\/vc_column][\/vc_row][vc_row css=&raquo;.vc_custom_1534410440830{margin-top: 40px !important;}&raquo;][vc_column width=&raquo;1\/2&#8243;][vc_column_text css=&raquo;&raquo;]<\/p>\n<h4>Hva er keramikk og Dekton\u00ae?<\/h4>\n<p>[\/vc_column_text][vc_column_text]En benkeplate i keramikk best\u00e5r av sand, leire, feltspat og naturlige fargepigmenter.\u00a0Den ferdigblandede mineralmassen helles i en form og varmes opp til 1200\u00a0grader, slik at den oppn\u00e5r de mange attraktive egenskapene.<\/p>\n<p>Dekton\u00ae oppn\u00e5r de samme egenskapene gjennom en avansert teknikk, hvor man p\u00e5 f\u00e5 timer f\u00e5r en blanding av mineralpartikler til \u00e5 utf\u00f8re den samme prosessen som tar tusenvis av \u00e5r i naturen. B\u00e5de keramikk og Dekton\u00ae f\u00e5r sine vakre farger og m\u00f8nstre tilf\u00f8rt som direkte og fargebestandig trykk.<\/p>\n<p>Dekton\u00ae og keramikk er begge sv\u00e6rt harde og motstandsdyktige materialer, men overflatene kan f\u00e5 riper.<\/p>\n<p>Dekton\u00ae og keramikkbenkeplater med blanke overflater, kan visuelt sammenlignes med glassoverflater p\u00e5 koketopper. Det vil oppst\u00e5 sm\u00e5, synlige riper. For \u00e5 unng\u00e5 riper, m\u00e5 man unng\u00e5 \u00e5 dra gjenstander bortover benkeplater med blank overflate.<\/p>\n<p>&nbsp;<\/p>\n<p>[\/vc_column_text][\/vc_column][vc_column width=&raquo;1\/2&#8243;][vc_empty_space][vc_single_image image=&raquo;8993&#8243; img_size=&raquo;full&raquo; alignment=&raquo;right&raquo; onclick=&raquo;link_image&raquo;][\/vc_column][\/vc_row][vc_row first_background_type=&raquo;gradient&raquo; first_background_gradient=&raquo;rgba(0,57,158,0.69)||#587d9b||0;100||84||linear&raquo; css=&raquo;.vc_custom_1534410451584{margin-top: 40px !important;}&raquo;][vc_column width=&raquo;2\/3&#8243;][vc_column_text]<\/p>\n<h4>Produktegenskaber<\/h4>\n<p>[\/vc_column_text][vc_single_image image=&raquo;11021&#8243; img_size=&raquo;large&raquo; alignment=&raquo;center&raquo; onclick=&raquo;link_image&raquo;][vc_column_text]<\/p>\n<p style=\"text-align: right;\">*\u00a0Mindre reparasjoner som f.eks. kantskader kan utf\u00f8res av kvalifisert fagmann.<\/p>\n<p>[\/vc_column_text][\/vc_column][vc_column width=&raquo;1\/3&#8243;][vc_column_text]<\/p>\n<h4>Sammenlign produkter<\/h4>\n<p>[\/vc_column_text][vc_single_image image=&raquo;29399&#8243; img_size=&raquo;medium&raquo; onclick=&raquo;link_image&raquo;][\/vc_column][\/vc_row][vc_row css=&raquo;.vc_custom_1534410410938{margin-top: 40px !important;}&raquo;][vc_column width=&raquo;1\/3&#8243;][vc_column_text]<\/p>\n<h4>Tykkelser<\/h4>\n<p>[\/vc_column_text][vc_column_text css=&raquo;&raquo;]En benkeplate i keramikk fra DFI-Geisler er som standard 12 eller 20 mm tykk. Du kan imidlertid f\u00e5 bygget opp keramikkbenkeplaten i 20 mm, 30 mm og 40 mm, dersom det passer best til ditt \u00f8vrige kj\u00f8kkendesign.<br \/>\nDekton\u00ae leveres standard i 20 mm tykkelse, men er ogs\u00e5 tilgjengelig i 12 mm tykkelse &#8211; i tillegg til 4 mm for bruk som sprutpanel<\/p>\n<p><strong>Keramikk<\/strong><\/p>\n<p><strong>\u2022 12 mm<\/strong><\/p>\n<p><strong>\u2022 20 mm<\/strong> (Utvalgte farger)<\/p>\n<p><strong>\u2022 30 mm<\/strong> (SG sarg)<\/p>\n<p><strong>\u2022 40 mm<\/strong> (SG sarg)<\/p>\n<p>&nbsp;<\/p>\n<p><strong>Dekton\u00ae<\/strong><\/p>\n<p><strong>\u2022 4 mm<\/strong> (Skaffevare, kun sprutpaneler)<\/p>\n<p><strong>\u2022 12 mm<\/strong> (Skaffevare)<\/p>\n<p><strong>\u2022 20 mm<\/strong> (Lagerf\u00f8rte + skaffefarger)[\/vc_column_text][\/vc_column][vc_column width=&raquo;1\/3&#8243;][vc_column_text]<\/p>\n<h4>Daglig bruk<\/h4>\n<p>[\/vc_column_text][vc_column_text]Du finner ganske enkelt ikke enklere og mer robuste benkeplater til kj\u00f8kkenet ditt, enn keramikk og Dekton\u00ae. Begge produktene har s\u00e5ledes en rekke egenskaper som gj\u00f8r dem utrolig behagelige \u00e5 jobbe ved, i ditt daglige kj\u00f8kkenliv.<\/p>\n<p>Begge er s\u00e5 godt som ikke-absorberende. Du kan med andre ord s\u00f8le hva som helst \u2013 og ganske enkelt t\u00f8rke det opp med en oppvridd klut og eventuelt n\u00f8dvendige rengj\u00f8ringsmidler.<\/p>\n<p>Dekton\u00ae og keramikk er sv\u00e6rt harde materialer, men overflatene kan f\u00e5 riper. Eksempelvis om et kvartskorn kommer mellom benkeplaten og en kjele som dras over platen.<\/p>\n<p>Riper synes vanligvis ikke p\u00e5 matte overflater og strukturerte overflater. P\u00e5 blanke og glatte overflater blir selv mindre bruksmerker synlige.<\/p>\n<p>Keramikk og Dekton\u00ae er begge sv\u00e6rt varmetolerante. Keramikk t\u00e5ler temperaturer op til 250\u00b0 C. Vi anbefaler imidlertid alltid \u00e5 bruke bordsk\u00e5nere.<\/p>\n<p>&nbsp;<\/p>\n<p>[\/vc_column_text][\/vc_column][vc_column width=&raquo;1\/3&#8243;][vc_column_text]<\/p>\n<h4>Designdetaljer<\/h4>\n<p>[\/vc_column_text][vc_column_text]Benkeplater i keramikk og Dekton\u00ae finnes i et utall av farger og tykkelser, som passer seg perfekt til n\u00e5tidens moderne kj\u00f8kkendesign.<\/p>\n<p>Synlige kanter er alltid faset 2 x 2 mm.<\/p>\n<p>[\/vc_column_text][\/vc_column][\/vc_row][vc_row][vc_column][vc_separator color=&raquo;black&raquo; border_width=&raquo;2&#8243;][\/vc_column][\/vc_row][vc_row css=&raquo;.vc_custom_1534410467435{margin-top: 40px !important;}&raquo;][vc_column width=&raquo;1\/3&#8243;][vc_column_text]<\/p>\n<h4>Farger og strukturer<\/h4>\n<p>[\/vc_column_text][vc_column_text]Du kan velge keramikkbenkeplaten din i mange flotte farger. De er alle UV-bestandige, og falmer derfor ikke i sollys. Dekton\u00ae leveres i mer enn 60 likeledes UV-bestandige farger og m\u00f8nstre, fra ensfargede plater til vakre strukturer, som leder tankene i retning av marmor og andre naturlige steinarter.<\/p>\n<p>[\/vc_column_text][vc_btn title=&raquo;SE HELE KERAMIK OG DEKTON\u00ae SORTIMENTET V\u00c5RT&raquo; color=&raquo;success&raquo; link=&raquo;url:https%3A%2F%2Fwww.dfi-geisler.com%2Fceramics-sortiment-2%2F|target:_blank&raquo;][\/vc_column][vc_column width=&raquo;2\/3&#8243;][vc_single_image image=&raquo;9007&#8243; img_size=&raquo;large&raquo;][\/vc_column][\/vc_row][vc_row css=&raquo;.vc_custom_1534410460189{margin-top: 40px !important;}&raquo;][vc_column width=&raquo;1\/2&#8243;][vc_column_text]<\/p>\n<h4>Vaske<\/h4>\n<p>[\/vc_column_text][vc_single_image image=&raquo;9011&#8243; img_size=&raquo;large&raquo; alignment=&raquo;center&raquo; css=&raquo;.vc_custom_1535027571589{margin-top: 40px !important;}&raquo;][vc_btn title=&raquo;SE V\u00c5RT STORE UTVALG AV VASKER&raquo; color=&raquo;success&raquo; link=&raquo;url:https%3A%2F%2Fwww.dfi-geisler.com%2Fvaske-katalog%2F&raquo;][\/vc_column][vc_column width=&raquo;1\/2&#8243;][vc_column_text]<\/p>\n<h4>Montering av vask<\/h4>\n<p>[\/vc_column_text][vc_column_text css=&raquo;&raquo;]Benkeplater i keramikk og Dekton\u00ae leveres med plan- eller underlimt vask. I tillegg er et lite antall vasker tilgjengelige &laquo;unified&raquo; &#8211; en vakker l\u00f8sning der vasken er integrert i benkeplaten.<\/p>\n<p>[\/vc_column_text][vc_row_inner][vc_column_inner width=&raquo;1\/2&#8243;][vc_single_image image=&raquo;8841&#8243; img_size=&raquo;full&raquo; alignment=&raquo;center&raquo; style=&raquo;vc_box_border&raquo; onclick=&raquo;link_image&raquo;][vc_column_text]<\/p>\n<p style=\"text-align: center;\"><strong>Planlimt<\/strong><\/p>\n<p style=\"text-align: center;\">Vask og benkeplate er i niv\u00e5, og overgangen fuges med silikon<\/p>\n<p>[\/vc_column_text][\/vc_column_inner][vc_column_inner width=&raquo;1\/2&#8243;][vc_single_image image=&raquo;8843&#8243; img_size=&raquo;full&raquo; alignment=&raquo;center&raquo; style=&raquo;vc_box_border&raquo; onclick=&raquo;link_image&raquo;][vc_column_text]<\/p>\n<p style=\"text-align: center;\"><strong>Underlimt<\/strong><\/p>\n<p style=\"text-align: center;\">Hele benkeplatens tykkelse er synlig rundt vasken.<\/p>\n<p>[\/vc_column_text][\/vc_column_inner][\/vc_row_inner][vc_row_inner][vc_column_inner width=&raquo;1\/2&#8243;][vc_single_image image=&raquo;29694&#8243; img_size=&raquo;full&raquo; alignment=&raquo;center&raquo; style=&raquo;vc_box_border&raquo; onclick=&raquo;link_image&raquo;][vc_column_text]<\/p>\n<p style=\"text-align: center;\"><strong>Unified <\/strong><\/p>\n<p style=\"text-align: center;\">B\u00e5de vask og benkeplaten skj\u00e6res i vinkel og skj\u00f8tes sammen, slik at vasken blir en integrert del av benkeplaten.<\/p>\n<p>[\/vc_column_text][\/vc_column_inner][\/vc_row_inner][\/vc_column][\/vc_row][vc_row][vc_column][vc_separator color=&raquo;black&raquo; border_width=&raquo;2&#8243; css=&raquo;.vc_custom_1534425122723{margin-top: 40px !important;}&raquo;][\/vc_column][\/vc_row]<\/p>\n<\/div>","protected":false},"excerpt":{"rendered":"<p>[vc_row first_background_type=&raquo;gradient&raquo; first_background_gradient=&raquo;#83bae3||#a672c9||0;100||180||linear&raquo;][vc_column width=&raquo;1\/4&#8243;][vc_wp_custommenu nav_menu=&raquo;179&#8243;][\/vc_column][vc_column width=&raquo;3\/4&#8243;][vc_column_text] Keramikk og Dekton\u00ae [\/vc_column_text][vc_column_text css=&raquo;&raquo;] Et godt valg, hvis du vil ha en eksklusiv og flott benkeplate med alle de<\/p>\n","protected":false},"author":717,"featured_media":0,"parent":0,"menu_order":0,"comment_status":"closed","ping_status":"closed","template":"","meta":{"_monsterinsights_skip_tracking":false,"_monsterinsights_sitenote_active":false,"_monsterinsights_sitenote_note":"","_monsterinsights_sitenote_category":0,"footnotes":""},"class_list":["post-8991","page","type-page","status-publish","hentry"],"aioseo_notices":[],"_links":{"self":[{"href":"https:\/\/www.dfi-geisler.com\/NO\/wp-json\/wp\/v2\/pages\/8991","targetHints":{"allow":["GET"]}}],"collection":[{"href":"https:\/\/www.dfi-geisler.com\/NO\/wp-json\/wp\/v2\/pages"}],"about":[{"href":"https:\/\/www.dfi-geisler.com\/NO\/wp-json\/wp\/v2\/types\/page"}],"author":[{"embeddable":true,"href":"https:\/\/www.dfi-geisler.com\/NO\/wp-json\/wp\/v2\/users\/717"}],"replies":[{"embeddable":true,"href":"https:\/\/www.dfi-geisler.com\/NO\/wp-json\/wp\/v2\/comments?post=8991"}],"version-history":[{"count":80,"href":"https:\/\/www.dfi-geisler.com\/NO\/wp-json\/wp\/v2\/pages\/8991\/revisions"}],"predecessor-version":[{"id":36149,"href":"https:\/\/www.dfi-geisler.com\/NO\/wp-json\/wp\/v2\/pages\/8991\/revisions\/36149"}],"wp:attachment":[{"href":"https:\/\/www.dfi-geisler.com\/NO\/wp-json\/wp\/v2\/media?parent=8991"}],"curies":[{"name":"wp","href":"https:\/\/api.w.org\/{rel}","templated":true}]}}