
{"id":8899,"date":"2018-10-18T07:51:03","date_gmt":"2018-10-18T07:51:03","guid":{"rendered":"http:\/\/www.dfi-geisler.com\/?page_id=8899"},"modified":"2025-07-08T14:20:46","modified_gmt":"2025-07-08T13:20:46","slug":"massivtrae","status":"publish","type":"page","link":"https:\/\/www.dfi-geisler.com\/NO\/massivtrae\/","title":{"rendered":"Massivt tre"},"content":{"rendered":"<div class=\"wpb-content-wrapper\"><p>[vc_row first_background_type=&raquo;gradient&raquo; first_background_gradient=&raquo;#83bae3||#a672c9||0;100||180||linear&raquo;][vc_column width=&raquo;1\/4&#8243;][vc_wp_custommenu nav_menu=&raquo;173&#8243;][\/vc_column][vc_column width=&raquo;3\/4&#8243;][vc_column_text]<\/p>\n<h2>Massivt tre<\/h2>\n<p>[\/vc_column_text][vc_column_text css=&raquo;&raquo;]<\/p>\n<h5><strong>Et godt valg<\/strong>, hvis du vil gi kj\u00f8kkenet ditt en naturlig gl\u00f8d og varme. Det store utvalget av tresorter og de mange overflatebehandlingene gj\u00f8r det samtidig enkelt \u00e5 f\u00e5 n\u00f8yaktig den fargetonen og det designmessige uttrykket, som komplementerer resten av kj\u00f8kkenet best mulig.<\/h5>\n<h5>Massivt tre er dessuten velegnet i kombinasjoner med andre benkeplatematerialer, t.e. naturstein og st\u00e5l &#8211;\u00a0 og med en brol\u00f8sning i massivt tre kan du skape et vakkert samlingspunkt for familiens felles kj\u00f8kkenopplevelser.<\/h5>\n<p>[\/vc_column_text][\/vc_column][\/vc_row][vc_row][vc_column][vc_separator color=&raquo;black&raquo; border_width=&raquo;2&#8243;][\/vc_column][\/vc_row][vc_row css=&raquo;.vc_custom_1534410440830{margin-top: 40px !important;}&raquo;][vc_column width=&raquo;1\/2&#8243;][vc_column_text]<\/p>\n<h4>Mer naturlig f\u00e5r du det ikke<\/h4>\n<p>[\/vc_column_text][vc_column_text css=&raquo;&raquo;]Et enkelt blikk, \u00e9n enkel ber\u00f8ring. Da forst\u00e5r du, hvorfor s\u00e5 mange kj\u00f8kkenkj\u00f8pere fortsatt sverger til benkeplater i massivt tre. En varmere og mer naturlig atmosf\u00e6re finnes ganske enkelt ikke. Samtidig kan du glede deg over at hver eneste stav i benkeplaten din, kommer fra FSC\u00ae-sertifisert b\u00e6rekraftig skogbruk og andre kontrollerte kilder. Det betyr at b\u00e5de dyre- og planteliv beskyttes p\u00e5 best mulig m\u00e5te, at nye tr\u00e6r plantes i samme takt som eldre tr\u00e6r felles &#8211; og at skogsarbeiderne er garantert utdanning, sikkerhetsutstyr og en rettferdig l\u00f8nn.[\/vc_column_text][vc_single_image image=&raquo;17090&#8243; img_size=&raquo;217&#215;101&#8243;][\/vc_column][vc_column width=&raquo;1\/2&#8243;][vc_column_text]<\/p>\n<h4>Designdetaljer<\/h4>\n<p>[\/vc_column_text][vc_column_text]Som en vakker og eksklusiv designdetalj kan en rekke av platene i massivt tre leveres med gjennomg\u00e5ende staver i platens fulle lengde. Velger du i stedet en standardplate, leveres den i s\u00e5kalt \u00abfallende st\u00f8t\u00bb med staver i fallende lengder fra 750 til 150 mm. CLT er det nyeste &laquo;nyeste skudd p\u00e5 stammen&raquo; og er en 3-lags krysslimt plate med en stavbredde p\u00e5 125 mm og en tykkelse p\u00e5 bare 20 mm.<\/p>\n<p>[\/vc_column_text][vc_row_inner][vc_column_inner width=&raquo;1\/2&#8243;][vc_single_image image=&raquo;8901&#8243; img_size=&raquo;full&raquo; alignment=&raquo;center&raquo; onclick=&raquo;link_image&raquo;][vc_single_image image=&raquo;24577&#8243; img_size=&raquo;full&raquo; alignment=&raquo;center&raquo; onclick=&raquo;link_image&raquo;][\/vc_column_inner][vc_column_inner width=&raquo;1\/2&#8243;][vc_single_image image=&raquo;8903&#8243; img_size=&raquo;full&raquo; alignment=&raquo;center&raquo; onclick=&raquo;link_image&raquo;][\/vc_column_inner][\/vc_row_inner][\/vc_column][\/vc_row][vc_row first_background_type=&raquo;gradient&raquo; first_background_gradient=&raquo;rgba(0,57,158,0.69)||#587d9b||0;100||84||linear&raquo; css=&raquo;.vc_custom_1534410451584{margin-top: 40px !important;}&raquo;][vc_column width=&raquo;2\/3&#8243;][vc_column_text]<\/p>\n<h4>Produktegenskaper<\/h4>\n<p>[\/vc_column_text][vc_single_image image=&raquo;9892&#8243; img_size=&raquo;large&raquo; alignment=&raquo;center&raquo; onclick=&raquo;link_image&raquo;][\/vc_column][vc_column width=&raquo;1\/3&#8243;][vc_column_text]<\/p>\n<h4>Sammenlign produkter<\/h4>\n<p>[\/vc_column_text][vc_single_image image=&raquo;29399&#8243; img_size=&raquo;medium&raquo; onclick=&raquo;link_image&raquo;][\/vc_column][\/vc_row][vc_row css=&raquo;.vc_custom_1534410410938{margin-top: 40px !important;}&raquo;][vc_column width=&raquo;1\/3&#8243;][vc_column_text]<\/p>\n<h4>Tykkelser<\/h4>\n<p>[\/vc_column_text][vc_column_text]Massivt tre gj\u00f8r seg godt i flere tykkelser. CLT plater i 20 mm tykkelse er spesielt popul\u00e6re, ettersom de gir et lett og eksklusivt utseende.<\/p>\n<p><strong>\u2022 30 mm<\/strong><\/p>\n<p><strong>\u2022 40 mm<\/strong><\/p>\n<p><strong>\u2022 60 mm<\/strong><\/p>\n<p><strong>\u2022 80 mm<\/strong><\/p>\n<p>[\/vc_column_text][\/vc_column][vc_column width=&raquo;1\/3&#8243;][vc_column_text]<\/p>\n<h4>Daglig bruk<\/h4>\n<p>[\/vc_column_text][vc_column_text]For \u00e5 sikre deg mange \u00e5rs glede av benkeplaten, skal treet oljes et par ganger i l\u00f8pet av de f\u00f8rste par m\u00e5nedene, inntil platen er mettet og overflaten er smussavst\u00f8tende. Deretter b\u00f8r du etterbehandle platen med olje minst \u00e9n gang hvert halv\u00e5r \u2013 og gjerne oftere (hyppigheten avhenger av hvordan du bruker platen til daglig, og hvor grundig den blir rengjort).<\/p>\n<p>Er du omhyggelig med b\u00e5de den innledende og den l\u00f8pende oljepleien, f\u00e5r du til gjengjeld en benkeplate som bare blir vakrere med \u00e5rene, og det fine fargespillet i treet endrer karakter under lysets naturlige p\u00e5virkning.<\/p>\n<p>Det daglige renholdet er problemfritt. En myk klut vridd opp i rent vann er alt du trenger (bruk av oppvaskmiddel vil derimot t\u00f8rke ut treet og medf\u00f8re hyppigere behov for \u00e5 olje benkeplaten).<\/p>\n<p>P\u00e5 ett punkt er imidlertid massivt tre mer sart enn de fleste andre benkeplatekvaliteter.\u00a0Treet t\u00e5ler s\u00e5ledes ikke at du setter varme gryter og lignende fra deg p\u00e5 benken. Bruk i stedet alltid rist eller bordsk\u00e5ner.<\/p>\n<p>[\/vc_column_text][\/vc_column][vc_column width=&raquo;1\/3&#8243;][vc_single_image image=&raquo;8915&#8243; img_size=&raquo;full&raquo; alignment=&raquo;center&raquo;][\/vc_column][\/vc_row][vc_row][vc_column][vc_separator color=&raquo;black&raquo; border_width=&raquo;2&#8243;][\/vc_column][\/vc_row][vc_row css=&raquo;.vc_custom_1534410467435{margin-top: 40px !important;}&raquo;][vc_column width=&raquo;2\/3&#8243;][vc_single_image image=&raquo;8935&#8243; img_size=&raquo;large&raquo;][\/vc_column][vc_column width=&raquo;1\/3&#8243;][vc_column_text]<\/p>\n<h4>Naturlig og effektiv overflatebehandling<\/h4>\n<p>[\/vc_column_text][vc_column_text]Basisoljen v\u00e5r best\u00e5r av 94\u00a0% fornybare r\u00e5materialer, og er godkjent for \u00e5 komme i kontakt med alle slags matvarer. Likeledes har den antibakterielle egenskaper og utskiller ingen giftige stoffer.<\/p>\n<p>Benkeplaten din i massivt tre med naturolje kommer derfor med en overflatebehandling som er helt trygg \u00e5 bruke i hjemmet.<\/p>\n<p>Last ned produktinformasjon og teststandarder her.[\/vc_column_text][vc_btn title=&raquo;Last ned produktinformasjon og teststandarder her&raquo; color=&raquo;success&raquo; size=&raquo;sm&raquo; link=&raquo;url:https%3A%2F%2Fwww.dfi-geisler.com%2Fwp-content%2Fuploads%2F2022%2F04%2FUB-Erklaering-vedroerende-levnesmidler-EN-1186-EN-13130-GE-11254-GE_11254.pdf|target:_blank&raquo;][\/vc_column][\/vc_row][vc_row css=&raquo;.vc_custom_1534410467435{margin-top: 40px !important;}&raquo;][vc_column width=&raquo;1\/3&#8243;][vc_column_text]<\/p>\n<h4>Farger og strukturer<\/h4>\n<p>[\/vc_column_text][vc_column_text css=&raquo;&raquo;]<span lang=\"no\">Du kan f\u00e5 bordplaten din i mange spennende treslag i tillegg til bambus, som er en gressart. Flere av varianter er tilgjengelige med opptil 7 forskjellige oljebehandlinger, s\u00e5 totalt utvalg inneholder mange forskjellige varianter. Hvis du velger en oljebehandlet benkeplate, leveres den med <\/span><span lang=\"no\">\u00f8nsket pleieprodukt, slik <\/span><span lang=\"no\">at du kan etterbehandle platen etter montering. Til dette form\u00e5l, har DFI-Geisler laget en film som viser hvordan du f\u00e5r de beste resultatene.<\/span>[\/vc_column_text][vc_btn title=&raquo;SE HELE MASSIVT TRE SORTIMENT V\u00c5RT&raquo; color=&raquo;success&raquo; link=&raquo;url:https%3A%2F%2Fwww.dfi-geisler.com%2Fmassivtrae-sortiment%2F|target:_blank&raquo;][\/vc_column][vc_column width=&raquo;2\/3&#8243;][vc_single_image image=&raquo;26020&#8243; img_size=&raquo;large&raquo;][\/vc_column][\/vc_row][vc_row css=&raquo;.vc_custom_1534410460189{margin-top: 40px !important;}&raquo;][vc_column width=&raquo;1\/2&#8243;][vc_column_text]<\/p>\n<h4>Vaske<\/h4>\n<p>[\/vc_column_text][vc_single_image image=&raquo;8923&#8243; img_size=&raquo;large&raquo; css=&raquo;.vc_custom_1534937465476{margin-top: 40px !important;}&raquo;][vc_btn title=&raquo;SE V\u00c5RT STORE UTVALG AV VASKER&raquo; color=&raquo;success&raquo; link=&raquo;url:https%3A%2F%2Fwww.dfi-geisler.com%2Fvaske-katalog%2F|target:_blank&raquo;][\/vc_column][vc_column width=&raquo;1\/2&#8243;][vc_column_text]<\/p>\n<h4>Montering av vask<\/h4>\n<p>[\/vc_column_text][vc_column_text]Benkeplaten i tre leveres alltid med underlimt vask. Platens kant mot vasken fases (skj\u00e6res skr\u00e5tt). Det gir deg en elegant overgang mellom treplaten og vasken, og gj\u00f8r samtidig det daglige renholdet enklere.\u00a0Velger du en porselensvask, vil den fasede kanten p\u00e5 benkeplaten g\u00e5 litt ut over kanten p\u00e5 vasken.[\/vc_column_text][vc_single_image image=&raquo;8845&#8243; img_size=&raquo;full&raquo; alignment=&raquo;center&raquo; style=&raquo;vc_box_border&raquo;][vc_column_text]<\/p>\n<p style=\"text-align: center;\"><strong>Underlimt vask<\/strong><\/p>\n<p>[\/vc_column_text][\/vc_column][\/vc_row][vc_row][vc_column][vc_separator color=&raquo;black&raquo; border_width=&raquo;2&#8243; css=&raquo;.vc_custom_1534425122723{margin-top: 40px !important;}&raquo;][\/vc_column][\/vc_row]<\/p>\n<\/div>","protected":false},"excerpt":{"rendered":"<p>[vc_row first_background_type=&raquo;gradient&raquo; first_background_gradient=&raquo;#83bae3||#a672c9||0;100||180||linear&raquo;][vc_column width=&raquo;1\/4&#8243;][vc_wp_custommenu nav_menu=&raquo;173&#8243;][\/vc_column][vc_column width=&raquo;3\/4&#8243;][vc_column_text] Massivt tre [\/vc_column_text][vc_column_text css=&raquo;&raquo;] Et godt valg, hvis du vil gi kj\u00f8kkenet ditt en naturlig gl\u00f8d og varme. Det store<\/p>\n","protected":false},"author":717,"featured_media":0,"parent":0,"menu_order":0,"comment_status":"closed","ping_status":"closed","template":"","meta":{"_monsterinsights_skip_tracking":false,"_monsterinsights_sitenote_active":false,"_monsterinsights_sitenote_note":"","_monsterinsights_sitenote_category":0,"footnotes":""},"class_list":["post-8899","page","type-page","status-publish","hentry"],"aioseo_notices":[],"_links":{"self":[{"href":"https:\/\/www.dfi-geisler.com\/NO\/wp-json\/wp\/v2\/pages\/8899","targetHints":{"allow":["GET"]}}],"collection":[{"href":"https:\/\/www.dfi-geisler.com\/NO\/wp-json\/wp\/v2\/pages"}],"about":[{"href":"https:\/\/www.dfi-geisler.com\/NO\/wp-json\/wp\/v2\/types\/page"}],"author":[{"embeddable":true,"href":"https:\/\/www.dfi-geisler.com\/NO\/wp-json\/wp\/v2\/users\/717"}],"replies":[{"embeddable":true,"href":"https:\/\/www.dfi-geisler.com\/NO\/wp-json\/wp\/v2\/comments?post=8899"}],"version-history":[{"count":88,"href":"https:\/\/www.dfi-geisler.com\/NO\/wp-json\/wp\/v2\/pages\/8899\/revisions"}],"predecessor-version":[{"id":30215,"href":"https:\/\/www.dfi-geisler.com\/NO\/wp-json\/wp\/v2\/pages\/8899\/revisions\/30215"}],"wp:attachment":[{"href":"https:\/\/www.dfi-geisler.com\/NO\/wp-json\/wp\/v2\/media?parent=8899"}],"curies":[{"name":"wp","href":"https:\/\/api.w.org\/{rel}","templated":true}]}}