
{"id":8171,"date":"2018-06-06T12:22:41","date_gmt":"2018-06-06T12:22:41","guid":{"rendered":"http:\/\/www.dfi-geisler.com\/?page_id=8171"},"modified":"2020-02-03T10:43:57","modified_gmt":"2020-02-03T09:43:57","slug":"tryghedspakker","status":"publish","type":"page","link":"https:\/\/www.dfi-geisler.com\/NO\/tryghedspakker\/","title":{"rendered":"tryghedspakker"},"content":{"rendered":"<div class=\"wpb-content-wrapper\"><p>[vc_row full_width=&raquo;stretch_row&raquo; css=&raquo;.vc_custom_1530096782945{background-image: url(http:\/\/www.dfi-geisler.com\/wp-content\/uploads\/2018\/06\/tryghedsbanner.jpg?id=8387) !important;background-position: center !important;background-repeat: no-repeat !important;background-size: cover !important;}&raquo;][vc_column][vc_empty_space height=&raquo;100&#8243;][vc_custom_heading text=&raquo;Trygghetspaket&raquo; font_container=&raquo;tag:h2|text_align:center|color:%23ffffff&raquo; google_fonts=&raquo;font_family:Lato%3A100%2C100italic%2C300%2C300italic%2Cregular%2Citalic%2C700%2C700italic%2C900%2C900italic|font_style:400%20regular%3A400%3Anormal&raquo;][vc_empty_space height=&raquo;100&#8243;][\/vc_column][\/vc_row][vc_row full_width=&raquo;stretch_row&raquo;][vc_column][vc_single_image image=&raquo;8525&#8243; img_size=&raquo;full&raquo; alignment=&raquo;center&raquo; style=&raquo;vc_box_shadow_3d&raquo;][\/vc_column][\/vc_row][vc_row][vc_column][vc_row_inner][vc_column_inner width=&raquo;1\/2&#8243;][vc_column_text css=&raquo;.vc_custom_1531140208308{margin-top: 100px !important;}&raquo;]<\/p>\n<h3 style=\"text-align: center;\">DFI-GEISLER TRYGGHETSPAKKE<\/h3>\n<div class=\"page\" title=\"Page 2\">\n<div class=\"section\">\n<div class=\"layoutArea\">\n<div class=\"column\">\n<div class=\"page\" title=\"Page 2\">\n<div class=\"section\">\n<div class=\"layoutArea\">\n<div class=\"column\">\n<h5 style=\"text-align: center;\">\u00a0En trygghetspakke er en ytelse som inkluderer oppm\u00e5ling\u00a0og montering av benkeplater.<\/h5>\n<h5 style=\"text-align: center;\">Benkeplatene er en viktig del av ditt nye kj\u00f8kken og vi\u00a0\u00f8nsker at du kjenner til hele prosessen rundt trygghetspakken.<\/h5>\n<h5 style=\"text-align: center;\">Med dette heftet vil vi informere om hvordan en\u00a0trygghetspakke fungerer.<\/h5>\n<h5 style=\"text-align: center;\">Kj\u00f8kkenskapene skal v\u00e6re montert f\u00f8r vi kan g\u00e5 i gang.\u00a0En utdannet mont\u00f8r vil deretter komme hjem til deg for\u00a0\u00e5 ta m\u00e5l til de nye benkeplatene (kun Trygghetspakke 1\u00a0og Trygghetspakke 2) .<\/h5>\n<h5 style=\"text-align: center;\">N\u00e5r kontrollm\u00e5lene er foretatt, produseres benkeplatene\u00a0etter v\u00e5re oppm\u00e5linger. 10-12 arbeidsdager* senere\u00a0kommer mont\u00f8ren tilbake og monterer de spesialtilpassede\u00a0benkeplater som passer akkurat ditt kj\u00f8kken.<\/h5>\n<h6 style=\"text-align: center;\">*) Med forbehold for bestillingsvarer, st\u00e5lordrer samt produksjonskapasitet. Det m\u00e5\u00a0ogs\u00e5 forventes lengre leveringstid i pressede perioder, f.eks. ferieperioder.<\/h6>\n<\/div>\n<\/div>\n<\/div>\n<\/div>\n<\/div>\n<\/div>\n<\/div>\n<\/div>\n<p>[\/vc_column_text][vc_empty_space height=&raquo;500&#8243;][vc_single_image image=&raquo;8241&#8243; img_size=&raquo;large&raquo; alignment=&raquo;center&raquo; style=&raquo;vc_box_shadow_3d&raquo; css=&raquo;.vc_custom_1530177679623{margin-top: 100px !important;}&raquo;][vc_column_text css=&raquo;.vc_custom_1531140450950{margin-top: 200px !important;}&raquo;]<\/p>\n<h3 style=\"text-align: center;\">TOLERANSER<\/h3>\n<div class=\"page\" title=\"Page 3\">\n<div class=\"section\">\n<div class=\"layoutArea\">\n<div class=\"column\">\n<div class=\"page\" title=\"Page 3\">\n<div class=\"section\">\n<div class=\"layoutArea\">\n<div class=\"column\">\n<h5 style=\"text-align: center;\">\u00a0Ved trygghetspakker blir benkeplaten din produsert\u00a0etter n\u00f8yaktig de m\u00e5lene kj\u00f8kkenet har. Der vil alltid\u00a0v\u00e6re noen toleranser, b\u00e5de m\u00e5ltoleranser (s\u00e6rlig for\u00a0steinprodukter), avvik i farger og skruktur.<\/h5>\n<\/div>\n<\/div>\n<\/div>\n<\/div>\n<\/div>\n<\/div>\n<\/div>\n<\/div>\n<h5 style=\"text-align: center;\">\u00a0M\u00c5LTOLERANSER<\/h5>\n<div class=\"page\" title=\"Page 3\">\n<div class=\"section\">\n<div class=\"layoutArea\">\n<div class=\"column\">\n<div class=\"page\" title=\"Page 3\">\n<div class=\"section\">\n<div class=\"layoutArea\">\n<div class=\"column\">\n<h5 style=\"text-align: center;\">\u00a0Som produsent av benkeplater overholder vi nedenst\u00e5ende\u00a0toleranser ved oppm\u00e5ling,\u00a0produksjon og montering\u00a0av benkeplaten:<\/h5>\n<\/div>\n<\/div>\n<\/div>\n<\/div>\n<\/div>\n<\/div>\n<\/div>\n<\/div>\n<h5 style=\"text-align: center;\"><span style=\"color: #000000;\"><strong>\u2022 Benkeplater +\/\u2013 2 mm<\/strong><\/span><\/h5>\n<h5 style=\"text-align: center;\"><span style=\"color: #000000;\"><strong>\u2022 Overheng ved d\u00f8rer +\/\u2013 2 mm<\/strong><\/span><\/h5>\n<h5 style=\"text-align: center;\"><span style=\"color: #000000;\"><strong>\u2022 Overheng ved gavl<\/strong><\/span><span style=\"color: #000000;\"><strong>+\/\u2013 2 mm<\/strong><\/span><\/h5>\n<h5 style=\"text-align: center;\"><span style=\"color: #000000;\"><strong>\u2022 Placering av vask +\/\u2013 2 mm<\/strong><\/span><\/h5>\n<h5 style=\"text-align: center;\"><span style=\"color: #000000;\"><strong>\u2022 Placering av komfyr +\/\u2013 2 mm<\/strong><\/span><\/h5>\n<h5 style=\"text-align: center;\"><span style=\"color: #000000;\"><strong>\u2022 Utskj\u00e4rninger +\/\u2013 2 mm<\/strong><\/span><\/h5>\n<h5 style=\"text-align: center;\"><span style=\"color: #000000;\"><strong>\u2022 Fugebredde 5 mm +\/\u2013 2 mm<\/strong><\/span><\/h5>\n<p>[\/vc_column_text][\/vc_column_inner][vc_column_inner width=&raquo;1\/2&#8243;][vc_single_image image=&raquo;8209&#8243; img_size=&raquo;full&raquo; alignment=&raquo;right&raquo; style=&raquo;vc_box_shadow_3d&raquo;][vc_column_text]<\/p>\n<div class=\"page\" title=\"Page 2\">\n<p>&nbsp;<\/p>\n<div class=\"section\">\n<div class=\"layoutArea\">\n<div class=\"column\">\n<div class=\"page\" title=\"Page 2\">\n<div class=\"section\">\n<div class=\"layoutArea\">\n<div class=\"column\">\n<h3 style=\"text-align: center;\">VIKTIG N\u00c5R V\u00c5R MONTERING\u00a0ER FULLF\u00d8RT<\/h3>\n<\/div>\n<\/div>\n<\/div>\n<\/div>\n<\/div>\n<\/div>\n<\/div>\n<\/div>\n<div class=\"page\" title=\"Page 2\">\n<div class=\"section\">\n<div class=\"layoutArea\">\n<div class=\"column\">\n<div class=\"page\" title=\"Page 2\">\n<div class=\"section\">\n<div class=\"layoutArea\">\n<div class=\"column\">\n<h5 style=\"text-align: center;\">\u00a0N\u00e5r monteringen v\u00e5r er fullf\u00f8rt, inkl. fugning (hvis det er\u00a0bestilt),\u00a0 oversender vi en sluttrapport direkte til den oppgitte\u00a0e-postadressen. Med dette anser vi det samlede\u00a0resultatet av monteringen for godkjent, med mindre vi\u00a0mottar en e-post i retur om saken innen tre hverdager.<\/h5>\n<\/div>\n<\/div>\n<\/div>\n<\/div>\n<\/div>\n<\/div>\n<\/div>\n<\/div>\n<p>[\/vc_column_text][vc_single_image image=&raquo;8269&#8243; img_size=&raquo;full&raquo; alignment=&raquo;center&raquo; style=&raquo;vc_box_shadow_3d&raquo; css=&raquo;.vc_custom_1531141074149{margin-top: 300px !important;}&raquo;][\/vc_column_inner][\/vc_row_inner][vc_column_text]<\/p>\n<h3 style=\"text-align: center;\">PROSESSEN HOS DEG\u00a0VED OPPM\u00c5LING\u00a0OG MONTERING AV DINE NYE BENKEPLATER<\/h3>\n<p>[\/vc_column_text][vc_separator border_width=&raquo;3&#8243;][vc_row_inner][vc_column_inner width=&raquo;1\/2&#8243;][vc_column_text]<\/p>\n<h3 style=\"text-align: center;\"><span style=\"color: #f6b200;\">STEG 1<span style=\"color: #000000;\">:\u00a0<\/span><\/span><span style=\"color: #000000;\">F\u00d8RSTE INFORMASJON<\/span><\/h3>\n<div class=\"page\" title=\"Page 4\">\n<div class=\"section\">\n<div class=\"layoutArea\">\n<div class=\"page\" title=\"Page 4\">\n<div class=\"section\">\n<div class=\"layoutArea\">\n<div class=\"column\">\n<h5 style=\"text-align: center;\">\u00a0N\u00e5r du har bestilt ditt nye kj\u00f8kken med benkeplater inkl.\u00a0trygghetspakke, vil du motta en e-post med informasjon\u00a0om hvilken uke butikken forventer \u00e5 utf\u00f8re oppm\u00e5ling av\u00a0ditt kj\u00f8kken.<\/h5>\n<\/div>\n<\/div>\n<\/div>\n<\/div>\n<\/div>\n<\/div>\n<\/div>\n<p>[\/vc_column_text][\/vc_column_inner][vc_column_inner width=&raquo;1\/2&#8243;][vc_single_image image=&raquo;8279&#8243; img_size=&raquo;full&raquo; alignment=&raquo;center&raquo; style=&raquo;vc_box_shadow_3d&raquo;][\/vc_column_inner][\/vc_row_inner][vc_row_inner][vc_column_inner width=&raquo;1\/2&#8243;][vc_single_image image=&raquo;8285&#8243; img_size=&raquo;full&raquo; alignment=&raquo;center&raquo; style=&raquo;vc_box_shadow_3d&raquo;][\/vc_column_inner][vc_column_inner width=&raquo;1\/2&#8243;][vc_column_text]<\/p>\n<h3 style=\"text-align: center;\"><span style=\"color: #f6b200;\">STEG 2<\/span>:\u00a0BESTILLING AV OPPM\u00c5LINGEN<\/h3>\n<div class=\"page\" title=\"Page 5\">\n<div class=\"section\">\n<div class=\"layoutArea\">\n<div class=\"column\">\n<div class=\"page\" title=\"Page 5\">\n<div class=\"section\">\n<div class=\"layoutArea\">\n<div class=\"column\">\n<h5 style=\"text-align: center;\">Ca. 5 hverdager f\u00f8r v\u00e5r oppm\u00e5ler kommer hjem til deg, vil du bli kontaktet per telefon med den presise datoen for oppm\u00e5ling. Vi avtaler i intervaller p\u00e5 4 timer. Det vil si at vi varsler at vi kommer f.eks. mellom kl. 09.00 og 13.00.<\/h5>\n<h5 style=\"text-align: center;\">Hvis du \u00f8nsker at mont\u00f8ren kontakter deg f\u00f8r bes\u00f8ket, avtales dette ved denne telefonsamtalen. N\u00e5r tidspunktet for oppm\u00e5lingen er avtalt, vil du motta en bekreftelse p\u00e5 det avtalte tidspunktet via e-post.<\/h5>\n<\/div>\n<\/div>\n<\/div>\n<\/div>\n<\/div>\n<\/div>\n<\/div>\n<\/div>\n<p>[\/vc_column_text][\/vc_column_inner][\/vc_row_inner][vc_row_inner][vc_column_inner width=&raquo;1\/2&#8243;][vc_column_text]<\/p>\n<h3 style=\"text-align: center;\"><span style=\"color: #f6b200;\">STEG 3<span style=\"color: #000000;\">: DIN FORBEREDELSE F\u00d8R OPPM\u00c5LINGEN<\/span><\/span><\/h3>\n<div class=\"page\" title=\"Page 5\">\n<div class=\"section\">\n<div class=\"layoutArea\">\n<div class=\"column\">\n<div class=\"page\" title=\"Page 5\">\n<div class=\"section\">\n<div class=\"layoutArea\">\n<div class=\"column\">\n<h5 style=\"text-align: center;\">For at mont\u00f8ren skal kunne foreta en korrekt oppm\u00e5ling, er det viktig at alle skap inkl. eventuelle endesider er fastmontert. Det f\u00f8rste mont\u00f8ren gj\u00f8r f\u00f8r oppm\u00e5lingen er \u00e5 kontrollere at skapene er korrekt montert med maks. 2 mm toleranse. Skap skal st\u00e5 i vater og p\u00e5 en rett linje i forkant. En trygghetspakke inkluderer oppm\u00e5ling og montering av benkeplater og eventuelle sprutepaneler. Eventuelle hyller og lignende vil derfor ikke v\u00e6re omfattet.<\/h5>\n<\/div>\n<\/div>\n<\/div>\n<\/div>\n<\/div>\n<\/div>\n<\/div>\n<\/div>\n<p>[\/vc_column_text][\/vc_column_inner][vc_column_inner width=&raquo;1\/2&#8243;][vc_single_image image=&raquo;8289&#8243; img_size=&raquo;full&raquo; alignment=&raquo;center&raquo; style=&raquo;vc_box_shadow_3d&raquo;][\/vc_column_inner][\/vc_row_inner][vc_row_inner][vc_column_inner width=&raquo;1\/2&#8243;][vc_single_image image=&raquo;8305&#8243; img_size=&raquo;full&raquo; alignment=&raquo;center&raquo; style=&raquo;vc_box_shadow_3d&raquo;][\/vc_column_inner][vc_column_inner width=&raquo;1\/2&#8243;][vc_column_text]<\/p>\n<h3 style=\"text-align: center;\"><span style=\"color: #f6b200;\">STEG 4<\/span>:\u00a0 <span style=\"color: #203246;\">OPPM\u00c5LINGEN<\/span><\/h3>\n<div class=\"page\" title=\"Page 6\">\n<div class=\"section\">\n<div class=\"layoutArea\">\n<div class=\"column\">\n<div class=\"page\" title=\"Page 6\">\n<div class=\"section\">\n<div class=\"layoutArea\">\n<div class=\"column\">\n<h5 style=\"text-align: center;\">Hvis mont\u00f8ren under oppm\u00e5lingen hos deg oppdager utskj\u00e6ringer, endrede benkeplatedybder eller lignende som medf\u00f8rer endringer i benkeplateprisen du fikk oppgitt fra butikken, vil butikken bli informert om dette og oppdatere prisen. Mont\u00f8ren vil ogs\u00e5 under oppm\u00e5lingen vurdere om det er mulig \u00e5 f\u00e5 de ferdige benkeplatene inn i boligen. Dersom adgangsforholdene gj\u00f8r at det blir n\u00f8dvendig \u00e5 bruke kran eller ekstra flyttefolk til l\u00f8fting\/b\u00e6ring p\u00e5 grunn av f.eks. vekt eller st\u00f8rrelse p\u00e5 benkeplaten, vil de faktiske omkostninger til dette komme som et tillegg i prisen.<\/h5>\n<\/div>\n<\/div>\n<\/div>\n<\/div>\n<\/div>\n<\/div>\n<\/div>\n<\/div>\n<p>[\/vc_column_text][\/vc_column_inner][\/vc_row_inner][vc_row_inner][vc_column_inner width=&raquo;1\/2&#8243;][vc_column_text]<\/p>\n<h3 style=\"text-align: center;\"><span style=\"color: #f6b200;\">STEG 5<\/span>:\u00a0 <span style=\"color: #203246;\">AVTALE MONTERINGSDAG<\/span><\/h3>\n<div class=\"page\" title=\"Page 7\">\n<div class=\"section\">\n<div class=\"layoutArea\">\n<div class=\"column\">\n<div class=\"page\" title=\"Page 7\">\n<div class=\"section\">\n<div class=\"layoutArea\">\n<div class=\"column\">\n<h5 style=\"text-align: center;\">Etter oppm\u00e5lingen av kj\u00f8kkenskapene settes benkeplatene i produksjon. Ca. 10-12 hverdager* etter oppm\u00e5lingen er benkeplatene klare til montering. Ca. fem arbeidsdager f\u00f8r monteringen kontaktes du igjen per telefon for n\u00e6rmere avtale om dag og tidspunkt for monteringen.<\/h5>\n<h6 style=\"text-align: center;\">*) Med forbehold for bestillingsvarer, st\u00e5lordrer samt produksjonskapasitet. Det m\u00e5 ogs\u00e5 forventes lengre leveringstid i pressede perioder, f.eks. ferieperioder.<\/h6>\n<\/div>\n<\/div>\n<\/div>\n<\/div>\n<\/div>\n<\/div>\n<\/div>\n<\/div>\n<p>[\/vc_column_text][\/vc_column_inner][vc_column_inner width=&raquo;1\/2&#8243;][vc_single_image image=&raquo;8259&#8243; img_size=&raquo;full&raquo; alignment=&raquo;center&raquo; style=&raquo;vc_box_shadow_3d&raquo;][\/vc_column_inner][\/vc_row_inner][vc_row_inner][vc_column_inner width=&raquo;1\/2&#8243;][vc_single_image image=&raquo;8313&#8243; img_size=&raquo;full&raquo; alignment=&raquo;center&raquo; style=&raquo;vc_box_shadow_3d&raquo;][\/vc_column_inner][vc_column_inner width=&raquo;1\/2&#8243;][vc_column_text]<\/p>\n<h3 style=\"text-align: center;\"><span style=\"color: #f6b200;\">STEG 6<\/span>:\u00a0 <span style=\"color: #203246;\">MONTERING<\/span><\/h3>\n<div class=\"page\" title=\"Page 7\">\n<div class=\"section\">\n<div class=\"layoutArea\">\n<div class=\"column\">\n<div class=\"page\" title=\"Page 7\">\n<div class=\"section\">\n<div class=\"layoutArea\">\n<div class=\"column\">\n<h5 style=\"text-align: center;\">Ved monteringen vil det normalt komme to mont\u00f8rer. Mont\u00f8rene vil begynne med \u00e5 kontrollere benkeplatene for eventuelle transportskader. Deretter monteres benkeplatene inkl. fuger ved endekanter og bakkanter, dersom veggene er klare til fuging. Det fuges alltid med enten sort, hvit eller gr\u00e5 fugemasse. Dersom det er bestilt, blir ogs\u00e5 komfyr planlimt av mont\u00f8ren.<\/h5>\n<h5 style=\"text-align: center;\"><strong>MERK: Mont\u00f8ren kobler ikke til vann eller str\u00f8m. <\/strong><\/h5>\n<h5 style=\"text-align: center;\">Monteringen avsluttes ved avt\u00f8rking av benkeplatene samt utf\u00f8ring av en sluttkontroll av benkeplatene og monteringen. Det er veldig viktig at dere husker \u00e5 tildekke gulvene, da v\u00e5re mont\u00f8rer av sikkerhetsmessige \u00e5rsaker vil v\u00e6re if\u00f8rt vernesko. Tildekkingen skal ligge fast og v\u00e6re sklisikker.<\/h5>\n<\/div>\n<\/div>\n<\/div>\n<\/div>\n<\/div>\n<\/div>\n<\/div>\n<\/div>\n<p>[\/vc_column_text][\/vc_column_inner][\/vc_row_inner][vc_empty_space height=&raquo;50px&raquo;][\/vc_column][vc_column][\/vc_column][\/vc_row]<\/p>\n<\/div>","protected":false},"excerpt":{"rendered":"<p>[vc_row full_width=&raquo;stretch_row&raquo; css=&raquo;.vc_custom_1530096782945{background-image: url(http:\/\/www.dfi-geisler.com\/wp-content\/uploads\/2018\/06\/tryghedsbanner.jpg?id=8387) !important;background-position: center !important;background-repeat: no-repeat !important;background-size: cover !important;}&raquo;][vc_column][vc_empty_space height=&raquo;100&#8243;][vc_custom_heading text=&raquo;Trygghetspaket&raquo; font_container=&raquo;tag:h2|text_align:center|color:%23ffffff&raquo; google_fonts=&raquo;font_family:Lato%3A100%2C100italic%2C300%2C300italic%2Cregular%2Citalic%2C700%2C700italic%2C900%2C900italic|font_style:400%20regular%3A400%3Anormal&raquo;][vc_empty_space height=&raquo;100&#8243;][\/vc_column][\/vc_row][vc_row full_width=&raquo;stretch_row&raquo;][vc_column][vc_single_image image=&raquo;8525&#8243; img_size=&raquo;full&raquo; alignment=&raquo;center&raquo; style=&raquo;vc_box_shadow_3d&raquo;][\/vc_column][\/vc_row][vc_row][vc_column][vc_row_inner][vc_column_inner width=&raquo;1\/2&#8243;][vc_column_text css=&raquo;.vc_custom_1531140208308{margin-top: 100px !important;}&raquo;] DFI-GEISLER<\/p>\n","protected":false},"author":717,"featured_media":0,"parent":0,"menu_order":0,"comment_status":"closed","ping_status":"closed","template":"","meta":{"_monsterinsights_skip_tracking":false,"_monsterinsights_sitenote_active":false,"_monsterinsights_sitenote_note":"","_monsterinsights_sitenote_category":0,"footnotes":""},"class_list":["post-8171","page","type-page","status-publish","hentry"],"aioseo_notices":[],"_links":{"self":[{"href":"https:\/\/www.dfi-geisler.com\/NO\/wp-json\/wp\/v2\/pages\/8171","targetHints":{"allow":["GET"]}}],"collection":[{"href":"https:\/\/www.dfi-geisler.com\/NO\/wp-json\/wp\/v2\/pages"}],"about":[{"href":"https:\/\/www.dfi-geisler.com\/NO\/wp-json\/wp\/v2\/types\/page"}],"author":[{"embeddable":true,"href":"https:\/\/www.dfi-geisler.com\/NO\/wp-json\/wp\/v2\/users\/717"}],"replies":[{"embeddable":true,"href":"https:\/\/www.dfi-geisler.com\/NO\/wp-json\/wp\/v2\/comments?post=8171"}],"version-history":[{"count":137,"href":"https:\/\/www.dfi-geisler.com\/NO\/wp-json\/wp\/v2\/pages\/8171\/revisions"}],"predecessor-version":[{"id":17796,"href":"https:\/\/www.dfi-geisler.com\/NO\/wp-json\/wp\/v2\/pages\/8171\/revisions\/17796"}],"wp:attachment":[{"href":"https:\/\/www.dfi-geisler.com\/NO\/wp-json\/wp\/v2\/media?parent=8171"}],"curies":[{"name":"wp","href":"https:\/\/api.w.org\/{rel}","templated":true}]}}