
{"id":695,"date":"2017-02-09T10:44:17","date_gmt":"2017-02-09T10:44:17","guid":{"rendered":"http:\/\/dfigeisler.grafikr.dk\/?page_id=695"},"modified":"2020-05-11T12:45:57","modified_gmt":"2020-05-11T11:45:57","slug":"samarbejdspartnere","status":"publish","type":"page","link":"https:\/\/www.dfi-geisler.com\/NO\/samarbejdspartnere\/","title":{"rendered":"Samarbeidspartnere"},"content":{"rendered":"<div class=\"wpb-content-wrapper\"><p>[vc_row][vc_column]<div class=\"fancy_heading fancy_heading_line\"><h2 class=\"title\">Samarbeidspartnere<\/h2><div class=\"inside\">Vi har valgt \u00e5 satse p\u00e5 en stor egenproduksjon som suppleres med produkter fra utvalgte samarbeidspartnere. I tillegg til selve kvaliteten stiller vi store krav til v\u00e5re partneres p\u00e5litelighet og leveringssikkerhet. De m\u00e5 leve opp til kravet v\u00e5rt om punktlig levering.<\/div><\/div>\n[\/vc_column][\/vc_row][vc_row css=&raquo;.vc_custom_1486642278638{margin-bottom: 10px !important;}&raquo;][vc_column width=&raquo;1\/3&#8243; el_class=&raquo; animated fadeInLeft delay2 duration3 eds-on-scroll &laquo;]<div data-id=\"mpc_image-786a04d1a6199e5\" onclick=\"\" class=\"mpc-image mpc-init \" ><a href=\"http:\/\/www.intra-teka.com\/dansk\" target=\" _blank\" title=\"\"  class=\"mpc-item mpc-transition\"><img decoding=\"async\" width=\"118\" height=\"59\" src=\"https:\/\/www.dfi-geisler.com\/wp-content\/uploads\/2017\/02\/intra.jpg\" class=\"mpc-transition attachment-medium\" alt=\"\" title=\"intra\" srcset=\"https:\/\/www.dfi-geisler.com\/wp-content\/uploads\/2017\/02\/intra.jpg 118w, https:\/\/www.dfi-geisler.com\/wp-content\/uploads\/2017\/02\/intra-50x25.jpg 50w, https:\/\/www.dfi-geisler.com\/wp-content\/uploads\/2017\/02\/intra-100x50.jpg 100w\" sizes=\"(max-width: 118px) 100vw, 118px\" \/><\/a><\/div>[vc_column_text]<\/p>\n<p class=\"p1\"><span class=\"s1\">Intra tilbyr et bredt utvalg av kj\u00f8kkenvasker av h\u00f8y kvalitet i mange st\u00f8rrelser og design, med forskjellige praktiske funksjoner og detaljer. Ta deg god tid til \u00e5 velge riktig modell, og opplev gleden ved Intra-kvalitet hver dag i mange \u00e5r fremover.<\/span><\/p>\n<p>[\/vc_column_text][\/vc_column][vc_column width=&raquo;1\/3&#8243; el_class=&raquo; animated fadeInLeft delay3 duration3 eds-on-scroll &laquo;]<div data-id=\"mpc_image-1006a04d1a619b43\" onclick=\"\" class=\"mpc-image mpc-init \" ><a href=\"http:\/\/www.blanco.dk\/\" target=\" _blank\" title=\"\"  class=\"mpc-item mpc-transition\"><img decoding=\"async\" width=\"118\" height=\"59\" src=\"https:\/\/www.dfi-geisler.com\/wp-content\/uploads\/2017\/02\/BLANCO.jpg\" class=\"mpc-transition attachment-medium\" alt=\"\" title=\"BLANCO\" srcset=\"https:\/\/www.dfi-geisler.com\/wp-content\/uploads\/2017\/02\/BLANCO.jpg 118w, https:\/\/www.dfi-geisler.com\/wp-content\/uploads\/2017\/02\/BLANCO-50x25.jpg 50w, https:\/\/www.dfi-geisler.com\/wp-content\/uploads\/2017\/02\/BLANCO-100x50.jpg 100w\" sizes=\"(max-width: 118px) 100vw, 118px\" \/><\/a><\/div>[vc_column_text]<\/p>\n<p class=\"p1\"><span class=\"s1\">Blanco betrakter kj\u00f8kkenvasken som en arbeidsstasjon som skal oppfylle individuelle behov. Med dette utgangspunktet utvikler Blanco multifunksjonelle vasker som kan kombineres i et utall varianter og oppfylle dine personlige \u00f8nsker.<\/span><\/p>\n<p>[\/vc_column_text][\/vc_column][vc_column width=&raquo;1\/3&#8243; el_class=&raquo; animated fadeInLeft delay4 duration3 eds-on-scroll &laquo;]<div data-id=\"mpc_image-256a04d1a619c86\" onclick=\"\" class=\"mpc-image mpc-init \" ><a href=\"https:\/\/www.franke.com\/dk\/da.html\" target=\" _blank\" title=\"\"  class=\"mpc-item mpc-transition\"><img decoding=\"async\" width=\"118\" height=\"59\" src=\"https:\/\/www.dfi-geisler.com\/wp-content\/uploads\/2017\/02\/Franke.jpg\" class=\"mpc-transition attachment-medium\" alt=\"\" title=\"Franke\" srcset=\"https:\/\/www.dfi-geisler.com\/wp-content\/uploads\/2017\/02\/Franke.jpg 118w, https:\/\/www.dfi-geisler.com\/wp-content\/uploads\/2017\/02\/Franke-50x25.jpg 50w, https:\/\/www.dfi-geisler.com\/wp-content\/uploads\/2017\/02\/Franke-100x50.jpg 100w\" sizes=\"(max-width: 118px) 100vw, 118px\" \/><\/a><\/div>[vc_column_text]<\/p>\n<p class=\"p1\"><span class=\"s1\">Franke har over 70 \u00e5rs erfaring med \u00e5 produsere kj\u00f8kkenvasker med vekt p\u00e5 kvalitet, funksjonalitet og design. Alle vaskene oppfyller kravene til moderne arbeidsforhold \u2013 og utvalget gir l\u00f8sninger for enhver smak.<\/span><\/p>\n<p>[\/vc_column_text][\/vc_column][\/vc_row][vc_row css=&raquo;.vc_custom_1486642291793{margin-bottom: 10px !important;}&raquo;][vc_column width=&raquo;1\/3&#8243; el_class=&raquo; animated fadeInLeft delay2 duration3 eds-on-scroll &laquo;]<div data-id=\"mpc_image-386a04d1a619e2b\" onclick=\"\" class=\"mpc-image mpc-init \" ><a href=\"http:\/\/strandvvs.se\/\" target=\" _blank\" title=\"\"  class=\"mpc-item mpc-transition\"><img loading=\"lazy\" decoding=\"async\" width=\"101\" height=\"59\" src=\"https:\/\/www.dfi-geisler.com\/wp-content\/uploads\/2017\/02\/strand.jpg.png\" class=\"mpc-transition attachment-medium\" alt=\"\" title=\"strand.jpg\" srcset=\"https:\/\/www.dfi-geisler.com\/wp-content\/uploads\/2017\/02\/strand.jpg.png 101w, https:\/\/www.dfi-geisler.com\/wp-content\/uploads\/2017\/02\/strand.jpg-50x29.png 50w, https:\/\/www.dfi-geisler.com\/wp-content\/uploads\/2017\/02\/strand.jpg-100x58.png 100w\" sizes=\"(max-width: 101px) 100vw, 101px\" \/><\/a><\/div>[vc_column_text]<\/p>\n<p class=\"p1\"><span class=\"s1\">Strand vvs er et svensk firma som gjennom mange \u00e5r har produsert kvalitetsvasker med fokus p\u00e5 design og lang levetid.<\/span><\/p>\n<p>[\/vc_column_text][\/vc_column][vc_column width=&raquo;1\/3&#8243; el_class=&raquo; animated fadeInLeft delay3 duration3 eds-on-scroll &laquo;]<div data-id=\"mpc_image-286a04d1a619f89\" onclick=\"\" class=\"mpc-image mpc-init \" ><a href=\"http:\/\/www.cassoe.dk\/\" target=\" _blank\" title=\"\"  class=\"mpc-item mpc-transition\"><img loading=\"lazy\" decoding=\"async\" width=\"118\" height=\"59\" src=\"https:\/\/www.dfi-geisler.com\/wp-content\/uploads\/2017\/02\/Lavabo.jpg\" class=\"mpc-transition attachment-medium\" alt=\"\" title=\"Lavabo\" srcset=\"https:\/\/www.dfi-geisler.com\/wp-content\/uploads\/2017\/02\/Lavabo.jpg 118w, https:\/\/www.dfi-geisler.com\/wp-content\/uploads\/2017\/02\/Lavabo-50x25.jpg 50w, https:\/\/www.dfi-geisler.com\/wp-content\/uploads\/2017\/02\/Lavabo-100x50.jpg 100w\" sizes=\"(max-width: 118px) 100vw, 118px\" \/><\/a><\/div>[vc_column_text]<\/p>\n<p class=\"p1\"><span class=\"s1\">Lavabo\u00a0tilbyr et utvalg av vasker til baderommet i forskjellige st\u00f8rrelser og design.<\/span><\/p>\n<p>[\/vc_column_text][\/vc_column][vc_column width=&raquo;1\/3&#8243; el_class=&raquo; animated fadeInLeft delay4 duration3 eds-on-scroll &laquo;][\/vc_column][\/vc_row][vc_row][vc_column width=&raquo;1\/3&#8243; el_class=&raquo; animated fadeInLeft duration3 eds-on-scroll &laquo;][\/vc_column][vc_column width=&raquo;1\/3&#8243; el_class=&raquo; animated fadeInLeft duration3 eds-on-scroll&raquo;][\/vc_column][vc_column width=&raquo;1\/3&#8243; el_class=&raquo; animated fadeInLeft duration3 eds-on-scroll &laquo;][\/vc_column][\/vc_row]<\/p>\n<\/div>","protected":false},"excerpt":{"rendered":"<p>[vc_row][vc_column][\/vc_column][\/vc_row][vc_row css=&raquo;.vc_custom_1486642278638{margin-bottom: 10px !important;}&raquo;][vc_column width=&raquo;1\/3&#8243; el_class=&raquo; animated fadeInLeft delay2 duration3 eds-on-scroll &laquo;][vc_column_text] Intra tilbyr et bredt utvalg av kj\u00f8kkenvasker av h\u00f8y kvalitet i mange st\u00f8rrelser og<\/p>\n","protected":false},"author":1,"featured_media":0,"parent":0,"menu_order":0,"comment_status":"closed","ping_status":"closed","template":"","meta":{"_monsterinsights_skip_tracking":false,"_monsterinsights_sitenote_active":false,"_monsterinsights_sitenote_note":"","_monsterinsights_sitenote_category":0,"footnotes":""},"class_list":["post-695","page","type-page","status-publish","hentry"],"aioseo_notices":[],"_links":{"self":[{"href":"https:\/\/www.dfi-geisler.com\/NO\/wp-json\/wp\/v2\/pages\/695","targetHints":{"allow":["GET"]}}],"collection":[{"href":"https:\/\/www.dfi-geisler.com\/NO\/wp-json\/wp\/v2\/pages"}],"about":[{"href":"https:\/\/www.dfi-geisler.com\/NO\/wp-json\/wp\/v2\/types\/page"}],"author":[{"embeddable":true,"href":"https:\/\/www.dfi-geisler.com\/NO\/wp-json\/wp\/v2\/users\/1"}],"replies":[{"embeddable":true,"href":"https:\/\/www.dfi-geisler.com\/NO\/wp-json\/wp\/v2\/comments?post=695"}],"version-history":[{"count":66,"href":"https:\/\/www.dfi-geisler.com\/NO\/wp-json\/wp\/v2\/pages\/695\/revisions"}],"predecessor-version":[{"id":19756,"href":"https:\/\/www.dfi-geisler.com\/NO\/wp-json\/wp\/v2\/pages\/695\/revisions\/19756"}],"wp:attachment":[{"href":"https:\/\/www.dfi-geisler.com\/NO\/wp-json\/wp\/v2\/media?parent=695"}],"curies":[{"name":"wp","href":"https:\/\/api.w.org\/{rel}","templated":true}]}}