
{"id":578,"date":"2017-01-31T07:53:27","date_gmt":"2017-01-31T07:53:27","guid":{"rendered":"http:\/\/dfigeisler.grafikr.dk\/?page_id=578"},"modified":"2022-11-10T15:08:50","modified_gmt":"2022-11-10T14:08:50","slug":"kontakt","status":"publish","type":"page","link":"https:\/\/www.dfi-geisler.com\/NO\/kontakt\/","title":{"rendered":"Kontakt"},"content":{"rendered":"<div class=\"wpb-content-wrapper\"><p>[vc_row][vc_column][vc_column_text]<\/p>\n<h2>Kontakt<\/h2>\n<p>[\/vc_column_text][\/vc_column][\/vc_row][vc_row][vc_column width=&raquo;1\/2&#8243;][vc_column_text]<\/p>\n<p class=\"p1\"><span class=\"s1\">Har du sp\u00f8rsm\u00e5l til v\u00e5re produkter, v\u00e5r bedrift eller andre ting, skal du v\u00e6re velkommen til \u00e5 kontakte oss.<\/span><\/p>\n<p class=\"p1\"><span class=\"s1\">Du kan kontakte oss p\u00e5 f\u00f8lgende m\u00e5ter<\/span><\/p>\n<p class=\"p4\"><span class=\"s1\">Telefon: +45 72 312 312<\/span><\/p>\n<p class=\"p5\"><span class=\"s2\">Email: <a href=\"mailto:info@dfi-geisler.com\"><span class=\"s3\">info@dfi-geisler.com<\/span><\/a><\/span><\/p>\n<p class=\"p4\"><span class=\"s1\">DFI-GEISLER A\/S<\/span><\/p>\n<p class=\"p4\"><span class=\"s1\">Industrivej 21<\/span><\/p>\n<p class=\"p4\"><span class=\"s1\">DK-7900 Nyk\u00f8bing Mors<\/span><\/p>\n<p class=\"p4\"><span class=\"s1\">Eller bruk v\u00e5r kontaktformular til h\u00f8yre<\/span><\/p>\n<p>\u00a0[\/vc_column_text][\/vc_column][vc_column width=&raquo;1\/2&#8243;][vc_column_text]\n<div class=\"wpcf7 no-js\" id=\"wpcf7-f6208-o2\" lang=\"da-DK\" dir=\"ltr\" data-wpcf7-id=\"6208\">\n<div class=\"screen-reader-response\"><p role=\"status\" aria-live=\"polite\" aria-atomic=\"true\"><\/p> <ul><\/ul><\/div>\n<form action=\"\/NO\/wp-json\/wp\/v2\/pages\/578#wpcf7-f6208-o2\" method=\"post\" class=\"wpcf7-form init\" aria-label=\"Kontaktformular\" novalidate=\"novalidate\" data-status=\"init\">\n<fieldset class=\"hidden-fields-container\"><input type=\"hidden\" name=\"_wpcf7\" value=\"6208\" \/><input type=\"hidden\" name=\"_wpcf7_version\" value=\"6.1.5\" \/><input type=\"hidden\" name=\"_wpcf7_locale\" value=\"da_DK\" \/><input type=\"hidden\" name=\"_wpcf7_unit_tag\" value=\"wpcf7-f6208-o2\" \/><input type=\"hidden\" name=\"_wpcf7_container_post\" value=\"0\" \/><input type=\"hidden\" name=\"_wpcf7_posted_data_hash\" value=\"\" \/><input type=\"hidden\" name=\"_wpcf7_recaptcha_response\" value=\"\" \/>\n<\/fieldset>\n<p><label> Ditt navn (skal utfylles)<br \/>\n<span class=\"wpcf7-form-control-wrap\" data-name=\"your-name\"><input size=\"40\" maxlength=\"400\" class=\"wpcf7-form-control wpcf7-text wpcf7-validates-as-required\" aria-required=\"true\" aria-invalid=\"false\" value=\"\" type=\"text\" name=\"your-name\" \/><\/span> <\/label>\n<\/p>\n<p><label> din e-mail (skal utfylles)<br \/>\n<span class=\"wpcf7-form-control-wrap\" data-name=\"your-email\"><input size=\"40\" maxlength=\"400\" class=\"wpcf7-form-control wpcf7-email wpcf7-validates-as-required wpcf7-text wpcf7-validates-as-email\" aria-required=\"true\" aria-invalid=\"false\" value=\"\" type=\"email\" name=\"your-email\" \/><\/span> <\/label>\n<\/p>\n<p><label> emne<br \/>\n<span class=\"wpcf7-form-control-wrap\" data-name=\"your-subject\"><input size=\"40\" maxlength=\"400\" class=\"wpcf7-form-control wpcf7-text\" aria-invalid=\"false\" value=\"\" type=\"text\" name=\"your-subject\" \/><\/span> <\/label>\n<\/p>\n<p><label> din beskjed<br \/>\n<span class=\"wpcf7-form-control-wrap\" data-name=\"your-message\"><textarea cols=\"40\" rows=\"10\" maxlength=\"2000\" class=\"wpcf7-form-control wpcf7-textarea\" aria-invalid=\"false\" name=\"your-message\"><\/textarea><\/span> <\/label>\n<\/p>\n\n<p><input class=\"wpcf7-form-control wpcf7-submit has-spinner\" type=\"submit\" value=\"sende til DFI-Geisler\" \/>\n<\/p><div class=\"wpcf7-response-output\" aria-hidden=\"true\"><\/div>\n<\/form>\n<\/div>\n[\/vc_column_text][\/vc_column][\/vc_row]<\/p>\n<\/div>","protected":false},"excerpt":{"rendered":"<p>[vc_row][vc_column][vc_column_text] Kontakt [\/vc_column_text][\/vc_column][\/vc_row][vc_row][vc_column width=&raquo;1\/2&#8243;][vc_column_text] Har du sp\u00f8rsm\u00e5l til v\u00e5re produkter, v\u00e5r bedrift eller andre ting, skal du v\u00e6re velkommen til \u00e5 kontakte oss. Du kan kontakte<\/p>\n","protected":false},"author":1,"featured_media":0,"parent":0,"menu_order":0,"comment_status":"closed","ping_status":"closed","template":"","meta":{"_monsterinsights_skip_tracking":false,"_monsterinsights_sitenote_active":false,"_monsterinsights_sitenote_note":"","_monsterinsights_sitenote_category":0,"footnotes":""},"class_list":["post-578","page","type-page","status-publish","hentry"],"aioseo_notices":[],"_links":{"self":[{"href":"https:\/\/www.dfi-geisler.com\/NO\/wp-json\/wp\/v2\/pages\/578","targetHints":{"allow":["GET"]}}],"collection":[{"href":"https:\/\/www.dfi-geisler.com\/NO\/wp-json\/wp\/v2\/pages"}],"about":[{"href":"https:\/\/www.dfi-geisler.com\/NO\/wp-json\/wp\/v2\/types\/page"}],"author":[{"embeddable":true,"href":"https:\/\/www.dfi-geisler.com\/NO\/wp-json\/wp\/v2\/users\/1"}],"replies":[{"embeddable":true,"href":"https:\/\/www.dfi-geisler.com\/NO\/wp-json\/wp\/v2\/comments?post=578"}],"version-history":[{"count":65,"href":"https:\/\/www.dfi-geisler.com\/NO\/wp-json\/wp\/v2\/pages\/578\/revisions"}],"predecessor-version":[{"id":26962,"href":"https:\/\/www.dfi-geisler.com\/NO\/wp-json\/wp\/v2\/pages\/578\/revisions\/26962"}],"wp:attachment":[{"href":"https:\/\/www.dfi-geisler.com\/NO\/wp-json\/wp\/v2\/media?parent=578"}],"curies":[{"name":"wp","href":"https:\/\/api.w.org\/{rel}","templated":true}]}}