
{"id":36107,"date":"2025-07-08T07:24:45","date_gmt":"2025-07-08T06:24:45","guid":{"rendered":"https:\/\/www.dfi-geisler.com\/?page_id=36107"},"modified":"2025-12-15T13:21:41","modified_gmt":"2025-12-15T12:21:41","slug":"astoria","status":"publish","type":"page","link":"https:\/\/www.dfi-geisler.com\/NO\/astoria\/","title":{"rendered":"Astoria"},"content":{"rendered":"<div class=\"wpb-content-wrapper\"><p>[vc_row][vc_column][vc_column_text css=&raquo;&raquo;]<\/p>\n<h2 style=\"text-align: left;\"><span style=\"color: #f6b200;\"><span style=\"color: #203246;\">Astoria<\/span><\/span><\/h2>\n<h5>Astoria er et naturprodukt med store variasjoner i farge og struktur. Ingen Astoria benkeplater i verden er like.<\/h5>\n<h5>Har du sett en liten pr\u00f8ve, vil den endelige benkeplaten variere fra pr\u00f8ven. Utseendet er forskjellig avhengig av hvilken r\u00e5plate den er sk\u00e5ret fra, og hvor p\u00e5 platen den er sk\u00e5ret.<\/h5>\n<h5>Nedenfor ser du eksempler p\u00e5 hvordan hele plater ser ut.<\/h5>\n<p>[\/vc_column_text][\/vc_column][\/vc_row][vc_row el_class=&raquo;belvedere-images&raquo;][vc_column][vc_images_carousel images=&raquo;36114,36113,36112,36111,36110,36109,36108,36115&#8243; img_size=&raquo;large&raquo; autoplay=&raquo;yes&raquo; wrap=&raquo;yes&raquo; css=&raquo;.vc_custom_1765800770087{padding-top: -100px !important;}&raquo;][vc_column_text css=&raquo;&raquo; el_class=&raquo;belvedere-images&raquo;]<\/p>\n<h3 style=\"text-align: center;\"><span style=\"color: #203246;\">Platene p\u00e5 bildene m\u00e5ler ca. 2900 mm x 1350 mm<\/span><\/h3>\n<h6 style=\"text-align: center;\"><span style=\"color: #203246;\"><strong>Bemerk;<\/strong> Ovenst\u00e5ende er utelukkende eksempler for de forskjeller som er i farge og struktur. Det leverede produkt vil variere i forhold til ovenst\u00e5ende bilder.<\/span><\/h6>\n<p>[\/vc_column_text][vc_empty_space height=&raquo;50&#8243;][\/vc_column][\/vc_row]<\/p>\n<\/div>","protected":false},"excerpt":{"rendered":"<p>[vc_row][vc_column][vc_column_text css=&raquo;&raquo;] Astoria Astoria er et naturprodukt med store variasjoner i farge og struktur. Ingen Astoria benkeplater i verden er like. Har du sett en liten<\/p>\n","protected":false},"author":717,"featured_media":0,"parent":0,"menu_order":0,"comment_status":"closed","ping_status":"closed","template":"","meta":{"_monsterinsights_skip_tracking":false,"_monsterinsights_sitenote_active":false,"_monsterinsights_sitenote_note":"","_monsterinsights_sitenote_category":0,"footnotes":""},"class_list":["post-36107","page","type-page","status-publish","hentry"],"aioseo_notices":[],"_links":{"self":[{"href":"https:\/\/www.dfi-geisler.com\/NO\/wp-json\/wp\/v2\/pages\/36107","targetHints":{"allow":["GET"]}}],"collection":[{"href":"https:\/\/www.dfi-geisler.com\/NO\/wp-json\/wp\/v2\/pages"}],"about":[{"href":"https:\/\/www.dfi-geisler.com\/NO\/wp-json\/wp\/v2\/types\/page"}],"author":[{"embeddable":true,"href":"https:\/\/www.dfi-geisler.com\/NO\/wp-json\/wp\/v2\/users\/717"}],"replies":[{"embeddable":true,"href":"https:\/\/www.dfi-geisler.com\/NO\/wp-json\/wp\/v2\/comments?post=36107"}],"version-history":[{"count":4,"href":"https:\/\/www.dfi-geisler.com\/NO\/wp-json\/wp\/v2\/pages\/36107\/revisions"}],"predecessor-version":[{"id":37936,"href":"https:\/\/www.dfi-geisler.com\/NO\/wp-json\/wp\/v2\/pages\/36107\/revisions\/37936"}],"wp:attachment":[{"href":"https:\/\/www.dfi-geisler.com\/NO\/wp-json\/wp\/v2\/media?parent=36107"}],"curies":[{"name":"wp","href":"https:\/\/api.w.org\/{rel}","templated":true}]}}