
{"id":35818,"date":"2025-07-03T12:58:55","date_gmt":"2025-07-03T11:58:55","guid":{"rendered":"https:\/\/www.dfi-geisler.com\/?page_id=35818"},"modified":"2026-04-09T08:20:38","modified_gmt":"2026-04-09T07:20:38","slug":"dokumentation","status":"publish","type":"page","link":"https:\/\/www.dfi-geisler.com\/NO\/dokumentation\/","title":{"rendered":"Dokumentation"},"content":{"rendered":"<p class=\"qtranxs-available-languages-message qtranxs-available-languages-message-NO\">Sorry, this entry is only available in <a href=\"https:\/\/www.dfi-geisler.com\/da\/wp-json\/wp\/v2\/pages\/35818\" class=\"qtranxs-available-language-link qtranxs-available-language-link-da\" title=\"Dansk\">Dansk<\/a>. For the sake of viewer convenience, the content is shown below in the alternative language. You may click the link to switch the active language.<\/p><div class=\"wpb-content-wrapper\"><p>[vc_row full_width=&raquo;stretch_row_content&raquo; css=&raquo;.vc_custom_1633520636863{padding-top: 100px !important;padding-bottom: 65px !important;background-image: url(https:\/\/www.dfi-geisler.com\/wp-content\/uploads\/2021\/09\/Coverbillede-dfi-geisler-farver-moerk-scaled.jpg?id=24531) !important;background-position: center !important;background-repeat: no-repeat !important;background-size: cover !important;}&raquo;][vc_column][vc_row_inner][vc_column_inner offset=&raquo;vc_hidden-xs&raquo;][vc_custom_heading text=&raquo;Dokumentation&raquo; font_container=&raquo;tag:h1|font_size:90|text_align:center|color:%23ffffff&raquo; use_theme_fonts=&raquo;yes&raquo; css=&raquo;&raquo;][\/vc_column_inner][\/vc_row_inner][vc_row_inner][vc_column_inner offset=&raquo;vc_hidden-lg vc_hidden-md vc_hidden-sm&raquo;][vc_custom_heading text=&raquo;Dokumentation&raquo; font_container=&raquo;tag:h1|font_size:40|text_align:center|color:%23ffffff&raquo; use_theme_fonts=&raquo;yes&raquo; css=&raquo;.vc_custom_1751545662909{padding-bottom: 30px !important;}&raquo;][\/vc_column_inner][\/vc_row_inner][\/vc_column][\/vc_row][vc_row full_width=&raquo;stretch_row_content&raquo; el_class=&raquo;shop-billeder&raquo;][vc_column][vc_empty_space height=&raquo;10px&raquo;][vc_column_text css=&raquo;&raquo;]<\/p>\n<h5 style=\"text-align: center;\"><span style=\"color: #333333;\">DFI-GEISLER arbejder for en b\u00e6redygtig fremtid &#8211; og dokumentation er en vigtig del af den indsats.<br \/>\nP\u00e5 denne side har vi samlet dokumentation p\u00e5 tv\u00e6rs af vores produktkategorier, i to overskuelige sektioner.<\/span><\/h5>\n<h5 style=\"text-align: center;\"><span style=\"color: #333333;\"><strong>Milj\u00f8dokumentation<\/strong>: Her finder du milj\u00f8varedeklarationer (EPD), informationer om SCD Portalen m.m.<br \/>\n<strong>Teknisk dokumentation<\/strong>: Her har vi samlet sikkerhedsdatablade, montagevejledninger, vedligeholdelsesvejledninger samt yderligere informative bilag.<\/span><\/h5>\n<p>[\/vc_column_text][vc_empty_space height=&raquo;30px&raquo;][\/vc_column][\/vc_row][vc_row full_width=&raquo;stretch_row_content&raquo; equal_height=&raquo;yes&raquo; el_class=&raquo;shop-billeder&raquo;][vc_column width=&raquo;1\/3&#8243;][vc_single_image image=&raquo;8703&#8243; img_size=&raquo;500&#215;300&#8243; css=&raquo;&raquo;][vc_column_text css=&raquo;&raquo;]<\/p>\n<h3>Laminat<\/h3>\n<p>[\/vc_column_text][vc_empty_space height=&raquo;15px&raquo;][vc_row_inner][vc_column_inner width=&raquo;1\/2&#8243;][vc_btn title=&raquo;Milj\u00f8dokumentation&raquo; color=&raquo;inverse&raquo; size=&raquo;sm&raquo; css=&raquo;.vc_custom_1770639368497{margin-left: px !important;}&raquo; link=&raquo;url:https%3A%2F%2Fwww.dfi-geisler.com%2Flaminat-miljoedokumentation%2F&raquo;][vc_empty_space height=&raquo;5px&raquo;][\/vc_column_inner][vc_column_inner width=&raquo;1\/2&#8243;][vc_btn title=&raquo;Teknisk dokumentation&raquo; color=&raquo;inverse&raquo; size=&raquo;sm&raquo; align=&raquo;left&raquo; css=&raquo;&raquo; link=&raquo;url:https%3A%2F%2Fwww.dfi-geisler.com%2Flaminat-teknisk-dokumentation%2F&raquo;][vc_empty_space height=&raquo;5px&raquo;][\/vc_column_inner][\/vc_row_inner][\/vc_column][vc_column width=&raquo;1\/3&#8243;][vc_single_image image=&raquo;18485&#8243; img_size=&raquo;500&#215;300&#8243; css=&raquo;&raquo;][vc_column_text css=&raquo;.vc_custom_1751892906104{margin-left: px !important;}&raquo;]<\/p>\n<h3>Linoleum<\/h3>\n<p>[\/vc_column_text][vc_empty_space height=&raquo;15px&raquo;][vc_row_inner][vc_column_inner width=&raquo;1\/2&#8243;][vc_btn title=&raquo;Milj\u00f8dokumentation&raquo; color=&raquo;inverse&raquo; size=&raquo;sm&raquo; css=&raquo;&raquo; link=&raquo;url:https%3A%2F%2Fwww.dfi-geisler.com%2Flinoleum-miljoedokumentation%2F&raquo;][vc_empty_space height=&raquo;5px&raquo;][\/vc_column_inner][vc_column_inner width=&raquo;1\/2&#8243;][vc_btn title=&raquo;Teknisk dokumentation&raquo; color=&raquo;inverse&raquo; size=&raquo;sm&raquo; css=&raquo;&raquo; link=&raquo;url:https%3A%2F%2Fwww.dfi-geisler.com%2Flinoleum-teknisk-dokumentation%2F&raquo;][vc_empty_space height=&raquo;5px&raquo;][\/vc_column_inner][\/vc_row_inner][\/vc_column][vc_column width=&raquo;1\/3&#8243;][vc_single_image image=&raquo;29600&#8243; img_size=&raquo;500&#215;300&#8243; css=&raquo;&raquo;][vc_column_text css=&raquo;.vc_custom_1751892897731{margin-left: px !important;}&raquo;]<\/p>\n<h3>Fibertops\u00ae<\/h3>\n<p>[\/vc_column_text][vc_empty_space height=&raquo;15px&raquo;][vc_row_inner][vc_column_inner width=&raquo;1\/2&#8243;][vc_btn title=&raquo;Milj\u00f8dokumentation&raquo; color=&raquo;inverse&raquo; size=&raquo;sm&raquo; css=&raquo;&raquo; link=&raquo;url:https%3A%2F%2Fwww.dfi-geisler.com%2Ffibertops-miljoedokumentation%2F&raquo;][vc_empty_space height=&raquo;5px&raquo;][\/vc_column_inner][vc_column_inner width=&raquo;1\/2&#8243;][vc_btn title=&raquo;Teknisk dokumentation&raquo; color=&raquo;inverse&raquo; size=&raquo;sm&raquo; css=&raquo;&raquo; link=&raquo;url:https%3A%2F%2Fwww.dfi-geisler.com%2Ffibertops-teknisk-dokumentation%2F&raquo;][vc_empty_space height=&raquo;5px&raquo;][\/vc_column_inner][\/vc_row_inner][\/vc_column][\/vc_row][vc_row][vc_column offset=&raquo;vc_hidden-xs&raquo;][vc_empty_space height=&raquo;25&#8243;][\/vc_column][\/vc_row][vc_row full_width=&raquo;stretch_row_content&raquo; equal_height=&raquo;yes&raquo; el_class=&raquo;shop-billeder&raquo; css=&raquo;.vc_custom_1751894259583{margin-top: px !important;}&raquo;][vc_column width=&raquo;1\/3&#8243;][vc_single_image image=&raquo;27441&#8243; img_size=&raquo;500&#215;300&#8243; css=&raquo;&raquo;][vc_column_text css=&raquo;&raquo;]<\/p>\n<h3>Kompaktlaminat<\/h3>\n<p>[\/vc_column_text][vc_empty_space height=&raquo;15px&raquo;][vc_row_inner][vc_column_inner width=&raquo;1\/2&#8243;][vc_btn title=&raquo;Milj\u00f8dokumentation&raquo; color=&raquo;inverse&raquo; size=&raquo;sm&raquo; css=&raquo;&raquo; link=&raquo;url:https%3A%2F%2Fwww.dfi-geisler.com%2Fkompaktlaminat-miljoedokumentation%2F&raquo;][vc_empty_space height=&raquo;5px&raquo;][\/vc_column_inner][vc_column_inner width=&raquo;1\/2&#8243;][vc_btn title=&raquo;Teknisk dokumentation&raquo; color=&raquo;inverse&raquo; size=&raquo;sm&raquo; css=&raquo;&raquo; link=&raquo;url:https%3A%2F%2Fwww.dfi-geisler.com%2Fkompaktlaminat-teknisk-dokumentation%2F&raquo;][vc_empty_space height=&raquo;5px&raquo;][\/vc_column_inner][\/vc_row_inner][\/vc_column][vc_column width=&raquo;1\/3&#8243;][vc_single_image image=&raquo;8935&#8243; img_size=&raquo;500&#215;300&#8243; css=&raquo;&raquo;][vc_column_text css=&raquo;&raquo;]<\/p>\n<h3>Massivtr\u00e6<\/h3>\n<p>[\/vc_column_text][vc_empty_space height=&raquo;15px&raquo;][vc_row_inner][vc_column_inner width=&raquo;1\/2&#8243;][vc_btn title=&raquo;Milj\u00f8dokumentation&raquo; color=&raquo;inverse&raquo; size=&raquo;sm&raquo; css=&raquo;&raquo; link=&raquo;url:https%3A%2F%2Fwww.dfi-geisler.com%2Fmassivtrae-miljoedokumentation%2F&raquo;][vc_empty_space height=&raquo;5px&raquo;][\/vc_column_inner][vc_column_inner width=&raquo;1\/2&#8243;][vc_btn title=&raquo;Teknisk dokumentation&raquo; color=&raquo;inverse&raquo; size=&raquo;sm&raquo; css=&raquo;&raquo; link=&raquo;url:https%3A%2F%2Fwww.dfi-geisler.com%2Fmassivtrae-teknisk-dokumentation%2F&raquo;][vc_empty_space height=&raquo;5px&raquo;][\/vc_column_inner][\/vc_row_inner][\/vc_column][vc_column width=&raquo;1\/3&#8243;][vc_single_image image=&raquo;8951&#8243; img_size=&raquo;500&#215;300&#8243; css=&raquo;&raquo;][vc_column_text css=&raquo;&raquo;]<\/p>\n<h3>Natursten<\/h3>\n<p>[\/vc_column_text][vc_empty_space height=&raquo;15px&raquo;][vc_row_inner][vc_column_inner width=&raquo;1\/2&#8243;][vc_btn title=&raquo;Milj\u00f8dokumentation&raquo; color=&raquo;inverse&raquo; size=&raquo;sm&raquo; css=&raquo;&raquo; link=&raquo;url:https%3A%2F%2Fwww.dfi-geisler.com%2Fnatursten-miljoedokumentation%2F&raquo;][vc_empty_space height=&raquo;5px&raquo;][\/vc_column_inner][vc_column_inner width=&raquo;1\/2&#8243;][vc_btn title=&raquo;Teknisk dokumentation&raquo; color=&raquo;inverse&raquo; size=&raquo;sm&raquo; css=&raquo;&raquo; link=&raquo;url:https%3A%2F%2Fwww.dfi-geisler.com%2Fnatursten-teknisk-dokumentation%2F&raquo;][vc_empty_space height=&raquo;5px&raquo;][\/vc_column_inner][\/vc_row_inner][\/vc_column][\/vc_row][vc_row][vc_column offset=&raquo;vc_hidden-xs&raquo;][vc_empty_space height=&raquo;25&#8243;][\/vc_column][\/vc_row][vc_row full_width=&raquo;stretch_row_content&raquo; equal_height=&raquo;yes&raquo; el_class=&raquo;shop-billeder&raquo;][vc_column width=&raquo;1\/3&#8243;][vc_single_image image=&raquo;26242&#8243; img_size=&raquo;500&#215;300&#8243; css=&raquo;&raquo;][vc_column_text css=&raquo;&raquo;]<\/p>\n<h3>Kompositsten<\/h3>\n<p>[\/vc_column_text][vc_empty_space height=&raquo;15px&raquo;][vc_row_inner][vc_column_inner width=&raquo;1\/2&#8243;][vc_btn title=&raquo;Milj\u00f8dokumentation&raquo; color=&raquo;inverse&raquo; size=&raquo;sm&raquo; css=&raquo;&raquo; link=&raquo;url:https%3A%2F%2Fwww.dfi-geisler.com%2Fkompositsten-miljoedokumentation%2F&raquo;][vc_empty_space height=&raquo;5px&raquo;][\/vc_column_inner][vc_column_inner width=&raquo;1\/2&#8243;][vc_btn title=&raquo;Teknisk dokumentation&raquo; color=&raquo;inverse&raquo; size=&raquo;sm&raquo; css=&raquo;&raquo; link=&raquo;url:https%3A%2F%2Fwww.dfi-geisler.com%2Fkompositsten-teknisk-dokumentation%2F&raquo;][vc_empty_space height=&raquo;5px&raquo;][\/vc_column_inner][\/vc_row_inner][\/vc_column][vc_column width=&raquo;1\/3&#8243;][vc_single_image image=&raquo;8993&#8243; img_size=&raquo;500&#215;300&#8243; css=&raquo;&raquo;][vc_column_text css=&raquo;&raquo;]<\/p>\n<h3>Keramik<\/h3>\n<p>[\/vc_column_text][vc_empty_space height=&raquo;15px&raquo;][vc_row_inner][vc_column_inner width=&raquo;1\/2&#8243;][vc_btn title=&raquo;Milj\u00f8dokumentation&raquo; color=&raquo;inverse&raquo; size=&raquo;sm&raquo; css=&raquo;&raquo; link=&raquo;url:https%3A%2F%2Fwww.dfi-geisler.com%2Fkeramik-miljoedokumentation%2F&raquo;][vc_empty_space height=&raquo;5px&raquo;][\/vc_column_inner][vc_column_inner width=&raquo;1\/2&#8243;][vc_btn title=&raquo;Teknisk dokumentation&raquo; color=&raquo;inverse&raquo; size=&raquo;sm&raquo; css=&raquo;&raquo; link=&raquo;url:https%3A%2F%2Fwww.dfi-geisler.com%2Fkeramik-teknisk-dokumentation%2F&raquo;][vc_empty_space height=&raquo;5px&raquo;][\/vc_column_inner][\/vc_row_inner][\/vc_column][vc_column width=&raquo;1\/3&#8243;][vc_single_image image=&raquo;8951&#8243; img_size=&raquo;500&#215;300&#8243; css=&raquo;&raquo;][vc_column_text css=&raquo;&raquo;]<\/p>\n<h3>Dekton\u00ae<\/h3>\n<p>[\/vc_column_text][vc_empty_space height=&raquo;15px&raquo;][vc_row_inner][vc_column_inner width=&raquo;1\/2&#8243;][vc_btn title=&raquo;Milj\u00f8dokumentation&raquo; color=&raquo;inverse&raquo; size=&raquo;sm&raquo; css=&raquo;&raquo; link=&raquo;url:https%3A%2F%2Fwww.dfi-geisler.com%2Fdekton-miljoedokumentation%2F&raquo;][vc_empty_space height=&raquo;5px&raquo;][\/vc_column_inner][vc_column_inner width=&raquo;1\/2&#8243;][vc_btn title=&raquo;Teknisk dokumentation&raquo; color=&raquo;inverse&raquo; size=&raquo;sm&raquo; css=&raquo;&raquo; link=&raquo;url:https%3A%2F%2Fwww.dfi-geisler.com%2Fdekton-teknisk-dokumentation%2F&raquo;][vc_empty_space height=&raquo;5px&raquo;][\/vc_column_inner][\/vc_row_inner][\/vc_column][\/vc_row][vc_row][vc_column offset=&raquo;vc_hidden-xs&raquo;][vc_empty_space height=&raquo;25&#8243;][\/vc_column][\/vc_row][vc_row full_width=&raquo;stretch_row_content&raquo; equal_height=&raquo;yes&raquo; el_class=&raquo;shop-billeder&raquo;][vc_column width=&raquo;1\/3&#8243;][vc_single_image image=&raquo;27457&#8243; img_size=&raquo;500&#215;300&#8243; css=&raquo;&raquo;][vc_column_text css=&raquo;&raquo;]<\/p>\n<h3>St\u00e5l<\/h3>\n<p>[\/vc_column_text][vc_empty_space height=&raquo;15px&raquo;][vc_row_inner][vc_column_inner width=&raquo;1\/2&#8243;][vc_btn title=&raquo;Milj\u00f8dokumentation&raquo; color=&raquo;inverse&raquo; size=&raquo;sm&raquo; css=&raquo;&raquo; link=&raquo;url:https%3A%2F%2Fwww.dfi-geisler.com%2Fstaal-miljoedokumentation%2F&raquo;][vc_empty_space height=&raquo;5px&raquo;][\/vc_column_inner][vc_column_inner width=&raquo;1\/2&#8243;][vc_btn title=&raquo;Teknisk dokumentation&raquo; color=&raquo;inverse&raquo; size=&raquo;sm&raquo; css=&raquo;&raquo; link=&raquo;url:https%3A%2F%2Fwww.dfi-geisler.com%2Fstaal-teknisk-dokumentation%2F&raquo;][vc_empty_space height=&raquo;5px&raquo;][\/vc_column_inner][\/vc_row_inner][\/vc_column][vc_column width=&raquo;1\/3&#8243;][vc_single_image image=&raquo;8849&#8243; img_size=&raquo;500&#215;300&#8243; css=&raquo;&raquo;][vc_column_text css=&raquo;&raquo;]<\/p>\n<h3>Vaske<\/h3>\n<p>[\/vc_column_text][vc_empty_space height=&raquo;15px&raquo;][vc_row_inner][vc_column_inner width=&raquo;1\/2&#8243;][vc_btn title=&raquo;Milj\u00f8dokumentation&raquo; color=&raquo;inverse&raquo; size=&raquo;sm&raquo; css=&raquo;&raquo; link=&raquo;url:https%3A%2F%2Fwww.dfi-geisler.com%2Fvaske-miljoedokumentation%2F&raquo;][vc_empty_space height=&raquo;5px&raquo;][\/vc_column_inner][vc_column_inner width=&raquo;1\/2&#8243;][vc_btn title=&raquo;Teknisk dokumentation&raquo; color=&raquo;inverse&raquo; size=&raquo;sm&raquo; css=&raquo;&raquo; link=&raquo;url:https%3A%2F%2Fwww.dfi-geisler.com%2Fvaske-teknisk-dokumentation%2F&raquo;][vc_empty_space height=&raquo;5px&raquo;][\/vc_column_inner][\/vc_row_inner][\/vc_column][vc_column width=&raquo;1\/3&#8243;][vc_btn title=&raquo;Energisyn 2026&#8243; color=&raquo;inverse&raquo; size=&raquo;lg&raquo; css=&raquo;&raquo; link=&raquo;url:https%3A%2F%2Fwww.dfi-geisler.com%2Fwp-content%2Fuploads%2F2026%2F04%2FEnergisyn-april-2026.pdf&raquo;][\/vc_column][\/vc_row][vc_row][vc_column offset=&raquo;vc_hidden-xs&raquo;][vc_empty_space height=&raquo;25&#8243;][\/vc_column][\/vc_row]<\/p>\n<\/div>","protected":false},"excerpt":{"rendered":"<p>Sorry, this entry is only available in Dansk. For the sake of viewer convenience, the content is shown below in the alternative language. You may click<\/p>\n","protected":false},"author":1922,"featured_media":0,"parent":0,"menu_order":0,"comment_status":"closed","ping_status":"closed","template":"","meta":{"_monsterinsights_skip_tracking":false,"_monsterinsights_sitenote_active":false,"_monsterinsights_sitenote_note":"","_monsterinsights_sitenote_category":0,"footnotes":""},"class_list":["post-35818","page","type-page","status-publish","hentry"],"aioseo_notices":[],"_links":{"self":[{"href":"https:\/\/www.dfi-geisler.com\/NO\/wp-json\/wp\/v2\/pages\/35818","targetHints":{"allow":["GET"]}}],"collection":[{"href":"https:\/\/www.dfi-geisler.com\/NO\/wp-json\/wp\/v2\/pages"}],"about":[{"href":"https:\/\/www.dfi-geisler.com\/NO\/wp-json\/wp\/v2\/types\/page"}],"author":[{"embeddable":true,"href":"https:\/\/www.dfi-geisler.com\/NO\/wp-json\/wp\/v2\/users\/1922"}],"replies":[{"embeddable":true,"href":"https:\/\/www.dfi-geisler.com\/NO\/wp-json\/wp\/v2\/comments?post=35818"}],"version-history":[{"count":92,"href":"https:\/\/www.dfi-geisler.com\/NO\/wp-json\/wp\/v2\/pages\/35818\/revisions"}],"predecessor-version":[{"id":38862,"href":"https:\/\/www.dfi-geisler.com\/NO\/wp-json\/wp\/v2\/pages\/35818\/revisions\/38862"}],"wp:attachment":[{"href":"https:\/\/www.dfi-geisler.com\/NO\/wp-json\/wp\/v2\/media?parent=35818"}],"curies":[{"name":"wp","href":"https:\/\/api.w.org\/{rel}","templated":true}]}}