
{"id":32866,"date":"2025-01-17T10:39:14","date_gmt":"2025-01-17T09:39:14","guid":{"rendered":"https:\/\/www.dfi-geisler.com\/?page_id=32866"},"modified":"2026-02-02T13:41:32","modified_gmt":"2026-02-02T12:41:32","slug":"belvedere-poleret","status":"publish","type":"page","link":"https:\/\/www.dfi-geisler.com\/NO\/belvedere-poleret\/","title":{"rendered":"Belvedere, poleret"},"content":{"rendered":"<div class=\"wpb-content-wrapper\"><p>[vc_row][vc_column][vc_column_text css=&raquo;&raquo;]<\/p>\n<h2 style=\"text-align: left;\"><span style=\"color: #f6b200;\"><span style=\"color: #203246;\">Quartzite Belvedere, polert<\/span><\/span><\/h2>\n<h5 style=\"text-align: left;\"><span style=\"color: #f6b200;\"><span style=\"color: #203246;\">Quartzite er et naturprodukt med store variasjoner i farge og struktur. Ingen quartzite benkeplater i verden er like.<\/span><\/span><\/h5>\n<h5 style=\"text-align: left;\"><span style=\"color: #f6b200;\"><span style=\"color: #203246;\">Har du sett en liten quartzite pr\u00f8ve, vil den endelige benkeplaten variere fra pr\u00f8ven. Utseendet er forskjellig avhengig av hvilken r\u00e5plate den er sk\u00e5ret fra, og hvor p\u00e5 platen den er sk\u00e5ret.<\/span><\/span><\/h5>\n<h5 style=\"text-align: left;\"><span style=\"color: #f6b200;\"><span style=\"color: #203246;\">Nedenfor ser du eksempler p\u00e5 hvordan hele plater ser ut.<\/span><\/span><\/h5>\n<p>[\/vc_column_text][\/vc_column][\/vc_row][vc_row el_class=&raquo;belvedere-images&raquo;][vc_column][vc_images_carousel images=&raquo;32936,32935,32934&#8243; img_size=&raquo;large&raquo; autoplay=&raquo;yes&raquo; wrap=&raquo;yes&raquo; css=&raquo;.vc_custom_1736757407532{padding-top: -100px !important;}&raquo;][vc_empty_space height=&raquo;50&#8243;][vc_column_text css=&raquo;&raquo; el_class=&raquo;belvedere-images&raquo;]<\/p>\n<h3 style=\"text-align: center;\"><span style=\"color: #203246;\">Platene p\u00e5 bildene m\u00e5ler ca. 2850 x 1400 mm.<\/span><\/h3>\n<h6 style=\"text-align: center;\"><span style=\"color: #203246;\"><strong>Bemerk;<\/strong> Ovenst\u00e5ende er utelukkende eksempler p\u00e5 de forskjeller som er i farge og struktur.<br \/>\nDet leverede produkt vil variere i forhold til ovenst\u00e5ende bilder.<\/span><\/h6>\n<p>[\/vc_column_text][vc_empty_space height=&raquo;50&#8243;][\/vc_column][\/vc_row]<\/p>\n<\/div>","protected":false},"excerpt":{"rendered":"<p>[vc_row][vc_column][vc_column_text css=&raquo;&raquo;] Quartzite Belvedere, polert Quartzite er et naturprodukt med store variasjoner i farge og struktur. Ingen quartzite benkeplater i verden er like. Har du sett<\/p>\n","protected":false},"author":1922,"featured_media":0,"parent":0,"menu_order":0,"comment_status":"closed","ping_status":"closed","template":"","meta":{"_monsterinsights_skip_tracking":false,"_monsterinsights_sitenote_active":false,"_monsterinsights_sitenote_note":"","_monsterinsights_sitenote_category":0,"footnotes":""},"class_list":["post-32866","page","type-page","status-publish","hentry"],"aioseo_notices":[],"_links":{"self":[{"href":"https:\/\/www.dfi-geisler.com\/NO\/wp-json\/wp\/v2\/pages\/32866","targetHints":{"allow":["GET"]}}],"collection":[{"href":"https:\/\/www.dfi-geisler.com\/NO\/wp-json\/wp\/v2\/pages"}],"about":[{"href":"https:\/\/www.dfi-geisler.com\/NO\/wp-json\/wp\/v2\/types\/page"}],"author":[{"embeddable":true,"href":"https:\/\/www.dfi-geisler.com\/NO\/wp-json\/wp\/v2\/users\/1922"}],"replies":[{"embeddable":true,"href":"https:\/\/www.dfi-geisler.com\/NO\/wp-json\/wp\/v2\/comments?post=32866"}],"version-history":[{"count":7,"href":"https:\/\/www.dfi-geisler.com\/NO\/wp-json\/wp\/v2\/pages\/32866\/revisions"}],"predecessor-version":[{"id":38453,"href":"https:\/\/www.dfi-geisler.com\/NO\/wp-json\/wp\/v2\/pages\/32866\/revisions\/38453"}],"wp:attachment":[{"href":"https:\/\/www.dfi-geisler.com\/NO\/wp-json\/wp\/v2\/media?parent=32866"}],"curies":[{"name":"wp","href":"https:\/\/api.w.org\/{rel}","templated":true}]}}