
{"id":31705,"date":"2024-09-17T11:43:53","date_gmt":"2024-09-17T10:43:53","guid":{"rendered":"https:\/\/www.dfi-geisler.com\/?page_id=31705"},"modified":"2026-02-02T13:23:16","modified_gmt":"2026-02-02T12:23:16","slug":"carrara-c","status":"publish","type":"page","link":"https:\/\/www.dfi-geisler.com\/NO\/carrara-c\/","title":{"rendered":"Carrara C"},"content":{"rendered":"<div class=\"wpb-content-wrapper\"><p>[vc_row][vc_column][vc_column_text css=&raquo;&raquo;]<\/p>\n<h2 style=\"text-align: left;\"><span style=\"color: #f6b200;\"><span style=\"color: #203246;\">Marmor Carrara C<\/span><\/span><\/h2>\n<h5>Marmor er et naturprodukt, hvor det forekommer stor variasjon fra plate til plate. Det kan v\u00e6re store forskjeller i fargenyanser og \u00e5retegninger, samt sm\u00e5 fordypninger og sprekkdannelser i overflaten. Dette gir marmor sitt unike uttrykk.<br \/>\n<br data-start=\"276\" data-end=\"279\" \/>Har du sett en mindre pr\u00f8ve av marmor, vil den ferdige benkeplaten variere i forhold til pr\u00f8ven. Utseendet varierer avhengig av hvilken r\u00e5plate den er sk\u00e5ret fra, og hvor p\u00e5 platen den er sk\u00e5ret.<br \/>\n<br data-start=\"474\" data-end=\"477\" \/>Nedenfor ser du eksempler p\u00e5 hvordan hele r\u00e5plater ser ut.<\/h5>\n<p>[\/vc_column_text][\/vc_column][\/vc_row][vc_row el_class=&raquo;belvedere-images&raquo;][vc_column][vc_images_carousel images=&raquo;31691,31690,31689,31688,31687,31686&#8243; img_size=&raquo;large&raquo; autoplay=&raquo;yes&raquo; wrap=&raquo;yes&raquo; css=&raquo;.vc_custom_1726571234901{padding-top: -100px !important;}&raquo;][vc_empty_space height=&raquo;50&#8243;][vc_column_text css=&raquo;&raquo; el_class=&raquo;belvedere-images&raquo;]<\/p>\n<h3 style=\"text-align: center;\"><span style=\"color: #203246;\">Platene p\u00e5 bildene m\u00e5ler ca.\u00a0 2850 x 1400 mm.<\/span><\/h3>\n<h3 style=\"text-align: center;\"><span style=\"color: #203246;\">Marmor leveres i 20 mm tykkelse med matt overflate.<\/span><\/h3>\n<h6 style=\"text-align: center;\"><span style=\"color: #203246;\"><strong>Bemerk;<\/strong> Ovenst\u00e5ende er utelukkende eksempler p\u00e5 de forskjeller som er i farge og struktur. Det leverede produkt vil variere i forhold til ovenst\u00e5ende bilder.<\/span><\/h6>\n<p>[\/vc_column_text][vc_empty_space height=&raquo;50&#8243;][\/vc_column][\/vc_row]<\/p>\n<\/div>","protected":false},"excerpt":{"rendered":"<p>[vc_row][vc_column][vc_column_text css=&raquo;&raquo;] Marmor Carrara C Marmor er et naturprodukt, hvor det forekommer stor variasjon fra plate til plate. Det kan v\u00e6re store forskjeller i fargenyanser og<\/p>\n","protected":false},"author":1922,"featured_media":0,"parent":0,"menu_order":0,"comment_status":"closed","ping_status":"closed","template":"","meta":{"_monsterinsights_skip_tracking":false,"_monsterinsights_sitenote_active":false,"_monsterinsights_sitenote_note":"","_monsterinsights_sitenote_category":0,"footnotes":""},"class_list":["post-31705","page","type-page","status-publish","hentry"],"aioseo_notices":[],"_links":{"self":[{"href":"https:\/\/www.dfi-geisler.com\/NO\/wp-json\/wp\/v2\/pages\/31705","targetHints":{"allow":["GET"]}}],"collection":[{"href":"https:\/\/www.dfi-geisler.com\/NO\/wp-json\/wp\/v2\/pages"}],"about":[{"href":"https:\/\/www.dfi-geisler.com\/NO\/wp-json\/wp\/v2\/types\/page"}],"author":[{"embeddable":true,"href":"https:\/\/www.dfi-geisler.com\/NO\/wp-json\/wp\/v2\/users\/1922"}],"replies":[{"embeddable":true,"href":"https:\/\/www.dfi-geisler.com\/NO\/wp-json\/wp\/v2\/comments?post=31705"}],"version-history":[{"count":13,"href":"https:\/\/www.dfi-geisler.com\/NO\/wp-json\/wp\/v2\/pages\/31705\/revisions"}],"predecessor-version":[{"id":38447,"href":"https:\/\/www.dfi-geisler.com\/NO\/wp-json\/wp\/v2\/pages\/31705\/revisions\/38447"}],"wp:attachment":[{"href":"https:\/\/www.dfi-geisler.com\/NO\/wp-json\/wp\/v2\/media?parent=31705"}],"curies":[{"name":"wp","href":"https:\/\/api.w.org\/{rel}","templated":true}]}}