
{"id":29206,"date":"2024-01-23T10:41:19","date_gmt":"2024-01-23T09:41:19","guid":{"rendered":"https:\/\/www.dfi-geisler.com\/?page_id=29206"},"modified":"2026-03-05T09:22:24","modified_gmt":"2026-03-05T08:22:24","slug":"fibertops","status":"publish","type":"page","link":"https:\/\/www.dfi-geisler.com\/NO\/fibertops\/","title":{"rendered":"Fibertops\u00ae"},"content":{"rendered":"<div class=\"wpb-content-wrapper\"><p>[vc_row first_background_type=&raquo;gradient&raquo; first_background_gradient=&raquo;#83bae3||#a672c9||0;100||180||linear&raquo;][vc_column width=&raquo;1\/4&#8243;][vc_wp_custommenu nav_menu=&raquo;285&#8243;][\/vc_column][vc_column width=&raquo;3\/4&#8243;][vc_column_text css=&raquo;&raquo;]<\/p>\n<h2>Fibertops\u00ae<\/h2>\n<p>[\/vc_column_text][vc_column_text css=&raquo;&raquo;]<\/p>\n<h5><strong>Et godt valg<\/strong>, hvis du vil ha det beste fra b\u00e5de laminat og kompaktlaminat.<br \/>\nDen 12 mm tynne platen, gir deg det stilige utseendet til kompaktlaminat. Fra laminat f\u00e5r Fibertops\u00ae de slitesterke, hygieniske og rengj\u00f8ringsvennlige egenskapene &#8211; samt det store utvalget av farger og m\u00f8nstre.<\/h5>\n<h5>Her har du alle muligheter til \u00e5 finne et design som passer din stil &#8211; og det til en fornuftig pris.<\/h5>\n<p>[\/vc_column_text][\/vc_column][\/vc_row][vc_row][vc_column][vc_separator color=&raquo;black&raquo; border_width=&raquo;2&#8243;][\/vc_column][\/vc_row][vc_row css=&raquo;.vc_custom_1534410440830{margin-top: 40px !important;}&raquo;][vc_column width=&raquo;1\/2&#8243;][vc_column_text css=&raquo;&raquo;]<\/p>\n<h4>Hva er Fibertops\u00ae?<\/h4>\n<p>[\/vc_column_text][vc_column_text css=&raquo;&raquo;]<\/p>\n<h6>Kort fortalt er Fibertops\u00ae et laminat som er limt p\u00e5 en fiberplate.<\/h6>\n<h6>For \u00e5 sikre platens stabilitet limer vi alltid et svart og glatt laminat p\u00e5 undersiden &#8211; med mindre du velger DUO, der du selv bestemmer laminatfargen p\u00e5 b\u00e5de over- og undersiden. Laminat best\u00e5r av et tynt lag klart melamin som beskytter det underliggende dekorpapiret. Under dekorpapiret finner du 7\u20138 lag hardpresset laminat papir, med en tykkelse p\u00e5 minst 0,8 mm. Trefiberplaten som brukes som kjernemateriale, best\u00e5r av resirkulert tre.<\/h6>\n<h6>Resultatet er innovativt, sterkt og ytterst praktisk.<\/h6>\n<p>[\/vc_column_text][\/vc_column][vc_column width=&raquo;1\/2&#8243;][vc_single_image image=&raquo;29371&#8243; img_size=&raquo;full&raquo; alignment=&raquo;right&raquo; onclick=&raquo;link_image&raquo;][\/vc_column][\/vc_row][vc_row first_background_type=&raquo;gradient&raquo; first_background_gradient=&raquo;rgba(0,57,158,0.69)||#587d9b||0;100||84||linear&raquo; css=&raquo;.vc_custom_1534410451584{margin-top: 40px !important;}&raquo;][vc_column width=&raquo;2\/3&#8243;][vc_column_text]<\/p>\n<h4>Produktegenskaper<\/h4>\n<p>[\/vc_column_text][vc_single_image image=&raquo;8827&#8243; img_size=&raquo;large&raquo; alignment=&raquo;center&raquo; onclick=&raquo;link_image&raquo;][\/vc_column][vc_column width=&raquo;1\/3&#8243;][vc_column_text]<\/p>\n<h4>Sammenlign produkter<\/h4>\n<p>[\/vc_column_text][vc_single_image image=&raquo;29399&#8243; img_size=&raquo;medium&raquo; onclick=&raquo;link_image&raquo;][\/vc_column][\/vc_row][vc_row css=&raquo;.vc_custom_1534410410938{margin-top: 40px !important;}&raquo;][vc_column width=&raquo;1\/3&#8243;][vc_column_text]<\/p>\n<h4>Tykkelser<\/h4>\n<p>[\/vc_column_text][vc_column_text css=&raquo;&raquo;]Fibertops\u00ae leveres alltid i 12 mm tykkelse.<\/p>\n<p>Konstruksjonen av den trebaserte fiberplaten som laminatet limes p\u00e5, gir platen h\u00f8y densitet og styrke.<\/p>\n<p><strong>\u2022 12 mm<\/strong><br \/>\n[\/vc_column_text][\/vc_column][vc_column width=&raquo;1\/3&#8243;][vc_column_text]<\/p>\n<h4>Daglig bruk<\/h4>\n<p>[\/vc_column_text][vc_column_text css=&raquo;&raquo;]En Fibertops\u00ae benkeplate er utrolig enkel \u00e5 vedlikeholde. Den daglige rengj\u00f8ringgj\u00f8res enkelt med opvaskklut vridd opp i varmt vann. Fibertops\u00ae t\u00e5ler ogs\u00e5 de mange sm\u00e5 slagene og st\u00f8tene, som f\u00f8lger med kj\u00f8kkenhverdagen.<\/p>\n<p>Spesielt laminater med glatt overflate kan imidlertid v\u00e6re mottakelige for riper.\u00a0V\u00e6r derfor oppmerksom n\u00e5r du flytter skj\u00e6refj\u00f8ler, bestikk, sk\u00e5ler og annet p\u00e5 benken.<\/p>\n<p>Fibertops\u00ae t\u00e5ler kortvarig kontak med gjenstander som holder opptil 110\u00b0. Likevel anbefaler at du alltid bruker rist eller bordsk\u00e5ner.<\/p>\n<p>[\/vc_column_text][\/vc_column][vc_column width=&raquo;1\/3&#8243;][vc_column_text]<\/p>\n<h4>Designdetaljer<\/h4>\n<p>[\/vc_column_text][vc_column_text css=&raquo;&raquo;]Med en tykkelse p\u00e5 bare 12 mm gir Fibertops\u00ae letthet til designet ditt. Med fritt valg av alle v\u00e5re laminater, kan du finne akkurat det designet som harmonerer med din personlige stil og ditt hjem. Den svarte kanten, som utgj\u00f8r fiberkjernen i platen, gir et stilrent preg, som passer spesielt godt til moderne kj\u00f8kkendesign &#8211; og \u00f8nsker du at kantene skal matche overflaten, kan du ogs\u00e5 bestille ABS-kanter.<\/p>\n<p>Fibertops\u00ae med kant 43 leveres skarp p\u00e5 oversiden av alle synlige kanter og med en svak avrunding p\u00e5 undersiden av kanten.<br \/>\nFibertops\u00ae med ABS kant leveres faset i topp og bunn.[\/vc_column_text][\/vc_column][\/vc_row][vc_row][vc_column][vc_separator color=&raquo;black&raquo; border_width=&raquo;2&#8243;][\/vc_column][\/vc_row][vc_row css=&raquo;.vc_custom_1534410467435{margin-top: 40px !important;}&raquo;][vc_column width=&raquo;1\/3&#8243;][vc_column_text]<\/p>\n<h4>Farger og strukturer<\/h4>\n<p>[\/vc_column_text][vc_column_text css=&raquo;&raquo;]Du kan f\u00e5 din Fibertops\u00ae benkeplate i alle v\u00e5re laminatfarger &#8211; enten med svart kjerne eller ABS-kant og et glatt, svart laminat under.<\/p>\n<p>Av alle disse fargene og m\u00f8nstrene, har vi valgt ut 29 av v\u00e5re mest popul\u00e6re laminater, som standard Fibertops\u00ae-sortiment.<\/p>\n<p>Om du \u00f8nsker det, kan du velge b\u00e5de overflate- og underlaminat i akkurat den fargen, du synes passer til din stil og ditt hjem.[\/vc_column_text][vc_btn title=&raquo;SE HELE FIBERTOPS\u00ae SORTIMENTET V\u00c5RT&raquo; color=&raquo;black&raquo; css=&raquo;&raquo; link=&raquo;url:https%3A%2F%2Fwww.dfi-geisler.com%2Ffibertops-sortiment%2F|target:_blank&raquo;][\/vc_column][vc_column width=&raquo;2\/3&#8243;][vc_single_image image=&raquo;29311&#8243; img_size=&raquo;large&raquo;][\/vc_column][\/vc_row][vc_row css=&raquo;.vc_custom_1534410460189{margin-top: 40px !important;}&raquo;][vc_column width=&raquo;1\/2&#8243;][vc_column_text]<\/p>\n<h4>Vaske<\/h4>\n<p>[\/vc_column_text][vc_single_image image=&raquo;29600&#8243; img_size=&raquo;300&#215;370&#8243; css=&raquo;.vc_custom_1707386265721{margin-top: 40px !important;}&raquo;][vc_btn title=&raquo;SE V\u00c5RT STORE UTVALG AV VASKER&raquo; color=&raquo;black&raquo; link=&raquo;url:https%3A%2F%2Fwww.dfi-geisler.com%2Fvaske-katalog%2F|target:_blank&raquo;][\/vc_column][vc_column width=&raquo;1\/2&#8243;][vc_column_text]<\/p>\n<h4>Montering av vask<\/h4>\n<p>[\/vc_column_text][vc_column_text css=&raquo;&raquo;]Fibertops\u00ae plater leveres alltid med underlimt vask. Limningen er sterk nok til \u00e5 t\u00e5le et samlet trykk p\u00e5 over 150 kg. Du kan velge fra et bredt utvalg av typer, design og st\u00f8rrelser.<\/p>\n<p>[\/vc_column_text][vc_row_inner][vc_column_inner width=&raquo;1\/2&#8243;][vc_single_image image=&raquo;29332&#8243; img_size=&raquo;full&raquo; alignment=&raquo;center&raquo; style=&raquo;vc_box_border&raquo; onclick=&raquo;link_image&raquo;][vc_column_text]<\/p>\n<h6 style=\"text-align: center;\"><strong>Underlimt vask<\/strong><\/h6>\n<p>[\/vc_column_text][\/vc_column_inner][\/vc_row_inner][\/vc_column][\/vc_row][vc_row][vc_column][vc_separator color=&raquo;black&raquo; border_width=&raquo;2&#8243; css=&raquo;.vc_custom_1534425122723{margin-top: 40px !important;}&raquo;][\/vc_column][\/vc_row]<\/p>\n<\/div>","protected":false},"excerpt":{"rendered":"<p>[vc_row first_background_type=&raquo;gradient&raquo; first_background_gradient=&raquo;#83bae3||#a672c9||0;100||180||linear&raquo;][vc_column width=&raquo;1\/4&#8243;][vc_wp_custommenu nav_menu=&raquo;285&#8243;][\/vc_column][vc_column width=&raquo;3\/4&#8243;][vc_column_text css=&raquo;&raquo;] Fibertops\u00ae [\/vc_column_text][vc_column_text css=&raquo;&raquo;] Et godt valg, hvis du vil ha det beste fra b\u00e5de laminat og kompaktlaminat. Den 12<\/p>\n","protected":false},"author":717,"featured_media":0,"parent":0,"menu_order":0,"comment_status":"closed","ping_status":"closed","template":"","meta":{"_monsterinsights_skip_tracking":false,"_monsterinsights_sitenote_active":false,"_monsterinsights_sitenote_note":"","_monsterinsights_sitenote_category":0,"footnotes":""},"class_list":["post-29206","page","type-page","status-publish","hentry"],"aioseo_notices":[],"_links":{"self":[{"href":"https:\/\/www.dfi-geisler.com\/NO\/wp-json\/wp\/v2\/pages\/29206","targetHints":{"allow":["GET"]}}],"collection":[{"href":"https:\/\/www.dfi-geisler.com\/NO\/wp-json\/wp\/v2\/pages"}],"about":[{"href":"https:\/\/www.dfi-geisler.com\/NO\/wp-json\/wp\/v2\/types\/page"}],"author":[{"embeddable":true,"href":"https:\/\/www.dfi-geisler.com\/NO\/wp-json\/wp\/v2\/users\/717"}],"replies":[{"embeddable":true,"href":"https:\/\/www.dfi-geisler.com\/NO\/wp-json\/wp\/v2\/comments?post=29206"}],"version-history":[{"count":95,"href":"https:\/\/www.dfi-geisler.com\/NO\/wp-json\/wp\/v2\/pages\/29206\/revisions"}],"predecessor-version":[{"id":38698,"href":"https:\/\/www.dfi-geisler.com\/NO\/wp-json\/wp\/v2\/pages\/29206\/revisions\/38698"}],"wp:attachment":[{"href":"https:\/\/www.dfi-geisler.com\/NO\/wp-json\/wp\/v2\/media?parent=29206"}],"curies":[{"name":"wp","href":"https:\/\/api.w.org\/{rel}","templated":true}]}}