
{"id":26240,"date":"2022-06-08T14:29:56","date_gmt":"2022-06-08T13:29:56","guid":{"rendered":"https:\/\/www.dfi-geisler.com\/?page_id=26240"},"modified":"2023-12-11T14:42:12","modified_gmt":"2023-12-11T13:42:12","slug":"job-i-produktionen","status":"publish","type":"page","link":"https:\/\/www.dfi-geisler.com\/NO\/job-i-produktionen\/","title":{"rendered":"Job i produktionen"},"content":{"rendered":"<p class=\"qtranxs-available-languages-message qtranxs-available-languages-message-NO\">Sorry, this entry is only available in <a href=\"https:\/\/www.dfi-geisler.com\/da\/wp-json\/wp\/v2\/pages\/26240\" class=\"qtranxs-available-language-link qtranxs-available-language-link-da\" title=\"Dansk\">Dansk<\/a>. For the sake of viewer convenience, the content is shown below in the alternative language. You may click the link to switch the active language.<\/p><div class=\"wpb-content-wrapper\"><p>[vc_row full_width=&raquo;stretch_row_content&raquo; css=&raquo;.vc_custom_1654695978676{padding-top: 200px !important;padding-bottom: 200px !important;background-image: url(https:\/\/www.dfi-geisler.com\/wp-content\/uploads\/2021\/09\/Coverbillede-dfi-geisler-farver-moerk-scaled.jpg?id=24531) !important;background-position: center !important;background-repeat: no-repeat !important;background-size: cover !important;}&raquo;][vc_column][vc_custom_heading text=&raquo;Uopfordret ans\u00f8gning til produktionen&raquo; font_container=&raquo;tag:h2|font_size:65|text_align:center|color:%23fcfcfc&raquo; google_fonts=&raquo;font_family:Lato%3A100%2C100italic%2C300%2C300italic%2Cregular%2Citalic%2C700%2C700italic%2C900%2C900italic|font_style:400%20regular%3A400%3Anormal&raquo; css=&raquo;.vc_custom_1654761080108{background-position: center !important;background-repeat: no-repeat !important;background-size: cover !important;}&raquo;][\/vc_column][\/vc_row][vc_row][vc_column][vc_column_text]<\/p>\n<h3><span style=\"color: #000000;\">Har du h\u00e6nderne skruet rigtig p\u00e5, og har du lyst til at arbejde i en sp\u00e6ndende lokal virksomhed, s\u00e5 kan du meget vel v\u00e6re vores kommende medarbejder.<\/span><\/h3>\n<p>[\/vc_column_text][\/vc_column][\/vc_row][vc_row][vc_column][vc_column_text]<div id='formContainer375308245' class='sfForm rednaoFormContainer SfFormElementContainer bootstrap-wrapper'><\/div><script>\n            var ajaxurl = 'https:\/\/www.dfi-geisler.com\/wp-admin\/admin-ajax.php';\n            var smartFormsCurrentTime=new Date('Tue May 12 2026 22:40:09 +0000');\n            \tvar smartFormsSaveNonce=\"62c6c4e419\";\n            \tvar smartFormsUserName=\"\";\n            \tvar smartFormsFirstName=\"\";\n            \tvar smartFormsLastName=\"\";\n            \tvar smartFormsEmail=\"\";\n                var smartFormsPath=\"https:\/\/www.dfi-geisler.com\/wp-content\/plugins\/smart-forms\/\";\n                var smartDonationsRootPath=\"\";\n                var smartDonationsSandbox=\"\";\n                var smartFormsAdditionalFields19=[{\"id\":\"rednaogrouppanel\"},{\"id\":\"rednaogrouppanel\"},{\"id\":\"rednaogrouppanel\"},{\"id\":\"rednaogrouppanel\"},{\"id\":\"rednaotermofservice\"}];\n                var smartFormsDesignMode=false;\n                if(!window.smartFormsItemsToLoad)\n                    window.smartFormsItemsToLoad=new Array();                                                   \n        <\/script>[\/vc_column_text][\/vc_column][\/vc_row]<\/p>\n<\/div>","protected":false},"excerpt":{"rendered":"<p>Sorry, this entry is only available in Dansk. For the sake of viewer convenience, the content is shown below in the alternative language. You may click<\/p>\n","protected":false},"author":717,"featured_media":0,"parent":0,"menu_order":0,"comment_status":"closed","ping_status":"closed","template":"","meta":{"_monsterinsights_skip_tracking":false,"_monsterinsights_sitenote_active":false,"_monsterinsights_sitenote_note":"","_monsterinsights_sitenote_category":0,"footnotes":""},"class_list":["post-26240","page","type-page","status-publish","hentry"],"aioseo_notices":[],"_links":{"self":[{"href":"https:\/\/www.dfi-geisler.com\/NO\/wp-json\/wp\/v2\/pages\/26240","targetHints":{"allow":["GET"]}}],"collection":[{"href":"https:\/\/www.dfi-geisler.com\/NO\/wp-json\/wp\/v2\/pages"}],"about":[{"href":"https:\/\/www.dfi-geisler.com\/NO\/wp-json\/wp\/v2\/types\/page"}],"author":[{"embeddable":true,"href":"https:\/\/www.dfi-geisler.com\/NO\/wp-json\/wp\/v2\/users\/717"}],"replies":[{"embeddable":true,"href":"https:\/\/www.dfi-geisler.com\/NO\/wp-json\/wp\/v2\/comments?post=26240"}],"version-history":[{"count":9,"href":"https:\/\/www.dfi-geisler.com\/NO\/wp-json\/wp\/v2\/pages\/26240\/revisions"}],"predecessor-version":[{"id":28734,"href":"https:\/\/www.dfi-geisler.com\/NO\/wp-json\/wp\/v2\/pages\/26240\/revisions\/28734"}],"wp:attachment":[{"href":"https:\/\/www.dfi-geisler.com\/NO\/wp-json\/wp\/v2\/media?parent=26240"}],"curies":[{"name":"wp","href":"https:\/\/api.w.org\/{rel}","templated":true}]}}