
{"id":23439,"date":"2021-04-28T09:46:49","date_gmt":"2021-04-28T08:46:49","guid":{"rendered":"https:\/\/www.dfi-geisler.com\/?page_id=23439"},"modified":"2025-08-22T16:58:14","modified_gmt":"2025-08-22T15:58:14","slug":"quartzite","status":"publish","type":"page","link":"https:\/\/www.dfi-geisler.com\/NO\/quartzite\/","title":{"rendered":"Quartzite"},"content":{"rendered":"<div class=\"wpb-content-wrapper\"><p>[vc_row full_width=&raquo;stretch_row&raquo; css=&raquo;.vc_custom_1619596786458{padding-top: 150px !important;padding-bottom: 150px !important;background-image: url(https:\/\/www.dfi-geisler.com\/wp-content\/uploads\/2021\/01\/Belvedere-produktbillede.jpg?id=21925) !important;background-position: center !important;background-repeat: no-repeat !important;background-size: cover !important;}&raquo;][vc_column][vc_custom_heading text=&raquo;Quartzite&raquo; font_container=&raquo;tag:h2|font_size:70|text_align:center|color:%23FFFFFF&raquo; google_fonts=&raquo;font_family:Lato%3A100%2C100italic%2C300%2C300italic%2Cregular%2Citalic%2C700%2C700italic%2C900%2C900italic|font_style:400%20regular%3A400%3Anormal&raquo; css=&raquo;&raquo;][\/vc_column][\/vc_row][vc_row][vc_column][vc_separator color=&raquo;black&raquo;][\/vc_column][\/vc_row][vc_row][vc_column width=&raquo;1\/2&#8243;][vc_column_text]<\/p>\n<h3><b>Opprinnelse<\/b><\/h3>\n<p>[\/vc_column_text][\/vc_column][vc_column width=&raquo;1\/2&#8243;][\/vc_column][\/vc_row][vc_row][vc_column width=&raquo;1\/2&#8243; el_class=&raquo;baeredygtighed-images&raquo;][vc_column_text css=&raquo;&raquo; el_class=&raquo;baeredygtighed-images&raquo;]<\/p>\n<h5 style=\"text-align: left;\"><span style=\"color: #000000;\">Quartzite \u2013 ogs\u00e5 kjent som kvartsitt \u2013 er en naturlig forekommende bergart som tilh\u00f8rer gruppen metamorfe stein. Det betyr at steinen opprinnelig var en annen type bergart, men har blitt omdannet under h\u00f8yt trykk og temperatur. Kvartsitt starter som sand \u2013 typisk sandkorn fra strender eller elver \u2013 som over tid presses sammen og blir til sandstein. N\u00e5r sandsteinen gjennom millioner av \u00e5r, blir begravd dypt under jordens overflate, utsettes den for ekstremt trykk og varme. Under disse forhold smelter sandkornene n\u00e6rmest sammen.<\/span><\/h5>\n<h5 style=\"text-align: left;\"><span style=\"color: #000000;\">Denne prosessen er \u00e5rsaken til kvartsittens h\u00f8ye hardhet. Navnet quartzite reflekterer b\u00e5de det h\u00f8ye kvartsinnholdet og den betydelige herdingen bergarten gjennomg\u00e5r under dannelsen.<\/span><\/h5>\n<p>[\/vc_column_text][vc_empty_space height=&raquo;20px&raquo;][vc_single_image image=&raquo;23431&#8243; img_size=&raquo;large&raquo; el_class=&raquo;baeredygtighed-images&raquo;][vc_empty_space height=&raquo;20px&raquo;][vc_column_text el_class=&raquo;baeredygtighed-images&raquo;]<\/p>\n<h6 style=\"text-align: left;\"><span style=\"color: #000000;\">Du ser her et steinbrudd som utvinner Mont Blanc-steinene. De store blokkene er klare for transport. Disse blir kuttet i tynnere plater som senere blir benkeplater.<\/span><\/h6>\n<p>[\/vc_column_text][vc_empty_space height=&raquo;20px&raquo;][\/vc_column][vc_column width=&raquo;1\/2&#8243; el_class=&raquo;baeredygtighed-images&raquo;][vc_single_image image=&raquo;23428&#8243; img_size=&raquo;large&raquo;][vc_empty_space height=&raquo;20px&raquo;][vc_column_text]<\/p>\n<h6 style=\"text-align: left;\"><span style=\"color: #000000;\">Her ses et bilde av et steinbrudd hvor Belvedere-steinene blir utvunnet. Det er tydelig \u00e5 se den store variasjonen i farger og struktur p\u00e5 de ulike stedene i fjellet.<\/span><\/h6>\n<p>[\/vc_column_text][vc_empty_space height=&raquo;60px&raquo;][vc_column_text css=&raquo;&raquo;]<\/p>\n<h5 style=\"text-align: left;\"><span style=\"color: #000000;\">Steinene utvinnes fra fjellsider i blant annet Afrika og Brasil.<br \/>\n\u201dJ\u2019adore\u201d\u00a0og \u201dMont Blanc\u201d kommer fra steinbrudd i delstaten Bahia i Brasil, som er kjent for sin utvinning av naturstein i h\u00f8y kvalitet.<br \/>\n\u201dInfinity Brown\u201d og \u201dTaj Mahal\u201d utvinnes i delstaten Cear\u00e1 i det nord\u00f8stlige Brasil &#8211; en region som ogs\u00e5 er kjent for sin produksjon av naturstein.<br \/>\n\u00abBelvedere\u00bb kommer fra Angola i Afrika.<\/span><\/h5>\n<h5 style=\"text-align: left;\"><span style=\"color: #000000;\">Ved steinbruddene blir de sprengt og sk\u00e5ret ut av fjellet i blokker p\u00e5 flere tonn. Deretter blir de fraktet til Europa hvor de blir sk\u00e5ret i skiver i benkeplate-tykkelse og slipt.<\/span><\/h5>\n<p>[\/vc_column_text][\/vc_column][\/vc_row][vc_row][vc_column][vc_separator color=&raquo;black&raquo;][\/vc_column][\/vc_row][vc_row][vc_column el_class=&raquo;baeredygtighed-images&raquo;][vc_column_text]<\/p>\n<h3 style=\"text-align: right;\"><b>Kjennetegn<\/b><\/h3>\n<p>[\/vc_column_text][vc_empty_space][vc_column_text]<\/p>\n<h5 style=\"text-align: left;\"><span style=\"color: #000000;\">Benkeplater av naturstein har en naturlig forekommende variasjon i m\u00f8nstre, \u00e5rer og farger. Karakteristisk for quartzite-stein sammenlignet med f.eks. granitt, er fargen og strukturen i mineralene.<\/span><\/h5>\n<h5 style=\"text-align: left;\"><span style=\"color: #000000;\">Quartzite kan ha en rekke forskjellige farger fra svart til hvitt med vakre \u00e5rer som l\u00f8per p\u00e5 kryss og tvers av platene i ulike kontrastfulle farger. Disse oppst\u00e5r i l\u00f8pet av mange \u00e5r med varierende trykk og tilfeldige mengder jernoksid, silika og andre mineraler som er tilstede under tilblivelsen av den unike steinen. Det kan ogs\u00e5 forekomme s\u00e5kalte \u00abglass\u00e5rer\u00bb so kan forveksles med revner i steinen, men disse \u00e5rene gj\u00f8r ikke steinen svakere. Dette er en naturlig del av steinen og er derfor ikke reklamasjonsberettiget.<\/span><\/h5>\n<p>[\/vc_column_text][\/vc_column][\/vc_row][vc_row][vc_column][vc_empty_space][\/vc_column][\/vc_row][vc_row][vc_column width=&raquo;1\/4&#8243; el_class=&raquo;baeredygtighed-images&raquo;][vc_column_text css=&raquo;&raquo; el_class=&raquo;baeredygtighed-images&raquo;]<\/p>\n<h4 style=\"text-align: center;\"><span style=\"color: #000000;\">Belvedere, matt<\/span><\/h4>\n<p>[\/vc_column_text][vc_empty_space height=&raquo;5px&raquo;][vc_single_image image=&raquo;23480&#8243; img_size=&raquo;250&#215;250&#8243; alignment=&raquo;center&raquo; onclick=&raquo;custom_link&raquo; css=&raquo;&raquo; el_class=&raquo;baeredygtighed-images&raquo; link=&raquo;https:\/\/www.dfi-geisler.com\/belvedere\/&raquo;][vc_empty_space][vc_column_text css=&raquo;&raquo; el_class=&raquo;baeredygtighed-images&raquo;]<\/p>\n<h4 style=\"text-align: center;\"><span style=\"color: #000000;\">Infinity, Brown pol.<\/span><\/h4>\n<p>[\/vc_column_text][vc_empty_space height=&raquo;5px&raquo;][vc_single_image image=&raquo;33071&#8243; img_size=&raquo;250&#215;250&#8243; alignment=&raquo;center&raquo; onclick=&raquo;custom_link&raquo; css=&raquo;&raquo; el_class=&raquo;baeredygtighed-images&raquo; link=&raquo;https:\/\/www.dfi-geisler.com\/infinity-brown\/&raquo;][vc_empty_space][vc_column_text css=&raquo;&raquo; el_class=&raquo;baeredygtighed-images&raquo;]<\/p>\n<h4 style=\"text-align: center;\"><span style=\"color: #000000;\">Mont Blanc, matt<\/span><\/h4>\n<p>[\/vc_column_text][vc_empty_space height=&raquo;5px&raquo;][vc_single_image image=&raquo;23481&#8243; img_size=&raquo;250&#215;250&#8243; alignment=&raquo;center&raquo; onclick=&raquo;custom_link&raquo; css=&raquo;&raquo; el_class=&raquo;baeredygtighed-images&raquo; link=&raquo;https:\/\/www.dfi-geisler.com\/montblanc\/&raquo;][\/vc_column][vc_column width=&raquo;1\/4&#8243; el_class=&raquo;baeredygtighed-images&raquo;][vc_column_text css=&raquo;&raquo; el_class=&raquo;baeredygtighed-images&raquo;]<\/p>\n<h4 style=\"text-align: center;\"><span style=\"color: #000000;\">Belvedere, pol.<\/span><\/h4>\n<p>[\/vc_column_text][vc_empty_space height=&raquo;5px&raquo;][vc_single_image image=&raquo;33073&#8243; img_size=&raquo;250&#215;250&#8243; alignment=&raquo;center&raquo; onclick=&raquo;custom_link&raquo; css=&raquo;&raquo; el_class=&raquo;baeredygtighed-images&raquo; link=&raquo;https:\/\/www.dfi-geisler.com\/belvedere\/&raquo;][vc_empty_space][vc_column_text css=&raquo;&raquo; el_class=&raquo;baeredygtighed-images&raquo;]<\/p>\n<h4 style=\"text-align: center;\"><span style=\"color: #000000;\">J\u2019adore, matt<\/span><\/h4>\n<p>[\/vc_column_text][vc_empty_space height=&raquo;5px&raquo;][vc_single_image image=&raquo;25326&#8243; img_size=&raquo;250&#215;250&#8243; alignment=&raquo;center&raquo; onclick=&raquo;custom_link&raquo; css=&raquo;&raquo; el_class=&raquo;baeredygtighed-images&raquo; link=&raquo;https:\/\/www.dfi-geisler.com\/jadore\/&raquo;][vc_empty_space][vc_column_text css=&raquo;&raquo; el_class=&raquo;baeredygtighed-images&raquo;]<\/p>\n<h4 style=\"text-align: center;\"><span style=\"color: #000000;\">Taj Mahal, matt<\/span><\/h4>\n<p>[\/vc_column_text][vc_empty_space height=&raquo;5px&raquo;][vc_single_image image=&raquo;23482&#8243; img_size=&raquo;250&#215;250&#8243; alignment=&raquo;center&raquo; onclick=&raquo;custom_link&raquo; css=&raquo;&raquo; el_class=&raquo;baeredygtighed-images&raquo; link=&raquo;https:\/\/www.dfi-geisler.com\/taj-mahal\/&raquo;][\/vc_column][vc_column width=&raquo;1\/2&#8243;][vc_empty_space height=&raquo;px&raquo;][vc_column_text css=&raquo;&raquo;]<\/p>\n<h5 style=\"text-align: left;\"><span style=\"color: #000000;\">En naturlig del av naturstein er forekomsten av sm\u00e5 fordypninger, hull og luftlommer som ikke kan unng\u00e5s.<br \/>\nDisse kan ikke alltid jevnes ut, og sm\u00e5 ujevnheter m\u00e5 forventes.<\/span><\/h5>\n<h5 style=\"text-align: left;\"><span style=\"color: #000000;\">N\u00e5r du velger steintype ut fra sm\u00e5 pr\u00f8ver eller bilder, er det utrolig viktig \u00e5 v\u00e6re oppmerksom p\u00e5 at det kan v\u00e6re stor forskjell p\u00e5 pr\u00f8ven og den reelle benkeplaten i stein, ettersom alle r\u00e5plater er forskjellige. <\/span><\/h5>\n<h5 style=\"text-align: left;\"><span style=\"color: #000000;\">Det kan forekomme store felter med fargespill og \u00e5restrukturer, samt store omr\u00e5der med mer homogene farger.<br \/>\nDisse variasjonene m\u00e5 aksepteres.<\/span><\/h5>\n<p>[\/vc_column_text][vc_btn title=&raquo;Se quartzite plater&raquo; style=&raquo;classic&raquo; color=&raquo;success&raquo; size=&raquo;lg&raquo; align=&raquo;center&raquo; css=&raquo;&raquo; button_block=&raquo;true&raquo; link=&raquo;url:https%3A%2F%2Fwww.dfi-geisler.com%2Fnatursten-sortiment%2F|target:_blank&raquo;][\/vc_column][\/vc_row][vc_row][vc_column width=&raquo;1\/2&#8243;][vc_empty_space height=&raquo;1px&raquo;][vc_column_text css=&raquo;&raquo;]<span style=\"color: #000000;\">Ovenfor kan du se de 5 quartzite-steinene vi har i v\u00e5rt sortiment. P\u00e5 hjemmesiden v\u00e5r under sortiment kan du se eksempler p\u00e5 hele plater av de enkelte typene.<\/span><\/p>\n<p>[\/vc_column_text][\/vc_column][vc_column width=&raquo;1\/2&#8243;][\/vc_column][\/vc_row][vc_row][vc_column][vc_separator color=&raquo;black&raquo;][\/vc_column][\/vc_row][vc_row][vc_column][vc_column_text]<\/p>\n<h3><b>Egenskaper<\/b><\/h3>\n<p>[\/vc_column_text][vc_column_text css=&raquo;&raquo;]<\/p>\n<h5 style=\"text-align: left;\"><span style=\"color: #000000;\">Quartzite ligger p\u00e5 hardhet 7 p\u00e5 Mohs-hardhetsskalaen. Dette er en tanke hardere enn granitt, som ligger p\u00e5 hardhet 6. Dette gj\u00f8r at den er virkelig holdbar.<\/span><\/h5>\n<h5 style=\"text-align: left;\"><span style=\"color: #000000;\">Kvartsitt er en slitesterk stein som t\u00e5ler daglig bruk uten problemer. Den er motstandsdyktig mot riper og varme, men for \u00e5 bevare overflaten best mulig anbefales det alltid \u00e5 bruke skj\u00e6rebrett og bordsk\u00e5nere. V\u00e6r spesielt oppmerksom p\u00e5 at riper er mer synlige p\u00e5 m\u00f8rke steiner.<\/span><\/h5>\n<p>[\/vc_column_text][\/vc_column][\/vc_row][vc_row el_class=&raquo;baeredygtighed-images&raquo;][vc_column][vc_column_text]<\/p>\n<h3 style=\"text-align: right;\"><b>Mohs-hardhetsskalaen<\/b><\/h3>\n<p>[\/vc_column_text][vc_empty_space height=&raquo;20px&raquo;][vc_single_image image=&raquo;23593&#8243; img_size=&raquo;large&raquo; alignment=&raquo;center&raquo;][vc_empty_space height=&raquo;20px&raquo;][vc_column_text]<\/p>\n<h6 style=\"text-align: left;\"><span style=\"color: #000000;\">Brukes av geologer til \u00e5 sammenligne hardheten mellom mineraler eller stein. Et mineral kan f\u00e5 riper fra andre mineraler med en st\u00f8rre hardhet.<\/span><\/h6>\n<p>[\/vc_column_text][vc_empty_space height=&raquo;20px&raquo;][\/vc_column][\/vc_row][vc_row][vc_column][vc_empty_space height=&raquo;5px&raquo;][vc_separator color=&raquo;black&raquo;][vc_empty_space height=&raquo;5px&raquo;][\/vc_column][\/vc_row][vc_row][vc_column width=&raquo;1\/2&#8243; el_class=&raquo;baeredygtighed-images&raquo;][vc_single_image image=&raquo;31152&#8243; img_size=&raquo;full&raquo; onclick=&raquo;custom_link&raquo; css=&raquo;&raquo; link=&raquo;https:\/\/www.dfi-geisler.com\/montage-og-vedligeholdelse-af-natursten\/&raquo;][vc_empty_space][vc_btn title=&raquo;Vedlikehold av naturstein&raquo; style=&raquo;classic&raquo; color=&raquo;success&raquo; size=&raquo;lg&raquo; align=&raquo;center&raquo; css=&raquo;&raquo; button_block=&raquo;true&raquo; link=&raquo;url:https%3A%2F%2Fwww.dfi-geisler.com%2Fmontage-og-vedligeholdelse-af-natursten%2F|target:_blank&raquo;][\/vc_column][vc_column width=&raquo;1\/2&#8243;][vc_column_text css=&raquo;&raquo;]<\/p>\n<h5 style=\"padding-left: 40px;\"><span style=\"color: #000000;\">Det anbefales \u00e5 rengj\u00f8re quartzite p\u00e5 samme m\u00e5te som annen naturstein.<br \/>\nSe vedlikeholdsveiledningen p\u00e5 hjemmesiden v\u00e5r.<\/span><\/h5>\n<h5 style=\"padding-left: 40px;\"><span style=\"color: #000000;\">Quartzite t\u00f8rkes av med en myk klut som er vridd opp i rent varmt vann. T\u00f8rk deretter av med en t\u00f8rr, lofri klut.<\/span><\/h5>\n<h5 style=\"padding-left: 40px;\"><span style=\"color: #000000;\">Quartzite er motstandsdyktig mot de fleste rengj\u00f8ringsmidler. V\u00e6r imidlertid oppmerksom p\u00e5 at rengj\u00f8ringsmidler med sv\u00e6rt h\u00f8y eller lav ph-verdi, samt avkalkings- og blekemidler, m\u00e5 fjernes fra benkeplaten umiddelbart, ellers vil overflaten skades.<\/span><\/h5>\n<h5 style=\"padding-left: 40px;\"><span style=\"color: #000000;\">Syrer, som ofte finnes p\u00e5 kj\u00f8kkenet, for eksempel sitron og eddik, b\u00f8r t\u00f8rkes bort umiddelbart.<\/span><\/h5>\n<h5 style=\"padding-left: 40px;\"><span style=\"color: #000000;\">Q Action eller Surface Cleaner kan brukes till grunnrengj\u00f8ring.\u00a0<\/span><\/h5>\n<h5 style=\"padding-left: 40px;\"><span style=\"color: #000000;\">For \u00e5 beskytte steinen mot inntrengning av ulike typer fett, er det viktig \u00e5 overflatebehandle benkepladen. Bruk det medf\u00f8lgende impregneringsproduktet FILA MP90 ECO XTREME. Alternativt kan steinolje brukes till \u00e5 mette platen.\u00a0<\/span><\/h5>\n<p>[\/vc_column_text][\/vc_column][\/vc_row][vc_row][vc_column][vc_empty_space][\/vc_column][\/vc_row]<\/p>\n<\/div>","protected":false},"excerpt":{"rendered":"<p>[vc_row full_width=&raquo;stretch_row&raquo; css=&raquo;.vc_custom_1619596786458{padding-top: 150px !important;padding-bottom: 150px !important;background-image: url(https:\/\/www.dfi-geisler.com\/wp-content\/uploads\/2021\/01\/Belvedere-produktbillede.jpg?id=21925) !important;background-position: center !important;background-repeat: no-repeat !important;background-size: cover !important;}&raquo;][vc_column][vc_custom_heading text=&raquo;Quartzite&raquo; font_container=&raquo;tag:h2|font_size:70|text_align:center|color:%23FFFFFF&raquo; google_fonts=&raquo;font_family:Lato%3A100%2C100italic%2C300%2C300italic%2Cregular%2Citalic%2C700%2C700italic%2C900%2C900italic|font_style:400%20regular%3A400%3Anormal&raquo; css=&raquo;&raquo;][\/vc_column][\/vc_row][vc_row][vc_column][vc_separator color=&raquo;black&raquo;][\/vc_column][\/vc_row][vc_row][vc_column width=&raquo;1\/2&#8243;][vc_column_text] Opprinnelse [\/vc_column_text][\/vc_column][vc_column width=&raquo;1\/2&#8243;][\/vc_column][\/vc_row][vc_row][vc_column width=&raquo;1\/2&#8243; el_class=&raquo;baeredygtighed-images&raquo;][vc_column_text<\/p>\n","protected":false},"author":717,"featured_media":0,"parent":0,"menu_order":0,"comment_status":"closed","ping_status":"closed","template":"","meta":{"_monsterinsights_skip_tracking":false,"_monsterinsights_sitenote_active":false,"_monsterinsights_sitenote_note":"","_monsterinsights_sitenote_category":0,"footnotes":""},"class_list":["post-23439","page","type-page","status-publish","hentry"],"aioseo_notices":[],"_links":{"self":[{"href":"https:\/\/www.dfi-geisler.com\/NO\/wp-json\/wp\/v2\/pages\/23439","targetHints":{"allow":["GET"]}}],"collection":[{"href":"https:\/\/www.dfi-geisler.com\/NO\/wp-json\/wp\/v2\/pages"}],"about":[{"href":"https:\/\/www.dfi-geisler.com\/NO\/wp-json\/wp\/v2\/types\/page"}],"author":[{"embeddable":true,"href":"https:\/\/www.dfi-geisler.com\/NO\/wp-json\/wp\/v2\/users\/717"}],"replies":[{"embeddable":true,"href":"https:\/\/www.dfi-geisler.com\/NO\/wp-json\/wp\/v2\/comments?post=23439"}],"version-history":[{"count":93,"href":"https:\/\/www.dfi-geisler.com\/NO\/wp-json\/wp\/v2\/pages\/23439\/revisions"}],"predecessor-version":[{"id":36791,"href":"https:\/\/www.dfi-geisler.com\/NO\/wp-json\/wp\/v2\/pages\/23439\/revisions\/36791"}],"wp:attachment":[{"href":"https:\/\/www.dfi-geisler.com\/NO\/wp-json\/wp\/v2\/media?parent=23439"}],"curies":[{"name":"wp","href":"https:\/\/api.w.org\/{rel}","templated":true}]}}