
{"id":21587,"date":"2020-11-19T10:05:35","date_gmt":"2020-11-19T09:05:35","guid":{"rendered":"https:\/\/www.dfi-geisler.com\/?page_id=21587"},"modified":"2026-01-23T10:54:17","modified_gmt":"2026-01-23T09:54:17","slug":"tryghedspakke","status":"publish","type":"page","link":"https:\/\/www.dfi-geisler.com\/NO\/tryghedspakke\/","title":{"rendered":"Trygghetspakke"},"content":{"rendered":"<div class=\"wpb-content-wrapper\"><p>[vc_row full_width=&raquo;stretch_row&raquo; css=&raquo;.vc_custom_1606221378826{background-image: url(https:\/\/www.dfi-geisler.com\/wp-content\/uploads\/2020\/11\/DFI_GEISLER_076-scaled.jpg?id=21617) !important;background-position: center !important;background-repeat: no-repeat !important;background-size: cover !important;}&raquo;][vc_column][vc_empty_space height=&raquo;100px&raquo;][vc_custom_heading text=&raquo;Trygghetspakke&raquo; font_container=&raquo;tag:h2|font_size:100|text_align:center|color:%23ffffff&raquo; google_fonts=&raquo;font_family:Lato%3A100%2C100italic%2C300%2C300italic%2Cregular%2Citalic%2C700%2C700italic%2C900%2C900italic|font_style:400%20regular%3A400%3Anormal&raquo; css_animation=&raquo;fadeInDown&raquo;][vc_empty_space height=&raquo;100px&raquo;][\/vc_column][\/vc_row][vc_row][vc_column][vc_single_image image=&raquo;8525&#8243; img_size=&raquo;large&raquo; alignment=&raquo;center&raquo; style=&raquo;vc_box_shadow_3d&raquo; css=&raquo;&raquo;][vc_separator color=&raquo;black&raquo; border_width=&raquo;2&#8243;][\/vc_column][\/vc_row][vc_row][vc_column width=&raquo;1\/2&#8243;][vc_column_text css=&raquo;&raquo;]<\/p>\n<h3 style=\"text-align: center;\">TRYGGHETSPAKKE<\/h3>\n<div class=\"page\" title=\"Page 2\">\n<div class=\"section\">\n<div class=\"layoutArea\">\n<div class=\"column\">\n<div class=\"page\" title=\"Page 2\">\n<div class=\"section\">\n<div class=\"layoutArea\">\n<div class=\"column\">\n<h5 style=\"text-align: center;\">En trygghetspakke er en tjeneste som omfatter oppm\u00e5ling og montering av benkeplater.<\/h5>\n<h5 style=\"text-align: center;\">Benkeplatene er en viktig del av ditt nye kj\u00f8kken, og vi \u00f8nsker at du skal forst\u00e5 hele prosessen rundt trygghetspakken. I denne folderen kan du lese hvordan trygghetspakken fungerer.<\/h5>\n<h5 style=\"text-align: center;\">Benkeskapene p\u00e5 kj\u00f8kkenet m\u00e5 v\u00e6re monterte f\u00f8r vi kan starte. Deretter kommer en sertifisert mont\u00f8r hjem til<br \/>\ndeg for \u00e5 ta m\u00e5l av de nye benkeplatene (kun ved trygghetspakke 1 og 2).<\/h5>\n<h5 style=\"text-align: center;\">Etter kontrollm\u00e5ling produseres dine benkeplater i henhold til m\u00e5lene. Etter 10-12 arbeidsdager* kommer mont\u00f8ren tilbake og monterer de spesialproduserte benkeplatene som passer akkurat ditt kj\u00f8kken.<\/h5>\n<\/div>\n<\/div>\n<\/div>\n<\/div>\n<\/div>\n<\/div>\n<\/div>\n<\/div>\n<h5 style=\"text-align: center;\">*) Med forbehold om bestillingsvarer, st\u00e5lprodukter og produksjonskapasitet. Ta h\u00f8yde for lengre leveringstid i h\u00f8yt belastede perioder, som for eksempel ferier.<\/h5>\n<p>[\/vc_column_text][vc_empty_space height=&raquo;1px&raquo;][vc_single_image image=&raquo;8241&#8243; img_size=&raquo;full&raquo; alignment=&raquo;center&raquo; style=&raquo;vc_box_shadow_3d&raquo;][vc_column_text css=&raquo;&raquo;]<\/p>\n<h3 style=\"text-align: center;\">TOLERANSER<\/h3>\n<div class=\"page\" title=\"Page 3\">\n<div class=\"section\">\n<div class=\"layoutArea\">\n<div class=\"column\">\n<div class=\"page\" title=\"Page 3\">\n<div class=\"section\">\n<div class=\"layoutArea\">\n<div class=\"column\">\n<h5 style=\"text-align: center;\">\u00c5 bestille trygghetspakke betyr at benkeplatene produseres etter eksakte m\u00e5l i ditt kj\u00f8kken. Det kan alltid forekomme enkelte avvik, for eksempel avvik p\u00e5 m\u00e5l (spesielt p\u00e5 steinprodukter), avvik p\u00e5 farge og struktur.<\/h5>\n<p>&nbsp;<\/p>\n<\/div>\n<\/div>\n<\/div>\n<\/div>\n<\/div>\n<\/div>\n<\/div>\n<\/div>\n<h5 style=\"text-align: center;\">\u00a0M\u00c5LTOLERANSER<\/h5>\n<div class=\"page\" title=\"Page 3\">\n<div class=\"section\">\n<div class=\"layoutArea\">\n<div class=\"column\">\n<div class=\"page\" title=\"Page 3\">\n<div class=\"section\">\n<div class=\"layoutArea\">\n<div class=\"column\">\n<h5 style=\"text-align: center;\">Som produsent av dine benkeplater forholder vi oss til f\u00f8lgende toleranser med tanke p\u00e5 oppm\u00e5ling, produsering og montering av benkeplatene:<\/h5>\n<\/div>\n<\/div>\n<\/div>\n<\/div>\n<\/div>\n<\/div>\n<\/div>\n<\/div>\n<h5 style=\"text-align: center;\"><span style=\"color: #000000;\"><strong>\u2022 Benkeplater +\/\u2013 2 mm<\/strong><\/span><\/h5>\n<h5 style=\"text-align: center;\"><span style=\"color: #000000;\"><strong>\u2022 Overheng ved d\u00f8rer +\/\u2013 2 mm<\/strong><\/span><\/h5>\n<h5 style=\"text-align: center;\"><span style=\"color: #000000;\"><strong>\u2022 Overheng ved gavl<\/strong><\/span><span style=\"color: #000000;\"><strong>+\/\u2013 2 mm<\/strong><\/span><\/h5>\n<h5 style=\"text-align: center;\"><span style=\"color: #000000;\"><strong>\u2022 Placering av vask +\/\u2013 2 mm<\/strong><\/span><\/h5>\n<h5 style=\"text-align: center;\"><span style=\"color: #000000;\"><strong>\u2022 Placering av komfyr +\/\u2013 2 mm<\/strong><\/span><\/h5>\n<h5 style=\"text-align: center;\"><span style=\"color: #000000;\"><strong>\u2022 Utskj\u00e4rninger +\/\u2013 2 mm<\/strong><\/span><\/h5>\n<h5 style=\"text-align: center;\"><span style=\"color: #000000;\"><strong>\u2022 Fugebredde 5 mm +\/\u2013 2 mm<\/strong><\/span><\/h5>\n<h6 style=\"text-align: center;\">(kan v\u00e6re bredere i massivt tre, da treet skal kunne r\u00f8re seg)<\/h6>\n<p>[\/vc_column_text][\/vc_column][vc_column width=&raquo;1\/2&#8243;][vc_single_image image=&raquo;8209&#8243; img_size=&raquo;full&raquo; alignment=&raquo;center&raquo; style=&raquo;vc_box_shadow_3d&raquo;][vc_column_text css=&raquo;&raquo;]<\/p>\n<div class=\"page\" title=\"Page 2\">\n<div class=\"section\">\n<div class=\"layoutArea\">\n<div class=\"column\">\n<div class=\"page\" title=\"Page 2\">\n<div class=\"section\">\n<div class=\"layoutArea\">\n<div class=\"column\">\n<h3 style=\"text-align: center;\">VIKTIG N\u00c5R V\u00c5R MONTERING\u00a0ER FULLF\u00d8RT<\/h3>\n<\/div>\n<\/div>\n<\/div>\n<\/div>\n<\/div>\n<\/div>\n<\/div>\n<\/div>\n<div class=\"page\" title=\"Page 2\">\n<div class=\"section\">\n<div class=\"layoutArea\">\n<div class=\"column\">\n<div class=\"page\" title=\"Page 2\">\n<div class=\"section\">\n<div class=\"layoutArea\">\n<div class=\"column\">\n<h5 style=\"text-align: center;\">Etter at montering er ferdig, inklusive fuging (om veggen er klar for fuging), sender vi en sluttrapport til oppgitt e-postadresse. Dersom vi ikke mottar en tilbakemelding i l\u00f8pet av 3 arbeidsdager betrakter vi monteringen som godkjent.<\/h5>\n<\/div>\n<\/div>\n<\/div>\n<\/div>\n<\/div>\n<\/div>\n<\/div>\n<\/div>\n<p>[\/vc_column_text][vc_empty_space height=&raquo;300px&raquo;][vc_single_image image=&raquo;8269&#8243; img_size=&raquo;full&raquo; alignment=&raquo;center&raquo; style=&raquo;vc_box_shadow_3d&raquo;][\/vc_column][\/vc_row][vc_row][vc_column][vc_separator color=&raquo;black&raquo; border_width=&raquo;2&#8243; css=&raquo;&raquo;][vc_column_text css=&raquo;&raquo;]<\/p>\n<h3 style=\"text-align: center;\">SLIK FUNGERER PROSESSEN HOS DEG<\/h3>\n<p style=\"text-align: center;\">OPPM\u00c5LING OG MONTERING AV DINE NYE BENKEPLATER<\/p>\n<p>[\/vc_column_text][vc_separator border_width=&raquo;2&#8243; css=&raquo;&raquo;][\/vc_column][\/vc_row][vc_row][vc_column width=&raquo;1\/2&#8243;][vc_column_text]<\/p>\n<h3 style=\"text-align: center;\"><span style=\"color: #f6b200;\">STEG 1<span style=\"color: #000000;\">: INNLEDENDE INFORMASJON<\/span><\/span><\/h3>\n<div class=\"page\" title=\"Page 4\">\n<div class=\"section\">\n<div class=\"layoutArea\">\n<div class=\"page\" title=\"Page 4\">\n<div class=\"section\">\n<div class=\"layoutArea\">\n<div class=\"column\">\n<h5 style=\"text-align: center;\">N\u00e5r du har bestilt ditt nye kj\u00f8kken med benkeplater, inklusive trygghetspakke, vil du motta en e-post med informasjon om hvilken uke som er aktuell for oppm\u00e5ling av ditt kj\u00f8kken. E-posten kommer fra produsenten \u2013 DFI Geisler A\/S.<\/h5>\n<\/div>\n<\/div>\n<\/div>\n<\/div>\n<\/div>\n<\/div>\n<\/div>\n<p>[\/vc_column_text][\/vc_column][vc_column width=&raquo;1\/2&#8243;][vc_single_image image=&raquo;22812&#8243; img_size=&raquo;full&raquo; alignment=&raquo;center&raquo; style=&raquo;vc_box_shadow_3d&raquo;][\/vc_column][\/vc_row][vc_row][vc_column width=&raquo;1\/2&#8243;][vc_single_image image=&raquo;8285&#8243; img_size=&raquo;full&raquo; alignment=&raquo;center&raquo; style=&raquo;vc_box_shadow_3d&raquo;][\/vc_column][vc_column width=&raquo;1\/2&#8243;][vc_column_text]<\/p>\n<h3 style=\"text-align: center;\"><span style=\"color: #f6b200;\">STEG 2<\/span>:\u00a0BESTILLING AV OPPM\u00c5LINGEN<\/h3>\n<div class=\"page\" title=\"Page 5\">\n<div class=\"section\">\n<div class=\"layoutArea\">\n<div class=\"column\">\n<div class=\"page\" title=\"Page 5\">\n<div class=\"section\">\n<div class=\"layoutArea\">\n<div class=\"column\">\n<h5 style=\"text-align: center;\">Du blir kontaktet per telefon ca. 5 dager f\u00f8r oppm\u00e5ling for \u00e5 bestemme eksakt dato. Vi setter et intervall p\u00e5 4 timer. Det betyr at vi for eksempel angir at vi kommer mellom kl. 09:00 og 13:00.<\/h5>\n<h5 style=\"text-align: center;\">Om du \u00f8nsker at mont\u00f8ren skal kontakte deg f\u00f8r avtalt tidspunkt m\u00e5 du avtale dette direkte med mont\u00f8ren. Du mottar en bekreftelse p\u00e5 e-post n\u00e5r tidspunkt for oppm\u00e5ling er avtalt.<\/h5>\n<\/div>\n<\/div>\n<\/div>\n<\/div>\n<\/div>\n<\/div>\n<\/div>\n<\/div>\n<p>[\/vc_column_text][\/vc_column][\/vc_row][vc_row][vc_column width=&raquo;1\/2&#8243;][vc_column_text]<\/p>\n<h3 style=\"text-align: center;\"><span style=\"color: #f6b200;\">STEG 3<span style=\"color: #000000;\">: DIN FORBEREDELSE F\u00d8R OPPM\u00c5LINGEN<\/span><\/span><\/h3>\n<div class=\"page\" title=\"Page 5\">\n<div class=\"section\">\n<div class=\"layoutArea\">\n<div class=\"column\">\n<div class=\"page\" title=\"Page 5\">\n<div class=\"section\">\n<div class=\"layoutArea\">\n<div class=\"column\">\n<h5 style=\"text-align: center;\">For at mont\u00f8ren skal kunne gj\u00f8re en korrekt oppm\u00e5ling er det viktig at alle skap og dekksider er monterte. Om det er et eksisterende kj\u00f8kken er det viktig at de gamle benkeplatene er tatt bort.<\/h5>\n<h5 style=\"text-align: center;\">Det f\u00f8rste mont\u00f8ren gj\u00f8r f\u00f8r oppm\u00e5ling er \u00e5 kontrollere at skapene er korrekt monterte med maks 2 mm toleranse. Skapene skal st\u00e5 horisontalt og ha en rett linje i front. En trygghetspakke inkluderer oppm\u00e5ling og montering av benkeplater og eventuelt sprutbeskyttelse over benkeplatene. Den omfatter alts\u00e5 ikke hyller o.l.<\/h5>\n<\/div>\n<\/div>\n<\/div>\n<\/div>\n<\/div>\n<\/div>\n<\/div>\n<\/div>\n<p>[\/vc_column_text][\/vc_column][vc_column width=&raquo;1\/2&#8243;][vc_single_image image=&raquo;8289&#8243; img_size=&raquo;full&raquo; alignment=&raquo;center&raquo; style=&raquo;vc_box_shadow_3d&raquo;][\/vc_column][\/vc_row][vc_row][vc_column][vc_empty_space height=&raquo;15px&raquo;][\/vc_column][\/vc_row][vc_row][vc_column width=&raquo;1\/2&#8243;][vc_single_image image=&raquo;8305&#8243; img_size=&raquo;full&raquo; alignment=&raquo;center&raquo; style=&raquo;vc_box_shadow_3d&raquo;][\/vc_column][vc_column width=&raquo;1\/2&#8243;][vc_column_text]<\/p>\n<h3 style=\"text-align: center;\"><span style=\"color: #f6b200;\">STEG 4<\/span>:\u00a0 <span style=\"color: #203246;\">OPPM\u00c5LINGEN<\/span><\/h3>\n<div class=\"page\" title=\"Page 6\">\n<div class=\"section\">\n<div class=\"layoutArea\">\n<div class=\"column\">\n<div class=\"page\" title=\"Page 6\">\n<div class=\"section\">\n<div class=\"layoutArea\">\n<div class=\"column\">\n<h5 style=\"text-align: center;\">Om mont\u00f8ren i forbindelse med oppm\u00e5lingen skulle oppdage utskj\u00e6ringer, varierende dybde p\u00e5 platene eller andre ting som medf\u00f8rer endringer i prisen du har f\u00e5tt av butikken, vil butikken bli informert om dette, og<br \/>\nde oppdaterer prisen.<\/h5>\n<h5 style=\"text-align: center;\">I forbindelse med oppm\u00e5lingen gj\u00f8r mont\u00f8ren en vurdering om det er mulig \u00e5 transportere de ferdige platene inn i boligen.<\/h5>\n<h5 style=\"text-align: center;\">Om tilgang til bolig krever kran eller ekstra personale for transport og montering p\u00e5 grunn av benkeplatenes vekt eller st\u00f8rrelse, kommer de faktiske kostnadene for dette til \u00e5 legges p\u00e5 prisen.<\/h5>\n<h5 style=\"text-align: center;\">Vi gj\u00f8r oppmerksom p\u00e5 at eventuell kameraoverv\u00e5king av arbeidsomr\u00e5det SKAL meddeles v\u00e5r mont\u00f8r f\u00f8r arbeidet p\u00e5begynnes. Husk at opptak\/bilder fra overv\u00e5king er privat materiale og ikke kan deles offentlig uten v\u00e5rt<br \/>\nsamtykke i henhold til gjeldende lov.<\/h5>\n<\/div>\n<\/div>\n<\/div>\n<\/div>\n<\/div>\n<\/div>\n<\/div>\n<\/div>\n<h5 style=\"text-align: center;\"><\/h5>\n<h5 style=\"text-align: center;\"><\/h5>\n<p>[\/vc_column_text][\/vc_column][\/vc_row][vc_row][vc_column width=&raquo;1\/2&#8243;][vc_empty_space height=&raquo;25px&raquo;][vc_column_text]<\/p>\n<h3 style=\"text-align: center;\"><span style=\"color: #f6b200;\">STEG 5<\/span>:\u00a0 <span style=\"color: #203246;\">AVTALE MONTERINGSDAG<\/span><\/h3>\n<div class=\"page\" title=\"Page 7\">\n<div class=\"section\">\n<div class=\"layoutArea\">\n<div class=\"column\">\n<div class=\"page\" title=\"Page 7\">\n<div class=\"section\">\n<div class=\"layoutArea\">\n<div class=\"column\">\n<h6 style=\"text-align: center;\">Etter oppm\u00e5ling starter produksjonen av benkeplatene. Etter 10 til 12 arbeidsdager* etter oppm\u00e5ling er benkeplatene klare for installasjon.<\/h6>\n<p>Ca. 5 arbeidsdager f\u00f8r montering blir du kontaktet per telefon for ytterligere informasjon om dag og tidspunkt for montering.<\/p>\n<p>*) Med forbehold om bestillingsvarer, st\u00e5lprodukter og produksjonskapasitet. Ta h\u00f8yde for lengre leveringstid i h\u00f8yt belastede perioder, som for eksempel ferier.<\/p>\n<\/div>\n<\/div>\n<\/div>\n<\/div>\n<\/div>\n<\/div>\n<\/div>\n<\/div>\n<p>[\/vc_column_text][vc_empty_space height=&raquo;190px&raquo;][\/vc_column][vc_column width=&raquo;1\/2&#8243;][vc_empty_space height=&raquo;25px&raquo;][vc_single_image image=&raquo;8259&#8243; img_size=&raquo;full&raquo; alignment=&raquo;center&raquo; style=&raquo;vc_box_shadow_3d&raquo;][\/vc_column][\/vc_row][vc_row][vc_column width=&raquo;1\/2&#8243;][vc_single_image image=&raquo;8313&#8243; img_size=&raquo;full&raquo; alignment=&raquo;center&raquo; style=&raquo;vc_box_shadow_3d&raquo;][\/vc_column][vc_column width=&raquo;1\/2&#8243;][vc_column_text css=&raquo;&raquo;]<\/p>\n<h3 style=\"text-align: center;\"><span style=\"color: #f6b200;\">STEG 6<\/span>:\u00a0 <span style=\"color: #203246;\">MONTERING<\/span><\/h3>\n<div class=\"page\" title=\"Page 7\">\n<div class=\"section\">\n<div class=\"layoutArea\">\n<div class=\"column\">\n<div class=\"page\" title=\"Page 7\">\n<div class=\"section\">\n<div class=\"layoutArea\">\n<div class=\"column\">\n<h5 style=\"text-align: center;\">Det kommer vanligvis to mont\u00f8rer ved montering. Mont\u00f8rene kommer f\u00f8rst til \u00e5 kontrollere om det er transportskader p\u00e5 platene. Heretter monteres benkeplatene, inkludert fuger i ende- og bakkant, forutsatt at mont\u00f8ren vurderer at det er mulig med et tilfredsstillende resultat. Om det er bestilt planliming av platetopp, utf\u00f8res dette av mont\u00f8ren dersom platetoppen er klar for installasjon. Vi installerer ikke platetopper med integrert ventilator, da disse skal installeres av elektriker.<\/h5>\n<h5 style=\"text-align: center;\">NB: Mont\u00f8ren kobler ikke p\u00e5 vann eller str\u00f8m.<\/h5>\n<h5 style=\"text-align: center;\">Monteringsarbeidet avsluttes ved at benkeplatene rengj\u00f8res og det tas en sluttkontroll av b\u00e5de plater og montering. Det er veldig viktig at du beskytter gulvet, ettersom v\u00e5re mont\u00f8rer av sikkerhetsmessige \u00e5rsaker benytter vernesko. Beskyttelsen p\u00e5 gulvet skal v\u00e6re fast og sklisikker.<\/h5>\n<\/div>\n<\/div>\n<\/div>\n<\/div>\n<\/div>\n<\/div>\n<\/div>\n<\/div>\n<p>[\/vc_column_text][\/vc_column][\/vc_row][vc_row][vc_column][vc_empty_space height=&raquo;50px&raquo;][\/vc_column][\/vc_row]<\/p>\n<\/div>","protected":false},"excerpt":{"rendered":"<p>[vc_row full_width=&raquo;stretch_row&raquo; css=&raquo;.vc_custom_1606221378826{background-image: url(https:\/\/www.dfi-geisler.com\/wp-content\/uploads\/2020\/11\/DFI_GEISLER_076-scaled.jpg?id=21617) !important;background-position: center !important;background-repeat: no-repeat !important;background-size: cover !important;}&raquo;][vc_column][vc_empty_space height=&raquo;100px&raquo;][vc_custom_heading text=&raquo;Trygghetspakke&raquo; font_container=&raquo;tag:h2|font_size:100|text_align:center|color:%23ffffff&raquo; google_fonts=&raquo;font_family:Lato%3A100%2C100italic%2C300%2C300italic%2Cregular%2Citalic%2C700%2C700italic%2C900%2C900italic|font_style:400%20regular%3A400%3Anormal&raquo; css_animation=&raquo;fadeInDown&raquo;][vc_empty_space height=&raquo;100px&raquo;][\/vc_column][\/vc_row][vc_row][vc_column][vc_single_image image=&raquo;8525&#8243; img_size=&raquo;large&raquo; alignment=&raquo;center&raquo; style=&raquo;vc_box_shadow_3d&raquo; css=&raquo;&raquo;][vc_separator color=&raquo;black&raquo; border_width=&raquo;2&#8243;][\/vc_column][\/vc_row][vc_row][vc_column width=&raquo;1\/2&#8243;][vc_column_text css=&raquo;&raquo;]<\/p>\n","protected":false},"author":717,"featured_media":0,"parent":0,"menu_order":0,"comment_status":"closed","ping_status":"closed","template":"","meta":{"_monsterinsights_skip_tracking":false,"_monsterinsights_sitenote_active":false,"_monsterinsights_sitenote_note":"","_monsterinsights_sitenote_category":0,"footnotes":""},"class_list":["post-21587","page","type-page","status-publish","hentry"],"aioseo_notices":[],"_links":{"self":[{"href":"https:\/\/www.dfi-geisler.com\/NO\/wp-json\/wp\/v2\/pages\/21587","targetHints":{"allow":["GET"]}}],"collection":[{"href":"https:\/\/www.dfi-geisler.com\/NO\/wp-json\/wp\/v2\/pages"}],"about":[{"href":"https:\/\/www.dfi-geisler.com\/NO\/wp-json\/wp\/v2\/types\/page"}],"author":[{"embeddable":true,"href":"https:\/\/www.dfi-geisler.com\/NO\/wp-json\/wp\/v2\/users\/717"}],"replies":[{"embeddable":true,"href":"https:\/\/www.dfi-geisler.com\/NO\/wp-json\/wp\/v2\/comments?post=21587"}],"version-history":[{"count":35,"href":"https:\/\/www.dfi-geisler.com\/NO\/wp-json\/wp\/v2\/pages\/21587\/revisions"}],"predecessor-version":[{"id":38360,"href":"https:\/\/www.dfi-geisler.com\/NO\/wp-json\/wp\/v2\/pages\/21587\/revisions\/38360"}],"wp:attachment":[{"href":"https:\/\/www.dfi-geisler.com\/NO\/wp-json\/wp\/v2\/media?parent=21587"}],"curies":[{"name":"wp","href":"https:\/\/api.w.org\/{rel}","templated":true}]}}