
{"id":21422,"date":"2020-11-09T19:23:50","date_gmt":"2020-11-09T18:23:50","guid":{"rendered":"https:\/\/www.dfi-geisler.com\/?page_id=21422"},"modified":"2021-03-15T10:14:15","modified_gmt":"2021-03-15T09:14:15","slug":"100-groen-el","status":"publish","type":"page","link":"https:\/\/www.dfi-geisler.com\/NO\/100-groen-el\/","title":{"rendered":"100% gr\u00f8nn el"},"content":{"rendered":"<div class=\"wpb-content-wrapper\"><p>[vc_row full_width=&raquo;stretch_row_content&raquo; css=&raquo;.vc_custom_1604946103406{background-image: url(https:\/\/www.dfi-geisler.com\/wp-content\/uploads\/2020\/11\/pexels-sharath-g-2796964-scaled.jpg?id=21423) !important;background-position: center !important;background-repeat: no-repeat !important;background-size: cover !important;}&raquo;][vc_column][vc_empty_space height=&raquo;300&#8243;][vc_custom_heading text=&raquo;100% gr\u00f8nn el&raquo; font_container=&raquo;tag:h2|font_size:70|text_align:left|color:%23ffffff&raquo; google_fonts=&raquo;font_family:Lato%3A100%2C100italic%2C300%2C300italic%2Cregular%2Citalic%2C700%2C700italic%2C900%2C900italic|font_style:400%20regular%3A400%3Anormal&raquo; css_animation=&raquo;fadeInDown&raquo;][vc_empty_space height=&raquo;25&#8243;][\/vc_column][\/vc_row][vc_row][vc_column][vc_row_inner][vc_column_inner width=&raquo;1\/2&#8243;][vc_empty_space height=&raquo;00px&raquo;][vc_column_text]<\/p>\n<h4 style=\"text-align: left;\"><span style=\"color: #000000;\"><strong>Vi produserer med b\u00e6rekraftig energi<\/strong><\/span><\/h4>\n<h5 style=\"text-align: left;\"><span style=\"color: #000000;\">Forskernes dom er klar: De globale CO<sub>2<\/sub><\/span><span style=\"color: #000000;\">-utslippene m\u00e5 halveres innen 2030 hvis vi skal unng\u00e5 en klimakatastrofe. Og likevel \u00f8ker utslippene jevnt \u00e5r etter \u00e5r.<\/span><\/h5>\n<h5 style=\"text-align: left;\"><span style=\"color: #000000;\">Nesten 75 % av de globale utslippene kommer fra energi fremstilt med fossilt drivstoff. Vil vi bekjempe klimaendringene, er omstillingen til vedvarende energi derfor helt avgj\u00f8rende.<\/span><\/h5>\n<h5 style=\"text-align: left;\"><span style=\"color: #000000;\">Ett av kjerneprinsippene i DFI-Geislers strategi er \u00e5 g\u00e5 fra \u00abfossilt til b\u00e6rekraftig\u00bb. Det inneb\u00e6rer at vi erstatter fossile ressurser med b\u00e6rekraftige p\u00e5 alle de steder hvor det er mulig.<\/span><\/h5>\n<p>[\/vc_column_text][\/vc_column_inner][vc_column_inner width=&raquo;1\/2&#8243;][vc_single_image image=&raquo;22343&#8243; img_size=&raquo;full&raquo; alignment=&raquo;center&raquo; style=&raquo;vc_box_shadow_3d&raquo; css_animation=&raquo;fadeInRight&raquo; css=&raquo;.vc_custom_1613131670819{margin-top: 60px !important;}&raquo;][\/vc_column_inner][\/vc_row_inner][vc_column_text]<\/p>\n<h5 style=\"text-align: left;\"><span style=\"color: #000000;\">Som det mest synlige resultatet har vi siden 2019 utelukkende brukt gr\u00f8nn str\u00f8m fra nordiske vannkraftanlegg \u2013 fremstilt uten utslipp av CO<sub>2<\/sub>.<\/span><\/h5>\n<h5 style=\"text-align: left;\"><span style=\"color: #000000;\">Selv om str\u00f8mmen v\u00e5r er klimavennlig, gj\u00f8r vi en l\u00f8pende innsats for \u00e5 redusere forbruket og dermed bidra ytterligere til klimainnsatsen. Vi har derfor skiftet ut all belysning hos DFI-Geisler med LED, som b\u00e5de holder lenger og bruker mindre str\u00f8m.<\/span><\/h5>\n<h5 style=\"text-align: left;\"><em><span style=\"color: #000000;\">Se bevis for kj\u00f8p av milj\u00f8vennlig str\u00f8m <strong><a href=\"https:\/\/www.dfi-geisler.com\/wp-content\/uploads\/2021\/01\/Bilag-4-1-ren-el.pdf\" target=\"_blank\" rel=\"noopener\"><span style=\"color: #009dff;\">Her<\/span><\/a><\/strong><\/span><\/em><\/h5>\n<p>[\/vc_column_text][\/vc_column][vc_column][vc_row_inner][vc_column_inner width=&raquo;2\/3&#8243;][vc_column_text]<\/p>\n<h4 style=\"text-align: left;\"><span style=\"color: #000000;\"><strong>Hva er et vannkraftverk<\/strong><\/span><\/h4>\n<h5 style=\"text-align: left;\"><span style=\"color: #000000;\">Vann i bevegelse inneholder energi. Og det er denne energien et vannkraftverk utnytter til \u00e5 produsere milj\u00f8vennlig elektrisitet. N\u00e5r nedb\u00f8r og fordampet vann fra havet har samlet seg i h\u00f8ytliggende reservoarer i de norske fjellene, blir de store vannmengdene dirigert gjennom kraftverkets turbiner p\u00e5 veien ned fra fjellet. Vannet for dermed turbinen til \u00e5 dreie rundt, og herved overf\u00f8res en del av energien fra vannet til turbinen. Du kan sammenligne prinsippet med en vindm\u00f8lle. Her er det bare vind som f\u00e5r turbinen (inne i vindm\u00f8llen) til \u00e5 dreie rundt og produsere str\u00f8m.<\/span><\/h5>\n<p>[\/vc_column_text][\/vc_column_inner][vc_column_inner width=&raquo;1\/3&#8243;][vc_empty_space height=&raquo;5px&raquo;][vc_single_image image=&raquo;21432&#8243; img_size=&raquo;full&raquo;][\/vc_column_inner][\/vc_row_inner][\/vc_column][\/vc_row]<\/p>\n<\/div>","protected":false},"excerpt":{"rendered":"<p>[vc_row full_width=&raquo;stretch_row_content&raquo; css=&raquo;.vc_custom_1604946103406{background-image: url(https:\/\/www.dfi-geisler.com\/wp-content\/uploads\/2020\/11\/pexels-sharath-g-2796964-scaled.jpg?id=21423) !important;background-position: center !important;background-repeat: no-repeat !important;background-size: cover !important;}&raquo;][vc_column][vc_empty_space height=&raquo;300&#8243;][vc_custom_heading text=&raquo;100% gr\u00f8nn el&raquo; font_container=&raquo;tag:h2|font_size:70|text_align:left|color:%23ffffff&raquo; google_fonts=&raquo;font_family:Lato%3A100%2C100italic%2C300%2C300italic%2Cregular%2Citalic%2C700%2C700italic%2C900%2C900italic|font_style:400%20regular%3A400%3Anormal&raquo; css_animation=&raquo;fadeInDown&raquo;][vc_empty_space height=&raquo;25&#8243;][\/vc_column][\/vc_row][vc_row][vc_column][vc_row_inner][vc_column_inner width=&raquo;1\/2&#8243;][vc_empty_space height=&raquo;00px&raquo;][vc_column_text] Vi produserer med b\u00e6rekraftig energi<\/p>\n","protected":false},"author":717,"featured_media":0,"parent":0,"menu_order":0,"comment_status":"closed","ping_status":"closed","template":"","meta":{"_monsterinsights_skip_tracking":false,"_monsterinsights_sitenote_active":false,"_monsterinsights_sitenote_note":"","_monsterinsights_sitenote_category":0,"footnotes":""},"class_list":["post-21422","page","type-page","status-publish","hentry"],"aioseo_notices":[],"_links":{"self":[{"href":"https:\/\/www.dfi-geisler.com\/NO\/wp-json\/wp\/v2\/pages\/21422","targetHints":{"allow":["GET"]}}],"collection":[{"href":"https:\/\/www.dfi-geisler.com\/NO\/wp-json\/wp\/v2\/pages"}],"about":[{"href":"https:\/\/www.dfi-geisler.com\/NO\/wp-json\/wp\/v2\/types\/page"}],"author":[{"embeddable":true,"href":"https:\/\/www.dfi-geisler.com\/NO\/wp-json\/wp\/v2\/users\/717"}],"replies":[{"embeddable":true,"href":"https:\/\/www.dfi-geisler.com\/NO\/wp-json\/wp\/v2\/comments?post=21422"}],"version-history":[{"count":26,"href":"https:\/\/www.dfi-geisler.com\/NO\/wp-json\/wp\/v2\/pages\/21422\/revisions"}],"predecessor-version":[{"id":23027,"href":"https:\/\/www.dfi-geisler.com\/NO\/wp-json\/wp\/v2\/pages\/21422\/revisions\/23027"}],"wp:attachment":[{"href":"https:\/\/www.dfi-geisler.com\/NO\/wp-json\/wp\/v2\/media?parent=21422"}],"curies":[{"name":"wp","href":"https:\/\/api.w.org\/{rel}","templated":true}]}}