
{"id":21375,"date":"2020-11-09T17:33:21","date_gmt":"2020-11-09T16:33:21","guid":{"rendered":"https:\/\/www.dfi-geisler.com\/?page_id=21375"},"modified":"2021-02-24T16:23:10","modified_gmt":"2021-02-24T15:23:10","slug":"groennere-bordplader","status":"publish","type":"page","link":"https:\/\/www.dfi-geisler.com\/NO\/groennere-bordplader\/","title":{"rendered":"Gr\u00f8nnere bordplader"},"content":{"rendered":"<div class=\"wpb-content-wrapper\"><p>[vc_row full_width=&raquo;stretch_row_content&raquo; css=&raquo;.vc_custom_1604936782568{padding-bottom: 0px !important;background-image: url(https:\/\/www.dfi-geisler.com\/wp-content\/uploads\/2020\/11\/pexels-public-domain-pictures-40973-1-scaled.jpg?id=21378) !important;background-position: center !important;background-repeat: no-repeat !important;background-size: cover !important;}&raquo;][vc_column css=&raquo;.vc_custom_1603984345981{padding-top: 0px !important;}&raquo;][vc_empty_space height=&raquo;500&#8243;][vc_custom_heading text=&raquo;Gr\u00f8nnere benkeplater&raquo; font_container=&raquo;tag:h1|font_size:100|text_align:left|color:%23ffffff&raquo; google_fonts=&raquo;font_family:Lato%3A100%2C100italic%2C300%2C300italic%2Cregular%2Citalic%2C700%2C700italic%2C900%2C900italic|font_style:400%20regular%3A400%3Anormal&raquo; css_animation=&raquo;fadeInDown&raquo;][vc_empty_space height=&raquo;50&#8243;][\/vc_column][\/vc_row][vc_row][vc_column][vc_column_text]<\/p>\n<h5 style=\"text-align: left;\"><span style=\"color: #000000;\">Hos DFI-Geisler hviler vi ikke p\u00e5 v\u00e5re b\u00e6rekraftige laurb\u00e6r. Tvert imot jobber vi hele tiden med \u00e5 gj\u00f8re produktene v\u00e5re enda mer milj\u00f8vennlige og b\u00e6rekraftige. Det var derfor ogs\u00e5 et stort og viktig skritt da vi som den f\u00f8rste danske benkeplateprodusenten fikk FSC-sertifisert alle v\u00e5re laminatbenkeplater.<\/span><\/h5>\n<p>[\/vc_column_text][\/vc_column][\/vc_row][vc_row][vc_column width=&raquo;1\/2&#8243;][vc_column_text]<\/p>\n<h4><strong>Gr\u00f8nnere laminatbenkeplater<\/strong><\/h4>\n<p>[\/vc_column_text][vc_column_text]<\/p>\n<h5 style=\"text-align: left;\"><span style=\"color: #000000;\">Siden september 2020 har DFI-Geisler utelukkende brukt FSC-sertifiserte sponplater i produksjonen av laminatbenkeplater. Og da i hvert \u00e5r sender nesten 60 000 benkeplatesett ut av fabrikken, og da disse platene utgj\u00f8r ca. halvparten av det samlede salget v\u00e5rt, bidrar FSC-sertifiseringen i h\u00f8y grad til \u00e5 gj\u00f8re produksjonen av benkeplater enda gr\u00f8nnere.<\/span><\/h5>\n<h5 style=\"text-align: left;\"><span style=\"color: #000000;\">De nye, sertifiserte sponplatene fremstilles hovedsakelig av lim og trespon. Sponene kommer dels fra FSC-sertifiserte skoger og del fra en stadig st\u00f8rre andel gjenbrukstre.<\/span><\/h5>\n<h5 style=\"text-align: left;\"><span style=\"color: #000000;\">Platene produseres i Danmark. Det reduserer transporten betraktelig, og bidrar ytterligere til \u00e5 senke CO<\/span><span style=\"color: #000000;\"><sub>2<\/sub><\/span><span style=\"color: #000000;\">-avtrykket.<\/span><\/h5>\n<p>[\/vc_column_text][\/vc_column][vc_column width=&raquo;1\/2&#8243;][vc_empty_space][vc_single_image image=&raquo;20818&#8243; img_size=&raquo;full&raquo; css_animation=&raquo;fadeInRight&raquo;][\/vc_column][\/vc_row][vc_row][vc_column][vc_column_text]<\/p>\n<h4><strong>Gr\u00f8nnere massivtr\u00e6 og sp\u00e5nplader<\/strong><\/h4>\n<p>[\/vc_column_text][vc_column_text]<\/p>\n<h5 style=\"text-align: left;\"><span style=\"color: #000000;\">Allerede i 2013 ble DFI-Geisler FSC-sertifisert p\u00e5 alle de benkeplatene vi fremstiller i ulike sorter massivt tre.<\/span><\/h5>\n<h5 style=\"text-align: left;\"><span style=\"color: #000000;\">Ved \u00e5 ta steget fullt ut og utelukkende bruke FSC-sertifisert tre, b\u00e5de som massivt tre og som sponplater, lever vi n\u00e5 i enda st\u00f8rre grad opp til forbrukernes forventninger. Ikke bare n\u00e5r det gjelder kvalitet, men ogs\u00e5 fordi hver eneste benkeplate er produsert p\u00e5 en forsvarlig og b\u00e6rekraftig m\u00e5te.<\/span><\/h5>\n<p>[\/vc_column_text][\/vc_column][\/vc_row][vc_row][vc_column][vc_row_inner css=&raquo;.vc_custom_1604938997268{background-image: url(https:\/\/www.dfi-geisler.com\/wp-content\/uploads\/2020\/11\/fsc-gr\u00f8n-2.png?id=21406) !important;}&raquo;][vc_column_inner width=&raquo;5\/6&#8243;][vc_column_text]<\/p>\n<h4><strong>Hva er FSC\u00ae?<\/strong><\/h4>\n<h5 style=\"text-align: left;\"><span style=\"color: #000000;\">FSC er en internasjonalt anerkjent merkeordning for tre og papir. Ordningens form\u00e5l er \u00e5 fremme b\u00e6rekraftig skogdrift og \u00f8konomisk levedyktighet i alle verdens skoger, ettersom ordningen setter fokus p\u00e5 skogsarbeidernes sikkerhet, l\u00f8nnsforhold og sosiale rettigheter.<\/span><\/h5>\n<p>[\/vc_column_text][\/vc_column_inner][vc_column_inner width=&raquo;1\/6&#8243;][vc_single_image image=&raquo;21411&#8243; img_size=&raquo;120&#215;180&#8243; alignment=&raquo;center&raquo;][\/vc_column_inner][\/vc_row_inner][\/vc_column][\/vc_row]<\/p>\n<\/div>","protected":false},"excerpt":{"rendered":"<p>[vc_row full_width=&raquo;stretch_row_content&raquo; css=&raquo;.vc_custom_1604936782568{padding-bottom: 0px !important;background-image: url(https:\/\/www.dfi-geisler.com\/wp-content\/uploads\/2020\/11\/pexels-public-domain-pictures-40973-1-scaled.jpg?id=21378) !important;background-position: center !important;background-repeat: no-repeat !important;background-size: cover !important;}&raquo;][vc_column css=&raquo;.vc_custom_1603984345981{padding-top: 0px !important;}&raquo;][vc_empty_space height=&raquo;500&#8243;][vc_custom_heading text=&raquo;Gr\u00f8nnere benkeplater&raquo; font_container=&raquo;tag:h1|font_size:100|text_align:left|color:%23ffffff&raquo; google_fonts=&raquo;font_family:Lato%3A100%2C100italic%2C300%2C300italic%2Cregular%2Citalic%2C700%2C700italic%2C900%2C900italic|font_style:400%20regular%3A400%3Anormal&raquo; css_animation=&raquo;fadeInDown&raquo;][vc_empty_space height=&raquo;50&#8243;][\/vc_column][\/vc_row][vc_row][vc_column][vc_column_text] Hos DFI-Geisler hviler<\/p>\n","protected":false},"author":717,"featured_media":0,"parent":0,"menu_order":0,"comment_status":"closed","ping_status":"closed","template":"","meta":{"_monsterinsights_skip_tracking":false,"_monsterinsights_sitenote_active":false,"_monsterinsights_sitenote_note":"","_monsterinsights_sitenote_category":0,"footnotes":""},"class_list":["post-21375","page","type-page","status-publish","hentry"],"aioseo_notices":[],"_links":{"self":[{"href":"https:\/\/www.dfi-geisler.com\/NO\/wp-json\/wp\/v2\/pages\/21375","targetHints":{"allow":["GET"]}}],"collection":[{"href":"https:\/\/www.dfi-geisler.com\/NO\/wp-json\/wp\/v2\/pages"}],"about":[{"href":"https:\/\/www.dfi-geisler.com\/NO\/wp-json\/wp\/v2\/types\/page"}],"author":[{"embeddable":true,"href":"https:\/\/www.dfi-geisler.com\/NO\/wp-json\/wp\/v2\/users\/717"}],"replies":[{"embeddable":true,"href":"https:\/\/www.dfi-geisler.com\/NO\/wp-json\/wp\/v2\/comments?post=21375"}],"version-history":[{"count":45,"href":"https:\/\/www.dfi-geisler.com\/NO\/wp-json\/wp\/v2\/pages\/21375\/revisions"}],"predecessor-version":[{"id":22574,"href":"https:\/\/www.dfi-geisler.com\/NO\/wp-json\/wp\/v2\/pages\/21375\/revisions\/22574"}],"wp:attachment":[{"href":"https:\/\/www.dfi-geisler.com\/NO\/wp-json\/wp\/v2\/media?parent=21375"}],"curies":[{"name":"wp","href":"https:\/\/api.w.org\/{rel}","templated":true}]}}