
{"id":21314,"date":"2020-11-05T19:25:43","date_gmt":"2020-11-05T18:25:43","guid":{"rendered":"https:\/\/www.dfi-geisler.com\/?page_id=21314"},"modified":"2021-03-15T10:14:12","modified_gmt":"2021-03-15T09:14:12","slug":"genanvendelse-er-sund-fornuft","status":"publish","type":"page","link":"https:\/\/www.dfi-geisler.com\/NO\/genanvendelse-er-sund-fornuft\/","title":{"rendered":"Gjenbruk er sunn fornuft"},"content":{"rendered":"<div class=\"wpb-content-wrapper\"><p>[vc_row full_width=&raquo;stretch_row_content&raquo; css=&raquo;.vc_custom_1604599883761{background-image: url(https:\/\/www.dfi-geisler.com\/wp-content\/uploads\/2020\/11\/coverbillede-scaled.jpg?id=21327) !important;background-position: center !important;background-repeat: no-repeat !important;background-size: cover !important;}&raquo;][vc_column][vc_empty_space height=&raquo;550&#8243;][vc_custom_heading text=&raquo;Gjenbruk er sunn fornuft&raquo; font_container=&raquo;tag:h2|font_size:60|text_align:left|color:%23ffffff&raquo; google_fonts=&raquo;font_family:Lato%3A100%2C100italic%2C300%2C300italic%2Cregular%2Citalic%2C700%2C700italic%2C900%2C900italic|font_style:400%20regular%3A400%3Anormal&raquo; css_animation=&raquo;fadeInDown&raquo;][\/vc_column][\/vc_row][vc_row][vc_column][vc_column_text]<\/p>\n<h4 style=\"text-align: left;\"><span style=\"color: #000000;\"><strong>Hos DFI-Geisler er vi glade for avfallet v\u00e5rt<\/strong><\/span><\/h4>\n<p>[\/vc_column_text][vc_column_text]<\/p>\n<h5><span style=\"color: #000000;\">Vi kommer fra et omr\u00e5de hvor vi n\u00f8dig kaster noe. Derfor har det alltid v\u00e6rt naturlig for oss \u00e5 se p\u00e5 om avfallet v\u00e5rt kan skape verdi. Og hvordan.<\/span><\/h5>\n<p>[\/vc_column_text][vc_separator][\/vc_column][\/vc_row][vc_row][vc_column width=&raquo;2\/3&#8243;][vc_column_text]<\/p>\n<h4 style=\"text-align: left;\"><span style=\"color: #000000;\"><strong>8 av 10 laminatbenkeplater har hatt et tidligere liv<\/strong><\/span><\/h4>\n<h5><span style=\"color: #000000;\">Hvert \u00e5r produserer vi 60.000 benkeplatesett i laminat til kj\u00f8kkenkunder i Danmark, Norge og Sverige. N\u00e5r laminatavdelingen har ryddet opp etter dagens produksjon, sender vi restmaterialene til Djursland, hvor virksomheten Kronospan \u2013 Novopan Treindustri omdanner avfallet til nye sponplater. Dem f\u00e5r vi s\u00e5 i retur til Mors for \u00e5 gj\u00f8re dem til nye benkeplater. De blir deretter fraktet tilbake til Mors for \u00e5 bli nye benkeplater. Og slik fortsetter sirkelen.<\/span><\/h5>\n<p>&nbsp;<\/p>\n<h5><span style=\"color: #000000;\">Vi utnytter og gjenbruker i dag nesten alt treavfallet v\u00e5rt. Det b\u00e6rekraftige resultatet av denne strategien er at 8 a 10 laminatbenkeplater fra DFI-Geisler har hatt et tidligere liv og derfor inng\u00e5r i det sirkul\u00e6re kretsl\u00f8pet.<\/span><\/h5>\n<p>[\/vc_column_text][\/vc_column][vc_column width=&raquo;1\/3&#8243;][vc_single_image image=&raquo;21329&#8243; img_size=&raquo;full&raquo; style=&raquo;vc_box_shadow_3d&raquo; css_animation=&raquo;fadeInRight&raquo;][\/vc_column][\/vc_row][vc_row][vc_column][vc_separator][vc_column_text]<\/p>\n<h4 style=\"text-align: left;\"><span style=\"color: #000000;\"><strong>Andre gjenbrukstiltak<\/strong><\/span><\/h4>\n<ul>\n<li>\n<h5 style=\"text-align: left;\"><span style=\"color: #000000;\">Avfall fra steinproduksjonen blir knust og brukt som veifylling.<\/span><\/h5>\n<\/li>\n<li>\n<h5 style=\"text-align: left;\"><span style=\"color: #000000;\">Flamingoavfall blir omdannet til nye flamingoprodukter.<\/span><\/h5>\n<\/li>\n<li>\n<h5 style=\"text-align: left;\"><span style=\"color: #000000;\">Avfall fra ABS-kantene v\u00e5re blir gjenbrukt i nye produkter.<\/span><\/h5>\n<\/li>\n<\/ul>\n<p>&nbsp;<\/p>\n<p>&nbsp;<\/p>\n<p>&nbsp;<\/p>\n<h4 style=\"text-align: left;\"><span style=\"color: #2a9df4;\"><a href=\"https:\/\/vimeo.com\/330416010\" target=\"_blank\" rel=\"noopener\">Se videopresentasjonen v\u00e5r<\/a><\/span><\/h4>\n<p>[\/vc_column_text][vc_video link=&raquo;https:\/\/vimeo.com\/344064642&#8243; align=&raquo;center&raquo;][vc_separator][vc_column_text]<\/p>\n<h4 style=\"text-align: center; color: #000000;\"><em>V\u00e5r sirkul\u00e6re tilgang sikrer at vi f\u00e5r maksimalt ut av ressursene v\u00e5re. Samtidig skaper vi \u00f8konomisk vekst og minimerer milj\u00f8belastningen.<\/em><\/h4>\n<p>[\/vc_column_text][vc_single_image image=&raquo;21532&#8243; img_size=&raquo;large&raquo; alignment=&raquo;center&raquo;][\/vc_column][\/vc_row][vc_row][vc_column][vc_empty_space][\/vc_column][\/vc_row]<\/p>\n<\/div>","protected":false},"excerpt":{"rendered":"<p>[vc_row full_width=&raquo;stretch_row_content&raquo; css=&raquo;.vc_custom_1604599883761{background-image: url(https:\/\/www.dfi-geisler.com\/wp-content\/uploads\/2020\/11\/coverbillede-scaled.jpg?id=21327) !important;background-position: center !important;background-repeat: no-repeat !important;background-size: cover !important;}&raquo;][vc_column][vc_empty_space height=&raquo;550&#8243;][vc_custom_heading text=&raquo;Gjenbruk er sunn fornuft&raquo; font_container=&raquo;tag:h2|font_size:60|text_align:left|color:%23ffffff&raquo; google_fonts=&raquo;font_family:Lato%3A100%2C100italic%2C300%2C300italic%2Cregular%2Citalic%2C700%2C700italic%2C900%2C900italic|font_style:400%20regular%3A400%3Anormal&raquo; css_animation=&raquo;fadeInDown&raquo;][\/vc_column][\/vc_row][vc_row][vc_column][vc_column_text] Hos DFI-Geisler er vi glade for avfallet<\/p>\n","protected":false},"author":717,"featured_media":0,"parent":0,"menu_order":0,"comment_status":"closed","ping_status":"closed","template":"","meta":{"_monsterinsights_skip_tracking":false,"_monsterinsights_sitenote_active":false,"_monsterinsights_sitenote_note":"","_monsterinsights_sitenote_category":0,"footnotes":""},"class_list":["post-21314","page","type-page","status-publish","hentry"],"aioseo_notices":[],"_links":{"self":[{"href":"https:\/\/www.dfi-geisler.com\/NO\/wp-json\/wp\/v2\/pages\/21314","targetHints":{"allow":["GET"]}}],"collection":[{"href":"https:\/\/www.dfi-geisler.com\/NO\/wp-json\/wp\/v2\/pages"}],"about":[{"href":"https:\/\/www.dfi-geisler.com\/NO\/wp-json\/wp\/v2\/types\/page"}],"author":[{"embeddable":true,"href":"https:\/\/www.dfi-geisler.com\/NO\/wp-json\/wp\/v2\/users\/717"}],"replies":[{"embeddable":true,"href":"https:\/\/www.dfi-geisler.com\/NO\/wp-json\/wp\/v2\/comments?post=21314"}],"version-history":[{"count":40,"href":"https:\/\/www.dfi-geisler.com\/NO\/wp-json\/wp\/v2\/pages\/21314\/revisions"}],"predecessor-version":[{"id":23028,"href":"https:\/\/www.dfi-geisler.com\/NO\/wp-json\/wp\/v2\/pages\/21314\/revisions\/23028"}],"wp:attachment":[{"href":"https:\/\/www.dfi-geisler.com\/NO\/wp-json\/wp\/v2\/media?parent=21314"}],"curies":[{"name":"wp","href":"https:\/\/api.w.org\/{rel}","templated":true}]}}