
{"id":21294,"date":"2020-11-05T18:27:53","date_gmt":"2020-11-05T17:27:53","guid":{"rendered":"https:\/\/www.dfi-geisler.com\/?page_id=21294"},"modified":"2021-02-24T16:16:10","modified_gmt":"2021-02-24T15:16:10","slug":"water-recyling","status":"publish","type":"page","link":"https:\/\/www.dfi-geisler.com\/NO\/water-recyling\/","title":{"rendered":"Water recyling"},"content":{"rendered":"<div class=\"wpb-content-wrapper\"><p>[vc_row full_width=&raquo;stretch_row_content&raquo; content_placement=&raquo;middle&raquo; css=&raquo;.vc_custom_1604596912288{background-image: url(https:\/\/www.dfi-geisler.com\/wp-content\/uploads\/2020\/11\/pexels-milena-hasvil-933701-scaled.jpg?id=21299) !important;}&raquo;][vc_column][vc_empty_space height=&raquo;150&#8243;][vc_custom_heading text=&raquo;Water recyling&raquo; font_container=&raquo;tag:h2|font_size:100|text_align:center|color:%23ffffff&raquo; google_fonts=&raquo;font_family:Lato%3A100%2C100italic%2C300%2C300italic%2Cregular%2Citalic%2C700%2C700italic%2C900%2C900italic|font_style:400%20regular%3A400%3Anormal&raquo; css_animation=&raquo;fadeInDown&raquo;][vc_empty_space height=&raquo;150&#8243;][\/vc_column][\/vc_row][vc_row][vc_column][vc_column_text]<\/p>\n<h5 style=\"text-align: left;\"><span style=\"color: #000000;\">Hos DFI-Geisler tar vi vare p\u00e5 naturens ressurser ved \u00e5 utnytte bygge-, anleggs- og industriavfall i nye sammenhenger, i tillegg til at vi l\u00f8pende utvikler nye metoder for resirkulering og gjenbruk.<\/span><\/h5>\n<h5 style=\"text-align: left;\"><span style=\"color: #000000;\">Etter at vi i en periode har unders\u00f8kt forskjellige muligheter for \u00e5 gjenbruke avfall og restprodukter i produksjonen, kunne vi i juni 2020 ta v\u00e5rt nye vanngjenvinningsanlegg i bruk.<\/span><\/h5>\n<h5 style=\"text-align: left;\"><span style=\"color: #000000;\">Anlegget best\u00e5r av en buffertank med en kapasitet p\u00e5 hele 17 000 liter. Dermed kan vi gjenbruke mesteparten av vannet fra skj\u00e6reverkt\u00f8yet v\u00e5rt i steinavdelingen og hvert \u00e5r spare tilsvarende vannforbruket til 100 husstander!<\/span><\/h5>\n<h5 style=\"text-align: left;\"><span style=\"color: #000000;\">Det gavner ikke alene milj\u00f8et, men luner ogs\u00e5 p\u00e5 bundlinjen.<\/span><\/h5>\n<h5 style=\"text-align: left;\"><span style=\"color: #000000;\">Det er ikke bare bra for milj\u00f8et, det varmer ogs\u00e5 p\u00e5 bunnlinjen.<br \/>\nVi stopper imidlertid ikke her. M\u00e5let r dermed \u00e5 redusere det n\u00e5v\u00e6rende vannforbruket fra skj\u00e6reverkt\u00f8yet v\u00e5rt i steinavdelingen med minimum 80 prosent.<br \/>\n<\/span><\/h5>\n<p>[\/vc_column_text][\/vc_column][\/vc_row][vc_row][vc_column][vc_single_image image=&raquo;20790&#8243; img_size=&raquo;700&#215;450&#8243; alignment=&raquo;center&raquo; style=&raquo;vc_box_shadow&raquo; css_animation=&raquo;fadeInUp&raquo;][\/vc_column][\/vc_row]<\/p>\n<\/div>","protected":false},"excerpt":{"rendered":"<p>[vc_row full_width=&raquo;stretch_row_content&raquo; content_placement=&raquo;middle&raquo; css=&raquo;.vc_custom_1604596912288{background-image: url(https:\/\/www.dfi-geisler.com\/wp-content\/uploads\/2020\/11\/pexels-milena-hasvil-933701-scaled.jpg?id=21299) !important;}&raquo;][vc_column][vc_empty_space height=&raquo;150&#8243;][vc_custom_heading text=&raquo;Water recyling&raquo; font_container=&raquo;tag:h2|font_size:100|text_align:center|color:%23ffffff&raquo; google_fonts=&raquo;font_family:Lato%3A100%2C100italic%2C300%2C300italic%2Cregular%2Citalic%2C700%2C700italic%2C900%2C900italic|font_style:400%20regular%3A400%3Anormal&raquo; css_animation=&raquo;fadeInDown&raquo;][vc_empty_space height=&raquo;150&#8243;][\/vc_column][\/vc_row][vc_row][vc_column][vc_column_text] Hos DFI-Geisler tar vi vare p\u00e5 naturens ressurser ved \u00e5 utnytte bygge-, anleggs-<\/p>\n","protected":false},"author":717,"featured_media":0,"parent":0,"menu_order":0,"comment_status":"closed","ping_status":"closed","template":"","meta":{"_monsterinsights_skip_tracking":false,"_monsterinsights_sitenote_active":false,"_monsterinsights_sitenote_note":"","_monsterinsights_sitenote_category":0,"footnotes":""},"class_list":["post-21294","page","type-page","status-publish","hentry"],"aioseo_notices":[],"_links":{"self":[{"href":"https:\/\/www.dfi-geisler.com\/NO\/wp-json\/wp\/v2\/pages\/21294","targetHints":{"allow":["GET"]}}],"collection":[{"href":"https:\/\/www.dfi-geisler.com\/NO\/wp-json\/wp\/v2\/pages"}],"about":[{"href":"https:\/\/www.dfi-geisler.com\/NO\/wp-json\/wp\/v2\/types\/page"}],"author":[{"embeddable":true,"href":"https:\/\/www.dfi-geisler.com\/NO\/wp-json\/wp\/v2\/users\/717"}],"replies":[{"embeddable":true,"href":"https:\/\/www.dfi-geisler.com\/NO\/wp-json\/wp\/v2\/comments?post=21294"}],"version-history":[{"count":25,"href":"https:\/\/www.dfi-geisler.com\/NO\/wp-json\/wp\/v2\/pages\/21294\/revisions"}],"predecessor-version":[{"id":22572,"href":"https:\/\/www.dfi-geisler.com\/NO\/wp-json\/wp\/v2\/pages\/21294\/revisions\/22572"}],"wp:attachment":[{"href":"https:\/\/www.dfi-geisler.com\/NO\/wp-json\/wp\/v2\/media?parent=21294"}],"curies":[{"name":"wp","href":"https:\/\/api.w.org\/{rel}","templated":true}]}}