
{"id":21266,"date":"2020-11-05T17:36:14","date_gmt":"2020-11-05T16:36:14","guid":{"rendered":"https:\/\/www.dfi-geisler.com\/?page_id=21266"},"modified":"2024-05-02T09:44:03","modified_gmt":"2024-05-02T08:44:03","slug":"vi-stoetter-lokalsamfundet","status":"publish","type":"page","link":"https:\/\/www.dfi-geisler.com\/NO\/vi-stoetter-lokalsamfundet\/","title":{"rendered":"Vi st\u00f8tter lokalsamfunnet."},"content":{"rendered":"<div class=\"wpb-content-wrapper\"><p>[vc_row full_width=&raquo;stretch_row_content&raquo; css=&raquo;.vc_custom_1621418279959{padding-bottom: 0px !important;background-image: url(https:\/\/www.dfi-geisler.com\/wp-content\/uploads\/2021\/05\/sallingsundbro2-scaled.jpg?id=23622) !important;background-position: center !important;background-repeat: no-repeat !important;background-size: cover !important;}&raquo;][vc_column css=&raquo;.vc_custom_1603984345981{padding-top: 0px !important;}&raquo;][vc_empty_space height=&raquo;450&#8243;][vc_custom_heading text=&raquo;Vi st\u00f8tter lokalsamfunnet.&raquo; font_container=&raquo;tag:h3|font_size:70|text_align:left|color:%23ffffff|line_height:1&#8243; google_fonts=&raquo;font_family:Lato%3A100%2C100italic%2C300%2C300italic%2Cregular%2Citalic%2C700%2C700italic%2C900%2C900italic|font_style:400%20regular%3A400%3Anormal&raquo; css_animation=&raquo;fadeInDown&raquo; css=&raquo;.vc_custom_1613040828574{padding-top: 20px !important;}&raquo;][\/vc_column][\/vc_row][vc_row][vc_column][vc_empty_space height=&raquo;1px&raquo;][\/vc_column][\/vc_row][vc_row][vc_column][vc_column_text]<\/p>\n<h3><span style=\"color: #00000;\">Det er viktig for oss \u00e5 bidra til et aktivt og engasjert foreningsliv i de lokalsamfunnene hvor vi har aktiviteter<\/span><\/h3>\n<h5 style=\"text-align: left;\"><span style=\"color: #000000;\">Ganske mange av v\u00e5re 160 medarbeidere kommer fra Mors og omegn. Vi ser derfor en stor verdi i \u00e5 v\u00e6re en del av lokalsamfunnet. En verdi som til gjengjeld f\u00f8lges av et tilsvarende stort ansvar.<\/span><\/h5>\n<h5 style=\"text-align: left;\"><span style=\"color: #000000;\">For \u00e5 leve opp til dette ansvaret og gi v\u00e5rt bidrag har DFI-Geisler blant annet valgt \u00e5 st\u00f8tte unge, dyktige og ambisi\u00f8se talenter fra omr\u00e5det. Dessuten tilbyr vi hvert \u00e5r hjelp til gode lokale krefter som gjerne vil gj\u00f8r en forskjell for barn og voksne i deres n\u00e6romr\u00e5de.<\/span><\/h5>\n<p>[\/vc_column_text][vc_single_image image=&raquo;22141&#8243; img_size=&raquo;full&raquo; style=&raquo;vc_box_shadow_3d&raquo; css_animation=&raquo;fadeIn&raquo;][\/vc_column][vc_column][vc_empty_space][\/vc_column][\/vc_row]<\/p>\n<\/div>","protected":false},"excerpt":{"rendered":"<p>[vc_row full_width=&raquo;stretch_row_content&raquo; css=&raquo;.vc_custom_1621418279959{padding-bottom: 0px !important;background-image: url(https:\/\/www.dfi-geisler.com\/wp-content\/uploads\/2021\/05\/sallingsundbro2-scaled.jpg?id=23622) !important;background-position: center !important;background-repeat: no-repeat !important;background-size: cover !important;}&raquo;][vc_column css=&raquo;.vc_custom_1603984345981{padding-top: 0px !important;}&raquo;][vc_empty_space height=&raquo;450&#8243;][vc_custom_heading text=&raquo;Vi st\u00f8tter lokalsamfunnet.&raquo; font_container=&raquo;tag:h3|font_size:70|text_align:left|color:%23ffffff|line_height:1&#8243; google_fonts=&raquo;font_family:Lato%3A100%2C100italic%2C300%2C300italic%2Cregular%2Citalic%2C700%2C700italic%2C900%2C900italic|font_style:400%20regular%3A400%3Anormal&raquo; css_animation=&raquo;fadeInDown&raquo; css=&raquo;.vc_custom_1613040828574{padding-top: 20px !important;}&raquo;][\/vc_column][\/vc_row][vc_row][vc_column][vc_empty_space<\/p>\n","protected":false},"author":717,"featured_media":0,"parent":0,"menu_order":0,"comment_status":"closed","ping_status":"closed","template":"","meta":{"_monsterinsights_skip_tracking":false,"_monsterinsights_sitenote_active":false,"_monsterinsights_sitenote_note":"","_monsterinsights_sitenote_category":0,"footnotes":""},"class_list":["post-21266","page","type-page","status-publish","hentry"],"aioseo_notices":[],"_links":{"self":[{"href":"https:\/\/www.dfi-geisler.com\/NO\/wp-json\/wp\/v2\/pages\/21266","targetHints":{"allow":["GET"]}}],"collection":[{"href":"https:\/\/www.dfi-geisler.com\/NO\/wp-json\/wp\/v2\/pages"}],"about":[{"href":"https:\/\/www.dfi-geisler.com\/NO\/wp-json\/wp\/v2\/types\/page"}],"author":[{"embeddable":true,"href":"https:\/\/www.dfi-geisler.com\/NO\/wp-json\/wp\/v2\/users\/717"}],"replies":[{"embeddable":true,"href":"https:\/\/www.dfi-geisler.com\/NO\/wp-json\/wp\/v2\/comments?post=21266"}],"version-history":[{"count":23,"href":"https:\/\/www.dfi-geisler.com\/NO\/wp-json\/wp\/v2\/pages\/21266\/revisions"}],"predecessor-version":[{"id":30546,"href":"https:\/\/www.dfi-geisler.com\/NO\/wp-json\/wp\/v2\/pages\/21266\/revisions\/30546"}],"wp:attachment":[{"href":"https:\/\/www.dfi-geisler.com\/NO\/wp-json\/wp\/v2\/media?parent=21266"}],"curies":[{"name":"wp","href":"https:\/\/api.w.org\/{rel}","templated":true}]}}