
{"id":20700,"date":"2020-11-02T11:25:22","date_gmt":"2020-11-02T10:25:22","guid":{"rendered":"https:\/\/www.dfi-geisler.com\/?page_id=20700"},"modified":"2025-07-18T10:29:14","modified_gmt":"2025-07-18T09:29:14","slug":"baeredygtighedsstrategi","status":"publish","type":"page","link":"https:\/\/www.dfi-geisler.com\/NO\/baeredygtighedsstrategi\/","title":{"rendered":"B\u00e6redygtighedsstrategi"},"content":{"rendered":"<div class=\"wpb-content-wrapper\"><p>[vc_row full_width=&raquo;stretch_row&raquo; css=&raquo;.vc_custom_1604312388903{background-image: url(https:\/\/www.dfi-geisler.com\/wp-content\/uploads\/2020\/11\/BLAD-scaled.jpg?id=21059) !important;background-position: center !important;background-repeat: no-repeat !important;background-size: cover !important;}&raquo;][vc_column][vc_column_text]<span style=\"font-size: 45px; color: #ffffff; line-height: 1em;\">V\u00c5R<\/span><\/p>\n<p><span style=\"font-size: 45px; color: #ffffff; line-height: 1em;\">STRATEGI FOR<\/span><\/p>\n<p><span style=\"font-size: 45px; color: #ffffff; line-height: 1em;\">B\u00c6REKRAFTIG<\/span><\/p>\n<p>[\/vc_column_text][vc_empty_space height=&raquo;100&#8243;][\/vc_column][\/vc_row][vc_row][vc_column][vc_column_text]<span style=\"font-size: 45px; line-height: 46px;\"><span style=\"color: #000000;\">P\u00e5 vei mot en b\u00e6rekraftig fremtid<\/span><\/span><br \/>\n[\/vc_column_text][vc_column_text]<\/p>\n<h5 style=\"text-align: left;\"><span style=\"color: #000000;\">B\u00e6rekraft handler om balanse. I v\u00e5rt forbruk av ressurser. I v\u00e5rt utslipp av drivhusgasser. I m\u00e5ten vi produserer p\u00e5. Og i m\u00e5ten vi h\u00e5ndterer avfallet v\u00e5rt p\u00e5.<\/span><\/h5>\n<h5 style=\"text-align: left;\"><span style=\"color: #000000;\">Hos DFI-Geisler arbeider vi kontinuerlig med \u00e5 optimalisere alle de nevnte parameterne. Med \u00e5 redusere avtrykkene som er en uunng\u00e5elig konsekvens av \u00e5 produsere benkeplater.<\/span><\/h5>\n<h5 style=\"text-align: left;\"><span style=\"color: #000000;\">Hos DFI-Geisler arbeider vi kontinuerlig med \u00e5 optimalisere alle de nevnte parameterne. Med \u00e5 redusere avtrykkene som er en uunng\u00e5elig konsekvens av \u00e5 produsere benkeplater.<br \/>\nN\u00e5 kunne vi selvf\u00f8lgelig velge den lettvinte l\u00f8sningen og lansere en \u00abgr\u00f8nn kolleksjon\u00bb med benkeplater som er laget av gjenbruksmaterialer. Vi foretrekker imidlertid en annen vei. En vei hvor vi med bredest mulig fokus streber atter \u00e5 klima- og milj\u00f8optimalisere kjerneproduktene v\u00e5re og de tilh\u00f8rende prosessene. Og en vei hvor vi i tillegg til ressursforbruk og ingredienser ser p\u00e5 produktenes holdbarhet ut fra mottoet: Lengre holdbarhet =&gt; redusert forbruk =&gt; mindre avtrykk.<\/span><\/h5>\n<h5 style=\"text-align: left;\"><span style=\"color: #000000;\">Vi kaller det balansert b\u00e6rekraft. Helt enkelt.<\/span><\/h5>\n<p>[\/vc_column_text][vc_separator][\/vc_column][vc_column][vc_row_inner][vc_column_inner width=&raquo;1\/2&#8243;][vc_empty_space height=&raquo;50px&raquo;][vc_column_text]<\/p>\n<h5 style=\"text-align: center; line-height: 1.75em;\"><span style=\"color: #555555;\"><em>\u00abI de senere \u00e5rene har vi arbeidet med \u00e5 gj\u00f8re b\u00e6rekraft til en integrert del av v\u00e5r forretningsstrategi. P\u00e5 den m\u00e5ten kan vi bidra positivt til CO<sub>2<\/sub><\/em><\/span><span style=\"color: #555555;\"><em>-regnskapet og bli enda mer b\u00e6rekraftige enn i dag.\u00bb<\/em><\/span><\/h5>\n<p>&nbsp;<\/p>\n<h5 style=\"text-align: right;\"><span style=\"color: #555555;\">Lars Langkj\u00e6r, adm. direkt\u00f8r<\/span><\/h5>\n<p>[\/vc_column_text][\/vc_column_inner][vc_column_inner width=&raquo;1\/2&#8243;][vc_single_image image=&raquo;21071&#8243; img_size=&raquo;500&#215;500&#8243;][\/vc_column_inner][\/vc_row_inner][vc_separator][\/vc_column][\/vc_row][vc_row][vc_column][vc_column_text]<span style=\"line-height: 1.25em; font-size: 38px;\"><span style=\"color: #23395d;\">V\u00e5re ambisjoner og m\u00e5l for en b\u00e6rekraftig utvikling<\/span><\/span><br \/>\n[\/vc_column_text][vc_column_text]<\/p>\n<h5 style=\"color: #000000; text-align: left;\">B\u00e6rekraft er en integrert del av v\u00e5r forretningsmodell. Som Skandinavias ledende benkeplateprodusent har vi en st\u00f8rrelse og innflytelse som gir oss en unik mulighet til \u00e5 foran og p\u00e5virke markedet, v\u00e5re kunder og v\u00e5re leverand\u00f8rer i en mer b\u00e6rekraftig retning. <strong>Vi tenker b\u00e6rekraft bredt og inn i alt vi foretar oss. Stort som sm\u00e5tt.<\/strong><\/h5>\n<p>[\/vc_column_text][\/vc_column][\/vc_row][vc_row][vc_column][vc_row_inner][vc_column_inner][vc_column_text]<\/p>\n<h3><strong>Vi fokuserer p\u00e5 3 kjerneverdier:<\/strong><\/h3>\n<p>[\/vc_column_text][\/vc_column_inner][\/vc_row_inner][vc_row_inner][vc_column_inner width=&raquo;1\/3&#8243;][vc_single_image image=&raquo;21072&#8243; img_size=&raquo;full&raquo;][vc_column_text]<\/p>\n<h4 style=\"font-size: 20px; text-align: center;\"><strong>VI TAR VARE P\u00c5 MILJ\u00d8ET<\/strong><\/h4>\n<ul>\n<li>\n<h5 style=\"color: #000000;\">Sirkul\u00e6r design<\/h5>\n<\/li>\n<li>\n<h5 style=\"color: #000000;\">Reduksjon av CO<sub>2<\/sub>-utslipp<\/h5>\n<\/li>\n<li>\n<h5 style=\"color: #000000;\">Redusert vannforbruk<\/h5>\n<\/li>\n<li>\n<h5 style=\"color: #000000;\">B\u00e6rekraftig skogbruk<\/h5>\n<\/li>\n<\/ul>\n<p>[\/vc_column_text][\/vc_column_inner][vc_column_inner width=&raquo;1\/3&#8243;][vc_single_image image=&raquo;21112&#8243; img_size=&raquo;250&#215;300&#8243; alignment=&raquo;center&raquo; css=&raquo;.vc_custom_1604412263100{padding-top: 6px !important;}&raquo;][vc_column_text]<\/p>\n<h4 style=\"font-size: 20px; text-align: center;\"><strong>VI TAR VARE P\u00c5 MENNESKER<\/strong><\/h4>\n<ul>\n<li>\n<h5 style=\"color: #000000;\">Vi st\u00f8tter medarbeidere<\/h5>\n<\/li>\n<li>\n<h5 style=\"color: #000000;\">Vi st\u00f8tter lokalomilij\u00f8et<\/h5>\n<\/li>\n<\/ul>\n<p>[\/vc_column_text][\/vc_column_inner][vc_column_inner width=&raquo;1\/3&#8243;][vc_single_image image=&raquo;21075&#8243; img_size=&raquo;500&#215;400&#8243; css=&raquo;.vc_custom_1604329632446{padding-top: 77px !important;}&raquo;][vc_column_text]<\/p>\n<h4 style=\"font-size: 20px; text-align: center;\"><strong>RESPEKTFULL FORRETNINGSETIKK<\/strong><\/h4>\n<ul>\n<li>\n<h5 style=\"color: #000000;\">Ansvarlige medarbeidere<\/h5>\n<\/li>\n<li>\n<h5 style=\"color: #000000;\">Ansvarlig samarbeid med leverand\u00f8rer<\/h5>\n<\/li>\n<\/ul>\n<p>[\/vc_column_text][\/vc_column_inner][\/vc_row_inner][vc_column_text]<\/p>\n<h3><span style=\"color: #1d800e;\">Vi tar vare p\u00e5 milj\u00f8et<\/span><\/h3>\n<p>[\/vc_column_text][\/vc_column][\/vc_row][vc_row css=&raquo;.vc_custom_1604567765505{padding-right: 30px !important;padding-bottom: 35px !important;padding-left: 30px !important;background-image: url(https:\/\/www.dfi-geisler.com\/wp-content\/uploads\/2020\/10\/Lys-gr\u00f8n-1.png?id=20812) !important;}&raquo; el_class=&raquo;baeredygtighed-images&raquo;][vc_column][vc_row_inner content_placement=&raquo;top&raquo; css=&raquo;.vc_custom_1604331801492{background-image: url(https:\/\/www.dfi-geisler.com\/wp-content\/uploads\/2020\/11\/hvid-scaled.jpg?id=21076) !important;}&raquo;][vc_column_inner width=&raquo;1\/2&#8243;][vc_single_image image=&raquo;21081&#8243; img_size=&raquo;120&#215;70&#8243; css=&raquo;.vc_custom_1604567817245{padding-bottom: 10px !important;}&raquo;][vc_column_text css=&raquo;&raquo;]<\/p>\n<h4 style=\"color: #000000;\"><strong>Reduksjon av CO<sub>2<\/sub>-utslipp<\/strong><\/h4>\n<h6 style=\"color: #000000 line-height: 2.5em;\">M\u00e5let er \u00e5 redusere CO2-utslippene med 60 % i 2025.<\/h6>\n<h6 style=\"color: #000000 line-height: 2.5em;\">Bunnlinje 2018 \u2013 1.852 tonn<\/h6>\n<h6 style=\"color: #000000 line-height: 2.5em;\">M\u00e5l i 2025 \u2013 740 tonn<\/h6>\n<p>[\/vc_column_text][vc_single_image image=&raquo;21094&#8243; img_size=&raquo;110&#215;110&#8243; css=&raquo;.vc_custom_1604567833986{padding-bottom: 10px !important;}&raquo;][vc_column_text css=&raquo;&raquo;]<\/p>\n<h4 style=\"color: #000000;\"><strong>B\u00e6rekraftig skogbruk<\/strong><\/h4>\n<h6 style=\"color: #000000 line-height: 2.5em;\">M\u00e5l for 100 % sertifisert tre, sponplater og laminat er n\u00e5et<\/h6>\n<h6 style=\"color: #000000 line-height: 2.5em;\">CO<sub>2<\/sub>-kompensering gjennom skogplanting i lokalomr\u00e5det.<\/h6>\n<p>[\/vc_column_text][\/vc_column_inner][vc_column_inner width=&raquo;1\/2&#8243;][vc_single_image image=&raquo;21092&#8243; img_size=&raquo;125&#215;70&#8243; css=&raquo;.vc_custom_1604567828993{padding-bottom: 10px !important;}&raquo;][vc_column_text]<\/p>\n<h4 style=\"color: #000000;\"><strong>Sirkul\u00e6r design<\/strong><\/h4>\n<h6 style=\"color: #000000;\">M\u00e5let er m\u00e5 minske deponivarer og l\u00f8pende finne sirkul\u00e6re l\u00f8sninger.<\/h6>\n<h6 style=\"color: #000000;\">Alle produkter i laminat og massivt tre kan allerede inng\u00e5 i sirkul\u00e6re produksjoner.<\/h6>\n<p>[\/vc_column_text][vc_single_image image=&raquo;21093&#8243; img_size=&raquo;200&#215;110&#8243; css=&raquo;.vc_custom_1604567838769{padding-bottom: 10px !important;}&raquo;][vc_column_text]<\/p>\n<h4 style=\"color: #000000;\"><strong>Redusert vannforbruk<\/strong><\/h4>\n<h6 style=\"color: #000000;\">Det er installert gjenvinningsanlegg som reduserer vannforbruket med opptil 80 %.<\/h6>\n<h6 style=\"color: #000000;\">Det unders\u00f8kes muligheter for bruk av regnvann.<\/h6>\n<p>&nbsp;<\/p>\n<p>[\/vc_column_text][\/vc_column_inner][\/vc_row_inner][\/vc_column][\/vc_row][vc_row][vc_column][vc_separator][vc_column_text]<\/p>\n<h3><span style=\"color: #296d98;\">Vi tar vare p\u00e5 mennesker<\/span><\/h3>\n<p>[\/vc_column_text][\/vc_column][\/vc_row][vc_row css=&raquo;.vc_custom_1604567747731{padding-right: 30px !important;padding-bottom: 35px !important;padding-left: 30px !important;background-image: url(https:\/\/www.dfi-geisler.com\/wp-content\/uploads\/2020\/10\/lys-bl\u00e5.png?id=20782) !important;}&raquo; el_class=&raquo;baeredygtighed-images&raquo;][vc_column][vc_row_inner content_placement=&raquo;top&raquo; css=&raquo;.vc_custom_1604331801492{background-image: url(https:\/\/www.dfi-geisler.com\/wp-content\/uploads\/2020\/11\/hvid-scaled.jpg?id=21076) !important;}&raquo;][vc_column_inner width=&raquo;1\/2&#8243;][vc_single_image image=&raquo;21097&#8243; img_size=&raquo;100&#215;75&#8243; css=&raquo;.vc_custom_1604567844548{padding-bottom: 10px !important;}&raquo;][vc_column_text css=&raquo;&raquo;]<\/p>\n<h4 style=\"color: #000000;\"><strong>Arbeidsskader<\/strong><\/h4>\n<h6 style=\"color: #000000 line-height: 2.5em;\">M\u00e5let for alltid: 0 skader i \u00e5ret<\/h6>\n<h6 style=\"color: #000000 line-height: 2.5em;\">Resultatet 2024 \u2013 3 skade<\/h6>\n<p>[\/vc_column_text][vc_single_image image=&raquo;21115&#8243; img_size=&raquo;90&#215;90&#8243; css=&raquo;.vc_custom_1604567855187{padding-bottom: 10px !important;}&raquo;][vc_column_text]<\/p>\n<h4 style=\"color: #000000;\"><strong>Medarbeidertilfredshet<\/strong><\/h4>\n<h6 style=\"color: #000000 line-height: 2.5em;\">Hvert \u00e5r deltar vi i konsernets Great Place to Work-unders\u00f8kelse.<\/h6>\n<h6 style=\"color: #000000 line-height: 2.5em;\">Safety first, er alltid f\u00f8rsteprioritet<\/h6>\n<p>[\/vc_column_text][\/vc_column_inner][vc_column_inner width=&raquo;1\/2&#8243;][vc_single_image image=&raquo;21114&#8243; img_size=&raquo;160&#215;75&#8243; css=&raquo;.vc_custom_1604567849506{padding-bottom: 10px !important;}&raquo;][vc_column_text]<\/p>\n<h4 style=\"color: #000000;\"><strong>Lokalmilj\u00f8et<\/strong><\/h4>\n<h6 style=\"color: #000000;\">Hvert \u00e5r st\u00f8tter vi lokale sportsklubber, arrangementer og veldedighet.<\/h6>\n<h6 style=\"color: #000000;\">Vi har plantet den f\u00f8rste firmaskogen p\u00e5 Mors<\/h6>\n<p>[\/vc_column_text][vc_single_image image=&raquo;22608&#8243; img_size=&raquo;300&#215;300&#8243; alignment=&raquo;center&raquo; css=&raquo;.vc_custom_1614253413573{padding-top: 30px !important;}&raquo;][\/vc_column_inner][\/vc_row_inner][\/vc_column][\/vc_row][vc_row][vc_column][vc_column_text]<\/p>\n<h3><span style=\"color: #e47127;\">Respektfull forretningsetikk<\/span><\/h3>\n<p>[\/vc_column_text][\/vc_column][\/vc_row][vc_row css=&raquo;.vc_custom_1604568013155{padding-right: 30px !important;padding-bottom: 35px !important;padding-left: 30px !important;background-image: url(https:\/\/www.dfi-geisler.com\/wp-content\/uploads\/2020\/11\/orange-lys.png?id=21128) !important;}&raquo; el_class=&raquo;baeredygtighed-images&raquo;][vc_column][vc_row_inner content_placement=&raquo;top&raquo; css=&raquo;.vc_custom_1604331801492{background-image: url(https:\/\/www.dfi-geisler.com\/wp-content\/uploads\/2020\/11\/hvid-scaled.jpg?id=21076) !important;}&raquo;][vc_column_inner width=&raquo;1\/2&#8243;][vc_single_image image=&raquo;21129&#8243; img_size=&raquo;110&#215;100&#8243; css=&raquo;.vc_custom_1604567957248{padding-bottom: 10px !important;background-position: center !important;background-repeat: no-repeat !important;background-size: contain !important;}&raquo;][vc_column_text css=&raquo;&raquo;]<\/p>\n<h4 style=\"color: #000000;\"><strong>Code of Conduct \u2013 leverand\u00f8rer<\/strong><\/h4>\n<h6 style=\"color: #000000 line-height: 2.5em;\">M\u00e5l 2025: Alle leverand\u00f8rer &gt; 100 t. DKK har underskrevet Code of Conduct<\/h6>\n<h6 style=\"color: #000000 line-height: 2.5em;\">Bunnlinje 2019: &gt; 1 mill. DKK<\/h6>\n<p>[\/vc_column_text][\/vc_column_inner][vc_column_inner width=&raquo;1\/2&#8243;][vc_single_image image=&raquo;21131&#8243; img_size=&raquo;100&#215;100&#8243; css=&raquo;.vc_custom_1604567961490{padding-bottom: 10px !important;}&raquo;][vc_column_text]<\/p>\n<h4 style=\"color: #000000;\"><strong>Code of Conduct &#8211; medarbeidere<\/strong><\/h4>\n<h6 style=\"color: #000000;\">Alle medarbeidere underskriver Code of Conduct ved ansettelse.<\/h6>\n<p>[\/vc_column_text][\/vc_column_inner][\/vc_row_inner][vc_separator][\/vc_column][\/vc_row][vc_row][vc_column][vc_column_text]<span style=\"line-height: 1.25em; font-size: 38px;\"><span style=\"color: #000000;\">En del av Ballingsl\u00f6v International<\/span><\/span><\/p>\n<p>[\/vc_column_text][vc_row_inner][vc_column_inner width=&raquo;1\/2&#8243;][vc_column_text css=&raquo;&raquo;]<\/p>\n<h5 style=\"color: #000000; text-align: left;\">Som en del av det internasjonale kj\u00f8kkenkonsernet Ballingsl\u00f6v International f\u00f8lger vi konsernets overordnede b\u00e6rekraftstrategi. I tillegg f\u00f8lger vi hjertet og sunn fornuft, som er en helt naturlig del av \u00e5 v\u00e6re menneske og virksomhet p\u00e5 \u00f8ya Mors i Limfjorden.<\/h5>\n<h5 style=\"color: #000000; text-align: left;\">Les Ballingsl\u00f6v Internationals b\u00e6rekraftsrapport <a style=\"color: #3792cb;\" href=\"https:\/\/www.flipsnack.com\/dfigeisler\/eng_ballingslov_sustainabilityreport_2024\/full-view.html\" target=\"_blank\" rel=\"noopener\">her<\/a><\/h5>\n<p>[\/vc_column_text][\/vc_column_inner][vc_column_inner width=&raquo;1\/2&#8243;][vc_single_image image=&raquo;34921&#8243; img_size=&raquo;300&#215;420&#8243; alignment=&raquo;center&raquo; style=&raquo;vc_box_shadow_3d&raquo; onclick=&raquo;custom_link&raquo; css=&raquo;&raquo; link=&raquo;https:\/\/www.flipsnack.com\/dfigeisler\/eng_ballingslov_sustainabilityreport_2024\/full-view.html&raquo;][\/vc_column_inner][\/vc_row_inner][\/vc_column][\/vc_row]<\/p>\n<\/div>","protected":false},"excerpt":{"rendered":"<p>[vc_row full_width=&raquo;stretch_row&raquo; css=&raquo;.vc_custom_1604312388903{background-image: url(https:\/\/www.dfi-geisler.com\/wp-content\/uploads\/2020\/11\/BLAD-scaled.jpg?id=21059) !important;background-position: center !important;background-repeat: no-repeat !important;background-size: cover !important;}&raquo;][vc_column][vc_column_text]V\u00c5R STRATEGI FOR B\u00c6REKRAFTIG [\/vc_column_text][vc_empty_space height=&raquo;100&#8243;][\/vc_column][\/vc_row][vc_row][vc_column][vc_column_text]P\u00e5 vei mot en b\u00e6rekraftig fremtid [\/vc_column_text][vc_column_text] B\u00e6rekraft handler om balanse.<\/p>\n","protected":false},"author":717,"featured_media":0,"parent":0,"menu_order":0,"comment_status":"closed","ping_status":"closed","template":"","meta":{"_monsterinsights_skip_tracking":false,"_monsterinsights_sitenote_active":false,"_monsterinsights_sitenote_note":"","_monsterinsights_sitenote_category":0,"footnotes":""},"class_list":["post-20700","page","type-page","status-publish","hentry"],"aioseo_notices":[],"_links":{"self":[{"href":"https:\/\/www.dfi-geisler.com\/NO\/wp-json\/wp\/v2\/pages\/20700","targetHints":{"allow":["GET"]}}],"collection":[{"href":"https:\/\/www.dfi-geisler.com\/NO\/wp-json\/wp\/v2\/pages"}],"about":[{"href":"https:\/\/www.dfi-geisler.com\/NO\/wp-json\/wp\/v2\/types\/page"}],"author":[{"embeddable":true,"href":"https:\/\/www.dfi-geisler.com\/NO\/wp-json\/wp\/v2\/users\/717"}],"replies":[{"embeddable":true,"href":"https:\/\/www.dfi-geisler.com\/NO\/wp-json\/wp\/v2\/comments?post=20700"}],"version-history":[{"count":69,"href":"https:\/\/www.dfi-geisler.com\/NO\/wp-json\/wp\/v2\/pages\/20700\/revisions"}],"predecessor-version":[{"id":36505,"href":"https:\/\/www.dfi-geisler.com\/NO\/wp-json\/wp\/v2\/pages\/20700\/revisions\/36505"}],"wp:attachment":[{"href":"https:\/\/www.dfi-geisler.com\/NO\/wp-json\/wp\/v2\/media?parent=20700"}],"curies":[{"name":"wp","href":"https:\/\/api.w.org\/{rel}","templated":true}]}}