
{"id":20696,"date":"2020-10-30T11:30:46","date_gmt":"2020-10-30T10:30:46","guid":{"rendered":"https:\/\/www.dfi-geisler.com\/?page_id=20696"},"modified":"2023-08-22T10:11:19","modified_gmt":"2023-08-22T09:11:19","slug":"vi-passer-paa-miljoeet","status":"publish","type":"page","link":"https:\/\/www.dfi-geisler.com\/NO\/vi-passer-paa-miljoeet\/","title":{"rendered":"Vi passer p\u00e5 milj\u00f8et"},"content":{"rendered":"<div class=\"wpb-content-wrapper\"><p>[vc_row full_width=&raquo;stretch_row_content&raquo; css=&raquo;.vc_custom_1604054794978{padding-bottom: 0px !important;background-image: url(https:\/\/www.dfi-geisler.com\/wp-content\/uploads\/2020\/10\/pexels-rudolf-jakkel-418831-scaled.jpg?id=20847) !important;background-position: center !important;background-repeat: no-repeat !important;background-size: cover !important;}&raquo;][vc_column css=&raquo;.vc_custom_1603984345981{padding-top: 0px !important;}&raquo;][vc_empty_space height=&raquo;250&#8243;][vc_custom_heading text=&raquo;S\u00e5dan passer vi p\u00e5 milj\u00f8et hos DFI-Geisler&raquo; font_container=&raquo;tag:h2|font_size:70|text_align:center|color:%23ffffff|line_height:1&#8243; google_fonts=&raquo;font_family:Lato%3A100%2C100italic%2C300%2C300italic%2Cregular%2Citalic%2C700%2C700italic%2C900%2C900italic|font_style:400%20regular%3A400%3Anormal&raquo; css_animation=&raquo;fadeInDown&raquo; css=&raquo;.vc_custom_1611049922916{padding-top: 20px !important;}&raquo;][vc_empty_space height=&raquo;150&#8243;][\/vc_column][\/vc_row][vc_row][vc_column][vc_empty_space height=&raquo;0&#8243;][\/vc_column][\/vc_row][vc_row][vc_column css=&raquo;.vc_custom_1604053222203{background-image: url(https:\/\/www.dfi-geisler.com\/wp-content\/uploads\/2020\/10\/lys-bl\u00e5.png?id=20782) !important;}&raquo;][vc_row_inner][vc_column_inner width=&raquo;1\/2&#8243;][vc_column_text]<\/p>\n<h3><span style=\"color: #000000;\">Vi har plantet den f\u00f8rste firmaskogen p\u00e5 Mors<\/span><\/h3>\n<p>[\/vc_column_text][vc_column_text]<\/p>\n<h5 style=\"text-align: left;\"><span style=\"color: #000000;\">Som virksomhet har vi et ansvar for \u00e5 tilf\u00f8re ressurser til naturen n\u00e5r vi samtidig bruker av naturen i produktene v\u00e5re.<\/span><\/h5>\n<h5 style=\"text-align: left;\"><span style=\"color: #000000;\">Derfor har vi n\u00e5 plantet den lokale DFI-GEISLER-firmaskogen.<br \/>\nEn l\u00f8vskog med 33 500 tr\u00e6r p\u00e5 ca. 9 hektar.<\/span><\/h5>\n<h5 style=\"text-align: left;\"><span style=\"color: #000000;\">Ideen bak skogen oppsto da vi for noen \u00e5r siden bestemte oss for \u00e5 plante et tre for hver benkeplate i tre vi solgte. Vi begynte i Khasi Hills, India.<\/span><\/h5>\n<h5 style=\"text-align: left;\"><span style=\"color: #000000;\">Men vi \u00f8nsket \u00e5 gj\u00f8re det lokalt!<br \/>\nTil glede for det omr\u00e5det hvor vi<br \/>\nh\u00f8rer hjemme \u2013 \u00f8ya i Limfjorden \u2013 Mors!<br \/>\n\u2026 og det lykkes<\/span><\/h5>\n<p>[\/vc_column_text][vc_separator color=&raquo;orange&raquo; border_width=&raquo;2&#8243;][vc_column_text]<strong><a href=\"https:\/\/www.dfi-geisler.com\/vi-har-plantet-den-foerste-firmaskov-paa-mors\/\" target=\"_blank\" rel=\"noopener\"><span style=\"color: #000000;\">Les mer her &gt;&gt;<\/span><\/a><\/strong>[\/vc_column_text][\/vc_column_inner][vc_column_inner width=&raquo;1\/2&#8243;][vc_empty_space height=&raquo;80px&raquo;][vc_single_image image=&raquo;25965&#8243; img_size=&raquo;full&raquo; style=&raquo;vc_box_shadow&raquo; onclick=&raquo;custom_link&raquo; link=&raquo;http:\/\/https:\/\/www.dfi-geisler.com\/vi-har-plantet-den-foerste-firmaskov-paa-mors\/&raquo;][\/vc_column_inner][\/vc_row_inner][\/vc_column][vc_column][vc_empty_space][\/vc_column][\/vc_row][vc_row][vc_column css=&raquo;.vc_custom_1604047939952{background-image: url(https:\/\/www.dfi-geisler.com\/wp-content\/uploads\/2020\/10\/baggrund.png?id=20792) !important;}&raquo;][vc_row_inner][vc_column_inner width=&raquo;1\/2&#8243;][vc_column_text]<\/p>\n<h3><strong>Gjenbruk av vann<\/strong><\/h3>\n<h3><strong>(Water Recyling)<\/strong><\/h3>\n<h3><\/h3>\n<p>[\/vc_column_text][vc_column_text]<\/p>\n<h5 style=\"text-align: left;\"><span style=\"color: #000000;\">I juni 2020 tok vi v\u00e5rt nye vanngjenvinningsanlegg i bruk. Anlegget omfatter en buffertank som kan romme hele 17.000 liter. Fremover vil vi derfor gjenbruke vann tilsvarende 100 husstanders \u00e5rlige forbruk.<\/span><\/h5>\n<h5 style=\"text-align: left;\"><span style=\"color: #000000;\">M\u00e5let er \u00e5 redusere vannforbruket fra skj\u00e6reverkt\u00f8yet i steinavdelingen v\u00e5r med minimum 80 prosent. Det er ikke bare bra for milj\u00f8et, det varmer ogs\u00e5 p\u00e5 bunnlinjen. Var det noes som sa vinn\/vinn?<\/span><\/h5>\n<p>[\/vc_column_text][vc_separator color=&raquo;sandy_brown&raquo; border_width=&raquo;2&#8243;][vc_column_text]<strong><a href=\"https:\/\/www.dfi-geisler.com\/NO\/water-recyling\/\" target=\"_blank\" rel=\"noopener\"><span style=\"color: #000000;\">Les mer her &gt;&gt;<\/span><\/a><\/strong>[\/vc_column_text][\/vc_column_inner][vc_column_inner width=&raquo;1\/2&#8243;][vc_empty_space][vc_single_image image=&raquo;20790&#8243; img_size=&raquo;550&#215;400&#8243; style=&raquo;vc_box_shadow&raquo;][\/vc_column_inner][\/vc_row_inner][\/vc_column][vc_column][vc_empty_space][\/vc_column][\/vc_row][vc_row][vc_column css=&raquo;.vc_custom_1604049933008{background-image: url(https:\/\/www.dfi-geisler.com\/wp-content\/uploads\/2020\/10\/gr\u00e5.png?id=20808) !important;}&raquo;][vc_row_inner][vc_column_inner width=&raquo;1\/2&#8243;][vc_column_text]<\/p>\n<h3><span style=\"color: #000080;\">Gjenbruk er sunn fornuft<\/span><\/h3>\n<p>[\/vc_column_text][vc_column_text]<\/p>\n<h5 style=\"text-align: left;\"><span style=\"color: #000000;\">DFI-Geisler produserer \u00e5rlig omkring 60.000 benkeplatesett i laminat. Alle restmaterialene fra produksjonen sendes til Djursland, hvor virksomheten Kronospan \u2013 Novopan Treindustri omdanner avfallet til nye sponplater. De blir deretter fraktet tilbake til Mors for \u00e5 bli nye benkeplater. Og s\u00e5 videre &#8230; Og s\u00e5 videre &#8230; <\/span><\/h5>\n<h5 style=\"text-align: left;\"><span style=\"color: #000000;\">Vi utnytter og gjenbruker i dag nesten alt treavfallet v\u00e5rt. 8 av 10 laminatbenkeplater fra DFI-Geisler har dermed hatt et \u00abtidligere liv\u00bb.<\/span><\/h5>\n<p>[\/vc_column_text][vc_separator color=&raquo;blue&raquo; border_width=&raquo;2&#8243;][vc_column_text]<strong><a href=\"https:\/\/www.dfi-geisler.com\/NO\/genanvendelse-er-sund-fornuft\/\" target=\"_blank\" rel=\"noopener\"><span style=\"color: #000080;\">Les mer her &gt;&gt;<\/span><\/a><\/strong>[\/vc_column_text][\/vc_column_inner][vc_column_inner width=&raquo;1\/2&#8243;][vc_empty_space][vc_single_image image=&raquo;22136&#8243; img_size=&raquo;550&#215;400&#8243; style=&raquo;vc_box_shadow&raquo;][\/vc_column_inner][\/vc_row_inner][\/vc_column][\/vc_row][vc_row][vc_column][vc_empty_space][\/vc_column][\/vc_row][vc_row][vc_column css=&raquo;.vc_custom_1604050795360{background-image: url(https:\/\/www.dfi-geisler.com\/wp-content\/uploads\/2020\/10\/Lys-gr\u00f8n-1.png?id=20812) !important;}&raquo;][vc_row_inner][vc_column_inner width=&raquo;1\/2&#8243;][vc_column_text]<\/p>\n<h3><span style=\"color: #006400;\">Gr\u00f8nnere benkeplater<\/span><\/h3>\n<p>[\/vc_column_text][vc_column_text]<\/p>\n<h5 style=\"text-align: left;\"><span style=\"color: #000000;\">Som de f\u00f8rste i Danmark bruker DFI-Geisler utelukkende FSC\u00ae-sertifiserte sponplater i v\u00e5r produksjon av laminatbenkeplater. Og med nesten 60.000 benkeplatesett i \u00e5ret er det et stort skritt p\u00e5 veien mot en enda mer b\u00e6rekraftig og gjennomsiktig produksjon.<\/span><\/h5>\n<h5 style=\"text-align: left;\"><span style=\"color: #000000;\">I tillegg til laminatbenkeplatene er ogs\u00e5 v\u00e5re benkeplater i massivt tre FSC-sertifiserte. Vi bidrar dermed til \u00e5 sikre naturen og de sosiale forholdene i de skogene som treet kommer fra.<\/span><\/h5>\n<p>[\/vc_column_text][vc_separator color=&raquo;green&raquo; border_width=&raquo;2&#8243;][vc_column_text]<strong><a href=\"https:\/\/www.dfi-geisler.com\/NO\/groennere-bordplader\/\" target=\"_blank\" rel=\"noopener\"><span style=\"color: #006400;\">Les mer her &gt;&gt;<\/span><\/a><\/strong>[\/vc_column_text][\/vc_column_inner][vc_column_inner width=&raquo;1\/2&#8243;][vc_empty_space][vc_single_image image=&raquo;20851&#8243; img_size=&raquo;600&#215;420&#8243; style=&raquo;vc_box_shadow&raquo;][\/vc_column_inner][\/vc_row_inner][\/vc_column][vc_column][vc_empty_space][\/vc_column][\/vc_row][vc_row disable_element=&raquo;yes&raquo;][vc_column css=&raquo;.vc_custom_1604052761623{background-image: url(https:\/\/www.dfi-geisler.com\/wp-content\/uploads\/2020\/10\/lys-m\u00f8rk-gr\u00f8n-1.png?id=20833) !important;}&raquo;][vc_row_inner][vc_column_inner width=&raquo;1\/2&#8243;][vc_column_text]<\/p>\n<h3><span style=\"color: #66a266;\">7.000 tr\u00e6er i Khasi Hills<\/span><\/h3>\n<p>[\/vc_column_text][vc_column_text]<\/p>\n<h5 style=\"text-align: left;\"><span style=\"color: #000000;\">Sammen med WeForest har DFI-Geisler plantet 7.000 tr\u00e6r i Khasi Hills i India. De mange tr\u00e6rne absorberer CO<\/span><span style=\"color: #000000;\"><sub>2<\/sub><\/span><span style=\"color: #000000;\">og \u00f8ker det biologiske mangfoldet.<\/span><\/h5>\n<h5 style=\"text-align: left;\"><span style=\"color: #000000;\">I tillegg til \u00e5 reetablere de naturlige skogomr\u00e5dene har prosjektet til hensikt \u00e5 skape en mer b\u00e6rekraftig levem\u00e5te og \u00f8konomi for lokalbefolkningen. De 7.000 tr\u00e6rne bidrar med andre ord til det biologiske mangfoldet i omr\u00e5det og Khasi kan blomstre i fellesskap.<\/span><\/h5>\n<p>[\/vc_column_text][vc_separator color=&raquo;green&raquo; border_width=&raquo;2&#8243;][vc_column_text]<strong><a href=\"https:\/\/www.dfi-geisler.com\/no\/sustainability\/\" target=\"_blank\" rel=\"noopener\"><span style=\"color: #66a266;\">Les mer her &gt;&gt;<\/span><\/a><\/strong>[\/vc_column_text][\/vc_column_inner][vc_column_inner width=&raquo;1\/2&#8243;][vc_empty_space][vc_single_image image=&raquo;20837&#8243; img_size=&raquo;600&#215;420&#8243; style=&raquo;vc_box_shadow&raquo;][\/vc_column_inner][\/vc_row_inner][\/vc_column][vc_column][vc_empty_space][\/vc_column][\/vc_row][vc_row disable_element=&raquo;yes&raquo;][vc_column css=&raquo;.vc_custom_1604053222203{background-image: url(https:\/\/www.dfi-geisler.com\/wp-content\/uploads\/2020\/10\/lys-bl\u00e5.png?id=20782) !important;}&raquo;][vc_row_inner][vc_column_inner width=&raquo;1\/2&#8243;][vc_column_text]<\/p>\n<h3><span style=\"color: #000000;\">20.000 nye tr\u00e6r p\u00e5 Mors<\/span><\/h3>\n<p>[\/vc_column_text][vc_column_text]<\/p>\n<h5 style=\"text-align: left;\"><span style=\"color: #000000;\">Hos DFI-Geisler er vi helt avhengige av de materialene vi f\u00e5r fra naturen. Og derfor vil vi ogs\u00e5 gjerne gi noe tilbake.<\/span><\/h5>\n<h5 style=\"text-align: left;\"><span style=\"color: #000000;\">Mer konkret planlegger vi \u00e5 plante en helt ny skog med 20.000 tr\u00e6r p\u00e5 Mors. Det vil gj\u00f8re godt for naturen p\u00e5 Mors og samtidig redusere det samlede klimaavtrykket fra DFI-Geisler<\/span><\/h5>\n<p>[\/vc_column_text][vc_separator color=&raquo;orange&raquo; border_width=&raquo;2&#8243;][vc_column_text]<strong><a href=\"https:\/\/www.dfi-geisler.com\/no\/20-000-nye-traeer-paa-mors\/\" target=\"_blank\" rel=\"noopener\"><span style=\"color: #000000;\">Les mer her &gt;&gt;<\/span><\/a><\/strong>[\/vc_column_text][\/vc_column_inner][vc_column_inner width=&raquo;1\/2&#8243;][vc_empty_space][vc_single_image image=&raquo;20842&#8243; img_size=&raquo;600&#215;420&#8243; style=&raquo;vc_box_shadow&raquo;][\/vc_column_inner][\/vc_row_inner][\/vc_column][vc_column][vc_empty_space][\/vc_column][\/vc_row]<\/p>\n<\/div>","protected":false},"excerpt":{"rendered":"<p>[vc_row full_width=&raquo;stretch_row_content&raquo; css=&raquo;.vc_custom_1604054794978{padding-bottom: 0px !important;background-image: url(https:\/\/www.dfi-geisler.com\/wp-content\/uploads\/2020\/10\/pexels-rudolf-jakkel-418831-scaled.jpg?id=20847) !important;background-position: center !important;background-repeat: no-repeat !important;background-size: cover !important;}&raquo;][vc_column css=&raquo;.vc_custom_1603984345981{padding-top: 0px !important;}&raquo;][vc_empty_space height=&raquo;250&#8243;][vc_custom_heading text=&raquo;S\u00e5dan passer vi p\u00e5 milj\u00f8et hos DFI-Geisler&raquo; font_container=&raquo;tag:h2|font_size:70|text_align:center|color:%23ffffff|line_height:1&#8243; google_fonts=&raquo;font_family:Lato%3A100%2C100italic%2C300%2C300italic%2Cregular%2Citalic%2C700%2C700italic%2C900%2C900italic|font_style:400%20regular%3A400%3Anormal&raquo;<\/p>\n","protected":false},"author":717,"featured_media":0,"parent":0,"menu_order":0,"comment_status":"closed","ping_status":"closed","template":"","meta":{"_monsterinsights_skip_tracking":false,"_monsterinsights_sitenote_active":false,"_monsterinsights_sitenote_note":"","_monsterinsights_sitenote_category":0,"footnotes":""},"class_list":["post-20696","page","type-page","status-publish","hentry"],"aioseo_notices":[],"_links":{"self":[{"href":"https:\/\/www.dfi-geisler.com\/NO\/wp-json\/wp\/v2\/pages\/20696","targetHints":{"allow":["GET"]}}],"collection":[{"href":"https:\/\/www.dfi-geisler.com\/NO\/wp-json\/wp\/v2\/pages"}],"about":[{"href":"https:\/\/www.dfi-geisler.com\/NO\/wp-json\/wp\/v2\/types\/page"}],"author":[{"embeddable":true,"href":"https:\/\/www.dfi-geisler.com\/NO\/wp-json\/wp\/v2\/users\/717"}],"replies":[{"embeddable":true,"href":"https:\/\/www.dfi-geisler.com\/NO\/wp-json\/wp\/v2\/comments?post=20696"}],"version-history":[{"count":95,"href":"https:\/\/www.dfi-geisler.com\/NO\/wp-json\/wp\/v2\/pages\/20696\/revisions"}],"predecessor-version":[{"id":28320,"href":"https:\/\/www.dfi-geisler.com\/NO\/wp-json\/wp\/v2\/pages\/20696\/revisions\/28320"}],"wp:attachment":[{"href":"https:\/\/www.dfi-geisler.com\/NO\/wp-json\/wp\/v2\/media?parent=20696"}],"curies":[{"name":"wp","href":"https:\/\/api.w.org\/{rel}","templated":true}]}}