
{"id":20694,"date":"2020-10-29T17:18:43","date_gmt":"2020-10-29T16:18:43","guid":{"rendered":"https:\/\/www.dfi-geisler.com\/?page_id=20694"},"modified":"2024-05-02T09:48:08","modified_gmt":"2024-05-02T08:48:08","slug":"vi-passer-paa-vores-medarbejder-og-lokalomraadet","status":"publish","type":"page","link":"https:\/\/www.dfi-geisler.com\/NO\/vi-passer-paa-vores-medarbejder-og-lokalomraadet\/","title":{"rendered":"Vi tar vare p\u00e5 hverandre og lokal mili\u00f8et"},"content":{"rendered":"<div class=\"wpb-content-wrapper\"><p>[vc_row full_width=&raquo;stretch_row_content&raquo; css=&raquo;.vc_custom_1603987701361{padding-bottom: 0px !important;background-image: url(https:\/\/www.dfi-geisler.com\/wp-content\/uploads\/2020\/10\/DFI_GEISLER_099-scaled.jpg?id=20706) !important;background-position: center !important;background-repeat: no-repeat !important;background-size: cover !important;}&raquo;][vc_column css=&raquo;.vc_custom_1603984345981{padding-top: 0px !important;}&raquo;][vc_empty_space height=&raquo;450&#8243;][vc_custom_heading text=&raquo;VI TAR VARE P\u00c5 HVERANDRE OG LOKALMILJ\u00d8ET&raquo; font_container=&raquo;tag:h2|font_size:70|text_align:center|color:%23ffffff|line_height:1&#8243; google_fonts=&raquo;font_family:Lato%3A100%2C100italic%2C300%2C300italic%2Cregular%2Citalic%2C700%2C700italic%2C900%2C900italic|font_style:400%20regular%3A400%3Anormal&raquo; css_animation=&raquo;fadeInDown&raquo; css=&raquo;.vc_custom_1613038388507{padding-top: 20px !important;}&raquo;][vc_empty_space height=&raquo;200&#8243;][\/vc_column][\/vc_row][vc_row][vc_column][vc_separator][\/vc_column][\/vc_row][vc_row][vc_column css=&raquo;.vc_custom_1603990697735{background-image: url(https:\/\/www.dfi-geisler.com\/wp-content\/uploads\/2020\/10\/1188.png?id=20767) !important;}&raquo;][vc_row_inner][vc_column_inner width=&raquo;1\/2&#8243;][vc_column_text]<\/p>\n<h3><strong>Et godt arbeidsmilj\u00f8<\/strong><\/h3>\n<p>[\/vc_column_text][vc_column_text]<\/p>\n<h5 style=\"text-align: left;\"><span style=\"color: #000000;\">De 160 medarbeiderne hos DFI-Geisler er v\u00e5r viktigste ressurs. Derfor tar vi ogs\u00e5 godt vare p\u00e5 dem. For \u00e5 f\u00e5 tilbakemeldinger om vi gj\u00f8r det godt nok, deltar vi hvert \u00e5r i verdens mest brukte medarbeiderunders\u00f8kelse, Great Place to Work.<\/span><\/h5>\n<h5 style=\"text-align: left;\"><span style=\"color: #000000;\">Samtidig har vi hele tiden fokus p\u00e5 sunnhet, velv\u00e6re og sikkerhet p\u00e5 arbeidsplassen. Et godt eksempel er bevegelseskonseptet OfficeFit, som gir kontormedarbeiderne v\u00e5re tilgang til forskjellige ergonomiske apparater, blant annet kontorsykler.<\/span><\/h5>\n<p>[\/vc_column_text][vc_separator color=&raquo;orange&raquo; border_width=&raquo;2&#8243;][vc_column_text]<strong><a href=\"https:\/\/www.dfi-geisler.com\/NO\/et-godt-arbejdsmiljoe\/\" target=\"_blank\" rel=\"noopener\"><span style=\"color: #000080;\">Les mer her &gt;&gt;<\/span><\/a><\/strong>[\/vc_column_text][\/vc_column_inner][vc_column_inner width=&raquo;1\/2&#8243;][vc_empty_space][vc_single_image image=&raquo;20774&#8243; img_size=&raquo;550&#215;400&#8243; style=&raquo;vc_box_shadow&raquo;][\/vc_column_inner][\/vc_row_inner][\/vc_column][vc_column][vc_empty_space][\/vc_column][\/vc_row][vc_row][vc_column css=&raquo;.vc_custom_1603990867215{background-image: url(https:\/\/www.dfi-geisler.com\/wp-content\/uploads\/2020\/10\/1168.png?id=20775) !important;}&raquo;][vc_row_inner][vc_column_inner width=&raquo;1\/2&#8243;][vc_column_text]<\/p>\n<h3><span style=\"color: #00008b;\">Ansvarlig forretningsatferd<\/span><\/h3>\n<p>[\/vc_column_text][vc_column_text]<\/p>\n<h5 style=\"text-align: left;\"><span style=\"color: #000000;\">B\u00e5de som virksomhet og individ skal man oppf\u00f8re seg ordentlig og behandle andre mennesker p\u00e5 en rettferdig og respektfull m\u00e5te.<\/span><\/h5>\n<h5 style=\"text-align: left;\"><span style=\"color: #000000;\">Denne grunnholdningen har vi nedfelt i de etiske retningslinjene, Code of Conduct, som alle v\u00e5re medarbeidere har underskrevet. Det samme gjelder leverand\u00f8rene som hvert \u00e5r selger varer og tjenester til DFI-Geisler for over et visst bel\u00f8p.<\/span><\/h5>\n<p>&nbsp;<\/p>\n<p>&nbsp;<\/p>\n<p>[\/vc_column_text][vc_separator color=&raquo;blue&raquo; border_width=&raquo;2&#8243;][vc_column_text]<strong><a href=\"https:\/\/www.dfi-geisler.com\/NO\/ansvarlig-forretningsadfaerd\/\" target=\"_blank\" rel=\"noopener\"><span style=\"color: #00008b;\">Les mer her &gt;&gt;<\/span><\/a><\/strong>[\/vc_column_text][\/vc_column_inner][vc_column_inner width=&raquo;1\/2&#8243;][vc_empty_space][vc_single_image image=&raquo;28590&#8243; img_size=&raquo;550&#215;400&#8243; style=&raquo;vc_box_shadow&raquo;][\/vc_column_inner][\/vc_row_inner][\/vc_column][\/vc_row][vc_row][vc_column][vc_empty_space][\/vc_column][\/vc_row][vc_row][vc_column css=&raquo;.vc_custom_1603991555688{background-image: url(https:\/\/www.dfi-geisler.com\/wp-content\/uploads\/2020\/10\/gr\u00e5-lys.png?id=20777) !important;}&raquo;][vc_row_inner][vc_column_inner width=&raquo;1\/2&#8243;][vc_column_text]<\/p>\n<h3><span style=\"color: #00000;\">Vi st\u00f8tter lokalsamfunnet.<\/span><\/h3>\n<p>[\/vc_column_text][vc_column_text]<\/p>\n<h5 style=\"text-align: left;\"><span style=\"color: #000000;\">For DFI-Geisler har det stor verdi \u00e5 h\u00f8re hjemme p\u00e5 Mors. Og da de fleste av v\u00e5re 160 medarbeidere kommer fra omr\u00e5det, bidrar vi naturligvis til lokale aktiviteter der det gir mening.<\/span><\/h5>\n<h5 style=\"text-align: left;\"><span style=\"color: #000000;\">Samtidig st\u00f8tter vi med stor glede omr\u00e5dets unge, dyktige og ambisi\u00f8se talenter. Vi har blant annet st\u00f8ttet den lokale sjakkspilleren Jesper Thybo, i tillegg til at vi for \u00f8yeblikket st\u00f8tter Mors Thy H\u00e5ndbold, Daniel Djernis Nielsen, Kulturm\u00f8det Mors, FC Thy Piger og Mors\u00f8 Golfklub.<\/span><\/h5>\n<p>[\/vc_column_text][vc_separator color=&raquo;black&raquo; border_width=&raquo;2&#8243;][vc_column_text]<strong><a href=\"https:\/\/www.dfi-geisler.com\/NO\/vi-stoetter-lokalsamfundet\/\" target=\"_blank\" rel=\"noopener\"><span style=\"color: #000000;\">Les mer her &gt;&gt;<\/span><\/a><\/strong>[\/vc_column_text][\/vc_column_inner][vc_column_inner width=&raquo;1\/2&#8243;][vc_empty_space][vc_single_image image=&raquo;20781&#8243; img_size=&raquo;600&#215;420&#8243; style=&raquo;vc_box_shadow&raquo;][\/vc_column_inner][\/vc_row_inner][\/vc_column][vc_column][vc_empty_space][\/vc_column][\/vc_row][vc_row][vc_column css=&raquo;.vc_custom_1603993039853{background-image: url(https:\/\/www.dfi-geisler.com\/wp-content\/uploads\/2020\/10\/lys-bl\u00e5.png?id=20782) !important;}&raquo;][vc_row_inner][vc_column_inner width=&raquo;1\/2&#8243;][vc_column_text]<\/p>\n<h3><span style=\"color: #000080;\">Ny folkeskog<\/span><\/h3>\n<p>[\/vc_column_text][vc_column_text]<\/p>\n<h5 style=\"text-align: left;\"><span style=\"color: #000000;\">Som et ytterligere tiltak i bestrebelsene p\u00e5 \u00e5 redusere CO<\/span><span style=\"color: #000000;\"><sub>2<\/sub><\/span><span style=\"color: #000000;\">-avtrykket v\u00e5rt, planlegger vi \u00e5 anlegge en folkeskog p\u00e5 Mors. Og vel \u00e5 merke en skog for alle (ellers ville det jo ikke v\u00e6re en folkeskog).<\/span><\/h5>\n<h5 style=\"text-align: left;\"><span style=\"color: #000000;\">Vi vil bidra til \u00e5 redusere klimatrykket, og vil derfor anlegge en firmaskog\/folkeskog som skal v\u00e6re tilgjengelig for alle.<\/span><\/h5>\n<h5 style=\"text-align: left;\"><span style=\"color: #000000;\">Prosjektet er for \u00f8yeblikket under utvikling i tett dialog med Growing Tree Network Foundation, som nettopp er kjent for \u00e5 plante folkeskoger i Danmark.<\/span><\/h5>\n<p>[\/vc_column_text][vc_separator color=&raquo;blue&raquo; border_width=&raquo;2&#8243;][vc_column_text]<strong><a href=\"https:\/\/www.dfi-geisler.com\/NO\/20-000-nye-traeer-paa-mors\/\" target=\"_blank\" rel=\"noopener\"><span style=\"color: #000080;\">Les mer her &gt;&gt;<\/span><\/a><\/strong>[\/vc_column_text][\/vc_column_inner][vc_column_inner width=&raquo;1\/2&#8243;][vc_empty_space][vc_single_image image=&raquo;22175&#8243; img_size=&raquo;600&#215;420&#8243; style=&raquo;vc_box_shadow&raquo;][\/vc_column_inner][\/vc_row_inner][\/vc_column][vc_column][vc_empty_space][\/vc_column][\/vc_row]<\/p>\n<\/div>","protected":false},"excerpt":{"rendered":"<p>[vc_row full_width=&raquo;stretch_row_content&raquo; css=&raquo;.vc_custom_1603987701361{padding-bottom: 0px !important;background-image: url(https:\/\/www.dfi-geisler.com\/wp-content\/uploads\/2020\/10\/DFI_GEISLER_099-scaled.jpg?id=20706) !important;background-position: center !important;background-repeat: no-repeat !important;background-size: cover !important;}&raquo;][vc_column css=&raquo;.vc_custom_1603984345981{padding-top: 0px !important;}&raquo;][vc_empty_space height=&raquo;450&#8243;][vc_custom_heading text=&raquo;VI TAR VARE P\u00c5 HVERANDRE OG LOKALMILJ\u00d8ET&raquo; font_container=&raquo;tag:h2|font_size:70|text_align:center|color:%23ffffff|line_height:1&#8243; google_fonts=&raquo;font_family:Lato%3A100%2C100italic%2C300%2C300italic%2Cregular%2Citalic%2C700%2C700italic%2C900%2C900italic|font_style:400%20regular%3A400%3Anormal&raquo;<\/p>\n","protected":false},"author":717,"featured_media":0,"parent":0,"menu_order":0,"comment_status":"closed","ping_status":"closed","template":"","meta":{"_monsterinsights_skip_tracking":false,"_monsterinsights_sitenote_active":false,"_monsterinsights_sitenote_note":"","_monsterinsights_sitenote_category":0,"footnotes":""},"class_list":["post-20694","page","type-page","status-publish","hentry"],"aioseo_notices":[],"_links":{"self":[{"href":"https:\/\/www.dfi-geisler.com\/NO\/wp-json\/wp\/v2\/pages\/20694","targetHints":{"allow":["GET"]}}],"collection":[{"href":"https:\/\/www.dfi-geisler.com\/NO\/wp-json\/wp\/v2\/pages"}],"about":[{"href":"https:\/\/www.dfi-geisler.com\/NO\/wp-json\/wp\/v2\/types\/page"}],"author":[{"embeddable":true,"href":"https:\/\/www.dfi-geisler.com\/NO\/wp-json\/wp\/v2\/users\/717"}],"replies":[{"embeddable":true,"href":"https:\/\/www.dfi-geisler.com\/NO\/wp-json\/wp\/v2\/comments?post=20694"}],"version-history":[{"count":95,"href":"https:\/\/www.dfi-geisler.com\/NO\/wp-json\/wp\/v2\/pages\/20694\/revisions"}],"predecessor-version":[{"id":30547,"href":"https:\/\/www.dfi-geisler.com\/NO\/wp-json\/wp\/v2\/pages\/20694\/revisions\/30547"}],"wp:attachment":[{"href":"https:\/\/www.dfi-geisler.com\/NO\/wp-json\/wp\/v2\/media?parent=20694"}],"curies":[{"name":"wp","href":"https:\/\/api.w.org\/{rel}","templated":true}]}}