
{"id":1705,"date":"2017-03-23T13:12:37","date_gmt":"2017-03-23T13:12:37","guid":{"rendered":"http:\/\/dfigeisler.grafikr.dk\/?page_id=1705"},"modified":"2018-10-17T13:05:02","modified_gmt":"2018-10-17T13:05:02","slug":"silestone-inspiration","status":"publish","type":"page","link":"https:\/\/www.dfi-geisler.com\/NO\/silestone-inspiration\/","title":{"rendered":"Silestone Inspirasjon"},"content":{"rendered":"<div class=\"wpb-content-wrapper\"><p>[vc_row full_width=&raquo;stretch_row&raquo; css=&raquo;.vc_custom_1488805277851{padding-top: 100px !important;padding-bottom: 100px !important;background: #676767 url(http:\/\/dfigeisler.grafikr.dk\/wp-content\/uploads\/2017\/02\/bad-header.jpg?id=1162) !important;background-position: center !important;background-repeat: no-repeat !important;background-size: cover !important;}&raquo;][vc_column][vc_custom_heading text=&raquo;Silestone &#8211; Inspirasjon&raquo; font_container=&raquo;tag:h2|text_align:center|color:%23ffffff&raquo; google_fonts=&raquo;font_family:Lato%3A100%2C100italic%2C300%2C300italic%2Cregular%2Citalic%2C700%2C700italic%2C900%2C900italic|font_style:400%20regular%3A400%3Anormal&raquo;][vc_column_text]<\/p>\n<h3 style=\"text-align: center;\"><span style=\"color: #ffffff;\">Silestone\u00ae med antibakteriellbehandling er en komposittsteinbordplate best\u00e5ende av ca. 93 % naturlig kvarts. Silestone er derfor med sin hardhet og sitt enkle vedlikehold \u2013 takket v\u00e6re den tette overflaten \u2013 sv\u00e6rt godt egnet til bordplater. Silestone gir deg en sertifisert 10 \u00e5rs garanti p\u00e5 bordplaten, jf. deres forretningsvilk\u00e5r.<\/span><\/h3>\n<p>[\/vc_column_text][\/vc_column][\/vc_row][vc_row][vc_column][vc_empty_space height=&raquo;10px&raquo;][\/vc_column][\/vc_row][vc_row][vc_column]<div id=\"mpc_grid_images-516a06395db82f7\" class=\"mpc-grid-images mpc-init mpc-animation mpc-effect--none  mpc-overlay--fade\"  data-animation-in=\"transition.fadeIn||300||0||100\" data-grid-cols=\"2\" data-align=\"top-right\"><div class=\"mpc-item\"><div onclick=\"\" class=\"mpc-grid__image mpc-transition\"><div class=\"mpc-item-overlay mpc-transition\"><div class=\"mpc-overlay--vertical-wrap\"><div class=\"mpc-overlay--vertical\"><a href=\"\" rel=\"mpc[mpc_grid_images-516a06395db82f7]\" class=\"mpc-icon-anchor mpc-magnific-popup\"><i class=\"mpc-item-overlay__icon mpc-type--lightbox mi mi-fullscreen mpc-icon--icon\"><\/i><\/a><\/div><\/div><\/div><\/div><\/div><div class=\"mpc-item\"><div onclick=\"\" class=\"mpc-grid__image mpc-transition\"><div class=\"mpc-item-overlay mpc-transition\"><div class=\"mpc-overlay--vertical-wrap\"><div class=\"mpc-overlay--vertical\"><a href=\"\" rel=\"mpc[mpc_grid_images-516a06395db82f7]\" class=\"mpc-icon-anchor mpc-magnific-popup\"><i class=\"mpc-item-overlay__icon mpc-type--lightbox mi mi-fullscreen mpc-icon--icon\"><\/i><\/a><\/div><\/div><\/div><\/div><\/div><div class=\"mpc-item\"><div onclick=\"\" class=\"mpc-grid__image mpc-transition\"><div class=\"mpc-item-overlay mpc-transition\"><div class=\"mpc-overlay--vertical-wrap\"><div class=\"mpc-overlay--vertical\"><a href=\"\" rel=\"mpc[mpc_grid_images-516a06395db82f7]\" class=\"mpc-icon-anchor mpc-magnific-popup\"><i class=\"mpc-item-overlay__icon mpc-type--lightbox mi mi-fullscreen mpc-icon--icon\"><\/i><\/a><\/div><\/div><\/div><\/div><\/div><div class=\"mpc-item\"><div onclick=\"\" class=\"mpc-grid__image mpc-transition\"><div class=\"mpc-item-overlay mpc-transition\"><div class=\"mpc-overlay--vertical-wrap\"><div class=\"mpc-overlay--vertical\"><a href=\"\" rel=\"mpc[mpc_grid_images-516a06395db82f7]\" class=\"mpc-icon-anchor mpc-magnific-popup\"><i class=\"mpc-item-overlay__icon mpc-type--lightbox mi mi-fullscreen mpc-icon--icon\"><\/i><\/a><\/div><\/div><\/div><\/div><\/div><div class=\"mpc-item\"><div onclick=\"\" class=\"mpc-grid__image mpc-transition\"><div class=\"mpc-item-overlay mpc-transition\"><div class=\"mpc-overlay--vertical-wrap\"><div class=\"mpc-overlay--vertical\"><a href=\"\" rel=\"mpc[mpc_grid_images-516a06395db82f7]\" class=\"mpc-icon-anchor mpc-magnific-popup\"><i class=\"mpc-item-overlay__icon mpc-type--lightbox mi mi-fullscreen mpc-icon--icon\"><\/i><\/a><\/div><\/div><\/div><\/div><\/div><div class=\"mpc-item\"><div onclick=\"\" class=\"mpc-grid__image mpc-transition\"><div class=\"mpc-item-overlay mpc-transition\"><div class=\"mpc-overlay--vertical-wrap\"><div class=\"mpc-overlay--vertical\"><a href=\"\" rel=\"mpc[mpc_grid_images-516a06395db82f7]\" class=\"mpc-icon-anchor mpc-magnific-popup\"><i class=\"mpc-item-overlay__icon mpc-type--lightbox mi mi-fullscreen mpc-icon--icon\"><\/i><\/a><\/div><\/div><\/div><\/div><\/div><div class=\"mpc-item\"><div onclick=\"\" class=\"mpc-grid__image mpc-transition\"><div class=\"mpc-item-overlay mpc-transition\"><div class=\"mpc-overlay--vertical-wrap\"><div class=\"mpc-overlay--vertical\"><a href=\"\" rel=\"mpc[mpc_grid_images-516a06395db82f7]\" class=\"mpc-icon-anchor mpc-magnific-popup\"><i class=\"mpc-item-overlay__icon mpc-type--lightbox mi mi-fullscreen mpc-icon--icon\"><\/i><\/a><\/div><\/div><\/div><\/div><\/div><div class=\"mpc-item\"><div onclick=\"\" class=\"mpc-grid__image mpc-transition\"><div class=\"mpc-item-overlay mpc-transition\"><div class=\"mpc-overlay--vertical-wrap\"><div class=\"mpc-overlay--vertical\"><a href=\"\" rel=\"mpc[mpc_grid_images-516a06395db82f7]\" class=\"mpc-icon-anchor mpc-magnific-popup\"><i class=\"mpc-item-overlay__icon mpc-type--lightbox mi mi-fullscreen mpc-icon--icon\"><\/i><\/a><\/div><\/div><\/div><\/div><\/div><div class=\"mpc-item\"><div onclick=\"\" class=\"mpc-grid__image mpc-transition\"><div class=\"mpc-item-overlay mpc-transition\"><div class=\"mpc-overlay--vertical-wrap\"><div class=\"mpc-overlay--vertical\"><a href=\"\" rel=\"mpc[mpc_grid_images-516a06395db82f7]\" class=\"mpc-icon-anchor mpc-magnific-popup\"><i class=\"mpc-item-overlay__icon mpc-type--lightbox mi mi-fullscreen mpc-icon--icon\"><\/i><\/a><\/div><\/div><\/div><\/div><\/div><div class=\"mpc-item\"><div onclick=\"\" class=\"mpc-grid__image mpc-transition\"><div class=\"mpc-item-overlay mpc-transition\"><div class=\"mpc-overlay--vertical-wrap\"><div class=\"mpc-overlay--vertical\"><a href=\"\" rel=\"mpc[mpc_grid_images-516a06395db82f7]\" class=\"mpc-icon-anchor mpc-magnific-popup\"><i class=\"mpc-item-overlay__icon mpc-type--lightbox mi mi-fullscreen mpc-icon--icon\"><\/i><\/a><\/div><\/div><\/div><\/div><\/div><div class=\"mpc-item\"><div onclick=\"\" class=\"mpc-grid__image mpc-transition\"><div class=\"mpc-item-overlay mpc-transition\"><div class=\"mpc-overlay--vertical-wrap\"><div class=\"mpc-overlay--vertical\"><a href=\"\" rel=\"mpc[mpc_grid_images-516a06395db82f7]\" class=\"mpc-icon-anchor mpc-magnific-popup\"><i class=\"mpc-item-overlay__icon mpc-type--lightbox mi mi-fullscreen mpc-icon--icon\"><\/i><\/a><\/div><\/div><\/div><\/div><\/div><div class=\"mpc-item\"><div onclick=\"\" class=\"mpc-grid__image mpc-transition\"><div class=\"mpc-item-overlay mpc-transition\"><div class=\"mpc-overlay--vertical-wrap\"><div class=\"mpc-overlay--vertical\"><a href=\"\" rel=\"mpc[mpc_grid_images-516a06395db82f7]\" class=\"mpc-icon-anchor mpc-magnific-popup\"><i class=\"mpc-item-overlay__icon mpc-type--lightbox mi mi-fullscreen mpc-icon--icon\"><\/i><\/a><\/div><\/div><\/div><\/div><\/div><div class=\"mpc-item\"><div onclick=\"\" class=\"mpc-grid__image mpc-transition\"><div class=\"mpc-item-overlay mpc-transition\"><div class=\"mpc-overlay--vertical-wrap\"><div class=\"mpc-overlay--vertical\"><a href=\"\" rel=\"mpc[mpc_grid_images-516a06395db82f7]\" class=\"mpc-icon-anchor mpc-magnific-popup\"><i class=\"mpc-item-overlay__icon mpc-type--lightbox mi mi-fullscreen mpc-icon--icon\"><\/i><\/a><\/div><\/div><\/div><\/div><\/div><div class=\"mpc-item\"><div onclick=\"\" class=\"mpc-grid__image mpc-transition\"><div class=\"mpc-item-overlay mpc-transition\"><div class=\"mpc-overlay--vertical-wrap\"><div class=\"mpc-overlay--vertical\"><a href=\"\" rel=\"mpc[mpc_grid_images-516a06395db82f7]\" class=\"mpc-icon-anchor mpc-magnific-popup\"><i class=\"mpc-item-overlay__icon mpc-type--lightbox mi mi-fullscreen mpc-icon--icon\"><\/i><\/a><\/div><\/div><\/div><\/div><\/div><\/div>[\/vc_column][\/vc_row][vc_row][vc_column][vc_empty_space][\/vc_column][\/vc_row]<\/p>\n<\/div>","protected":false},"excerpt":{"rendered":"<p>[vc_row full_width=&raquo;stretch_row&raquo; css=&raquo;.vc_custom_1488805277851{padding-top: 100px !important;padding-bottom: 100px !important;background: #676767 url(http:\/\/dfigeisler.grafikr.dk\/wp-content\/uploads\/2017\/02\/bad-header.jpg?id=1162) !important;background-position: center !important;background-repeat: no-repeat !important;background-size: cover !important;}&raquo;][vc_column][vc_custom_heading text=&raquo;Silestone &#8211; Inspirasjon&raquo; font_container=&raquo;tag:h2|text_align:center|color:%23ffffff&raquo; google_fonts=&raquo;font_family:Lato%3A100%2C100italic%2C300%2C300italic%2Cregular%2Citalic%2C700%2C700italic%2C900%2C900italic|font_style:400%20regular%3A400%3Anormal&raquo;][vc_column_text] Silestone\u00ae med antibakteriellbehandling er en<\/p>\n","protected":false},"author":1,"featured_media":0,"parent":0,"menu_order":0,"comment_status":"closed","ping_status":"closed","template":"","meta":{"_monsterinsights_skip_tracking":false,"_monsterinsights_sitenote_active":false,"_monsterinsights_sitenote_note":"","_monsterinsights_sitenote_category":0,"footnotes":""},"class_list":["post-1705","page","type-page","status-publish","hentry"],"aioseo_notices":[],"_links":{"self":[{"href":"https:\/\/www.dfi-geisler.com\/NO\/wp-json\/wp\/v2\/pages\/1705","targetHints":{"allow":["GET"]}}],"collection":[{"href":"https:\/\/www.dfi-geisler.com\/NO\/wp-json\/wp\/v2\/pages"}],"about":[{"href":"https:\/\/www.dfi-geisler.com\/NO\/wp-json\/wp\/v2\/types\/page"}],"author":[{"embeddable":true,"href":"https:\/\/www.dfi-geisler.com\/NO\/wp-json\/wp\/v2\/users\/1"}],"replies":[{"embeddable":true,"href":"https:\/\/www.dfi-geisler.com\/NO\/wp-json\/wp\/v2\/comments?post=1705"}],"version-history":[{"count":7,"href":"https:\/\/www.dfi-geisler.com\/NO\/wp-json\/wp\/v2\/pages\/1705\/revisions"}],"predecessor-version":[{"id":9623,"href":"https:\/\/www.dfi-geisler.com\/NO\/wp-json\/wp\/v2\/pages\/1705\/revisions\/9623"}],"wp:attachment":[{"href":"https:\/\/www.dfi-geisler.com\/NO\/wp-json\/wp\/v2\/media?parent=1705"}],"curies":[{"name":"wp","href":"https:\/\/api.w.org\/{rel}","templated":true}]}}