
{"id":12039,"date":"2019-02-11T13:06:55","date_gmt":"2019-02-11T13:06:55","guid":{"rendered":"https:\/\/www.dfi-geisler.com\/?page_id=12039"},"modified":"2025-02-24T13:56:14","modified_gmt":"2025-02-24T12:56:14","slug":"handelsbetingelser","status":"publish","type":"page","link":"https:\/\/www.dfi-geisler.com\/NO\/handelsbetingelser\/","title":{"rendered":"Handelsbetingelser"},"content":{"rendered":"<p class=\"qtranxs-available-languages-message qtranxs-available-languages-message-NO\">Sorry, this entry is only available in <a href=\"https:\/\/www.dfi-geisler.com\/da\/wp-json\/wp\/v2\/pages\/12039\" class=\"qtranxs-available-language-link qtranxs-available-language-link-da\" title=\"Dansk\">Dansk<\/a>. For the sake of viewer convenience, the content is shown below in the alternative language. You may click the link to switch the active language.<\/p><div class=\"wpb-content-wrapper\"><p>[vc_row][vc_column][vc_column_text]<b>Handelsbetingelser<\/b><\/p>\n<p><i>DFI-GEISLER A\/S<\/i><\/p>\n<p><i>CVR. nr. 14250794<\/i><\/p>\n<p><i>Industrivej 21, 7900 Nyk\u00f8bing M<\/i><\/p>\n<p><i>info@dfi-geisler.com<\/i><\/p>\n<p><i>+45 72 312 312<\/i><\/p>\n<p><b>Betalingsmuligheder:<\/b><\/p>\n<p>N\u00e5r du handler p\u00e5 www.dfi-geisler.com, kan du benytte f\u00f8lgende betalingskort<\/p>\n<ul>\n<li>Visakort<\/li>\n<li>Mastercard<\/li>\n<\/ul>\n<p>Vi tr\u00e6kker bel\u00f8bet n\u00e5r varen\/varerne afsendes.<\/p>\n<p><b>Levering:<\/b><\/p>\n<p>Vi tilbyder gratis levering p\u00e5 alle ordre uanset ordrens bel\u00f8b til alle brofaste omr\u00e5der af Danmark.<\/p>\n<p>Der kan forekomme et till\u00e6g p\u00e5 produkter som sendes til lande udenfor Danmark.<\/p>\n<p>Alle ordre bliver afsendt s\u00e5 snart vi har modtaget betaling for den p\u00e5g\u00e6ldende ordre.<\/p>\n<p>Vi sender alle vores ordre med GLS.<\/p>\n<p>Leveringstiden er mellem 1-4 dage.<\/p>\n<p><b>Hvis du fortryder dit k\u00f8b (fortrydelsesret):<\/b><\/p>\n<p>Du har 14 dages fortrydelsesret, n\u00e5r du handler hos os.<\/p>\n<p>Fortrydelsesretten udl\u00f8ber 14 dage efter den dag du har modtaget din vare.<\/p>\n<p>Du skal inden 14 dage fra modtagelse give os meddelelse om, at du \u00f8nsker at fortryde dit k\u00f8b.<\/p>\n<p>Kontakt os p\u00e5 telefon: 72 31 24 12 eller p\u00e5 mail: info@dfi-geisler.com<\/p>\n<p><b>Returnering:<\/b><\/p>\n<p>N\u00e5r du handler p\u00e5 <a href=\"http:\/\/www.dfi-geisler.com\">www.dfi-geisler.com<\/a> har du selvf\u00f8lgelig 24 m\u00e5neders reklamationsret. Det betyder, at du enten kan f\u00e5 varen repareret, ombyttet, pengene tilbage eller afslag i prisen, afh\u00e6ngig af den konkrete situation.<\/p>\n<p>Det er selvf\u00f8lgelig et krav, at reklamationen er berettiget, og at manglen ikke er opst\u00e5et som f\u00f8lge af en fejlagtig brug af produktet eller anden skadeforvoldende adf\u00e6rd.<\/p>\n<p>Du skal sende din ordre retur til os uden un\u00f8dig forsinkelse og senest 14 dage efter, du har meddelt os, at du \u00f8nsker at fortryde dit k\u00f8b. Du skal afholde de direkte udgifter i forbindelse med tilbagelevering af varen.<\/p>\n<p>Ved returnering er du ansvarlig for, at varen er pakket forsvarligt ind.<\/p>\n<p>Du b\u00e6rer risikoen for varen fra tidspunktet for varens levering.<\/p>\n<p>Visse varer kan i kraft af deres art ikke returneres med normal post.<\/p>\n<p><b>Tilbagebetaling af k\u00f8bsbel\u00f8bet:<\/b><\/p>\n<p>Hvis du fortryder dit k\u00f8b, f\u00e5r du naturligvis det bel\u00f8b du har indbetalt til os, tilbage. I tilf\u00e6lde af en v\u00e6rdiforringelse, som du h\u00e6fter for, fratr\u00e6kkes denne k\u00f8bsbel\u00f8bet.<\/p>\n<p>Hvis du benytter din fortrydelsesret, refunderer vi alle betalinger modtaget fra dig, herunder leveringsomkostninger (dog ikke ekstra omkostninger som f\u00f8lge af dit eget valg af en anden leveringsform end den billigste form for standardlevering, som vi tilbyder), uden un\u00f8dig forsinkelse og under alle omst\u00e6ndigheder senest 14 dage fra den dato, hvor vi har modtaget meddelelse om din beslutning om at fortryde denne aftale. Tilbagebetalingen sker med samme betalingsmiddel, som du benyttede ved den oprindelige transaktion. Vi kan tilbageholde tilbagebetalingen, indtil vi har modtaget varen retur, med mindre du inden da har fremlagt dokumentation for at have returneret den.<\/p>\n<p>Hvis du fortryder k\u00f8bet, skal varen sendes til:<\/p>\n<p><i>Industrivej 21, 7900 Nyk\u00f8bing M<\/i><\/p>\n<p><b>Hvad skal jeg sende med tilbage?<\/b><\/p>\n<p>Hele ordrens indhold skal sendes retur, i original emballage, samt en kopi af ordrebekr\u00e6ftelsen.<\/p>\n<p>Ved mangler i returneringen kan muligheden for tilbagebetaling bortfalde.<\/p>\n<p>Bem\u00e6rk! Vi modtager ikke pakker sendt pr. efterkrav.<\/p>\n<p><b>Persondatapolitik<\/b><\/p>\n<p>Vi foretager registreringen af dine personoplysninger med det form\u00e5l, at kunne levere varen til dig.<\/p>\n<p>Oplysninger afgivet til www.bordbehandling.dk videregives eller s\u00e6lges p\u00e5 ingen m\u00e5de til tredjemand, og vi registrerer ingen personf\u00f8lsomme oplysninger. Vi opbevarer ikke kundeoplysninger krypteret.<\/p>\n<p>L\u00e6s yderligere om vores generelle cookie og persondata politik her:<\/p>\n<p><a href=\"https:\/\/www.dfi-geisler.com\/cookies\/\">https:\/\/www.dfi-geisler.com\/cookies\/<\/a><\/p>\n<p><b>Oplysning om klagemuligheder?<\/b><\/p>\n<p>En klage over en vare eller tjenesteydelse k\u00f8bt hos os kan indgives til Konkurrence- og Forbrugerstyrelsens Center for Klagel\u00f8sning, Carl Jacobsens Vej 35, 2500 Valby. Du kan klage til Center for Klagel\u00f8sning via www.forbrug.dk.<\/p>\n<p>EU-Kommissionens online klageportal kan ogs\u00e5 anvendes ved indgivelse af en klage. Det er s\u00e6rlig relevant, hvis du er forbruger med bop\u00e6l i et andet EU-land. Klage indgives her &#8211; http:\/\/ec.europa.eu\/odr. Ved indgivelse af en klage skal du angive vores e-mail adresse info@dfi-geisler.com.dk.[\/vc_column_text][\/vc_column][\/vc_row]<\/p>\n<\/div>","protected":false},"excerpt":{"rendered":"<p>Sorry, this entry is only available in Dansk. For the sake of viewer convenience, the content is shown below in the alternative language. You may click<\/p>\n","protected":false},"author":717,"featured_media":0,"parent":0,"menu_order":0,"comment_status":"closed","ping_status":"closed","template":"","meta":{"_monsterinsights_skip_tracking":false,"_monsterinsights_sitenote_active":false,"_monsterinsights_sitenote_note":"","_monsterinsights_sitenote_category":0,"footnotes":""},"class_list":["post-12039","page","type-page","status-publish","hentry"],"aioseo_notices":[],"_links":{"self":[{"href":"https:\/\/www.dfi-geisler.com\/NO\/wp-json\/wp\/v2\/pages\/12039","targetHints":{"allow":["GET"]}}],"collection":[{"href":"https:\/\/www.dfi-geisler.com\/NO\/wp-json\/wp\/v2\/pages"}],"about":[{"href":"https:\/\/www.dfi-geisler.com\/NO\/wp-json\/wp\/v2\/types\/page"}],"author":[{"embeddable":true,"href":"https:\/\/www.dfi-geisler.com\/NO\/wp-json\/wp\/v2\/users\/717"}],"replies":[{"embeddable":true,"href":"https:\/\/www.dfi-geisler.com\/NO\/wp-json\/wp\/v2\/comments?post=12039"}],"version-history":[{"count":8,"href":"https:\/\/www.dfi-geisler.com\/NO\/wp-json\/wp\/v2\/pages\/12039\/revisions"}],"predecessor-version":[{"id":33525,"href":"https:\/\/www.dfi-geisler.com\/NO\/wp-json\/wp\/v2\/pages\/12039\/revisions\/33525"}],"wp:attachment":[{"href":"https:\/\/www.dfi-geisler.com\/NO\/wp-json\/wp\/v2\/media?parent=12039"}],"curies":[{"name":"wp","href":"https:\/\/api.w.org\/{rel}","templated":true}]}}