
{"id":10154,"date":"2020-03-03T12:29:22","date_gmt":"2020-03-03T11:29:22","guid":{"rendered":"http:\/\/www.dfi-geisler.com\/?page_id=10154"},"modified":"2023-05-03T09:54:48","modified_gmt":"2023-05-03T08:54:48","slug":"natursten-og-marmor","status":"publish","type":"page","link":"https:\/\/www.dfi-geisler.com\/NO\/natursten-og-marmor\/","title":{"rendered":"Naturstein og marmor"},"content":{"rendered":"<div class=\"wpb-content-wrapper\"><p>[vc_row first_background_type=&raquo;gradient&raquo; first_background_gradient=&raquo;#83bae3||#a672c9||0;100||180||linear&raquo;][vc_column width=&raquo;1\/4&#8243;][vc_wp_custommenu nav_menu=&raquo;176&#8243;][\/vc_column][vc_column width=&raquo;3\/4&#8243;][vc_column_text]<\/p>\n<h2>Naturstein og marmor<\/h2>\n<p>[\/vc_column_text][vc_column_text]<\/p>\n<h5>Et godt valg hvis du vil ha en benkeplate som er skapt av naturen gjennom millioner av \u00e5r \u2013 og som er tvers igjennom unik. Med naturstein og marmor f\u00e5r du med andre ord en benkeplate med en utrolig vakker overflate og med alle de sm\u00e5 og store karakteristika i form av fargespill, \u00e5retegninger og revner som gj\u00f8r den helt unik. Og helt din egen. Naturstein og marmor passer dessuten perfekt inn i kombinasjoner med andre materialer som Corian\u00ae, massivt tre og st\u00e5l.<\/h5>\n<p>[\/vc_column_text][\/vc_column][\/vc_row][vc_row][vc_column][vc_separator color=&raquo;black&raquo; border_width=&raquo;2&#8243;][\/vc_column][\/vc_row][vc_row css=&raquo;.vc_custom_1534410440830{margin-top: 40px !important;}&raquo;][vc_column width=&raquo;1\/2&#8243;][vc_column_text]<\/p>\n<h4>Hvad er naturstein og marmor?<\/h4>\n<p>[\/vc_column_text][vc_column_text]Naturstein er en vulkansk bergart som overveiende best\u00e5r av de tre mineralene kvarts, feltspat og muskovitt. Sistnevnte er et glinsende mineral, og det som f\u00f8rst og fremst gir naturstein sitt betagende spill \u2013 som om man ser rett inn i en myriade av lysende stjerner.\u00a0Naturstein utvinnes i store blokker som deretter sages og freses millimeterpresist til de \u00f8nskede m\u00e5lene. Deretter slipes og poleres platen.\u00a0Ogs\u00e5 marmor er en bergart. Denne dannes ved krystallisering av kalkstein. En prosess som i likhet med naturstein tar millioner av \u00e5r og inneholder en kombinasjon av varme, trykk og friksjon.[\/vc_column_text][\/vc_column][vc_column width=&raquo;1\/2&#8243;][vc_single_image image=&raquo;8951&#8243; img_size=&raquo;large&raquo; alignment=&raquo;right&raquo; onclick=&raquo;link_image&raquo;][\/vc_column][\/vc_row][vc_row first_background_type=&raquo;gradient&raquo; first_background_gradient=&raquo;rgba(0,57,158,0.69)||#587d9b||0;100||84||linear&raquo; css=&raquo;.vc_custom_1534410451584{margin-top: 40px !important;}&raquo;][vc_column width=&raquo;2\/3&#8243;][vc_column_text]<\/p>\n<h4>Produktegenskaper<\/h4>\n<p>[\/vc_column_text][vc_single_image image=&raquo;9877&#8243; img_size=&raquo;large&raquo; alignment=&raquo;center&raquo; onclick=&raquo;link_image&raquo;][vc_column_text]<\/p>\n<p style=\"text-align: right;\">* Mindre reparasjoner som f.eks. kantskader kan utf\u00f8res av kvalifisert fagmann.<\/p>\n<p>[\/vc_column_text][\/vc_column][vc_column width=&raquo;1\/3&#8243;][vc_column_text]<\/p>\n<h4>Sammenlign produkter<\/h4>\n<p>[\/vc_column_text][vc_single_image image=&raquo;8769&#8243; img_size=&raquo;medium&raquo; onclick=&raquo;link_image&raquo;][\/vc_column][\/vc_row][vc_row css=&raquo;.vc_custom_1534410410938{margin-top: 40px !important;}&raquo;][vc_column width=&raquo;1\/3&#8243;][vc_column_text]<\/p>\n<h4>Tykkelser<\/h4>\n<p>[\/vc_column_text][vc_column_text]Naturstein og marmor leveres i to tykkelser som gir hvert sitt designmessige uttrykk.<\/p>\n<p><strong>Naturstein<\/strong><\/p>\n<p><strong>\u2022 20 mm<\/strong><\/p>\n<p><strong>\u2022 30 mm<\/strong><\/p>\n<p><strong>Marmor<\/strong><\/p>\n<p><strong>\u2022 20 mm<\/strong><\/p>\n<p><strong>\u2022 30 mm<\/strong>[\/vc_column_text][\/vc_column][vc_column width=&raquo;1\/3&#8243;][vc_column_text]<\/p>\n<h4>Daglig bruk<\/h4>\n<p>[\/vc_column_text][vc_column_text]B\u00e5de naturstein og marmor har en por\u00f8s overflate med naturlige revner og sm\u00e5 hull. Det betyr at for eksempel fettstoff fra matlaging vil trekke ned i overflaten, hvor det kan lage flekker. Av samme grunn skal naturstein og marmor behandles med steinolje med jevne mellomrom.<\/p>\n<p>I motsetning til hva mange tror, t\u00e5ler naturstein og marmor bare moderat varmep\u00e5virkning. Varme gryter og panner skal derfor alltid settes p\u00e5 en rist eller bordsk\u00e5ner. Ellers vil varmen kunne f\u00e5 fettstoffet i platen til \u00e5 trekke opp til overflaten og lage flekker \u2013 eller i verste fall f\u00e5 platen til \u00e5 sprekke.<\/p>\n<p>Det daglige renholdet er enkelt: En v\u00e5r klut vridd opp i varmt vann er i de fleste tilfeller mer enn nok til \u00e5 gjenopprette kj\u00f8kkenhygienen. Dersom det trengs, t\u00e5ler naturstein og marmor de fleste rengj\u00f8ringsmidler.[\/vc_column_text][\/vc_column][vc_column width=&raquo;1\/3&#8243;][vc_column_text]<\/p>\n<h4>Designdetaljer<\/h4>\n<p>[\/vc_column_text][vc_column_text]Hver eneste benkeplate i naturstein eller marmor har sine helt egne designdetaljer.\u00a0Sin helt egen personlighet i form av fargespill og \u00e5retegninger.\u00a0Platene kan i tillegg slipes og poleres med ulike teknikker som gir forskjellige overflater. Du kan for eksempel velge \u00e5 f\u00e5 benkeplaten polert, slik at den f\u00e5r en glatt og blank overflate, og du kan f\u00e5 platen mattslipt, slik at den fremst\u00e5r med et mer naturlig uttrykk (som til gjengjeld krever litt mer vedlikehold).[\/vc_column_text][\/vc_column][\/vc_row][vc_row][vc_column][vc_separator color=&raquo;black&raquo; border_width=&raquo;2&#8243;][\/vc_column][\/vc_row][vc_row css=&raquo;.vc_custom_1534410467435{margin-top: 40px !important;}&raquo;][vc_column width=&raquo;1\/3&#8243;][vc_column_text]<\/p>\n<h4>Farger og strukturer<\/h4>\n<p>[\/vc_column_text][vc_column_text]Naturstein og marmor er skapt av naturen\u00a0Farge og struktur avhenger derfor bare av hvilket steinbrudd og hvilken fjellkjede blokken er utvunnet fra. Hos DFI-Geisler tilbyr vi 10 fargevarianter av naturstein, mens marmor leveres i et mindre utvalg som matcher tidens designtrender. For enkelt av natursteinene kan du velge om du vil ha en polert, satengslipt eller mattslipt overflate. Forskjellen kan v\u00e6re ganske betydelig[\/vc_column_text]<a href=\"http:\/\/www.dfi-geisler.com\/natursten-sortiment\/\" target=\"\" title=\"\"  data-id=\"mpc_button-4469f113bb0967a\" class=\"mpc-button mpc-init mpc-transition mpc-typography--mpc_preset_62 \" ><div class=\"mpc-button__content mpc-effect-type--stay mpc-effect-side--right\"><span class=\"mpc-button__title mpc-transition\">Se hele naturstein og marmorsortimentet v\u00e5rt<\/span><i class=\"mpc-button__icon mpc-transition  fa fa-angle-right\"><\/i><\/div><div class=\"mpc-button__background mpc-transition mpc-effect-type--fade mpc-effect-side--in\"><\/div><\/a>[\/vc_column][vc_column width=&raquo;2\/3&#8243;][vc_single_image image=&raquo;8967&#8243; img_size=&raquo;large&raquo; alignment=&raquo;center&raquo;][\/vc_column][\/vc_row][vc_row css=&raquo;.vc_custom_1534410460189{margin-top: 40px !important;}&raquo;][vc_column width=&raquo;1\/2&#8243;][vc_column_text]<\/p>\n<h4>Vaske<\/h4>\n<p>[\/vc_column_text][vc_single_image image=&raquo;8969&#8243; img_size=&raquo;large&raquo; css=&raquo;.vc_custom_1535017458992{margin-top: 40px !important;}&raquo;]<a href=\"http:\/\/www.dfi-geisler.com\/produkter\/\" target=\"\" title=\"\"  data-id=\"mpc_button-5369f113bb096ed\" class=\"mpc-button mpc-init mpc-transition mpc-typography--mpc_preset_62 \" ><div class=\"mpc-button__content mpc-effect-type--stay mpc-effect-side--right\"><span class=\"mpc-button__title mpc-transition\">Se v\u00e5rt store utvalg av vasker<\/span><i class=\"mpc-button__icon mpc-transition  fa fa-angle-right\"><\/i><\/div><div class=\"mpc-button__background mpc-transition mpc-effect-type--fade mpc-effect-side--in\"><\/div><\/a>[\/vc_column][vc_column width=&raquo;1\/2&#8243;][vc_column_text]<\/p>\n<h4>Montering av vask<\/h4>\n<p>[\/vc_column_text][vc_column_text]Vasken i en natursteins- eller marmorbenkeplate kan monteres p\u00e5 tre forskjellige m\u00e5ter, som gir hvert sitt estetiske uttrykk. Er du i tvil, er forhandleren alltid klar til \u00e5 gi r\u00e5d.[\/vc_column_text][vc_row_inner][vc_column_inner width=&raquo;1\/2&#8243;][vc_single_image image=&raquo;8841&#8243; img_size=&raquo;full&raquo; alignment=&raquo;center&raquo; style=&raquo;vc_box_border&raquo;][vc_column_text]<\/p>\n<p style=\"text-align: center;\"><strong>Planlimt vask<\/strong><\/p>\n<p style=\"text-align: center;\">Vask og benkeplate er i niv\u00e5, og overgangen fuges med silikon.<\/p>\n<p>[\/vc_column_text][\/vc_column_inner][vc_column_inner width=&raquo;1\/2&#8243;][vc_single_image image=&raquo;8843&#8243; img_size=&raquo;full&raquo; alignment=&raquo;center&raquo; style=&raquo;vc_box_border&raquo;][vc_column_text]<\/p>\n<p style=\"text-align: center;\"><strong>Underlimt vask<\/strong><\/p>\n<p style=\"text-align: center;\">Hele benkeplatens tykkelse er synlig rundt vasken.<\/p>\n<p>[\/vc_column_text][\/vc_column_inner][\/vc_row_inner][vc_row_inner][vc_column_inner width=&raquo;1\/2&#8243;][vc_single_image image=&raquo;8963&#8243; img_size=&raquo;full&raquo; alignment=&raquo;center&raquo; style=&raquo;vc_box_border&raquo;][vc_column_text]<\/p>\n<p style=\"text-align: center;\"><strong>Underfrest<\/strong><\/p>\n<p style=\"text-align: center;\">Vasken monteres slik at halvparten av platens tykkelse er synlig.<\/p>\n<p>[\/vc_column_text][\/vc_column_inner][vc_column_inner width=&raquo;1\/2&#8243;][\/vc_column_inner][\/vc_row_inner][\/vc_column][\/vc_row][vc_row][vc_column][vc_separator color=&raquo;black&raquo; border_width=&raquo;2&#8243; css=&raquo;.vc_custom_1534425122723{margin-top: 40px !important;}&raquo;][\/vc_column][\/vc_row]<\/p>\n<\/div>","protected":false},"excerpt":{"rendered":"<p>[vc_row first_background_type=&raquo;gradient&raquo; first_background_gradient=&raquo;#83bae3||#a672c9||0;100||180||linear&raquo;][vc_column width=&raquo;1\/4&#8243;][vc_wp_custommenu nav_menu=&raquo;176&#8243;][\/vc_column][vc_column width=&raquo;3\/4&#8243;][vc_column_text] Naturstein og marmor [\/vc_column_text][vc_column_text] Et godt valg hvis du vil ha en benkeplate som er skapt av naturen gjennom millioner<\/p>\n","protected":false},"author":717,"featured_media":0,"parent":0,"menu_order":0,"comment_status":"closed","ping_status":"closed","template":"","meta":{"_monsterinsights_skip_tracking":false,"_monsterinsights_sitenote_active":false,"_monsterinsights_sitenote_note":"","_monsterinsights_sitenote_category":0,"footnotes":""},"class_list":["post-10154","page","type-page","status-publish","hentry"],"aioseo_notices":[],"_links":{"self":[{"href":"https:\/\/www.dfi-geisler.com\/NO\/wp-json\/wp\/v2\/pages\/10154","targetHints":{"allow":["GET"]}}],"collection":[{"href":"https:\/\/www.dfi-geisler.com\/NO\/wp-json\/wp\/v2\/pages"}],"about":[{"href":"https:\/\/www.dfi-geisler.com\/NO\/wp-json\/wp\/v2\/types\/page"}],"author":[{"embeddable":true,"href":"https:\/\/www.dfi-geisler.com\/NO\/wp-json\/wp\/v2\/users\/717"}],"replies":[{"embeddable":true,"href":"https:\/\/www.dfi-geisler.com\/NO\/wp-json\/wp\/v2\/comments?post=10154"}],"version-history":[{"count":2,"href":"https:\/\/www.dfi-geisler.com\/NO\/wp-json\/wp\/v2\/pages\/10154\/revisions"}],"predecessor-version":[{"id":27943,"href":"https:\/\/www.dfi-geisler.com\/NO\/wp-json\/wp\/v2\/pages\/10154\/revisions\/27943"}],"wp:attachment":[{"href":"https:\/\/www.dfi-geisler.com\/NO\/wp-json\/wp\/v2\/media?parent=10154"}],"curies":[{"name":"wp","href":"https:\/\/api.w.org\/{rel}","templated":true}]}}