
{"id":10065,"date":"2018-11-17T16:14:40","date_gmt":"2018-11-17T16:14:40","guid":{"rendered":"http:\/\/www.dfi-geisler.com\/?page_id=10065"},"modified":"2025-07-08T14:15:20","modified_gmt":"2025-07-08T13:15:20","slug":"laminat","status":"publish","type":"page","link":"https:\/\/www.dfi-geisler.com\/NO\/laminat\/","title":{"rendered":"Laminat"},"content":{"rendered":"<div class=\"wpb-content-wrapper\"><p>[vc_row first_background_type=&raquo;gradient&raquo; first_background_gradient=&raquo;#83bae3||#a672c9||0;100||180||linear&raquo;][vc_column width=&raquo;1\/4&#8243;][vc_wp_custommenu nav_menu=&raquo;48&#8243;][\/vc_column][vc_column width=&raquo;3\/4&#8243;][vc_column_text]<\/p>\n<h2>Laminat<\/h2>\n<p>[\/vc_column_text][vc_column_text]<\/p>\n<h5><strong>Et godt valg<\/strong>, hvis benkeplaten skal holde til et aktivt familieliv \u2013 uten at den t\u00f8mmer kontoen.<\/h5>\n<h5>Med laminat f\u00e5r du stor styrke, h\u00f8y hygiene og enkel rengj\u00f8ring. Samtidig finnes det nesten ingen grenser for hvilke muligheter du har n\u00e5r det gjelder farger, design og kanter.<\/h5>\n<h5>Du kan til og med f\u00e5 et spesielt laminat med silkematt overflate som avviser b\u00e5de solreflekser og fettete fingre.<\/h5>\n<h5><\/h5>\n<p>[\/vc_column_text][\/vc_column][\/vc_row][vc_row][vc_column][vc_separator color=&raquo;black&raquo; border_width=&raquo;2&#8243;][\/vc_column][\/vc_row][vc_row css=&raquo;.vc_custom_1534410440830{margin-top: 40px !important;}&raquo;][vc_column width=&raquo;1\/2&#8243;][vc_column_text]<\/p>\n<h4>Hva er Laminat?<\/h4>\n<p>[\/vc_column_text][vc_column_text]En benkeplate i laminat best\u00e5r av forskjellige lag. Overflaten best\u00e5r av et tynt lag klart melamin som beskytter det underliggende dekorpapiret. Under dekorpapiret finner du 7\u20138 lag hardpresset laminat papir med en tykkelse p\u00e5 minst 0,8\u00a0mm.<\/p>\n<p>Kjernen i laminatplaten best\u00e5r av en sponplate produsert i Danmark av renset gjenbrukstre. Neste gang du avleverer en utrangert kommode eller lignende p\u00e5 gjenbruksstasjonen, kan du derfor glede deg ved tanken p\u00e5 at den kanskje \u00abgjenoppst\u00e5r\u00bb som benkeplate p\u00e5 et kj\u00f8kken.\u00a0Dessuten inneholder de platene vi benytter hos DFI-Geisler, 50\u00a0% flere sponfibre enn de sponplatene du vanligvis kj\u00f8per i en byggvarehandel. Det gir ekstra styrke og kvalitet.\u00a0Det nederste laget i laminatplaten er et spesielt stykke papir som beskytter platen nedenfra mot fuktighet og resulterende spenninger og skjevheter.[\/vc_column_text][\/vc_column][vc_column width=&raquo;1\/2&#8243;][vc_single_image image=&raquo;10136&#8243; img_size=&raquo;full&raquo; alignment=&raquo;right&raquo; onclick=&raquo;link_image&raquo;][\/vc_column][\/vc_row][vc_row first_background_type=&raquo;gradient&raquo; first_background_gradient=&raquo;rgba(0,57,158,0.69)||#587d9b||0;100||84||linear&raquo; css=&raquo;.vc_custom_1534410451584{margin-top: 40px !important;}&raquo;][vc_column width=&raquo;2\/3&#8243;][vc_column_text]<\/p>\n<h4>Produktegenskaper<\/h4>\n<p>[\/vc_column_text][vc_single_image image=&raquo;10137&#8243; img_size=&raquo;large&raquo; alignment=&raquo;center&raquo; onclick=&raquo;link_image&raquo;][\/vc_column][vc_column width=&raquo;1\/3&#8243;][vc_column_text]<\/p>\n<h4>Sammenlign produkter<\/h4>\n<p>[\/vc_column_text][vc_single_image image=&raquo;29399&#8243; img_size=&raquo;medium&raquo; onclick=&raquo;link_image&raquo;][\/vc_column][\/vc_row][vc_row css=&raquo;.vc_custom_1534410410938{margin-top: 40px !important;}&raquo;][vc_column width=&raquo;1\/3&#8243;][vc_column_text]<\/p>\n<h4>Tykkelser<\/h4>\n<p>[\/vc_column_text][vc_column_text]Laminat leveres i fem tykkelser. Du kan derfor f\u00e5 n\u00f8yaktig det uttrykket du dr\u00f8mmer om.<\/p>\n<p><strong>\u2022 12\u00a0mm<\/strong> (brukes til sprutpanel dersom du vil bekle veggen med samme overflate som benkeplaten \u2013 eller som en kontrast)<\/p>\n<p><strong>\u2022 20 mm<\/strong><\/p>\n<p><strong>\u2022 30 mm<\/strong><\/p>\n<p><strong>\u2022 40 mm<\/strong><\/p>\n<p><strong>\u2022 60 mm<\/strong>[\/vc_column_text][\/vc_column][vc_column width=&raquo;1\/3&#8243;][vc_column_text]<\/p>\n<h4>Daglig bruk<\/h4>\n<p>[\/vc_column_text][vc_column_text]Du finner ganske enkelt ikke et mer rengj\u00f8ringsvennlig og vedlikeholdsfritt materiale enn laminat. Den daglige avt\u00f8rringen gj\u00f8res enkelt med en v\u00e5t oppvaskklut som er vridd opp i varmt vann uten rengj\u00f8ringsmidler. Laminaten er samtidig s\u00e6rdeles sterk og t\u00e5ler derfor uten problemer en hektisk hverdag med utallige sm\u00e5 slag og st\u00f8t.\u00a0Vi anbefaler at du alltid bruker rist eller bordsk\u00e5ner til varme gryter og panner. Dette gjelder selv om laminaten t\u00e5ler kortvarig kontakt med gjenstander som holder opptil 110\u00b0.[\/vc_column_text][\/vc_column][vc_column width=&raquo;1\/3&#8243;][vc_column_text]<\/p>\n<h4>Designdetaljer<\/h4>\n<p>[\/vc_column_text][vc_column_text css=&raquo;&raquo;]Det store utvalget av laminater gir deg n\u00e6rmes ubegrensede muligheter for \u00e5 f\u00e5 n\u00f8yaktig den benkeplaten du \u00f8nsker. Du kan ogs\u00e5 skape kreative og funksjonelle l\u00f8sninger med de mange variantene av kanter eller ved \u00e5 kombinere benkeplaten i laminat med en benkeplate i et annet materiale, for eksempel st\u00e5l eller naturstein. La kj\u00f8kkenforhandleren hjelpe deg \u00e5 slippe l\u00f8s kreativiteten og finne den helt riktige kombinasjonen av bordplate og kant.<\/p>\n<p>[\/vc_column_text][\/vc_column][\/vc_row][vc_row][vc_column][vc_separator color=&raquo;black&raquo; border_width=&raquo;2&#8243;][\/vc_column][\/vc_row][vc_row css=&raquo;.vc_custom_1534410467435{margin-top: 40px !important;}&raquo;][vc_column width=&raquo;1\/3&#8243;][vc_column_text]<\/p>\n<h4>Farger og strukturer<\/h4>\n<p>[\/vc_column_text][vc_column_text]Under det \u00f8verste laget av klart melamin finner du dekorpapiret som gir laminatplaten sin farge og eventuelle m\u00f8nster. Vi har opp mot 80 varianter i sortimentet, b\u00e5de ensfargede og dekorerte, noe som gir deg mulighet til \u00e5 velge benkeplate med et s\u00e6rdeles naturtro utseende av forskjellige tresorter, marmor og andre steinvarianter.\u00a0Du kan ogs\u00e5 velge fra v\u00e5rt spennende utvalg av trykte design. Hvis du vil ha en laminatplate med et s\u00e6rdeles eksklusivt uttrykk, tilbyr vi supermatte laminater hvor nanoteknologi forhindrer sjenerende gjenskinn og synlige avtrykk fra fettete fingre.[\/vc_column_text][vc_btn title=&raquo;SE HELE LAMINATSORTIMENTET V\u00c5RT&raquo; color=&raquo;success&raquo; link=&raquo;url:https%3A%2F%2Fwww.dfi-geisler.com%2Flaminat-sortiment%2F|target:_blank&raquo;][\/vc_column][vc_column width=&raquo;2\/3&#8243;][vc_single_image image=&raquo;8703&#8243; img_size=&raquo;large&raquo;][\/vc_column][\/vc_row][vc_row css=&raquo;.vc_custom_1534410460189{margin-top: 40px !important;}&raquo;][vc_column width=&raquo;1\/2&#8243;][vc_column_text]<\/p>\n<h4>Vaske<\/h4>\n<p>[\/vc_column_text][vc_single_image image=&raquo;8699&#8243; img_size=&raquo;medium&raquo; css=&raquo;.vc_custom_1534411037296{margin-top: 40px !important;}&raquo;][vc_btn title=&raquo;SE V\u00c5RT STORE UTVALG AV VASKER&raquo; color=&raquo;success&raquo; link=&raquo;url:https%3A%2F%2Fwww.dfi-geisler.com%2Fvaske-katalog%2F|target:_blank&raquo;][\/vc_column][vc_column width=&raquo;1\/2&#8243;][vc_column_text]<\/p>\n<h4>Montering av vask<\/h4>\n<p>[\/vc_column_text][vc_column_text]Benkeplater i laminat leveres alltid med underlimt vask, og limingen er sterkt nok til \u00e5 t\u00e5le et samlet trykk p\u00e5 over 150\u00a0kg.\u00a0Du kan velge fra et bredt utvalg av typer, design og st\u00f8rrelser.[\/vc_column_text][vc_row_inner][vc_column_inner width=&raquo;1\/2&#8243;][vc_single_image image=&raquo;29332&#8243; img_size=&raquo;full&raquo; alignment=&raquo;center&raquo; style=&raquo;vc_box_border&raquo;][vc_column_text]<\/p>\n<p style=\"text-align: center;\"><strong>Underlimt vask<\/strong><\/p>\n<p>[\/vc_column_text][\/vc_column_inner][vc_column_inner width=&raquo;1\/2&#8243;][\/vc_column_inner][\/vc_row_inner][\/vc_column][\/vc_row][vc_row][vc_column][vc_separator color=&raquo;black&raquo; border_width=&raquo;2&#8243; css=&raquo;.vc_custom_1534425122723{margin-top: 40px !important;}&raquo;][\/vc_column][\/vc_row]<\/p>\n<\/div>","protected":false},"excerpt":{"rendered":"<p>[vc_row first_background_type=&raquo;gradient&raquo; first_background_gradient=&raquo;#83bae3||#a672c9||0;100||180||linear&raquo;][vc_column width=&raquo;1\/4&#8243;][vc_wp_custommenu nav_menu=&raquo;48&#8243;][\/vc_column][vc_column width=&raquo;3\/4&#8243;][vc_column_text] Laminat [\/vc_column_text][vc_column_text] Et godt valg, hvis benkeplaten skal holde til et aktivt familieliv \u2013 uten at den t\u00f8mmer kontoen. Med<\/p>\n","protected":false},"author":1,"featured_media":0,"parent":0,"menu_order":0,"comment_status":"closed","ping_status":"closed","template":"","meta":{"_monsterinsights_skip_tracking":false,"_monsterinsights_sitenote_active":false,"_monsterinsights_sitenote_note":"","_monsterinsights_sitenote_category":0,"footnotes":""},"class_list":["post-10065","page","type-page","status-publish","hentry"],"aioseo_notices":[],"_links":{"self":[{"href":"https:\/\/www.dfi-geisler.com\/NO\/wp-json\/wp\/v2\/pages\/10065","targetHints":{"allow":["GET"]}}],"collection":[{"href":"https:\/\/www.dfi-geisler.com\/NO\/wp-json\/wp\/v2\/pages"}],"about":[{"href":"https:\/\/www.dfi-geisler.com\/NO\/wp-json\/wp\/v2\/types\/page"}],"author":[{"embeddable":true,"href":"https:\/\/www.dfi-geisler.com\/NO\/wp-json\/wp\/v2\/users\/1"}],"replies":[{"embeddable":true,"href":"https:\/\/www.dfi-geisler.com\/NO\/wp-json\/wp\/v2\/comments?post=10065"}],"version-history":[{"count":30,"href":"https:\/\/www.dfi-geisler.com\/NO\/wp-json\/wp\/v2\/pages\/10065\/revisions"}],"predecessor-version":[{"id":36143,"href":"https:\/\/www.dfi-geisler.com\/NO\/wp-json\/wp\/v2\/pages\/10065\/revisions\/36143"}],"wp:attachment":[{"href":"https:\/\/www.dfi-geisler.com\/NO\/wp-json\/wp\/v2\/media?parent=10065"}],"curies":[{"name":"wp","href":"https:\/\/api.w.org\/{rel}","templated":true}]}}